{"id":19970,"date":"2025-07-08T07:39:43","date_gmt":"2025-07-08T07:39:43","guid":{"rendered":"https:\/\/help.tdoc.es\/?page_id=19970"},"modified":"2025-07-18T11:37:58","modified_gmt":"2025-07-18T11:37:58","slug":"primeros-pasos","status":"publish","type":"page","link":"https:\/\/help.tdoc.es\/index.php\/doble-factor-autenticacion-2\/primeros-pasos\/","title":{"rendered":"Primeros pasos"},"content":{"rendered":"<p><div class=\"fusion-fullwidth fullwidth-box fusion-builder-row-1 nonhundred-percent-fullwidth non-hundred-percent-height-scrolling\" style=\"background-color: rgba(255,255,255,0);background-position: center center;background-repeat: no-repeat;padding-top:20px;padding-right:0px;padding-bottom:20px;padding-left:0px;margin-bottom: 0px;margin-top: 0px;border-width: 0px 0px 0px 0px;border-color:#eae9e9;border-style:solid;\" ><div class=\"fusion-builder-row fusion-row\"><div class=\"fusion-layout-column fusion_builder_column fusion-builder-column-0 fusion_builder_column_1_1 1_1 fusion-one-full fusion-column-first fusion-column-last\" style=\"margin-top:0px;margin-bottom:20px;\"><div class=\"fusion-column-wrapper fusion-flex-column-wrapper-legacy\" style=\"background-position:left top;background-repeat:no-repeat;-webkit-background-size:cover;-moz-background-size:cover;-o-background-size:cover;background-size:cover;padding: 0px 0px 0px 0px;\"><style type=\"text\/css\"><\/style><div class=\"fusion-title title fusion-title-1 fusion-sep-none fusion-title-text fusion-title-size-one\" style=\"margin-top:0px;margin-right:0px;margin-bottom:31px;margin-left:0px;\"><h1 class=\"title-heading-left\" style=\"margin:0;\"><span style=\"color: #0375c9;\">Primeros pasos<br \/>\n<\/span><\/h1><\/div><div class=\"fusion-text fusion-text-1\"><p>El doble factor de autentificaci\u00f3n es una<strong> herramienta de seguridad para el acceso a la plataforma tdoc.<\/strong><br \/>\nEl primer paso consiste en<strong> ingresar el usuario y contrase\u00f1a<\/strong>, como hasta ahora<\/p>\n<p><img class=\"alignnone wp-image-13760 size-full\" src=\"https:\/\/help.tdoc.es\/wp-content\/uploads\/2025\/07\/2fa01.jpg\" alt=\"\" width=\"567\" \/><\/p>\n<p>La segunda parte del acceso consiste en el escaneo de un c\u00f3digo QR, el cual puede hacer desde:<\/p>\n<ol>\n<li>un dispositivo m\u00f3vil o<\/li>\n<li>un ordenador.<\/li>\n<\/ol>\n<\/div><style type=\"text\/css\"><\/style><div class=\"fusion-title title fusion-title-2 fusion-sep-none fusion-title-text fusion-title-size-two\" style=\"margin-top:0px;margin-right:0px;margin-bottom:0px;margin-left:0px;\"><h2 class=\"title-heading-left\" style=\"margin:0;\"><span style=\"color: #0375c9;\">Mediante tel\u00e9fono m\u00f3vil<\/span><\/h2><\/div><div class=\"fusion-text fusion-text-2\"><p>Para poder acceder debe tener instalado en el dispositivo m\u00f3vil una de las siguientes aplicaciones:<\/p>\n<ol>\n<li><a href=\"https:\/\/play.google.com\/store\/apps\/details?id=com.google.android.apps.authenticator2&amp;hl=es\" target=\"_blank\" rel=\"noopener\">Google Authenticator.<\/a><\/li>\n<li><a href=\"https:\/\/apps.apple.com\/es\/app\/freeotp-authenticator\/id872559395\" target=\"_blank\" rel=\"noopener\">FreeOTP.<\/a><\/li>\n<\/ol>\n<p>Ambas aplicaciones funcionan de manera similar, le mostramos un ejemplo con <strong>Google Authenticator<\/strong> para el primer acceso.<br \/>\nEs importante indicarles que este <strong>c\u00f3digo QR es \u00fanico por usuario y dispositivo, y por tanto, es intransferible.<\/strong><\/p>\n<p>1. Abriendo Google Authenticator, seleccione la opci\u00f3n<strong> A\u00f1adir c\u00f3digo<\/strong>, y en la pantalla siguiente,<strong> escanear un c\u00f3digo QR<\/strong>, tal y como muestran las im\u00e1genes:<\/p>\n<p><img class=\"alignnone wp-image-19973 size-full\" src=\"https:\/\/help.tdoc.es\/wp-content\/uploads\/2025\/07\/2fa02.jpg\" alt=\"Google Authenticador\" width=\"845\" height=\"846\" srcset=\"https:\/\/help.tdoc.es\/wp-content\/uploads\/2025\/07\/2fa02-66x66.jpg 66w, https:\/\/help.tdoc.es\/wp-content\/uploads\/2025\/07\/2fa02-150x150.jpg 150w, https:\/\/help.tdoc.es\/wp-content\/uploads\/2025\/07\/2fa02-200x200.jpg 200w, https:\/\/help.tdoc.es\/wp-content\/uploads\/2025\/07\/2fa02-300x300.jpg 300w, https:\/\/help.tdoc.es\/wp-content\/uploads\/2025\/07\/2fa02-400x400.jpg 400w, https:\/\/help.tdoc.es\/wp-content\/uploads\/2025\/07\/2fa02-600x601.jpg 600w, https:\/\/help.tdoc.es\/wp-content\/uploads\/2025\/07\/2fa02-768x769.jpg 768w, https:\/\/help.tdoc.es\/wp-content\/uploads\/2025\/07\/2fa02-800x801.jpg 800w, https:\/\/help.tdoc.es\/wp-content\/uploads\/2025\/07\/2fa02.jpg 845w\" sizes=\"(max-width: 845px) 100vw, 845px\" \/><\/p>\n<p>2. Debe escanear el c\u00f3digo QR de la tdoc. Al escanear el QR le aparecer\u00e1 un <strong>c\u00f3digo temporal, el cual debe introducir en la plataforma tdoc.<\/strong><br \/>\n<img class=\"alignnone wp-image-19976 size-full\" src=\"https:\/\/help.tdoc.es\/wp-content\/uploads\/2025\/07\/2fa03.jpg\" alt=\"Google Authenticator\" width=\"914\" height=\"634\" srcset=\"https:\/\/help.tdoc.es\/wp-content\/uploads\/2025\/07\/2fa03-200x139.jpg 200w, https:\/\/help.tdoc.es\/wp-content\/uploads\/2025\/07\/2fa03-300x208.jpg 300w, https:\/\/help.tdoc.es\/wp-content\/uploads\/2025\/07\/2fa03-400x277.jpg 400w, https:\/\/help.tdoc.es\/wp-content\/uploads\/2025\/07\/2fa03-600x416.jpg 600w, https:\/\/help.tdoc.es\/wp-content\/uploads\/2025\/07\/2fa03-768x533.jpg 768w, https:\/\/help.tdoc.es\/wp-content\/uploads\/2025\/07\/2fa03-800x555.jpg 800w, https:\/\/help.tdoc.es\/wp-content\/uploads\/2025\/07\/2fa03.jpg 914w\" sizes=\"(max-width: 914px) 100vw, 914px\" \/><\/p>\n<p>3. Una vez introducido, le dar\u00e1 acceso a la plataforma tdoc con la misma visibilidad que anteriormente.<\/p>\n<\/div><style type=\"text\/css\"><\/style><div class=\"fusion-title title fusion-title-3 fusion-sep-none fusion-title-text fusion-title-size-two\" style=\"margin-top:0px;margin-right:0px;margin-bottom:0px;margin-left:0px;\"><h2 class=\"title-heading-left\" style=\"margin:0;\"><span style=\"color: #0375c9;\">Mediante un ordenador<\/span><\/h2><\/div><div class=\"fusion-text fusion-text-3\"><p>Para poder acceder, dependiendo del navegador utilizado, debe seleccionar uno de los siguientes enlaces:<\/p>\n<ol>\n<li><a href=\"https:\/\/chromewebstore.google.com\/detail\/autenticador\/bhghoamapcdpbohphigoooaddinpkbai\" target=\"_blank\" rel=\"noopener\">Chrome<\/a><\/li>\n<li><a href=\"https:\/\/addons.mozilla.org\/es-ES\/firefox\/addon\/auth-helper\/?utm_source=addons.mozilla.org&amp;utm_medium=referral&amp;utm_content=search\" target=\"_blank\" rel=\"noopener\">Firefox<\/a><\/li>\n<li><a href=\"https:\/\/microsoftedge.microsoft.com\/addons\/detail\/authenticator-2fa-client\/ocglkepbibnalbgmbachknglpdipeoio\" target=\"_blank\" rel=\"noopener\">Edge<\/a><\/li>\n<\/ol>\n<p>Todos los enlaces funcionan de manera similar, le mostramos un ejemplo con <strong>Chrome<\/strong> para el primer acceso.<\/p>\n<p>1. A trav\u00e9s del enlace indicado, seleccione la opci\u00f3n <strong>A\u00f1adir a Chrome:<\/strong><\/p>\n<p><img class=\"alignnone wp-image-19978 size-full\" src=\"https:\/\/help.tdoc.es\/wp-content\/uploads\/2025\/07\/2fa04.jpg\" alt=\"Authenticator for Google\" width=\"1194\" height=\"835\" srcset=\"https:\/\/help.tdoc.es\/wp-content\/uploads\/2025\/07\/2fa04-200x140.jpg 200w, https:\/\/help.tdoc.es\/wp-content\/uploads\/2025\/07\/2fa04-300x210.jpg 300w, https:\/\/help.tdoc.es\/wp-content\/uploads\/2025\/07\/2fa04-400x280.jpg 400w, https:\/\/help.tdoc.es\/wp-content\/uploads\/2025\/07\/2fa04-600x420.jpg 600w, https:\/\/help.tdoc.es\/wp-content\/uploads\/2025\/07\/2fa04-768x537.jpg 768w, https:\/\/help.tdoc.es\/wp-content\/uploads\/2025\/07\/2fa04-800x559.jpg 800w, https:\/\/help.tdoc.es\/wp-content\/uploads\/2025\/07\/2fa04-1024x716.jpg 1024w, https:\/\/help.tdoc.es\/wp-content\/uploads\/2025\/07\/2fa04.jpg 1194w\" sizes=\"(max-width: 1194px) 100vw, 1194px\" \/><\/p>\n<p>2. Seleccione <strong>A\u00f1adir extensi\u00f3n:<\/strong><br \/>\n<img class=\"alignnone wp-image-19979 size-full\" src=\"https:\/\/help.tdoc.es\/wp-content\/uploads\/2025\/07\/2fa05.jpg\" alt=\"Google Autenticador\" width=\"598\" height=\"196\" srcset=\"https:\/\/help.tdoc.es\/wp-content\/uploads\/2025\/07\/2fa05-200x66.jpg 200w, https:\/\/help.tdoc.es\/wp-content\/uploads\/2025\/07\/2fa05-300x98.jpg 300w, https:\/\/help.tdoc.es\/wp-content\/uploads\/2025\/07\/2fa05-400x131.jpg 400w, https:\/\/help.tdoc.es\/wp-content\/uploads\/2025\/07\/2fa05.jpg 598w\" sizes=\"(max-width: 598px) 100vw, 598px\" \/><\/p>\n<p>3. En la parte superior derecha de su navegador le aparecer\u00e1 el siguiente icono:<\/p>\n<p><img class=\"alignnone wp-image-19979 size-full\" src=\"https:\/\/help.tdoc.es\/wp-content\/uploads\/2025\/07\/2fa06.jpg\" alt=\"Google Autenticador\" width=\"598\" height=\"196\" \/><\/p>\n<p>4. Utilice el icono indicado para escanear el QR.<br \/>\n<img class=\"alignnone wp-image-19979 size-full\" src=\"https:\/\/help.tdoc.es\/wp-content\/uploads\/2025\/07\/2fa07.jpg\" alt=\"Google Autenticador\" width=\"598\" height=\"196\" \/><\/p>\n<p>5. Al escanear el QR le aparecer\u00e1 un c\u00f3digo temporal, el cual debe introducir en la plataforma tdoc:<br \/>\n<img class=\"alignnone wp-image-19979 size-full\" src=\"https:\/\/help.tdoc.es\/wp-content\/uploads\/2025\/07\/2fa08.jpg\" alt=\"Google Autenticador\" width=\"598\" height=\"196\" \/><\/p>\n<p>6. Una vez introducido, le dar\u00e1 acceso a la plataforma tdoc con la misma visibilidad que anteriormente.<\/p>\n<\/div><div class=\"fusion-clearfix\"><\/div><\/div><\/div><\/div><\/div><div class=\"fusion-fullwidth fullwidth-box fusion-builder-row-2 fusion-flex-container nonhundred-percent-fullwidth non-hundred-percent-height-scrolling\" style=\"background-color: rgba(255,255,255,0);background-position: center center;background-repeat: no-repeat;border-width: 0px 0px 0px 0px;border-color:#eae9e9;border-style:solid;\" ><div class=\"fusion-builder-row fusion-row fusion-flex-align-items-flex-start\" style=\"max-width:1144px;margin-left: calc(-4% \/ 2 );margin-right: calc(-4% \/ 2 );\"><div class=\"fusion-layout-column fusion_builder_column fusion-builder-column-1 fusion_builder_column_1_4 1_4 fusion-flex-column\"><div class=\"fusion-column-wrapper fusion-flex-justify-content-flex-start fusion-content-layout-column\" style=\"background-position:left top;background-repeat:no-repeat;-webkit-background-size:cover;-moz-background-size:cover;-o-background-size:cover;background-size:cover;padding: 0px 0px 0px 0px;\"><\/div><style type=\"text\/css\">.fusion-body .fusion-builder-column-1{width:25% !important;margin-top : 0px;margin-bottom : 20px;}.fusion-builder-column-1 > .fusion-column-wrapper {padding-top : 0px !important;padding-right : 0px !important;margin-right : 7.68%;padding-bottom : 0px !important;padding-left : 0px !important;margin-left : 7.68%;}@media only screen and (max-width:1024px) {.fusion-body .fusion-builder-column-1{width:100% !important;order : 0;}.fusion-builder-column-1 > .fusion-column-wrapper {margin-right : 1.92%;margin-left : 1.92%;}}@media only screen and (max-width:640px) {.fusion-body .fusion-builder-column-1{width:100% !important;order : 0;}.fusion-builder-column-1 > .fusion-column-wrapper {margin-right : 1.92%;margin-left : 1.92%;}}<\/style><\/div><div class=\"fusion-layout-column fusion_builder_column fusion-builder-column-2 fusion_builder_column_1_4 1_4 fusion-flex-column\"><div class=\"fusion-column-wrapper fusion-flex-justify-content-flex-start fusion-content-layout-column\" style=\"background-position:left top;background-repeat:no-repeat;-webkit-background-size:cover;-moz-background-size:cover;-o-background-size:cover;background-size:cover;padding: 0px 0px 0px 0px;\"><div class=\"fusion-text fusion-text-4\"><p><a class=\"fb-icon-element-1 fb-icon-element fontawesome-icon fa-download fas circle-yes fusion-text-flow fusion-link\" style=\"font-size:15.84px;line-height:29.68px;height:31.68px;width:31.68px;border-width:1px;margin-right:9px;\" href=\"https:\/\/help.tdoc.es\/wp-content\/uploads\/2025\/07\/Doble_factor_de_autentificacion-Rev01.pdf\" aria-label=\"Link to https:\/\/help.tdoc.es\/wp-content\/uploads\/2025\/07\/Doble_factor_de_autentificacion-Rev01.pdf\" target=\"_blank\" rel=\"noopener noreferrer\"><\/a><style>a.fb-icon-element.fontawesome-icon.fb-icon-element-1{ color: #ffffff; background-color: #333333; border-color: #333333;}a.fb-icon-element.fontawesome-icon.fb-icon-element-1:hover { color: #ffffff; background-color: #333333; border-color: #333333;}<\/style> <a href=\"https:\/\/help.tdoc.es\/wp-content\/uploads\/2025\/07\/Doble_factor_de_autentificacion-Rev01.pdf\" target=\"_blank\" rel=\"noopener\">Descargar manual<\/a><\/p>\n<\/div><\/div><style type=\"text\/css\">.fusion-body .fusion-builder-column-2{width:25% !important;margin-top : 0px;margin-bottom : 20px;}.fusion-builder-column-2 > .fusion-column-wrapper {padding-top : 0px !important;padding-right : 0px !important;margin-right : 7.68%;padding-bottom : 0px !important;padding-left : 0px !important;margin-left : 7.68%;}@media only screen and (max-width:1024px) {.fusion-body .fusion-builder-column-2{width:100% !important;order : 0;}.fusion-builder-column-2 > .fusion-column-wrapper {margin-right : 1.92%;margin-left : 1.92%;}}@media only screen and (max-width:640px) {.fusion-body .fusion-builder-column-2{width:100% !important;order : 0;}.fusion-builder-column-2 > .fusion-column-wrapper {margin-right : 1.92%;margin-left : 1.92%;}}<\/style><\/div><div class=\"fusion-layout-column fusion_builder_column fusion-builder-column-3 fusion_builder_column_1_4 1_4 fusion-flex-column\"><div class=\"fusion-column-wrapper fusion-flex-justify-content-flex-start fusion-content-layout-column\" style=\"background-position:left top;background-repeat:no-repeat;-webkit-background-size:cover;-moz-background-size:cover;-o-background-size:cover;background-size:cover;padding: 0px 0px 0px 0px;\"><div style=\"text-align:center;\"><style type=\"text\/css\">.fusion-button.button-1 {border-radius:2px;}<\/style><a class=\"fusion-button button-flat button-medium button-default button-1 fusion-button-default-span fusion-button-default-type fusion-no-medium-visibility\" target=\"_blank\" rel=\"noopener noreferrer\" href=\"#\" data-toggle=\"modal\" data-target=\".fusion-modal.ayuda\"><i class=\"fa-envelope-open-text fas button-icon-left\" aria-hidden=\"true\"><\/i><span class=\"fusion-button-text\">Ayuda<\/span><\/a><\/div><div class=\"fusion-modal modal fade modal-1 ayuda\" tabindex=\"-1\" role=\"dialog\" aria-labelledby=\"modal-heading-1\" aria-hidden=\"true\"><style type=\"text\/css\">.modal-1 .modal-header, .modal-1 .modal-footer{border-color:#ebebeb;}<\/style><div class=\"modal-dialog modal-lg\" role=\"document\"><div class=\"modal-content fusion-modal-content\" style=\"background-color:#f6f6f6\"><div class=\"modal-header\"><button class=\"close\" type=\"button\" data-dismiss=\"modal\" aria-hidden=\"true\" aria-label=\"Close\">&times;<\/button><h3 class=\"modal-title\" id=\"modal-heading-1\" data-dismiss=\"modal\" aria-hidden=\"true\">Ayuda <\/h3><\/div><div class=\"modal-body fusion-clearfix\"><div role=\"form\" class=\"wpcf7\" id=\"wpcf7-f20066-o1\" lang=\"es-ES\" dir=\"ltr\">\n<div class=\"screen-reader-response\"><p role=\"status\" aria-live=\"polite\" aria-atomic=\"true\"><\/p> <ul><\/ul><\/div>\n<form action=\"\/index.php\/wp-json\/wp\/v2\/pages\/19970#wpcf7-f20066-o1\" method=\"post\" class=\"wpcf7-form init\" novalidate=\"novalidate\" data-status=\"init\">\n<div style=\"display: none;\">\n<input type=\"hidden\" name=\"_wpcf7\" value=\"20066\" \/>\n<input type=\"hidden\" name=\"_wpcf7_version\" value=\"5.5.6\" \/>\n<input type=\"hidden\" name=\"_wpcf7_locale\" value=\"es_ES\" \/>\n<input type=\"hidden\" name=\"_wpcf7_unit_tag\" value=\"wpcf7-f20066-o1\" \/>\n<input type=\"hidden\" name=\"_wpcf7_container_post\" value=\"0\" \/>\n<input type=\"hidden\" name=\"_wpcf7_posted_data_hash\" value=\"\" \/>\n<\/div>\n<p><label> Tu nombre \/ Name<br \/>\n    <span class=\"wpcf7-form-control-wrap your-name\"><input type=\"text\" name=\"your-name\" value=\"\" size=\"40\" class=\"wpcf7-form-control wpcf7-text wpcf7-validates-as-required\" aria-required=\"true\" aria-invalid=\"false\" \/><\/span> <\/label><\/p>\n<p><label> Tu correo electr\u00f3nico \/ email<br \/>\n    <span class=\"wpcf7-form-control-wrap your-email\"><input type=\"email\" name=\"your-email\" value=\"\" size=\"40\" class=\"wpcf7-form-control wpcf7-text wpcf7-email wpcf7-validates-as-required wpcf7-validates-as-email\" aria-required=\"true\" aria-invalid=\"false\" \/><\/span> <\/label><\/p>\n<p><label> Asunto \/ Subject<br \/>\n    2FA <\/label><\/p>\n<p><label> Tu mensaje \/ Your message<br \/>\n    <span class=\"wpcf7-form-control-wrap your-message\"><textarea name=\"your-message\" cols=\"40\" rows=\"10\" class=\"wpcf7-form-control wpcf7-textarea\" aria-invalid=\"false\"><\/textarea><\/span> <\/label><\/p>\n<p><input type=\"submit\" value=\"Enviar \/ Submit\" class=\"wpcf7-form-control has-spinner wpcf7-submit\" \/><\/p>\n<div class=\"fusion-alert alert custom alert-custom fusion-alert-center wpcf7-response-output alert-dismissable\" style=\"border-width:1px;\"><button type=\"button\" class=\"close toggle-alert\" data-dismiss=\"alert\" aria-hidden=\"true\">&times;<\/button><div class=\"fusion-alert-content-wrapper\"><span class=\"fusion-alert-content\"><\/span><\/div><\/div><\/form><\/div><\/div><\/div><\/div><\/div><\/div><style type=\"text\/css\">.fusion-body .fusion-builder-column-3{width:25% !important;margin-top : 0px;margin-bottom : 20px;}.fusion-builder-column-3 > .fusion-column-wrapper {padding-top : 0px !important;padding-right : 0px !important;margin-right : 7.68%;padding-bottom : 0px !important;padding-left : 0px !important;margin-left : 7.68%;}@media only screen and (max-width:1024px) {.fusion-body .fusion-builder-column-3{width:100% !important;order : 0;}.fusion-builder-column-3 > .fusion-column-wrapper {margin-right : 1.92%;margin-left : 1.92%;}}@media only screen and (max-width:640px) {.fusion-body .fusion-builder-column-3{width:100% !important;order : 0;}.fusion-builder-column-3 > .fusion-column-wrapper {margin-right : 1.92%;margin-left : 1.92%;}}<\/style><\/div><div class=\"fusion-layout-column fusion_builder_column fusion-builder-column-4 fusion_builder_column_1_4 1_4 fusion-flex-column\"><div class=\"fusion-column-wrapper fusion-flex-justify-content-flex-start fusion-content-layout-column\" style=\"background-position:left top;background-repeat:no-repeat;-webkit-background-size:cover;-moz-background-size:cover;-o-background-size:cover;background-size:cover;padding: 0px 0px 0px 0px;\"><\/div><style type=\"text\/css\">.fusion-body .fusion-builder-column-4{width:25% !important;margin-top : 0px;margin-bottom : 20px;}.fusion-builder-column-4 > .fusion-column-wrapper {padding-top : 0px !important;padding-right : 0px !important;margin-right : 7.68%;padding-bottom : 0px !important;padding-left : 0px !important;margin-left : 7.68%;}@media only screen and (max-width:1024px) {.fusion-body .fusion-builder-column-4{width:100% !important;order : 0;}.fusion-builder-column-4 > .fusion-column-wrapper {margin-right : 1.92%;margin-left : 1.92%;}}@media only screen and (max-width:640px) {.fusion-body .fusion-builder-column-4{width:100% !important;order : 0;}.fusion-builder-column-4 > .fusion-column-wrapper {margin-right : 1.92%;margin-left : 1.92%;}}<\/style><\/div><\/div><style type=\"text\/css\">.fusion-body .fusion-flex-container.fusion-builder-row-2{ padding-top : 0px;margin-top : 0px;padding-right : 0px;padding-bottom : 0px;margin-bottom : 0px;padding-left : 0px;}<\/style><\/div><\/p>\n","protected":false},"excerpt":{"rendered":"","protected":false},"author":1,"featured_media":0,"parent":19966,"menu_order":0,"comment_status":"closed","ping_status":"closed","template":"","meta":[],"_links":{"self":[{"href":"https:\/\/help.tdoc.es\/index.php\/wp-json\/wp\/v2\/pages\/19970"}],"collection":[{"href":"https:\/\/help.tdoc.es\/index.php\/wp-json\/wp\/v2\/pages"}],"about":[{"href":"https:\/\/help.tdoc.es\/index.php\/wp-json\/wp\/v2\/types\/page"}],"author":[{"embeddable":true,"href":"https:\/\/help.tdoc.es\/index.php\/wp-json\/wp\/v2\/users\/1"}],"replies":[{"embeddable":true,"href":"https:\/\/help.tdoc.es\/index.php\/wp-json\/wp\/v2\/comments?post=19970"}],"version-history":[{"count":32,"href":"https:\/\/help.tdoc.es\/index.php\/wp-json\/wp\/v2\/pages\/19970\/revisions"}],"predecessor-version":[{"id":20098,"href":"https:\/\/help.tdoc.es\/index.php\/wp-json\/wp\/v2\/pages\/19970\/revisions\/20098"}],"up":[{"embeddable":true,"href":"https:\/\/help.tdoc.es\/index.php\/wp-json\/wp\/v2\/pages\/19966"}],"wp:attachment":[{"href":"https:\/\/help.tdoc.es\/index.php\/wp-json\/wp\/v2\/media?parent=19970"}],"curies":[{"name":"wp","href":"https:\/\/api.w.org\/{rel}","templated":true}]}}