{"id":19321,"date":"2024-03-19T12:37:27","date_gmt":"2024-03-19T12:37:27","guid":{"rendered":"https:\/\/help.tdoc.es\/?page_id=19321"},"modified":"2024-03-19T12:59:06","modified_gmt":"2024-03-19T12:59:06","slug":"registro-con-microsoft","status":"publish","type":"page","link":"https:\/\/help.tdoc.es\/index.php\/registro-con-microsoft\/","title":{"rendered":"Registro con Microsoft"},"content":{"rendered":"<div class=\"fusion-fullwidth fullwidth-box fusion-builder-row-1 nonhundred-percent-fullwidth non-hundred-percent-height-scrolling\" style=\"background-color: rgba(255,255,255,0);background-position: center center;background-repeat: no-repeat;padding-top:20px;padding-right:0px;padding-bottom:20px;padding-left:0px;margin-bottom: 0px;margin-top: 0px;border-width: 0px 0px 0px 0px;border-color:#eae9e9;border-style:solid;\" ><div class=\"fusion-builder-row fusion-row\"><div class=\"fusion-layout-column fusion_builder_column fusion-builder-column-0 fusion_builder_column_1_1 1_1 fusion-one-full fusion-column-first fusion-column-last\" style=\"margin-top:0px;margin-bottom:20px;\"><div class=\"fusion-column-wrapper fusion-flex-column-wrapper-legacy\" style=\"background-position:left top;background-repeat:no-repeat;-webkit-background-size:cover;-moz-background-size:cover;-o-background-size:cover;background-size:cover;padding: 0px 0px 0px 0px;\"><style type=\"text\/css\"><\/style><div class=\"fusion-title title fusion-title-1 fusion-sep-none fusion-title-text fusion-title-size-one\" style=\"margin-top:0px;margin-right:0px;margin-bottom:31px;margin-left:0px;\"><h1 class=\"title-heading-left\" style=\"margin:0;\"><span style=\"color: #0375c9;\">Registro con Microsoft<\/span><\/h1><\/div><div class=\"fusion-text fusion-text-1\"><p>Se ha a\u00f1adido la opci\u00f3n de poder iniciar sesi\u00f3n con tu cuenta corporativa de Microsoft. As\u00ed ahora la pantalla de inicio de sesi\u00f3n se vera de la siguiente manera.<\/p>\n<p>Este proceso solo se tiene que hacer la primera vez que se inicie sesi\u00f3n con Microsoft.<\/p>\n<\/div><span class=\" fusion-imageframe imageframe-none imageframe-1 hover-type-none\"><img width=\"390\" height=\"376\" title=\"ES_01_registro\" src=\"https:\/\/help.tdoc.es\/wp-content\/uploads\/2024\/03\/ES_01_registro.png\" class=\"img-responsive wp-image-19322\" srcset=\"https:\/\/help.tdoc.es\/wp-content\/uploads\/2024\/03\/ES_01_registro-200x193.png 200w, https:\/\/help.tdoc.es\/wp-content\/uploads\/2024\/03\/ES_01_registro.png 390w\" sizes=\"(max-width: 800px) 100vw, 390px\" \/><\/span><div class=\"fusion-text fusion-text-2\"><p>Una ves hayas iniciado el proceso de iniciaras sesi\u00f3n con Microsoft y te pedira permisos para que Microsoft pueda gestionar tu sesi\u00f3n en Tdoc.<\/p>\n<\/div><span class=\" fusion-imageframe imageframe-none imageframe-2 hover-type-none\"><img width=\"508\" height=\"584\" title=\"ES_02_registro\" src=\"https:\/\/help.tdoc.es\/wp-content\/uploads\/2024\/03\/ES_02_registro.png\" class=\"img-responsive wp-image-19323\" srcset=\"https:\/\/help.tdoc.es\/wp-content\/uploads\/2024\/03\/ES_02_registro-200x230.png 200w, https:\/\/help.tdoc.es\/wp-content\/uploads\/2024\/03\/ES_02_registro-400x460.png 400w, https:\/\/help.tdoc.es\/wp-content\/uploads\/2024\/03\/ES_02_registro.png 508w\" sizes=\"(max-width: 800px) 100vw, 508px\" \/><\/span><div class=\"fusion-text fusion-text-3\"><p>Si no tienes todos los campos completes te pedira completa el siguiente formulario.<\/p>\n<\/div><span class=\" fusion-imageframe imageframe-none imageframe-3 hover-type-none\"><img width=\"417\" height=\"467\" title=\"ES_03_registro\" src=\"https:\/\/help.tdoc.es\/wp-content\/uploads\/2024\/03\/ES_03_registro.png\" class=\"img-responsive wp-image-19324\" srcset=\"https:\/\/help.tdoc.es\/wp-content\/uploads\/2024\/03\/ES_03_registro-200x224.png 200w, https:\/\/help.tdoc.es\/wp-content\/uploads\/2024\/03\/ES_03_registro-400x448.png 400w, https:\/\/help.tdoc.es\/wp-content\/uploads\/2024\/03\/ES_03_registro.png 417w\" sizes=\"(max-width: 800px) 100vw, 417px\" \/><\/span><div class=\"fusion-text fusion-text-4\"><p>Si ya ten\u00edas una cuenta en tdoc te saldr\u00e1 esta p\u00e1gina si no te saldr\u00e1 un formulario para que lo rellenes con tus datos personales. Le tendr\u00e1s que dar a \u201cA\u00f1adir a cuenta existente\u201d y se te enviara un correo por parte de Microsoft para que verifiques tu correo.<\/p>\n<\/div><span class=\" fusion-imageframe imageframe-none imageframe-4 hover-type-none\"><img width=\"577\" height=\"448\" title=\"ES_04_registro\" src=\"https:\/\/help.tdoc.es\/wp-content\/uploads\/2024\/03\/ES_04_registro.png\" class=\"img-responsive wp-image-19325\" srcset=\"https:\/\/help.tdoc.es\/wp-content\/uploads\/2024\/03\/ES_04_registro-200x155.png 200w, https:\/\/help.tdoc.es\/wp-content\/uploads\/2024\/03\/ES_04_registro-400x311.png 400w, https:\/\/help.tdoc.es\/wp-content\/uploads\/2024\/03\/ES_04_registro.png 577w\" sizes=\"(max-width: 800px) 100vw, 577px\" \/><\/span><div class=\"fusion-text fusion-text-5\"><p>Te saldr\u00e1 una pantalla como la siguiente.<\/p>\n<\/div><span class=\" fusion-imageframe imageframe-none imageframe-5 hover-type-none\"><img width=\"287\" height=\"324\" title=\"ES_05_registro\" src=\"https:\/\/help.tdoc.es\/wp-content\/uploads\/2024\/03\/ES_05_registro.png\" class=\"img-responsive wp-image-19326\" srcset=\"https:\/\/help.tdoc.es\/wp-content\/uploads\/2024\/03\/ES_05_registro-200x226.png 200w, https:\/\/help.tdoc.es\/wp-content\/uploads\/2024\/03\/ES_05_registro.png 287w\" sizes=\"(max-width: 800px) 100vw, 287px\" \/><\/span><div class=\"fusion-text fusion-text-6\"><p>El correo que se te env\u00eda es el siguiente.<\/p>\n<\/div><span class=\" fusion-imageframe imageframe-none imageframe-6 hover-type-none\" style=\"margin-bottom:50px;\"><img width=\"567\" height=\"138\" title=\"ES_06_registro\" src=\"https:\/\/help.tdoc.es\/wp-content\/uploads\/2024\/03\/ES_06_registro.png\" class=\"img-responsive wp-image-19327\" srcset=\"https:\/\/help.tdoc.es\/wp-content\/uploads\/2024\/03\/ES_06_registro-200x49.png 200w, https:\/\/help.tdoc.es\/wp-content\/uploads\/2024\/03\/ES_06_registro-400x97.png 400w, https:\/\/help.tdoc.es\/wp-content\/uploads\/2024\/03\/ES_06_registro.png 567w\" sizes=\"(max-width: 800px) 100vw, 567px\" \/><\/span><div class=\"fusion-text fusion-text-7\"><p>Una vez confirmado lo mas probable es que te redirija al tdoc. Pero si abres por error el enlace en otro navegador. Deber\u00e1s seguir los pasos y volver al navegador donde estabas intentando iniciar sesi\u00f3n y darle al segundo \u201cClick here\u201d. Una vez hayas hecho eso ya se te redirige a tdoc.<\/p>\n<\/div><div class=\"fusion-clearfix\"><\/div><\/div><\/div><\/div><\/div>\n","protected":false},"excerpt":{"rendered":"","protected":false},"author":1,"featured_media":0,"parent":0,"menu_order":0,"comment_status":"closed","ping_status":"closed","template":"100-width.php","meta":[],"_links":{"self":[{"href":"https:\/\/help.tdoc.es\/index.php\/wp-json\/wp\/v2\/pages\/19321"}],"collection":[{"href":"https:\/\/help.tdoc.es\/index.php\/wp-json\/wp\/v2\/pages"}],"about":[{"href":"https:\/\/help.tdoc.es\/index.php\/wp-json\/wp\/v2\/types\/page"}],"author":[{"embeddable":true,"href":"https:\/\/help.tdoc.es\/index.php\/wp-json\/wp\/v2\/users\/1"}],"replies":[{"embeddable":true,"href":"https:\/\/help.tdoc.es\/index.php\/wp-json\/wp\/v2\/comments?post=19321"}],"version-history":[{"count":8,"href":"https:\/\/help.tdoc.es\/index.php\/wp-json\/wp\/v2\/pages\/19321\/revisions"}],"predecessor-version":[{"id":19358,"href":"https:\/\/help.tdoc.es\/index.php\/wp-json\/wp\/v2\/pages\/19321\/revisions\/19358"}],"wp:attachment":[{"href":"https:\/\/help.tdoc.es\/index.php\/wp-json\/wp\/v2\/media?parent=19321"}],"curies":[{"name":"wp","href":"https:\/\/api.w.org\/{rel}","templated":true}]}}