{"id":18918,"date":"2023-02-07T15:22:16","date_gmt":"2023-02-07T15:22:16","guid":{"rendered":"https:\/\/help.tdoc.es\/?page_id=18918"},"modified":"2023-02-07T15:38:51","modified_gmt":"2023-02-07T15:38:51","slug":"manual-de-usuario","status":"publish","type":"page","link":"https:\/\/help.tdoc.es\/index.php\/manual-de-usuario\/","title":{"rendered":"MANUAL DE USUARIO"},"content":{"rendered":"<div class=\"fusion-fullwidth fullwidth-box fusion-builder-row-1 nonhundred-percent-fullwidth non-hundred-percent-height-scrolling\" style=\"background-color: rgba(255,255,255,0);background-position: center center;background-repeat: no-repeat;padding-top:20px;padding-right:0px;padding-bottom:20px;padding-left:0px;margin-bottom: 0px;margin-top: 0px;border-width: 0px 0px 0px 0px;border-color:#eae9e9;border-style:solid;\" ><div class=\"fusion-builder-row fusion-row\"><div class=\"fusion-layout-column fusion_builder_column fusion-builder-column-0 fusion_builder_column_1_1 1_1 fusion-one-full fusion-column-first fusion-column-last\" style=\"margin-top:0px;margin-bottom:20px;\"><div class=\"fusion-column-wrapper fusion-flex-column-wrapper-legacy\" style=\"background-position:left top;background-repeat:no-repeat;-webkit-background-size:cover;-moz-background-size:cover;-o-background-size:cover;background-size:cover;padding: 0px 0px 0px 0px;\"><style type=\"text\/css\"><\/style><div class=\"fusion-title title fusion-title-1 fusion-sep-none fusion-title-text fusion-title-size-one\" style=\"margin-top:0px;margin-right:0px;margin-bottom:31px;margin-left:0px;\"><h1 class=\"title-heading-left\" style=\"margin:0;\"><p><span style=\"color: #0375c9;\">Manual de usuario<br \/>\n<\/span><\/p><\/h1><\/div><div class=\"fusion-text fusion-text-1\"><p>Permite acceder al manual de usuario, donde se explica con detalle las distintas funcionalidades de tdoc.<\/p>\n<p>Este manual est\u00e1 en constante actualizaci\u00f3n en funci\u00f3n de los nuevos desarrollos incluidos en la herramienta.<\/p>\n<p><img class=\"alignnone wp-image-18919\" src=\"https:\/\/help.tdoc.es\/wp-content\/uploads\/2023\/02\/manual-contratas-300x162.png\" alt=\"\" width=\"561\" height=\"303\" srcset=\"https:\/\/help.tdoc.es\/wp-content\/uploads\/2023\/02\/manual-contratas-200x108.png 200w, https:\/\/help.tdoc.es\/wp-content\/uploads\/2023\/02\/manual-contratas-300x162.png 300w, https:\/\/help.tdoc.es\/wp-content\/uploads\/2023\/02\/manual-contratas-400x215.png 400w, https:\/\/help.tdoc.es\/wp-content\/uploads\/2023\/02\/manual-contratas-600x323.png 600w, https:\/\/help.tdoc.es\/wp-content\/uploads\/2023\/02\/manual-contratas-768x414.png 768w, https:\/\/help.tdoc.es\/wp-content\/uploads\/2023\/02\/manual-contratas-800x431.png 800w, https:\/\/help.tdoc.es\/wp-content\/uploads\/2023\/02\/manual-contratas-1024x552.png 1024w, https:\/\/help.tdoc.es\/wp-content\/uploads\/2023\/02\/manual-contratas.png 1192w\" sizes=\"(max-width: 561px) 100vw, 561px\" \/><\/p>\n<\/div><div class=\"fusion-clearfix\"><\/div><\/div><\/div><\/div><\/div>\n","protected":false},"excerpt":{"rendered":"","protected":false},"author":5,"featured_media":0,"parent":0,"menu_order":0,"comment_status":"closed","ping_status":"closed","template":"","meta":[],"_links":{"self":[{"href":"https:\/\/help.tdoc.es\/index.php\/wp-json\/wp\/v2\/pages\/18918"}],"collection":[{"href":"https:\/\/help.tdoc.es\/index.php\/wp-json\/wp\/v2\/pages"}],"about":[{"href":"https:\/\/help.tdoc.es\/index.php\/wp-json\/wp\/v2\/types\/page"}],"author":[{"embeddable":true,"href":"https:\/\/help.tdoc.es\/index.php\/wp-json\/wp\/v2\/users\/5"}],"replies":[{"embeddable":true,"href":"https:\/\/help.tdoc.es\/index.php\/wp-json\/wp\/v2\/comments?post=18918"}],"version-history":[{"count":5,"href":"https:\/\/help.tdoc.es\/index.php\/wp-json\/wp\/v2\/pages\/18918\/revisions"}],"predecessor-version":[{"id":18926,"href":"https:\/\/help.tdoc.es\/index.php\/wp-json\/wp\/v2\/pages\/18918\/revisions\/18926"}],"wp:attachment":[{"href":"https:\/\/help.tdoc.es\/index.php\/wp-json\/wp\/v2\/media?parent=18918"}],"curies":[{"name":"wp","href":"https:\/\/api.w.org\/{rel}","templated":true}]}}