{"id":18896,"date":"2023-01-23T16:01:40","date_gmt":"2023-01-23T16:01:40","guid":{"rendered":"https:\/\/help.tdoc.es\/?page_id=18896"},"modified":"2023-01-23T16:11:37","modified_gmt":"2023-01-23T16:11:37","slug":"copiar-riesgos-entre-tecnologias-areas-funcionales","status":"publish","type":"page","link":"https:\/\/help.tdoc.es\/index.php\/manual-tdoc-key-user\/copiar-riesgos-entre-tecnologias-areas-funcionales\/","title":{"rendered":"Copiar riesgos entre tecnolog\u00edas\/\u00e1reas funcionales"},"content":{"rendered":"<p><div class=\"fusion-fullwidth fullwidth-box fusion-builder-row-1 nonhundred-percent-fullwidth non-hundred-percent-height-scrolling\" style=\"background-color: rgba(255,255,255,0);background-position: center center;background-repeat: no-repeat;padding-top:20px;padding-right:0px;padding-bottom:20px;padding-left:0px;margin-bottom: 0px;margin-top: 0px;border-width: 0px 0px 0px 0px;border-color:#eae9e9;border-style:solid;\" ><div class=\"fusion-builder-row fusion-row\"><div class=\"fusion-layout-column fusion_builder_column fusion-builder-column-0 fusion_builder_column_1_1 1_1 fusion-one-full fusion-column-first fusion-column-last\" style=\"margin-top:0px;margin-bottom:20px;\"><div class=\"fusion-column-wrapper fusion-flex-column-wrapper-legacy\" style=\"background-position:left top;background-repeat:no-repeat;-webkit-background-size:cover;-moz-background-size:cover;-o-background-size:cover;background-size:cover;padding: 0px 0px 0px 0px;\"><style type=\"text\/css\"><\/style><div class=\"fusion-title title fusion-title-1 fusion-sep-none fusion-title-text fusion-title-size-one\" style=\"margin-top:0px;margin-right:0px;margin-bottom:31px;margin-left:0px;\"><h1 class=\"title-heading-left\" style=\"margin:0;\"><span style=\"color: #0375c9;\">Copiar riesgos entre tecnolog\u00edas\/\u00e1reas funcionales<\/span><\/h1><\/div><div class=\"fusion-text fusion-text-1\"><p>Permite asociar los riesgos de trabajadores entre \u00e1reas funcionales, siempre y cuando el riesgo de origen y destino se llame igual.<\/p>\n<p>\u00b4\u00b4Si un trabajador tiene el riesgo de altura en el \u00e1rea funcional origen, se le asocia el riesgo de altura del \u00e1rea funcional de destino\u00b4\u00b4<\/p>\n<p><img class=\"alignnone wp-image-18897\" src=\"https:\/\/help.tdoc.es\/wp-content\/uploads\/2023\/01\/riesgo-300x50.png\" alt=\"\" width=\"558\" height=\"93\" srcset=\"https:\/\/help.tdoc.es\/wp-content\/uploads\/2023\/01\/riesgo-200x33.png 200w, https:\/\/help.tdoc.es\/wp-content\/uploads\/2023\/01\/riesgo-300x50.png 300w, https:\/\/help.tdoc.es\/wp-content\/uploads\/2023\/01\/riesgo-400x66.png 400w, https:\/\/help.tdoc.es\/wp-content\/uploads\/2023\/01\/riesgo-600x99.png 600w, https:\/\/help.tdoc.es\/wp-content\/uploads\/2023\/01\/riesgo-768x127.png 768w, https:\/\/help.tdoc.es\/wp-content\/uploads\/2023\/01\/riesgo-800x132.png 800w, https:\/\/help.tdoc.es\/wp-content\/uploads\/2023\/01\/riesgo-1024x169.png 1024w, https:\/\/help.tdoc.es\/wp-content\/uploads\/2023\/01\/riesgo-1200x199.png 1200w, https:\/\/help.tdoc.es\/wp-content\/uploads\/2023\/01\/riesgo-1536x254.png 1536w, https:\/\/help.tdoc.es\/wp-content\/uploads\/2023\/01\/riesgo.png 1885w\" sizes=\"(max-width: 558px) 100vw, 558px\" \/><\/p>\n<p>Permite establecer esta copia (esta asociaci\u00f3n) de forma peri\u00f3dica (una vez al d\u00eda).<\/p>\n<\/div><div class=\"fusion-clearfix\"><\/div><\/div><\/div><\/div><\/div><div class=\"fusion-fullwidth fullwidth-box fusion-builder-row-2 fusion-flex-container nonhundred-percent-fullwidth non-hundred-percent-height-scrolling\" style=\"background-color: rgba(255,255,255,0);background-position: center center;background-repeat: no-repeat;border-width: 0px 0px 0px 0px;border-color:#eae9e9;border-style:solid;\" ><div class=\"fusion-builder-row fusion-row fusion-flex-align-items-flex-start\" style=\"max-width:1144px;margin-left: calc(-4% \/ 2 );margin-right: calc(-4% \/ 2 );\"><\/div><style type=\"text\/css\">.fusion-body .fusion-flex-container.fusion-builder-row-2{ padding-top : 0px;margin-top : 0px;padding-right : 0px;padding-bottom : 0px;margin-bottom : 0px;padding-left : 0px;}<\/style><\/div><\/p>\n","protected":false},"excerpt":{"rendered":"","protected":false},"author":5,"featured_media":0,"parent":12495,"menu_order":0,"comment_status":"closed","ping_status":"closed","template":"","meta":[],"_links":{"self":[{"href":"https:\/\/help.tdoc.es\/index.php\/wp-json\/wp\/v2\/pages\/18896"}],"collection":[{"href":"https:\/\/help.tdoc.es\/index.php\/wp-json\/wp\/v2\/pages"}],"about":[{"href":"https:\/\/help.tdoc.es\/index.php\/wp-json\/wp\/v2\/types\/page"}],"author":[{"embeddable":true,"href":"https:\/\/help.tdoc.es\/index.php\/wp-json\/wp\/v2\/users\/5"}],"replies":[{"embeddable":true,"href":"https:\/\/help.tdoc.es\/index.php\/wp-json\/wp\/v2\/comments?post=18896"}],"version-history":[{"count":8,"href":"https:\/\/help.tdoc.es\/index.php\/wp-json\/wp\/v2\/pages\/18896\/revisions"}],"predecessor-version":[{"id":18909,"href":"https:\/\/help.tdoc.es\/index.php\/wp-json\/wp\/v2\/pages\/18896\/revisions\/18909"}],"up":[{"embeddable":true,"href":"https:\/\/help.tdoc.es\/index.php\/wp-json\/wp\/v2\/pages\/12495"}],"wp:attachment":[{"href":"https:\/\/help.tdoc.es\/index.php\/wp-json\/wp\/v2\/media?parent=18896"}],"curies":[{"name":"wp","href":"https:\/\/api.w.org\/{rel}","templated":true}]}}