{"id":18161,"date":"2022-03-29T14:31:19","date_gmt":"2022-03-29T14:31:19","guid":{"rendered":"https:\/\/help.tdoc.es\/?page_id=18161"},"modified":"2024-06-13T11:05:50","modified_gmt":"2024-06-13T11:05:50","slug":"dados-do-usuario","status":"publish","type":"page","link":"https:\/\/help.tdoc.es\/index.php\/pt\/manual-tdoc-centro-pt\/dados-do-usuario\/","title":{"rendered":"Dados do usu\u00e1rio"},"content":{"rendered":"<p><div class=\"fusion-fullwidth fullwidth-box fusion-builder-row-1 nonhundred-percent-fullwidth non-hundred-percent-height-scrolling\" style=\"background-color: rgba(255,255,255,0);background-position: center center;background-repeat: no-repeat;padding-top:20px;padding-right:0px;padding-bottom:20px;padding-left:0px;margin-bottom: 0px;margin-top: 0px;border-width: 0px 0px 0px 0px;border-color:#eae9e9;border-style:solid;\" ><div class=\"fusion-builder-row fusion-row\"><div class=\"fusion-layout-column fusion_builder_column fusion-builder-column-0 fusion_builder_column_1_1 1_1 fusion-one-full fusion-column-first fusion-column-last\" style=\"margin-top:0px;margin-bottom:20px;\"><div class=\"fusion-column-wrapper fusion-flex-column-wrapper-legacy\" style=\"background-position:left top;background-repeat:no-repeat;-webkit-background-size:cover;-moz-background-size:cover;-o-background-size:cover;background-size:cover;padding: 0px 0px 0px 0px;\"><style type=\"text\/css\"><\/style><div class=\"fusion-title title fusion-title-1 fusion-sep-none fusion-title-text fusion-title-size-one\" style=\"margin-top:0px;margin-right:0px;margin-bottom:31px;margin-left:0px;\"><h1 class=\"title-heading-left\" style=\"margin:0;\"><p><span style=\"color: #0375c9;\">Dados do usu\u00e1rio<br \/>\n<\/span><\/p><\/h1><\/div><div class=\"fusion-text fusion-text-1\"><p>Mostra os dados do usu\u00e1rio indicado ao iniciar a sess\u00e3o. Desde este menu, poder\u00e1 editar seus dados pessoais, tais como idioma, nome ou senha. Esses dados ser\u00e3o armazenados na base de dados da aplica\u00e7\u00e3o.<\/p>\n<p><img class=\"alignnone size-full wp-image-12919\" src=\"https:\/\/help.tdoc.es\/wp-content\/uploads\/2020\/08\/DATOS-DE-USUARIO-1.png\" alt=\"\" width=\"955\" height=\"496\" srcset=\"https:\/\/help.tdoc.es\/wp-content\/uploads\/2020\/08\/DATOS-DE-USUARIO-1-200x104.png 200w, https:\/\/help.tdoc.es\/wp-content\/uploads\/2020\/08\/DATOS-DE-USUARIO-1-300x156.png 300w, https:\/\/help.tdoc.es\/wp-content\/uploads\/2020\/08\/DATOS-DE-USUARIO-1-400x208.png 400w, https:\/\/help.tdoc.es\/wp-content\/uploads\/2020\/08\/DATOS-DE-USUARIO-1-600x312.png 600w, https:\/\/help.tdoc.es\/wp-content\/uploads\/2020\/08\/DATOS-DE-USUARIO-1-768x399.png 768w, https:\/\/help.tdoc.es\/wp-content\/uploads\/2020\/08\/DATOS-DE-USUARIO-1-800x415.png 800w, https:\/\/help.tdoc.es\/wp-content\/uploads\/2020\/08\/DATOS-DE-USUARIO-1.png 955w\" sizes=\"(max-width: 955px) 100vw, 955px\" \/><\/p>\n<\/div><div class=\"fusion-clearfix\"><\/div><\/div><\/div><\/div><\/div><div class=\"fusion-fullwidth fullwidth-box fusion-builder-row-2 nonhundred-percent-fullwidth non-hundred-percent-height-scrolling\" style=\"background-color: rgba(255,255,255,0);background-position: center center;background-repeat: no-repeat;padding-top:20px;padding-right:0px;padding-bottom:20px;padding-left:0px;margin-bottom: 0px;margin-top: 0px;border-width: 0px 0px 0px 0px;border-color:#eae9e9;border-style:solid;\" ><div class=\"fusion-builder-row fusion-row\"><div class=\"fusion-layout-column fusion_builder_column fusion-builder-column-1 fusion_builder_column_1_1 1_1 fusion-one-full fusion-column-first fusion-column-last\" style=\"margin-top:0px;margin-bottom:20px;\"><div class=\"fusion-column-wrapper fusion-flex-column-wrapper-legacy\" style=\"background-position:left top;background-repeat:no-repeat;-webkit-background-size:cover;-moz-background-size:cover;-o-background-size:cover;background-size:cover;padding: 0px 0px 0px 0px;\"><div class=\"fusion-clearfix\"><\/div><\/div><\/div><\/div><\/div><div class=\"fusion-fullwidth fullwidth-box fusion-builder-row-3 nonhundred-percent-fullwidth non-hundred-percent-height-scrolling\" style=\"background-color: rgba(255,255,255,0);background-position: center center;background-repeat: no-repeat;padding-top:20px;padding-right:0px;padding-bottom:20px;padding-left:0px;margin-bottom: 0px;margin-top: 0px;border-width: 0px 0px 0px 0px;border-color:#eae9e9;border-style:solid;\" ><div class=\"fusion-builder-row fusion-row\"><div class=\"fusion-layout-column fusion_builder_column fusion-builder-column-2 fusion_builder_column_1_1 1_1 fusion-one-full fusion-column-first fusion-column-last\" style=\"margin-top:0px;margin-bottom:20px;\"><div class=\"fusion-column-wrapper fusion-flex-column-wrapper-legacy\" style=\"background-position:left top;background-repeat:no-repeat;-webkit-background-size:cover;-moz-background-size:cover;-o-background-size:cover;background-size:cover;padding: 0px 0px 0px 0px;\"><div class=\"fusion-clearfix\"><\/div><\/div><\/div><\/div><\/div><\/p>\n","protected":false},"excerpt":{"rendered":"","protected":false},"author":5,"featured_media":0,"parent":18273,"menu_order":0,"comment_status":"closed","ping_status":"closed","template":"","meta":[],"_links":{"self":[{"href":"https:\/\/help.tdoc.es\/index.php\/wp-json\/wp\/v2\/pages\/18161"}],"collection":[{"href":"https:\/\/help.tdoc.es\/index.php\/wp-json\/wp\/v2\/pages"}],"about":[{"href":"https:\/\/help.tdoc.es\/index.php\/wp-json\/wp\/v2\/types\/page"}],"author":[{"embeddable":true,"href":"https:\/\/help.tdoc.es\/index.php\/wp-json\/wp\/v2\/users\/5"}],"replies":[{"embeddable":true,"href":"https:\/\/help.tdoc.es\/index.php\/wp-json\/wp\/v2\/comments?post=18161"}],"version-history":[{"count":1,"href":"https:\/\/help.tdoc.es\/index.php\/wp-json\/wp\/v2\/pages\/18161\/revisions"}],"predecessor-version":[{"id":18162,"href":"https:\/\/help.tdoc.es\/index.php\/wp-json\/wp\/v2\/pages\/18161\/revisions\/18162"}],"up":[{"embeddable":true,"href":"https:\/\/help.tdoc.es\/index.php\/wp-json\/wp\/v2\/pages\/18273"}],"wp:attachment":[{"href":"https:\/\/help.tdoc.es\/index.php\/wp-json\/wp\/v2\/media?parent=18161"}],"curies":[{"name":"wp","href":"https:\/\/api.w.org\/{rel}","templated":true}]}}