{"id":18157,"date":"2022-03-29T14:28:43","date_gmt":"2022-03-29T14:28:43","guid":{"rendered":"https:\/\/help.tdoc.es\/?page_id=18157"},"modified":"2024-06-13T11:01:09","modified_gmt":"2024-06-13T11:01:09","slug":"home-3","status":"publish","type":"page","link":"https:\/\/help.tdoc.es\/index.php\/pt\/manual-tdoc-centro-pt\/home-3\/","title":{"rendered":"HOME"},"content":{"rendered":"<p><div class=\"fusion-fullwidth fullwidth-box fusion-builder-row-1 nonhundred-percent-fullwidth non-hundred-percent-height-scrolling\" style=\"background-color: rgba(255,255,255,0);background-position: center center;background-repeat: no-repeat;padding-top:20px;padding-right:0px;padding-bottom:20px;padding-left:0px;margin-bottom: 0px;margin-top: 0px;border-width: 0px 0px 0px 0px;border-color:#eae9e9;border-style:solid;\" ><div class=\"fusion-builder-row fusion-row\"><div class=\"fusion-layout-column fusion_builder_column fusion-builder-column-0 fusion_builder_column_1_1 1_1 fusion-one-full fusion-column-first fusion-column-last\" style=\"margin-top:0px;margin-bottom:20px;\"><div class=\"fusion-column-wrapper fusion-flex-column-wrapper-legacy\" style=\"background-position:left top;background-repeat:no-repeat;-webkit-background-size:cover;-moz-background-size:cover;-o-background-size:cover;background-size:cover;padding: 0px 0px 0px 0px;\"><style type=\"text\/css\"><\/style><div class=\"fusion-title title fusion-title-1 fusion-sep-none fusion-title-text fusion-title-size-one\" style=\"margin-top:0px;margin-right:0px;margin-bottom:31px;margin-left:0px;\"><h1 class=\"title-heading-left\" style=\"margin:0;\"><p><span style=\"color: #0375c9;\">HOME<br \/>\n<\/span><\/p><\/h1><\/div><div class=\"fusion-text fusion-text-1\"><p>Ao aceder \u00e0 aplica\u00e7\u00e3o, aparece a p\u00e1gina de in\u00edcio com um resumo dos dados das suas atividades na mesma.<\/p>\n<p><img class=\"alignnone size-full wp-image-12937\" src=\"https:\/\/help.tdoc.es\/wp-content\/uploads\/2020\/08\/1-11.png\" alt=\"\" width=\"28\" height=\"29\" \/><\/p>\n<p>Pressionando o bot\u00e3o acima, permite voltar a esta p\u00e1gina de in\u00edcio desde qualquer lugar da tdoc.<\/p>\n<p>Assim mesmo, disp\u00f5e de uma serie de bot\u00f5es para o r\u00e1pido acesso a determinadas opera\u00e7\u00f5es.<\/p>\n<p><img class=\"alignnone size-large wp-image-12911\" src=\"https:\/\/help.tdoc.es\/wp-content\/uploads\/2020\/08\/2-6-1024x468.png\" alt=\"\" width=\"1024\" height=\"468\" srcset=\"https:\/\/help.tdoc.es\/wp-content\/uploads\/2020\/08\/2-6-200x91.png 200w, https:\/\/help.tdoc.es\/wp-content\/uploads\/2020\/08\/2-6-300x137.png 300w, https:\/\/help.tdoc.es\/wp-content\/uploads\/2020\/08\/2-6-400x183.png 400w, https:\/\/help.tdoc.es\/wp-content\/uploads\/2020\/08\/2-6-600x274.png 600w, https:\/\/help.tdoc.es\/wp-content\/uploads\/2020\/08\/2-6-768x351.png 768w, https:\/\/help.tdoc.es\/wp-content\/uploads\/2020\/08\/2-6-800x366.png 800w, https:\/\/help.tdoc.es\/wp-content\/uploads\/2020\/08\/2-6-1024x468.png 1024w, https:\/\/help.tdoc.es\/wp-content\/uploads\/2020\/08\/2-6-1200x549.png 1200w, https:\/\/help.tdoc.es\/wp-content\/uploads\/2020\/08\/2-6-1536x703.png 1536w, https:\/\/help.tdoc.es\/wp-content\/uploads\/2020\/08\/2-6.png 1889w\" sizes=\"(max-width: 1024px) 100vw, 1024px\" \/><\/p>\n<\/div><div class=\"fusion-clearfix\"><\/div><\/div><\/div><\/div><\/div><div class=\"fusion-fullwidth fullwidth-box fusion-builder-row-2 nonhundred-percent-fullwidth non-hundred-percent-height-scrolling\" style=\"background-color: rgba(255,255,255,0);background-position: center center;background-repeat: no-repeat;padding-top:20px;padding-right:0px;padding-bottom:20px;padding-left:0px;margin-bottom: 0px;margin-top: 0px;border-width: 0px 0px 0px 0px;border-color:#eae9e9;border-style:solid;\" ><div class=\"fusion-builder-row fusion-row\"><div class=\"fusion-layout-column fusion_builder_column fusion-builder-column-1 fusion_builder_column_1_1 1_1 fusion-one-full fusion-column-first fusion-column-last\" style=\"margin-top:0px;margin-bottom:20px;\"><div class=\"fusion-column-wrapper fusion-flex-column-wrapper-legacy\" style=\"background-position:left top;background-repeat:no-repeat;-webkit-background-size:cover;-moz-background-size:cover;-o-background-size:cover;background-size:cover;padding: 0px 0px 0px 0px;\"><div class=\"fusion-clearfix\"><\/div><\/div><\/div><\/div><\/div><div class=\"fusion-fullwidth fullwidth-box fusion-builder-row-3 nonhundred-percent-fullwidth non-hundred-percent-height-scrolling\" style=\"background-color: rgba(255,255,255,0);background-position: center center;background-repeat: no-repeat;padding-top:20px;padding-right:0px;padding-bottom:20px;padding-left:0px;margin-bottom: 0px;margin-top: 0px;border-width: 0px 0px 0px 0px;border-color:#eae9e9;border-style:solid;\" ><div class=\"fusion-builder-row fusion-row\"><div class=\"fusion-layout-column fusion_builder_column fusion-builder-column-2 fusion_builder_column_1_1 1_1 fusion-one-full fusion-column-first fusion-column-last\" style=\"margin-top:0px;margin-bottom:20px;\"><div class=\"fusion-column-wrapper fusion-flex-column-wrapper-legacy\" style=\"background-position:left top;background-repeat:no-repeat;-webkit-background-size:cover;-moz-background-size:cover;-o-background-size:cover;background-size:cover;padding: 0px 0px 0px 0px;\"><div class=\"fusion-clearfix\"><\/div><\/div><\/div><\/div><\/div><\/p>\n","protected":false},"excerpt":{"rendered":"","protected":false},"author":5,"featured_media":0,"parent":18273,"menu_order":0,"comment_status":"closed","ping_status":"closed","template":"","meta":[],"_links":{"self":[{"href":"https:\/\/help.tdoc.es\/index.php\/wp-json\/wp\/v2\/pages\/18157"}],"collection":[{"href":"https:\/\/help.tdoc.es\/index.php\/wp-json\/wp\/v2\/pages"}],"about":[{"href":"https:\/\/help.tdoc.es\/index.php\/wp-json\/wp\/v2\/types\/page"}],"author":[{"embeddable":true,"href":"https:\/\/help.tdoc.es\/index.php\/wp-json\/wp\/v2\/users\/5"}],"replies":[{"embeddable":true,"href":"https:\/\/help.tdoc.es\/index.php\/wp-json\/wp\/v2\/comments?post=18157"}],"version-history":[{"count":1,"href":"https:\/\/help.tdoc.es\/index.php\/wp-json\/wp\/v2\/pages\/18157\/revisions"}],"predecessor-version":[{"id":18158,"href":"https:\/\/help.tdoc.es\/index.php\/wp-json\/wp\/v2\/pages\/18157\/revisions\/18158"}],"up":[{"embeddable":true,"href":"https:\/\/help.tdoc.es\/index.php\/wp-json\/wp\/v2\/pages\/18273"}],"wp:attachment":[{"href":"https:\/\/help.tdoc.es\/index.php\/wp-json\/wp\/v2\/media?parent=18157"}],"curies":[{"name":"wp","href":"https:\/\/api.w.org\/{rel}","templated":true}]}}