{"id":18136,"date":"2022-03-29T13:57:44","date_gmt":"2022-03-29T13:57:44","guid":{"rendered":"https:\/\/help.tdoc.es\/?page_id=18136"},"modified":"2024-06-13T10:05:20","modified_gmt":"2024-06-13T10:05:20","slug":"condicoes-legais","status":"publish","type":"page","link":"https:\/\/help.tdoc.es\/index.php\/pt\/manual-tdoc-centro-pt\/condicoes-legais\/","title":{"rendered":"Condi\u00e7\u00f5es Legais"},"content":{"rendered":"<p><div class=\"fusion-fullwidth fullwidth-box fusion-builder-row-1 nonhundred-percent-fullwidth non-hundred-percent-height-scrolling\" style=\"background-color: rgba(255,255,255,0);background-position: center center;background-repeat: no-repeat;padding-top:20px;padding-right:0px;padding-bottom:20px;padding-left:0px;margin-bottom: 0px;margin-top: 0px;border-width: 0px 0px 0px 0px;border-color:#eae9e9;border-style:solid;\" ><div class=\"fusion-builder-row fusion-row\"><div class=\"fusion-layout-column fusion_builder_column fusion-builder-column-0 fusion_builder_column_1_1 1_1 fusion-one-full fusion-column-first fusion-column-last\" style=\"margin-top:0px;margin-bottom:20px;\"><div class=\"fusion-column-wrapper fusion-flex-column-wrapper-legacy\" style=\"background-position:left top;background-repeat:no-repeat;-webkit-background-size:cover;-moz-background-size:cover;-o-background-size:cover;background-size:cover;padding: 0px 0px 0px 0px;\"><style type=\"text\/css\"><\/style><div class=\"fusion-title title fusion-title-1 fusion-sep-none fusion-title-text fusion-title-size-one\" style=\"margin-top:0px;margin-right:0px;margin-bottom:31px;margin-left:0px;\"><h1 class=\"title-heading-left\" style=\"margin:0;\"><span style=\"color: #0375c9;\">Condi\u00e7\u00f5es Legais<\/span><\/h1><\/div><style type=\"text\/css\"><\/style><div class=\"fusion-title title fusion-title-2 fusion-sep-none fusion-title-text fusion-title-size-two\" style=\"margin-top:0px;margin-right:0px;margin-bottom:31px;margin-left:0px;\"><h2 class=\"title-heading-left\" style=\"margin:0;\"><span style=\"color: #0375c9;\">Aceitar as condi\u00e7\u00f5es legais e de uso<\/span><\/h2><\/div><div class=\"fusion-text fusion-text-1\"><p>Ao iniciar a aplica\u00e7\u00e3o pela primeira vez deve aceitar as condi\u00e7\u00f5es de uso e os termos legais correspondentes \u00e0 aplica\u00e7\u00e3o. Aparecer\u00e1 uma p\u00e1gina como a seguinte, simplesmente tem que ler e se estiver de acordo, marque o check e selecione \u201cAceitar\u201d.<\/p>\n<p>Se desejar, tamb\u00e9m pode imprimir os termos legais e as condi\u00e7\u00f5es de uso.<\/p>\n<p><img class=\"alignnone size-large wp-image-12874\" src=\"https:\/\/help.tdoc.es\/wp-content\/uploads\/2020\/08\/1-4-1024x370.png\" alt=\"\" width=\"1024\" height=\"370\" srcset=\"https:\/\/help.tdoc.es\/wp-content\/uploads\/2020\/08\/1-4-200x72.png 200w, https:\/\/help.tdoc.es\/wp-content\/uploads\/2020\/08\/1-4-300x109.png 300w, https:\/\/help.tdoc.es\/wp-content\/uploads\/2020\/08\/1-4-400x145.png 400w, https:\/\/help.tdoc.es\/wp-content\/uploads\/2020\/08\/1-4-600x217.png 600w, https:\/\/help.tdoc.es\/wp-content\/uploads\/2020\/08\/1-4-768x278.png 768w, https:\/\/help.tdoc.es\/wp-content\/uploads\/2020\/08\/1-4-800x289.png 800w, https:\/\/help.tdoc.es\/wp-content\/uploads\/2020\/08\/1-4-1024x370.png 1024w, https:\/\/help.tdoc.es\/wp-content\/uploads\/2020\/08\/1-4-1200x434.png 1200w, https:\/\/help.tdoc.es\/wp-content\/uploads\/2020\/08\/1-4-1536x556.png 1536w, https:\/\/help.tdoc.es\/wp-content\/uploads\/2020\/08\/1-4.png 1910w\" sizes=\"(max-width: 1024px) 100vw, 1024px\" \/><\/p>\n<p><img class=\"alignnone size-large wp-image-12875\" src=\"https:\/\/help.tdoc.es\/wp-content\/uploads\/2020\/08\/2-3-1024x371.png\" alt=\"\" width=\"1024\" height=\"371\" srcset=\"https:\/\/help.tdoc.es\/wp-content\/uploads\/2020\/08\/2-3-200x73.png 200w, https:\/\/help.tdoc.es\/wp-content\/uploads\/2020\/08\/2-3-300x109.png 300w, https:\/\/help.tdoc.es\/wp-content\/uploads\/2020\/08\/2-3-400x145.png 400w, https:\/\/help.tdoc.es\/wp-content\/uploads\/2020\/08\/2-3-600x218.png 600w, https:\/\/help.tdoc.es\/wp-content\/uploads\/2020\/08\/2-3-768x278.png 768w, https:\/\/help.tdoc.es\/wp-content\/uploads\/2020\/08\/2-3-800x290.png 800w, https:\/\/help.tdoc.es\/wp-content\/uploads\/2020\/08\/2-3-1024x371.png 1024w, https:\/\/help.tdoc.es\/wp-content\/uploads\/2020\/08\/2-3-1200x435.png 1200w, https:\/\/help.tdoc.es\/wp-content\/uploads\/2020\/08\/2-3-1536x557.png 1536w, https:\/\/help.tdoc.es\/wp-content\/uploads\/2020\/08\/2-3.png 1914w\" sizes=\"(max-width: 1024px) 100vw, 1024px\" \/><\/p>\n<\/div><div class=\"fusion-clearfix\"><\/div><\/div><\/div><\/div><\/div><div class=\"fusion-fullwidth fullwidth-box fusion-builder-row-2 nonhundred-percent-fullwidth non-hundred-percent-height-scrolling\" style=\"background-color: rgba(255,255,255,0);background-position: center center;background-repeat: no-repeat;padding-top:20px;padding-right:0px;padding-bottom:20px;padding-left:0px;margin-bottom: 0px;margin-top: 0px;border-width: 0px 0px 0px 0px;border-color:#eae9e9;border-style:solid;\" ><div class=\"fusion-builder-row fusion-row\"><div class=\"fusion-layout-column fusion_builder_column fusion-builder-column-1 fusion_builder_column_1_1 1_1 fusion-one-full fusion-column-first fusion-column-last\" style=\"margin-top:0px;margin-bottom:20px;\"><div class=\"fusion-column-wrapper fusion-flex-column-wrapper-legacy\" style=\"background-position:left top;background-repeat:no-repeat;-webkit-background-size:cover;-moz-background-size:cover;-o-background-size:cover;background-size:cover;padding: 0px 0px 0px 0px;\"><div class=\"fusion-clearfix\"><\/div><\/div><\/div><\/div><\/div><div class=\"fusion-fullwidth fullwidth-box fusion-builder-row-3 nonhundred-percent-fullwidth non-hundred-percent-height-scrolling\" style=\"background-color: rgba(255,255,255,0);background-position: center center;background-repeat: no-repeat;padding-top:20px;padding-right:0px;padding-bottom:20px;padding-left:0px;margin-bottom: 0px;margin-top: 0px;border-width: 0px 0px 0px 0px;border-color:#eae9e9;border-style:solid;\" ><div class=\"fusion-builder-row fusion-row\"><div class=\"fusion-layout-column fusion_builder_column fusion-builder-column-2 fusion_builder_column_1_1 1_1 fusion-one-full fusion-column-first fusion-column-last\" style=\"margin-top:0px;margin-bottom:20px;\"><div class=\"fusion-column-wrapper fusion-flex-column-wrapper-legacy\" style=\"background-position:left top;background-repeat:no-repeat;-webkit-background-size:cover;-moz-background-size:cover;-o-background-size:cover;background-size:cover;padding: 0px 0px 0px 0px;\"><div class=\"fusion-clearfix\"><\/div><\/div><\/div><\/div><\/div><\/p>\n","protected":false},"excerpt":{"rendered":"","protected":false},"author":5,"featured_media":0,"parent":18273,"menu_order":0,"comment_status":"closed","ping_status":"closed","template":"","meta":[],"_links":{"self":[{"href":"https:\/\/help.tdoc.es\/index.php\/wp-json\/wp\/v2\/pages\/18136"}],"collection":[{"href":"https:\/\/help.tdoc.es\/index.php\/wp-json\/wp\/v2\/pages"}],"about":[{"href":"https:\/\/help.tdoc.es\/index.php\/wp-json\/wp\/v2\/types\/page"}],"author":[{"embeddable":true,"href":"https:\/\/help.tdoc.es\/index.php\/wp-json\/wp\/v2\/users\/5"}],"replies":[{"embeddable":true,"href":"https:\/\/help.tdoc.es\/index.php\/wp-json\/wp\/v2\/comments?post=18136"}],"version-history":[{"count":1,"href":"https:\/\/help.tdoc.es\/index.php\/wp-json\/wp\/v2\/pages\/18136\/revisions"}],"predecessor-version":[{"id":18137,"href":"https:\/\/help.tdoc.es\/index.php\/wp-json\/wp\/v2\/pages\/18136\/revisions\/18137"}],"up":[{"embeddable":true,"href":"https:\/\/help.tdoc.es\/index.php\/wp-json\/wp\/v2\/pages\/18273"}],"wp:attachment":[{"href":"https:\/\/help.tdoc.es\/index.php\/wp-json\/wp\/v2\/media?parent=18136"}],"curies":[{"name":"wp","href":"https:\/\/api.w.org\/{rel}","templated":true}]}}