{"id":18130,"date":"2022-03-29T13:55:55","date_gmt":"2022-03-29T13:55:55","guid":{"rendered":"https:\/\/help.tdoc.es\/?page_id=18130"},"modified":"2024-06-11T08:35:04","modified_gmt":"2024-06-11T08:35:04","slug":"acesso-a-aplicacao-2","status":"publish","type":"page","link":"https:\/\/help.tdoc.es\/index.php\/pt\/manual-tdoc-centro-pt\/acesso-a-aplicacao-2\/","title":{"rendered":"Acesso \u00e0 aplica\u00e7\u00e3o"},"content":{"rendered":"<div class=\"fusion-fullwidth fullwidth-box fusion-builder-row-1 nonhundred-percent-fullwidth non-hundred-percent-height-scrolling\" style=\"background-color: rgba(255,255,255,0);background-position: center center;background-repeat: no-repeat;padding-top:20px;padding-right:0px;padding-bottom:20px;padding-left:0px;margin-bottom: 0px;margin-top: 0px;border-width: 0px 0px 0px 0px;border-color:#eae9e9;border-style:solid;\" ><div class=\"fusion-builder-row fusion-row\"><div class=\"fusion-layout-column fusion_builder_column fusion-builder-column-0 fusion_builder_column_1_1 1_1 fusion-one-full fusion-column-first fusion-column-last\" style=\"margin-top:0px;margin-bottom:20px;\"><div class=\"fusion-column-wrapper fusion-flex-column-wrapper-legacy\" style=\"background-position:left top;background-repeat:no-repeat;-webkit-background-size:cover;-moz-background-size:cover;-o-background-size:cover;background-size:cover;padding: 0px 0px 0px 0px;\"><style type=\"text\/css\"><\/style><div class=\"fusion-title title fusion-title-1 fusion-sep-none fusion-title-text fusion-title-size-one\" style=\"margin-top:0px;margin-right:0px;margin-bottom:31px;margin-left:0px;\"><h1 class=\"title-heading-left\" style=\"margin:0;\"><span style=\"color: #0375c9;\">Acesso \u00e0 aplica\u00e7\u00e3o<\/span><\/h1><\/div><style type=\"text\/css\"><\/style><div class=\"fusion-title title fusion-title-2 fusion-sep-none fusion-title-text fusion-title-size-two\" style=\"margin-top:0px;margin-right:0px;margin-bottom:31px;margin-left:0px;\"><h2 class=\"title-heading-left\" style=\"margin:0;\"><p><span style=\"color: #0375c9;\">1. Requisitos do sistema<br \/>\n<\/span><\/p><\/h2><\/div><div class=\"fusion-text fusion-text-1\"><p>Os requisitos m\u00ednimos necess\u00e1rios para aceder \u00e0 tdoc s\u00e3o:<\/p>\n<ul>\n<li>Conex\u00e3o a internet<\/li>\n<li>Resolu\u00e7\u00e3o de tela m\u00ednima de 800&#215;600<\/li>\n<\/ul>\n<p>Os navegadores compat\u00edveis s\u00e3o: Internet Explorer 7.0 ou superior, Mozilla Firefox 2.0 ou superior y Google Chrome. Debe ter o javascript habilitado.<\/p>\n<p>No caso de utilizar o navegador Microsoft Internet Explorer nas suas vers\u00f5es 8 e 9 deve pulsar o bot\u00e3o Vista para compatibilidade.<\/p>\n<p><img class=\"alignnone size-full wp-image-14834\" src=\"https:\/\/help.tdoc.es\/wp-content\/uploads\/2021\/05\/1.1.png\" alt=\"\" width=\"226\" height=\"44\" srcset=\"https:\/\/help.tdoc.es\/wp-content\/uploads\/2021\/05\/1.1-200x39.png 200w, https:\/\/help.tdoc.es\/wp-content\/uploads\/2021\/05\/1.1.png 226w\" sizes=\"(max-width: 226px) 100vw, 226px\" \/><\/p>\n<p><strong>NOTA:<\/strong> Se com o Internet Explorer a aplica\u00e7\u00e3o n\u00e3o funcionar corretamente, recomenda-se provar com outro navegador, como por exemplo o <strong>Mozilla Firefox<\/strong>.<\/p>\n<\/div><style type=\"text\/css\"><\/style><div class=\"fusion-title title fusion-title-3 fusion-sep-none fusion-title-text fusion-title-size-two\" style=\"margin-top:0px;margin-right:0px;margin-bottom:31px;margin-left:0px;\"><h2 class=\"title-heading-left\" style=\"margin:0;\"><p><span style=\"color: #0375c9;\">2. Primeiro acesso<br \/>\n<\/span><\/p><\/h2><\/div><div class=\"fusion-text fusion-text-2\"><p>Ao longo desde ponto ser\u00e3o explicados os passos a seguir desde a recep\u00e7\u00e3o do e-mail de bem-vinda \u00e0 tdoc:<\/p>\n<ul>\n<li>Recep\u00e7\u00e3o do e-mail de bem-vinda<\/li>\n<li>Estabelecer a senha<\/li>\n<\/ul>\n<\/div><style type=\"text\/css\"><\/style><div class=\"fusion-title title fusion-title-4 fusion-sep-none fusion-title-text fusion-title-size-two\" style=\"margin-top:0px;margin-right:0px;margin-bottom:31px;margin-left:0px;\"><h2 class=\"title-heading-left\" style=\"margin:0;\"><p><span style=\"color: #0375c9;\">2.1. Recep\u00e7\u00e3o do e-mail de bem-vind<br \/>\n<\/span><\/p><\/h2><\/div><div class=\"fusion-text fusion-text-3\"><p>Ao registrar-se na aplica\u00e7\u00e3o, a mesma envia um e-mail autom\u00e1tico \u00e0 dire\u00e7\u00e3o de e-mail registrada. Deve aceder atrav\u00e9s do link especificado e establecer a sua senha de acesso.<\/p>\n<p><img class=\"alignnone wp-image-14835 size-full\" src=\"https:\/\/help.tdoc.es\/wp-content\/uploads\/2021\/05\/1.png\" alt=\"\" width=\"567\" height=\"329\" srcset=\"https:\/\/help.tdoc.es\/wp-content\/uploads\/2021\/05\/1-200x116.png 200w, https:\/\/help.tdoc.es\/wp-content\/uploads\/2021\/05\/1-300x174.png 300w, https:\/\/help.tdoc.es\/wp-content\/uploads\/2021\/05\/1-400x232.png 400w, https:\/\/help.tdoc.es\/wp-content\/uploads\/2021\/05\/1.png 567w\" sizes=\"(max-width: 567px) 100vw, 567px\" \/><\/p>\n<\/div><style type=\"text\/css\"><\/style><div class=\"fusion-title title fusion-title-5 fusion-sep-none fusion-title-text fusion-title-size-two\" style=\"margin-top:0px;margin-right:0px;margin-bottom:31px;margin-left:0px;\"><h2 class=\"title-heading-left\" style=\"margin:0;\"><span style=\"color: #0375c9;\">2.2. Establecer a senha\u00a0<\/span><\/h2><\/div><div class=\"fusion-text fusion-text-4\"><p>Digite a senha desejada duas vezes para evitar erros.<\/p>\n<p><img class=\"alignnone wp-image-14836 size-full\" src=\"https:\/\/help.tdoc.es\/wp-content\/uploads\/2021\/05\/2.png\" alt=\"\" width=\"567\" height=\"137\" srcset=\"https:\/\/help.tdoc.es\/wp-content\/uploads\/2021\/05\/2-200x48.png 200w, https:\/\/help.tdoc.es\/wp-content\/uploads\/2021\/05\/2-300x72.png 300w, https:\/\/help.tdoc.es\/wp-content\/uploads\/2021\/05\/2-400x97.png 400w, https:\/\/help.tdoc.es\/wp-content\/uploads\/2021\/05\/2.png 567w\" sizes=\"(max-width: 567px) 100vw, 567px\" \/><\/p>\n<p>Lembre que a senha deve conter no m\u00ednimo 6 d\u00edgitos e no m\u00e1ximo 20.<\/p>\n<\/div><style type=\"text\/css\"><\/style><div class=\"fusion-title title fusion-title-6 fusion-sep-none fusion-title-text fusion-title-size-two\" style=\"margin-top:0px;margin-right:0px;margin-bottom:31px;margin-left:0px;\"><h2 class=\"title-heading-left\" style=\"margin:0;\"><p><span style=\"color: #0375c9;\">3. Acesso \u00e0 aplica\u00e7\u00e3o<br \/>\n<\/span><\/p><\/h2><\/div><div class=\"fusion-text fusion-text-5\"><p>A aplica\u00e7\u00e3o \u00e9 acess\u00edvel pela dire\u00e7\u00e3o URL proporcionada no e-mail de Alta do usu\u00e1rio. Apenas \u00e9 necess\u00e1rio dispor de conex\u00e3o \u00e0 internet e um navegador. A aplica\u00e7\u00e3o \u00e9 totalmente compat\u00edvel com IE 7 ou superior, Mozilla Firefox e Google Chrome.<\/p>\n<p>Ao aceder \u00e0 aplica\u00e7\u00e3o voc\u00ea encontrar\u00e1 uma p\u00e1gina de in\u00edcio similar \u00e0s j\u00e1 utilizadas na maioria das p\u00e1ginas Web, solicitando o e-mail de usu\u00e1rio e a senha para aceder.<\/p>\n<p><img class=\"alignnone size-medium wp-image-14838\" src=\"https:\/\/help.tdoc.es\/wp-content\/uploads\/2021\/05\/3-2-300x113.png\" alt=\"\" width=\"300\" height=\"113\" srcset=\"https:\/\/help.tdoc.es\/wp-content\/uploads\/2021\/05\/3-2-200x76.png 200w, https:\/\/help.tdoc.es\/wp-content\/uploads\/2021\/05\/3-2-300x113.png 300w, https:\/\/help.tdoc.es\/wp-content\/uploads\/2021\/05\/3-2.png 392w\" sizes=\"(max-width: 300px) 100vw, 300px\" \/><\/p>\n<p>Para utilizar a tdoc \u00e9 necess\u00e1rio dipor de um nome de usu\u00e1rio (e-mail) e senha. Quando realize a alta na aplica\u00e7\u00e3o recebr\u00e1 o e-mail de bem-vinda com o link para estabelecer sua primeira senha.<\/p>\n<\/div><style type=\"text\/css\"><\/style><div class=\"fusion-title title fusion-title-7 fusion-sep-none fusion-title-text fusion-title-size-two\" style=\"margin-top:0px;margin-right:0px;margin-bottom:31px;margin-left:0px;\"><h2 class=\"title-heading-left\" style=\"margin:0;\"><p><span style=\"color: #0375c9;\">3.1<\/span><span style=\"color: #0375c9;\">. Esqueceu a senha ou superou o n\u00famero de tentativas de acesso<br \/>\n<\/span><\/p><\/h2><\/div><div class=\"fusion-text fusion-text-6\"><p>No caso em que esquecer a senha ou superar o n\u00famero de tentativas, \u00e9 poss\u00edvel gerar uma nova senha clicando \u201cRestabelecer senha\u201d.<\/p>\n<p><img class=\"alignnone wp-image-14841 size-medium\" src=\"https:\/\/help.tdoc.es\/wp-content\/uploads\/2021\/05\/4-1-300x112.png\" alt=\"\" width=\"300\" height=\"112\" srcset=\"https:\/\/help.tdoc.es\/wp-content\/uploads\/2021\/05\/4-1-200x75.png 200w, https:\/\/help.tdoc.es\/wp-content\/uploads\/2021\/05\/4-1-300x112.png 300w, https:\/\/help.tdoc.es\/wp-content\/uploads\/2021\/05\/4-1-400x150.png 400w, https:\/\/help.tdoc.es\/wp-content\/uploads\/2021\/05\/4-1.png 569w\" sizes=\"(max-width: 300px) 100vw, 300px\" \/><\/p>\n<p>Aparece uma nova p\u00e1gina na qual deve indicar o e-mail do gestor e selecionar \u201cEnviar\u201d. Receber\u00e1 um e-mail com um link para poder modificar a sua senha.<\/p>\n<p><img class=\"alignnone wp-image-14842 size-full\" src=\"https:\/\/help.tdoc.es\/wp-content\/uploads\/2021\/05\/5.jpg\" alt=\"\" width=\"711\" height=\"305\" srcset=\"https:\/\/help.tdoc.es\/wp-content\/uploads\/2021\/05\/5-200x86.jpg 200w, https:\/\/help.tdoc.es\/wp-content\/uploads\/2021\/05\/5-300x129.jpg 300w, https:\/\/help.tdoc.es\/wp-content\/uploads\/2021\/05\/5-400x172.jpg 400w, https:\/\/help.tdoc.es\/wp-content\/uploads\/2021\/05\/5-600x257.jpg 600w, https:\/\/help.tdoc.es\/wp-content\/uploads\/2021\/05\/5.jpg 711w\" sizes=\"(max-width: 711px) 100vw, 711px\" \/><\/p>\n<\/div><div class=\"fusion-clearfix\"><\/div><\/div><\/div><\/div><\/div>\n","protected":false},"excerpt":{"rendered":"","protected":false},"author":5,"featured_media":0,"parent":18273,"menu_order":0,"comment_status":"closed","ping_status":"closed","template":"","meta":[],"_links":{"self":[{"href":"https:\/\/help.tdoc.es\/index.php\/wp-json\/wp\/v2\/pages\/18130"}],"collection":[{"href":"https:\/\/help.tdoc.es\/index.php\/wp-json\/wp\/v2\/pages"}],"about":[{"href":"https:\/\/help.tdoc.es\/index.php\/wp-json\/wp\/v2\/types\/page"}],"author":[{"embeddable":true,"href":"https:\/\/help.tdoc.es\/index.php\/wp-json\/wp\/v2\/users\/5"}],"replies":[{"embeddable":true,"href":"https:\/\/help.tdoc.es\/index.php\/wp-json\/wp\/v2\/comments?post=18130"}],"version-history":[{"count":5,"href":"https:\/\/help.tdoc.es\/index.php\/wp-json\/wp\/v2\/pages\/18130\/revisions"}],"predecessor-version":[{"id":19387,"href":"https:\/\/help.tdoc.es\/index.php\/wp-json\/wp\/v2\/pages\/18130\/revisions\/19387"}],"up":[{"embeddable":true,"href":"https:\/\/help.tdoc.es\/index.php\/wp-json\/wp\/v2\/pages\/18273"}],"wp:attachment":[{"href":"https:\/\/help.tdoc.es\/index.php\/wp-json\/wp\/v2\/media?parent=18130"}],"curies":[{"name":"wp","href":"https:\/\/api.w.org\/{rel}","templated":true}]}}