{"id":18126,"date":"2022-03-29T13:50:35","date_gmt":"2022-03-29T13:50:35","guid":{"rendered":"https:\/\/help.tdoc.es\/?page_id=18126"},"modified":"2024-06-13T14:37:37","modified_gmt":"2024-06-13T14:37:37","slug":"registro-de-subcontratadas","status":"publish","type":"page","link":"https:\/\/help.tdoc.es\/index.php\/pt\/manual-tdoc-centro-pt\/registro-de-subcontratadas\/","title":{"rendered":"Registro de subcontratadas"},"content":{"rendered":"<div class=\"fusion-fullwidth fullwidth-box fusion-builder-row-1 nonhundred-percent-fullwidth non-hundred-percent-height-scrolling\" style=\"background-color: rgba(255,255,255,0);background-position: center center;background-repeat: no-repeat;padding-top:20px;padding-right:0px;padding-bottom:20px;padding-left:0px;margin-bottom: 0px;margin-top: 0px;border-width: 0px 0px 0px 0px;border-color:#eae9e9;border-style:solid;\" ><div class=\"fusion-builder-row fusion-row\"><div class=\"fusion-layout-column fusion_builder_column fusion-builder-column-0 fusion_builder_column_1_1 1_1 fusion-one-full fusion-column-first fusion-column-last\" style=\"margin-top:0px;margin-bottom:20px;\"><div class=\"fusion-column-wrapper fusion-flex-column-wrapper-legacy\" style=\"background-position:left top;background-repeat:no-repeat;-webkit-background-size:cover;-moz-background-size:cover;-o-background-size:cover;background-size:cover;padding: 0px 0px 0px 0px;\"><style type=\"text\/css\"><\/style><div class=\"fusion-title title fusion-title-1 fusion-sep-none fusion-title-text fusion-title-size-one\" style=\"margin-top:0px;margin-right:0px;margin-bottom:31px;margin-left:0px;\"><h1 class=\"title-heading-left\" style=\"margin:0;\"><p><span style=\"color: #0375c9;\">Registro de subcontratadas<br \/>\n<\/span><\/p><\/h1><\/div><div class=\"fusion-text fusion-text-1\"><p>Desde o menu \u2018Registro de subcontratas\u2019 pode realizar um pedido de registro para as empresas subcontratadas.<\/p>\n<p><img class=\"alignnone wp-image-13218 size-full\" src=\"https:\/\/help.tdoc.es\/wp-content\/uploads\/2020\/12\/1-4.png\" alt=\"\" width=\"301\" height=\"151\" srcset=\"https:\/\/help.tdoc.es\/wp-content\/uploads\/2020\/12\/1-4-200x100.png 200w, https:\/\/help.tdoc.es\/wp-content\/uploads\/2020\/12\/1-4.png 301w\" sizes=\"(max-width: 301px) 100vw, 301px\" \/><\/p>\n<p>No menu principal desta op\u00e7\u00e3o, aparece a lista de pedidos, por defeito, apenas aparecem os pedidos que est\u00e3o <span style=\"color: #ffcc00;\"><strong>Sem Processar<\/strong><\/span>.<\/p>\n<\/div><style type=\"text\/css\"><\/style><div class=\"fusion-title title fusion-title-2 fusion-sep-none fusion-title-text fusion-title-size-two\" style=\"margin-top:0px;margin-right:0px;margin-bottom:31px;margin-left:0px;\"><h2 class=\"title-heading-left\" style=\"margin:0;\"><span style=\"color: #0375c9;\">1. Lista de pedidos<\/span><\/h2><\/div><div class=\"fusion-text fusion-text-2\"><p>A coluna <strong>Estado <\/strong>indica o estado do pedido:<\/p>\n<ul>\n<li><span style=\"color: #ffcc00;\"><strong>Sem processar<\/strong><\/span>: a empresa subcontratada para esta tarefa est\u00e1 pendende de registro.<\/li>\n<li><span style=\"color: #339966;\"><strong>Processado<\/strong><\/span>: o pedido j\u00e1 foi processado e a empresa subcontratada j\u00e1 est\u00e1 registrada na tarefa.<\/li>\n<li><strong><span style=\"color: #ff0000;\">Recusado <\/span>o <span style=\"color: #ff0000;\">Anulado<\/span><\/strong>: o pedido foi recusado ou anulado.<\/li>\n<\/ul>\n<p>Inicialmente apenas aparecem os pedidos que est\u00e3o <span style=\"color: #ffcc00;\"><strong>Sem processar.<\/strong><\/span><\/p>\n<\/div>\n<div class=\"table-1\">\n<table width=\"100%\">\n<tbody>\n<tr>\n<td align=\"left\">\u00a0<img class=\"size-full wp-image-17909 aligncenter\" src=\"https:\/\/help.tdoc.es\/wp-content\/uploads\/2022\/03\/crear-solicttud-subcon.png\" alt=\"\" width=\"42\" height=\"42\" \/><\/td>\n<td align=\"left\">Permite criar um novo pedido de registro de subcontratada.<\/td>\n<\/tr>\n<tr>\n<td align=\"left\"><img class=\"size-full wp-image-17605 aligncenter\" src=\"https:\/\/help.tdoc.es\/wp-content\/uploads\/2022\/03\/cancelar.png\" alt=\"\" width=\"34\" height=\"43\" \/><\/td>\n<td align=\"left\">Permite cancelar um pedido que esteja <strong>Sem processar<\/strong>, deve selecionar previamente o pedido a cancelar.<\/td>\n<\/tr>\n<tr>\n<td align=\"left\"><img class=\"size-full wp-image-17607 aligncenter\" src=\"https:\/\/help.tdoc.es\/wp-content\/uploads\/2022\/03\/peticiones-1.png\" alt=\"\" width=\"46\" height=\"45\" \/><\/td>\n<td align=\"left\">Permite ver todos os pedidos realizados pelo usu\u00e1rio.<\/td>\n<\/tr>\n<tr>\n<td align=\"left\"><img class=\"size-full wp-image-17740 aligncenter\" src=\"https:\/\/help.tdoc.es\/wp-content\/uploads\/2022\/03\/excel-6.png\" alt=\"\" width=\"44\" height=\"42\" \/><\/td>\n<td align=\"left\">Gera um informe em formato Excel com a lista de pedidos.<\/td>\n<\/tr>\n<\/tbody>\n<\/table>\n<\/div>\n<div class=\"fusion-text fusion-text-3\"><p>Por cada pedido que realizar o usu\u00e1rio recebe um e-mail com o n\u00famero e os dados do pedido realizado. Posteriormente quando esteja processado, receber\u00e1 outro e-mail com a confirma\u00e7\u00e3o de pedido processado. Estes e-mails tamb\u00e9m s\u00e3o enviados ao usu\u00e1rio que realiza o pedido, ao gestor da subcontratada e aos respons\u00e1veis indicados no pr\u00f3prio pedido.<\/p>\n<\/div><style type=\"text\/css\"><\/style><div class=\"fusion-title title fusion-title-3 fusion-sep-none fusion-title-text fusion-title-size-two\" style=\"margin-top:0px;margin-right:0px;margin-bottom:31px;margin-left:0px;\"><h2 class=\"title-heading-left\" style=\"margin:0;\"><span style=\"color: #0375c9;\">2. Pedido de registro de subcontratada<\/span><\/h2><\/div><div class=\"fusion-text fusion-text-4\"><p>Este tutorial est\u00e1 preparado para realizar um pedido de registro de uma empresa subcontratada (empreiteiro) em um ou v\u00e1rios centros\/tarefas. \u00c9 poss\u00edvel que esta empresa j\u00e1 exista na aplica\u00e7\u00e3o, mas n\u00e3o como subcontratada neste centro\/tarefa que necessita. Pelo que deve realizar o pedido de registro de subcontratada, sem que seja necess\u00e1rio criar a empresa como nova.<\/p>\n<p>Esta op\u00e7\u00e3o apenas deve-se realizar para as subcontratadas principais. No caso de existir mais n\u00edveis de contrata\u00e7\u00e3o, o pedido deve ser realizado diretamente pela empresa que contrata a empresa.<\/p>\n<p><strong>1.Criar novo pedido de registro<\/strong><\/p>\n<p><img class=\"alignnone wp-image-13221 size-full\" src=\"https:\/\/help.tdoc.es\/wp-content\/uploads\/2020\/12\/4-3.png\" alt=\"\" width=\"387\" height=\"117\" srcset=\"https:\/\/help.tdoc.es\/wp-content\/uploads\/2020\/12\/4-3-200x60.png 200w, https:\/\/help.tdoc.es\/wp-content\/uploads\/2020\/12\/4-3-300x91.png 300w, https:\/\/help.tdoc.es\/wp-content\/uploads\/2020\/12\/4-3.png 387w\" sizes=\"(max-width: 387px) 100vw, 387px\" \/><\/p>\n<p>Clicamos <strong>\u2018Aceitar\u2019<\/strong> para dar in\u00edcio ao processo. Se clica em <strong>\u2018Cancelar\u2019<\/strong> aparece a lista de pedidos.<\/p>\n<p><strong>2.Formul\u00e1rio de registro<\/strong><\/p>\n<p>Mostra os diferentes passos que deve seguir a continua\u00e7\u00e3o. Clicar <strong>\u2018Seguinte\u2019<\/strong>.<\/p>\n<p><img class=\"alignnone wp-image-13222 \" src=\"https:\/\/help.tdoc.es\/wp-content\/uploads\/2020\/12\/5-2.png\" alt=\"\" width=\"576\" height=\"57\" srcset=\"https:\/\/help.tdoc.es\/wp-content\/uploads\/2020\/12\/5-2-200x20.png 200w, https:\/\/help.tdoc.es\/wp-content\/uploads\/2020\/12\/5-2-300x30.png 300w, https:\/\/help.tdoc.es\/wp-content\/uploads\/2020\/12\/5-2-400x40.png 400w, https:\/\/help.tdoc.es\/wp-content\/uploads\/2020\/12\/5-2.png 566w\" sizes=\"(max-width: 576px) 100vw, 576px\" \/><\/p>\n<p><strong>2.1. Procurar \/ Criar empresa subcontratada<\/strong><\/p>\n<p>Neste passo, indica \u00e0 tdoc os dados da empresa que deseja adicionar. Indicar o N\u00ba de identifica\u00e7\u00e3o fiscal ou nome da empresa e selecionar <strong>\u2018Procurar\u2019<\/strong>.<\/p>\n<p><img class=\"alignnone wp-image-13223 \" src=\"https:\/\/help.tdoc.es\/wp-content\/uploads\/2020\/12\/6-2.png\" alt=\"\" width=\"579\" height=\"94\" srcset=\"https:\/\/help.tdoc.es\/wp-content\/uploads\/2020\/12\/6-2-200x32.png 200w, https:\/\/help.tdoc.es\/wp-content\/uploads\/2020\/12\/6-2-300x49.png 300w, https:\/\/help.tdoc.es\/wp-content\/uploads\/2020\/12\/6-2-400x65.png 400w, https:\/\/help.tdoc.es\/wp-content\/uploads\/2020\/12\/6-2.png 567w\" sizes=\"(max-width: 579px) 100vw, 579px\" \/><\/p>\n<p>Se a empresa j\u00e1 existe na tdoc, aparecer\u00e1 para que possa selecion\u00e1-la.<\/p>\n<p><img class=\"alignnone wp-image-13620 \" src=\"https:\/\/help.tdoc.es\/wp-content\/uploads\/2021\/02\/Captura-2.png\" alt=\"\" width=\"586\" height=\"157\" srcset=\"https:\/\/help.tdoc.es\/wp-content\/uploads\/2021\/02\/Captura-2-200x54.png 200w, https:\/\/help.tdoc.es\/wp-content\/uploads\/2021\/02\/Captura-2-300x80.png 300w, https:\/\/help.tdoc.es\/wp-content\/uploads\/2021\/02\/Captura-2-400x107.png 400w, https:\/\/help.tdoc.es\/wp-content\/uploads\/2021\/02\/Captura-2-600x161.png 600w, https:\/\/help.tdoc.es\/wp-content\/uploads\/2021\/02\/Captura-2.png 713w\" sizes=\"(max-width: 586px) 100vw, 586px\" \/><\/p>\n<p>Se os dados indicados pela tdoc n\u00e3o concordam com a empresa que indicou, selecione \u2018Cadastrar\u2019, dar\u00e1 a op\u00e7\u00e3o de indicar os dados correspondentes.<\/p>\n<p><img class=\"alignnone wp-image-13225 \" src=\"https:\/\/help.tdoc.es\/wp-content\/uploads\/2020\/12\/8-2.png\" alt=\"\" width=\"583\" height=\"73\" srcset=\"https:\/\/help.tdoc.es\/wp-content\/uploads\/2020\/12\/8-2-200x25.png 200w, https:\/\/help.tdoc.es\/wp-content\/uploads\/2020\/12\/8-2-300x38.png 300w, https:\/\/help.tdoc.es\/wp-content\/uploads\/2020\/12\/8-2-400x50.png 400w, https:\/\/help.tdoc.es\/wp-content\/uploads\/2020\/12\/8-2.png 567w\" sizes=\"(max-width: 583px) 100vw, 583px\" \/><\/p>\n<p>Esta opera\u00e7\u00e3o n\u00e3o implica necessariamente que a empresa esteja sendo cadastrada desde zero, significa que a est\u00e1 cadastrando como seu empreiteiro. Se a empresa que cadastrou j\u00e1 disp\u00f5e de documenta\u00e7\u00e3o, esta ser\u00e1 mantida.<\/p>\n<p><strong>2.2. Adicionar gestor<\/strong><\/p>\n<p>Os campos obrigat\u00f3rios (amarelo) s\u00e3o o e-mail para o acesso e nome completo. A pessoa indicada neste campo corresonde com a pessoa encarregada de gerenciar esta empresa na aplica\u00e7\u00e3o.<\/p>\n<p>Este campo apenas \u00e9 obirgat\u00f3rio quando a empresa n\u00e3o disp\u00f5e de nenhum gestor.<\/p>\n<p><img class=\"alignnone wp-image-13226 \" src=\"https:\/\/help.tdoc.es\/wp-content\/uploads\/2020\/12\/9-2.png\" alt=\"\" width=\"595\" height=\"86\" srcset=\"https:\/\/help.tdoc.es\/wp-content\/uploads\/2020\/12\/9-2-200x29.png 200w, https:\/\/help.tdoc.es\/wp-content\/uploads\/2020\/12\/9-2-300x43.png 300w, https:\/\/help.tdoc.es\/wp-content\/uploads\/2020\/12\/9-2-400x58.png 400w, https:\/\/help.tdoc.es\/wp-content\/uploads\/2020\/12\/9-2.png 567w\" sizes=\"(max-width: 595px) 100vw, 595px\" \/><\/p>\n<\/div>\n<div class=\"table-1\">\n<table width=\"100%\">\n<tbody>\n<tr>\n<td align=\"left\"><img class=\"wp-image-17879 aligncenter\" src=\"https:\/\/help.tdoc.es\/wp-content\/uploads\/2022\/03\/Tabla-2_1-4-300x27.png\" alt=\"\" width=\"170\" height=\"15\" srcset=\"https:\/\/help.tdoc.es\/wp-content\/uploads\/2022\/03\/Tabla-2_1-4-200x18.png 200w, https:\/\/help.tdoc.es\/wp-content\/uploads\/2022\/03\/Tabla-2_1-4-300x27.png 300w, https:\/\/help.tdoc.es\/wp-content\/uploads\/2022\/03\/Tabla-2_1-4-400x36.png 400w, https:\/\/help.tdoc.es\/wp-content\/uploads\/2022\/03\/Tabla-2_1-4.png 528w\" sizes=\"(max-width: 170px) 100vw, 170px\" \/><\/td>\n<td align=\"left\">Permite incluir seu pr\u00f3prio usu\u00e1rio como gestor desta empresa subcontratada<\/td>\n<\/tr>\n<tr>\n<td align=\"left\"><img class=\"wp-image-17880 aligncenter\" src=\"https:\/\/help.tdoc.es\/wp-content\/uploads\/2022\/03\/Tabla-2_2-2.png\" alt=\"\" width=\"54\" height=\"27\" srcset=\"https:\/\/help.tdoc.es\/wp-content\/uploads\/2022\/03\/Tabla-2_2-2-200x100.png 200w, https:\/\/help.tdoc.es\/wp-content\/uploads\/2022\/03\/Tabla-2_2-2.png 251w\" sizes=\"(max-width: 54px) 100vw, 54px\" \/><\/td>\n<td align=\"left\">Permite omitir esta informa\u00e7\u00e3o, esta op\u00e7\u00e3o apenas estar\u00e1 habilitada se a empresa j\u00e1 disp\u00f5e de um gestor<\/td>\n<\/tr>\n<tr>\n<td align=\"left\"><img class=\"wp-image-17881 aligncenter\" src=\"https:\/\/help.tdoc.es\/wp-content\/uploads\/2022\/03\/Tabla-2_3-2-300x71.png\" alt=\"\" width=\"97\" height=\"23\" srcset=\"https:\/\/help.tdoc.es\/wp-content\/uploads\/2022\/03\/Tabla-2_3-2-200x47.png 200w, https:\/\/help.tdoc.es\/wp-content\/uploads\/2022\/03\/Tabla-2_3-2-300x71.png 300w, https:\/\/help.tdoc.es\/wp-content\/uploads\/2022\/03\/Tabla-2_3-2-400x94.png 400w, https:\/\/help.tdoc.es\/wp-content\/uploads\/2022\/03\/Tabla-2_3-2.png 497w\" sizes=\"(max-width: 97px) 100vw, 97px\" \/><\/td>\n<td align=\"left\">Permite incluir mais de um gestor para esta empresa<\/td>\n<\/tr>\n<\/tbody>\n<\/table>\n<\/div>\n<div class=\"fusion-text fusion-text-5\"><p>Clique <strong>\u2018Seguinte\u2019<\/strong> para continuar.<\/p>\n<p><strong>2.3. Sele\u00e7\u00e3o de centros de trabalho <\/strong><\/p>\n<p>Na coluna <strong>\u2018Dispon\u00edveis\u2019 <\/strong>aparecer\u00e3o os centros para os quais tem acesso, deve selecionar os centros nos quais a empresa realizar\u00e1 os trabalhos e pass\u00e1-los \u00e0 coluna da direita <strong>\u2018Adicionados\u2019<\/strong>, utilizando a op\u00e7\u00e3o <strong>\u2018Copiar\u2019<\/strong> ou <strong>\u2018Copiar todos\u2019<\/strong>.<\/p>\n<p><img class=\"alignnone wp-image-13600 \" src=\"https:\/\/help.tdoc.es\/wp-content\/uploads\/2021\/01\/Captura-14.png\" alt=\"\" width=\"627\" height=\"200\" srcset=\"https:\/\/help.tdoc.es\/wp-content\/uploads\/2021\/01\/Captura-14-200x64.png 200w, https:\/\/help.tdoc.es\/wp-content\/uploads\/2021\/01\/Captura-14-300x96.png 300w, https:\/\/help.tdoc.es\/wp-content\/uploads\/2021\/01\/Captura-14-400x128.png 400w, https:\/\/help.tdoc.es\/wp-content\/uploads\/2021\/01\/Captura-14-600x191.png 600w, https:\/\/help.tdoc.es\/wp-content\/uploads\/2021\/01\/Captura-14.png 712w\" sizes=\"(max-width: 627px) 100vw, 627px\" \/><\/p>\n<p>Os centros selecionados devem pertencer \u00e0 mesma \u00e1rea funcional (tecnolog\u00eda). Se deseja realizar o pedido para centros de diferentes \u00e1reas funcionais, deve realizar v\u00e1rios pedidos.<\/p>\n<p>Na coluna de adicionados podem aparecer destacados alguns centros, significa que a empresa j\u00e1 est\u00e1 registrada nesses centros.<\/p>\n<p>Clique <strong>\u2018Seguinte\u2019<\/strong> para continuar.<\/p>\n<p><strong>2.4. Tipo de Empresa y Respons\u00e1vel dos trabalhos<\/strong><\/p>\n<p>Neste passo indicamos o e-mail da pessoa respons\u00e1vel dos trabalhos e o tipo de empresa.<\/p>\n<p><img class=\"alignnone wp-image-13601 \" src=\"https:\/\/help.tdoc.es\/wp-content\/uploads\/2021\/01\/Imagen6-1.png\" alt=\"\" width=\"642\" height=\"221\" srcset=\"https:\/\/help.tdoc.es\/wp-content\/uploads\/2021\/01\/Imagen6-1-200x69.png 200w, https:\/\/help.tdoc.es\/wp-content\/uploads\/2021\/01\/Imagen6-1-300x103.png 300w, https:\/\/help.tdoc.es\/wp-content\/uploads\/2021\/01\/Imagen6-1-400x138.png 400w, https:\/\/help.tdoc.es\/wp-content\/uploads\/2021\/01\/Imagen6-1.png 567w\" sizes=\"(max-width: 642px) 100vw, 642px\" \/><\/p>\n<\/div>\n<div class=\"table-1\">\n<table width=\"100%\">\n<tbody>\n<tr>\n<td align=\"left\"><img class=\"size-full wp-image-17912 aligncenter\" src=\"https:\/\/help.tdoc.es\/wp-content\/uploads\/2022\/03\/1-13.png\" alt=\"\" width=\"144\" height=\"41\" \/><\/td>\n<td align=\"left\">Permite ampliar a descri\u00e7\u00e3o das op\u00e7\u00f5es existentes:<\/p>\n<p><img class=\"alignnone wp-image-17917\" src=\"https:\/\/help.tdoc.es\/wp-content\/uploads\/2022\/03\/3-2-300x29.png\" alt=\"\" width=\"476\" height=\"46\" srcset=\"https:\/\/help.tdoc.es\/wp-content\/uploads\/2022\/03\/3-2-200x19.png 200w, https:\/\/help.tdoc.es\/wp-content\/uploads\/2022\/03\/3-2-300x29.png 300w, https:\/\/help.tdoc.es\/wp-content\/uploads\/2022\/03\/3-2-400x39.png 400w, https:\/\/help.tdoc.es\/wp-content\/uploads\/2022\/03\/3-2-600x58.png 600w, https:\/\/help.tdoc.es\/wp-content\/uploads\/2022\/03\/3-2-768x75.png 768w, https:\/\/help.tdoc.es\/wp-content\/uploads\/2022\/03\/3-2-800x78.png 800w, https:\/\/help.tdoc.es\/wp-content\/uploads\/2022\/03\/3-2-1024x100.png 1024w, https:\/\/help.tdoc.es\/wp-content\/uploads\/2022\/03\/3-2.png 1098w\" sizes=\"(max-width: 476px) 100vw, 476px\" \/><\/td>\n<\/tr>\n<tr>\n<td align=\"left\"><img class=\"wp-image-17916 aligncenter\" src=\"https:\/\/help.tdoc.es\/wp-content\/uploads\/2022\/03\/1-14-300x77.png\" alt=\"\" width=\"164\" height=\"42\" srcset=\"https:\/\/help.tdoc.es\/wp-content\/uploads\/2022\/03\/1-14-200x51.png 200w, https:\/\/help.tdoc.es\/wp-content\/uploads\/2022\/03\/1-14-300x77.png 300w, https:\/\/help.tdoc.es\/wp-content\/uploads\/2022\/03\/1-14-400x103.png 400w, https:\/\/help.tdoc.es\/wp-content\/uploads\/2022\/03\/1-14.png 579w\" sizes=\"(max-width: 164px) 100vw, 164px\" \/><\/td>\n<td align=\"left\">Permite registrar um respons\u00e1vel para esta tarefa<\/td>\n<\/tr>\n<tr>\n<td align=\"left\"><img class=\"wp-image-17915 aligncenter\" src=\"https:\/\/help.tdoc.es\/wp-content\/uploads\/2022\/03\/tipo-de-empresa-e1647341141474-300x86.png\" alt=\"\" width=\"160\" height=\"46\" srcset=\"https:\/\/help.tdoc.es\/wp-content\/uploads\/2022\/03\/tipo-de-empresa-e1647341141474-200x57.png 200w, https:\/\/help.tdoc.es\/wp-content\/uploads\/2022\/03\/tipo-de-empresa-e1647341141474-300x86.png 300w, https:\/\/help.tdoc.es\/wp-content\/uploads\/2022\/03\/tipo-de-empresa-e1647341141474.png 384w\" sizes=\"(max-width: 160px) 100vw, 160px\" \/><\/td>\n<td align=\"left\">Permite definir o tipo de empresa nesta tarefa<\/td>\n<\/tr>\n<tr>\n<td align=\"left\"><img class=\"wp-image-17913 aligncenter\" src=\"https:\/\/help.tdoc.es\/wp-content\/uploads\/2022\/03\/a-peticion-de-300x54.png\" alt=\"\" width=\"156\" height=\"28\" srcset=\"https:\/\/help.tdoc.es\/wp-content\/uploads\/2022\/03\/a-peticion-de-200x36.png 200w, https:\/\/help.tdoc.es\/wp-content\/uploads\/2022\/03\/a-peticion-de-300x54.png 300w, https:\/\/help.tdoc.es\/wp-content\/uploads\/2022\/03\/a-peticion-de-400x72.png 400w, https:\/\/help.tdoc.es\/wp-content\/uploads\/2022\/03\/a-peticion-de-460x86.png 460w, https:\/\/help.tdoc.es\/wp-content\/uploads\/2022\/03\/a-peticion-de.png 475w\" sizes=\"(max-width: 156px) 100vw, 156px\" \/><\/p>\n<p><img class=\"wp-image-17914 aligncenter\" src=\"https:\/\/help.tdoc.es\/wp-content\/uploads\/2022\/03\/anotaciones-1-300x120.png\" alt=\"\" width=\"158\" height=\"63\" srcset=\"https:\/\/help.tdoc.es\/wp-content\/uploads\/2022\/03\/anotaciones-1-200x80.png 200w, https:\/\/help.tdoc.es\/wp-content\/uploads\/2022\/03\/anotaciones-1-300x120.png 300w, https:\/\/help.tdoc.es\/wp-content\/uploads\/2022\/03\/anotaciones-1.png 366w\" sizes=\"(max-width: 158px) 100vw, 158px\" \/><\/td>\n<td align=\"left\">Permite incluir informa\u00e7\u00e3o de e-mail e anota\u00e7\u00f5es no caso de que o pedido seja a nome de outra pessoa<\/td>\n<\/tr>\n<\/tbody>\n<\/table>\n<\/div>\n<div class=\"fusion-text fusion-text-6\"><p>Clique <strong>\u2018Seguinte\u2019<\/strong> para continuar.<\/p>\n<p><strong>2.5. *Dados da tarea <\/strong><\/p>\n<p>Deve indicar os dados correspondentes aos trabalhos a realizar:<\/p>\n<p>1- Nome da tarefa (obligat\u00f3rio)<\/p>\n<p>2- Data in\u00edcio<\/p>\n<p>3- Data fim<\/p>\n<p>4- Compet\u00eancias que ser\u00e3o aplicadas ao trabalho\/tarefa. Deve selecionar na coluna <strong>\u2018Dispon\u00edveis\u2019<\/strong> e copiar \u00e0 coluna de <strong>\u2018Adicionados\u2019<\/strong>.<\/p>\n<p>5-Tarefas dispon\u00edveis. Permite definir a tarefa segundo as tarefas predefinidas dispon\u00edveis<img class=\"alignnone wp-image-13616 \" src=\"https:\/\/help.tdoc.es\/wp-content\/uploads\/2021\/02\/Captura.2PNG.png\" alt=\"\" width=\"637\" height=\"314\" srcset=\"https:\/\/help.tdoc.es\/wp-content\/uploads\/2021\/02\/Captura.2PNG-200x99.png 200w, https:\/\/help.tdoc.es\/wp-content\/uploads\/2021\/02\/Captura.2PNG-300x148.png 300w, https:\/\/help.tdoc.es\/wp-content\/uploads\/2021\/02\/Captura.2PNG-400x197.png 400w, https:\/\/help.tdoc.es\/wp-content\/uploads\/2021\/02\/Captura.2PNG-600x296.png 600w, https:\/\/help.tdoc.es\/wp-content\/uploads\/2021\/02\/Captura.2PNG.png 712w\" sizes=\"(max-width: 637px) 100vw, 637px\" \/><\/p>\n<p>Clique <strong>\u2018Seguinte\u2019<\/strong> para terminar.<\/p>\n<p><strong>2.6. Resumo<\/strong><\/p>\n<p>A continua\u00e7\u00e3o, aparece o resumo com a informa\u00e7\u00e3o completa indicada no pedido. Se a informa\u00e7\u00e3o for correta, selecione <strong>\u2018Guardar\u2019<\/strong> para terminar.<\/p>\n<p><img class=\"alignnone wp-image-13233 \" src=\"https:\/\/help.tdoc.es\/wp-content\/uploads\/2020\/12\/16-2.png\" alt=\"\" width=\"630\" height=\"191\" srcset=\"https:\/\/help.tdoc.es\/wp-content\/uploads\/2020\/12\/16-2-200x61.png 200w, https:\/\/help.tdoc.es\/wp-content\/uploads\/2020\/12\/16-2-300x91.png 300w, https:\/\/help.tdoc.es\/wp-content\/uploads\/2020\/12\/16-2-400x121.png 400w, https:\/\/help.tdoc.es\/wp-content\/uploads\/2020\/12\/16-2.png 567w\" sizes=\"(max-width: 630px) 100vw, 630px\" \/><\/p>\n<p>Se o pedido foi realizado corretamente, ser\u00e1 enviado automaticamente um e-mail com a informa\u00e7\u00e3o do pedido realizado.<\/p>\n<p>Quando o pedido for processado, receber\u00e1 um e-mail. Este e-mail ser\u00e1 enviado tamb\u00e9m a pessoa indicada para gerenciar a documenta\u00e7\u00e3o da empresa junto a informa\u00e7\u00e3o de acesso \u00e0 aplica\u00e7\u00e3o. At\u00e9 que n\u00e3o receber um segundo e-mail com a confirma\u00e7\u00e3o de que o pedido foi <strong><span style=\"color: #339966;\">Processado<\/span><\/strong>, este pedido n\u00e3o estar\u00e1 em produ\u00e7\u00e3o.<\/p>\n<\/div><div class=\"fusion-clearfix\"><\/div><\/div><\/div><\/div><\/div>\n","protected":false},"excerpt":{"rendered":"","protected":false},"author":5,"featured_media":0,"parent":18273,"menu_order":0,"comment_status":"closed","ping_status":"closed","template":"","meta":[],"_links":{"self":[{"href":"https:\/\/help.tdoc.es\/index.php\/wp-json\/wp\/v2\/pages\/18126"}],"collection":[{"href":"https:\/\/help.tdoc.es\/index.php\/wp-json\/wp\/v2\/pages"}],"about":[{"href":"https:\/\/help.tdoc.es\/index.php\/wp-json\/wp\/v2\/types\/page"}],"author":[{"embeddable":true,"href":"https:\/\/help.tdoc.es\/index.php\/wp-json\/wp\/v2\/users\/5"}],"replies":[{"embeddable":true,"href":"https:\/\/help.tdoc.es\/index.php\/wp-json\/wp\/v2\/comments?post=18126"}],"version-history":[{"count":1,"href":"https:\/\/help.tdoc.es\/index.php\/wp-json\/wp\/v2\/pages\/18126\/revisions"}],"predecessor-version":[{"id":18127,"href":"https:\/\/help.tdoc.es\/index.php\/wp-json\/wp\/v2\/pages\/18126\/revisions\/18127"}],"up":[{"embeddable":true,"href":"https:\/\/help.tdoc.es\/index.php\/wp-json\/wp\/v2\/pages\/18273"}],"wp:attachment":[{"href":"https:\/\/help.tdoc.es\/index.php\/wp-json\/wp\/v2\/media?parent=18126"}],"curies":[{"name":"wp","href":"https:\/\/api.w.org\/{rel}","templated":true}]}}