{"id":18096,"date":"2022-03-29T10:28:50","date_gmt":"2022-03-29T10:28:50","guid":{"rendered":"https:\/\/help.tdoc.es\/?page_id=18096"},"modified":"2024-06-14T12:11:36","modified_gmt":"2024-06-14T12:11:36","slug":"auditoria-de-tarefas","status":"publish","type":"page","link":"https:\/\/help.tdoc.es\/index.php\/pt\/manual-tdoc-centro-pt\/auditoria-de-tarefas\/","title":{"rendered":"Auditoria de tarefas"},"content":{"rendered":"<div class=\"fusion-fullwidth fullwidth-box fusion-builder-row-1 nonhundred-percent-fullwidth non-hundred-percent-height-scrolling\" style=\"background-color: rgba(255,255,255,0);background-position: center center;background-repeat: no-repeat;padding-top:20px;padding-right:0px;padding-bottom:20px;padding-left:0px;margin-bottom: 0px;margin-top: 0px;border-width: 0px 0px 0px 0px;border-color:#eae9e9;border-style:solid;\" ><div class=\"fusion-builder-row fusion-row\"><div class=\"fusion-layout-column fusion_builder_column fusion-builder-column-0 fusion_builder_column_1_1 1_1 fusion-one-full fusion-column-first fusion-column-last\" style=\"margin-top:0px;margin-bottom:20px;\"><div class=\"fusion-column-wrapper fusion-flex-column-wrapper-legacy\" style=\"background-position:left top;background-repeat:no-repeat;-webkit-background-size:cover;-moz-background-size:cover;-o-background-size:cover;background-size:cover;padding: 0px 0px 0px 0px;\"><style type=\"text\/css\"><\/style><div class=\"fusion-title title fusion-title-1 fusion-sep-none fusion-title-text fusion-title-size-one\" style=\"margin-top:0px;margin-right:0px;margin-bottom:31px;margin-left:0px;\"><h1 class=\"title-heading-left\" style=\"margin:0;\"><p><span style=\"color: #0375c9;\"><span style=\"color: #ff0000;\"><span style=\"color: #3366ff;\">(<\/span><strong>*<\/strong><span style=\"color: #3366ff;\">) <\/span><\/span>Auditoria de Tarefas\u00a0<\/span><span style=\"color: #0375c9;\"><br \/>\n<\/span><\/p><\/h1><\/div><div class=\"fusion-text fusion-text-1\"><p>Este relat\u00f3rio permite realizar o seguimento da gest\u00e3o dos documentos de um conjunto de tarefas resultado de aplicar filtros no total das tarefas acess\u00edveis pelo usu\u00e1rio.<\/p>\n<p><img class=\"alignnone wp-image-13768 size-full\" src=\"https:\/\/help.tdoc.es\/wp-content\/uploads\/2021\/02\/1-1.png\" alt=\"\" width=\"713\" height=\"311\" srcset=\"https:\/\/help.tdoc.es\/wp-content\/uploads\/2021\/02\/1-1-200x87.png 200w, https:\/\/help.tdoc.es\/wp-content\/uploads\/2021\/02\/1-1-300x131.png 300w, https:\/\/help.tdoc.es\/wp-content\/uploads\/2021\/02\/1-1-400x174.png 400w, https:\/\/help.tdoc.es\/wp-content\/uploads\/2021\/02\/1-1-600x262.png 600w, https:\/\/help.tdoc.es\/wp-content\/uploads\/2021\/02\/1-1.png 713w\" sizes=\"(max-width: 713px) 100vw, 713px\" \/><\/p>\n<p><strong>\u00a0<\/strong><\/p>\n<p>Para gerar o informe, deve seguir os seguintes passos:<\/p>\n<p>1) <strong>Sele\u00e7\u00e3o de filtros: <\/strong>o primeiro dado que deve ser indicado s\u00e3o os aspectos para filtrar as tarefas aplicadas para gerar o relat\u00f3rio, podem ser dados dos centros, estado das tarefas e\/ou das empresas.<\/p>\n<p>2) <strong>Filtros: <\/strong>depois da sele\u00e7\u00e3o dos filtros, deve indicar os valores dos mesmos.<\/p>\n<p>3) <strong>Agrupado por:<\/strong> por \u00faltimo, deve indicar como organizar a informa\u00e7\u00e3o no relat\u00f3rio. Os dados aparecer\u00e3o segundo a ordem indicada nos filtros. Para ordenar, utilize os bot\u00f5es de \u2018Primeiro\u2019, \u2018Em cima\u2019, \u2018Em baixo\u2019 e \u2018\u00daltimo\u2019. Tamb\u00e9m permite incluir ou n\u00e3o os detalhes da empresa, colaboradores e ve\u00edculos.<\/p>\n<\/div>\n<div class=\"table-1\">\n<table width=\"100%\">\n<tbody>\n<tr>\n<td style=\"text-align: center;\" align=\"left\">\u00a0 <img class=\"alignnone wp-image-18009\" src=\"https:\/\/help.tdoc.es\/wp-content\/uploads\/2022\/03\/Tarea-1_1.png\" alt=\"\" width=\"52\" height=\"44\" \/><\/td>\n<td align=\"left\">Permite extrair o relat\u00f3rio que mostra os valores e porcentagens segundo os dados selecionados.<\/td>\n<\/tr>\n<\/tbody>\n<\/table>\n<\/div>\n<div class=\"fusion-clearfix\"><\/div><\/div><\/div><\/div><\/div>\n","protected":false},"excerpt":{"rendered":"","protected":false},"author":5,"featured_media":0,"parent":18273,"menu_order":0,"comment_status":"closed","ping_status":"closed","template":"","meta":[],"_links":{"self":[{"href":"https:\/\/help.tdoc.es\/index.php\/wp-json\/wp\/v2\/pages\/18096"}],"collection":[{"href":"https:\/\/help.tdoc.es\/index.php\/wp-json\/wp\/v2\/pages"}],"about":[{"href":"https:\/\/help.tdoc.es\/index.php\/wp-json\/wp\/v2\/types\/page"}],"author":[{"embeddable":true,"href":"https:\/\/help.tdoc.es\/index.php\/wp-json\/wp\/v2\/users\/5"}],"replies":[{"embeddable":true,"href":"https:\/\/help.tdoc.es\/index.php\/wp-json\/wp\/v2\/comments?post=18096"}],"version-history":[{"count":1,"href":"https:\/\/help.tdoc.es\/index.php\/wp-json\/wp\/v2\/pages\/18096\/revisions"}],"predecessor-version":[{"id":18097,"href":"https:\/\/help.tdoc.es\/index.php\/wp-json\/wp\/v2\/pages\/18096\/revisions\/18097"}],"up":[{"embeddable":true,"href":"https:\/\/help.tdoc.es\/index.php\/wp-json\/wp\/v2\/pages\/18273"}],"wp:attachment":[{"href":"https:\/\/help.tdoc.es\/index.php\/wp-json\/wp\/v2\/media?parent=18096"}],"curies":[{"name":"wp","href":"https:\/\/api.w.org\/{rel}","templated":true}]}}