{"id":18092,"date":"2022-03-29T10:25:47","date_gmt":"2022-03-29T10:25:47","guid":{"rendered":"https:\/\/help.tdoc.es\/?page_id=18092"},"modified":"2024-06-14T12:18:24","modified_gmt":"2024-06-14T12:18:24","slug":"descargas-massivas-2","status":"publish","type":"page","link":"https:\/\/help.tdoc.es\/index.php\/pt\/manual-tdoc-centro-pt\/descargas-massivas-2\/","title":{"rendered":"Descargas massivas"},"content":{"rendered":"<div class=\"fusion-fullwidth fullwidth-box fusion-builder-row-1 nonhundred-percent-fullwidth non-hundred-percent-height-scrolling\" style=\"background-color: rgba(255,255,255,0);background-position: center center;background-repeat: no-repeat;padding-top:20px;padding-right:0px;padding-bottom:20px;padding-left:0px;margin-bottom: 0px;margin-top: 0px;border-width: 0px 0px 0px 0px;border-color:#eae9e9;border-style:solid;\" ><div class=\"fusion-builder-row fusion-row\"><div class=\"fusion-layout-column fusion_builder_column fusion-builder-column-0 fusion_builder_column_1_1 1_1 fusion-one-full fusion-column-first fusion-column-last\" style=\"margin-top:0px;margin-bottom:20px;\"><div class=\"fusion-column-wrapper fusion-flex-column-wrapper-legacy\" style=\"background-position:left top;background-repeat:no-repeat;-webkit-background-size:cover;-moz-background-size:cover;-o-background-size:cover;background-size:cover;padding: 0px 0px 0px 0px;\"><style type=\"text\/css\"><\/style><div class=\"fusion-title title fusion-title-1 fusion-sep-none fusion-title-text fusion-title-size-one\" style=\"margin-top:0px;margin-right:0px;margin-bottom:31px;margin-left:0px;\"><h1 class=\"title-heading-left\" style=\"margin:0;\"><p><span style=\"color: #0375c9;\">Descargas massivas<br \/>\n<\/span><\/p><\/h1><\/div><div class=\"fusion-text fusion-text-1\"><p>Permite o acesso tanto a descargas j\u00e1 preparadas como a lista de pedidos de descargas pendentes de processar.<\/p>\n<p><img class=\"alignnone wp-image-13423\" src=\"https:\/\/help.tdoc.es\/wp-content\/uploads\/2021\/01\/1-3-300x209.png\" alt=\"\" width=\"198\" height=\"138\" srcset=\"https:\/\/help.tdoc.es\/wp-content\/uploads\/2021\/01\/1-3-200x139.png 200w, https:\/\/help.tdoc.es\/wp-content\/uploads\/2021\/01\/1-3-300x209.png 300w, https:\/\/help.tdoc.es\/wp-content\/uploads\/2021\/01\/1-3.png 335w\" sizes=\"(max-width: 198px) 100vw, 198px\" \/><\/p>\n<p>Aba de <strong>Descargas<\/strong>:<\/p>\n<p><img class=\"alignnone wp-image-13427 \" src=\"https:\/\/help.tdoc.es\/wp-content\/uploads\/2021\/01\/Captura-7.png\" alt=\"\" width=\"591\" height=\"88\" srcset=\"https:\/\/help.tdoc.es\/wp-content\/uploads\/2021\/01\/Captura-7-200x30.png 200w, https:\/\/help.tdoc.es\/wp-content\/uploads\/2021\/01\/Captura-7-300x45.png 300w, https:\/\/help.tdoc.es\/wp-content\/uploads\/2021\/01\/Captura-7-400x59.png 400w, https:\/\/help.tdoc.es\/wp-content\/uploads\/2021\/01\/Captura-7-600x89.png 600w, https:\/\/help.tdoc.es\/wp-content\/uploads\/2021\/01\/Captura-7-768x114.png 768w, https:\/\/help.tdoc.es\/wp-content\/uploads\/2021\/01\/Captura-7-800x119.png 800w, https:\/\/help.tdoc.es\/wp-content\/uploads\/2021\/01\/Captura-7.png 854w\" sizes=\"(max-width: 591px) 100vw, 591px\" \/><\/p>\n<p>Aba de Pedidos <strong>Gest\u00e3o Documental<\/strong>:<\/p>\n<p><img class=\"alignnone wp-image-13995 \" src=\"https:\/\/help.tdoc.es\/wp-content\/uploads\/2021\/03\/Captura-1.png\" alt=\"\" width=\"601\" height=\"65\" srcset=\"https:\/\/help.tdoc.es\/wp-content\/uploads\/2021\/03\/Captura-1-200x22.png 200w, https:\/\/help.tdoc.es\/wp-content\/uploads\/2021\/03\/Captura-1-300x32.png 300w, https:\/\/help.tdoc.es\/wp-content\/uploads\/2021\/03\/Captura-1-400x43.png 400w, https:\/\/help.tdoc.es\/wp-content\/uploads\/2021\/03\/Captura-1-600x65.png 600w, https:\/\/help.tdoc.es\/wp-content\/uploads\/2021\/03\/Captura-1-768x83.png 768w, https:\/\/help.tdoc.es\/wp-content\/uploads\/2021\/03\/Captura-1-800x87.png 800w, https:\/\/help.tdoc.es\/wp-content\/uploads\/2021\/03\/Captura-1.png 998w\" sizes=\"(max-width: 601px) 100vw, 601px\" \/><\/p>\n<\/div>\n<div class=\"table-1\">\n<table width=\"100%\">\n<tbody>\n<tr>\n<td style=\"text-align: center;\" align=\"left\"><img class=\"wp-image-18003 aligncenter\" src=\"https:\/\/help.tdoc.es\/wp-content\/uploads\/2022\/03\/Tabla-5_5.png\" alt=\"\" width=\"50\" height=\"53\" \/><\/td>\n<td align=\"left\">Permite eliminar um pedido ou uma descarga.<\/td>\n<\/tr>\n<tr>\n<td align=\"left\"><img class=\" wp-image-17791 aligncenter\" style=\"text-align: center;\" src=\"https:\/\/help.tdoc.es\/wp-content\/uploads\/2022\/03\/descarga4-2.png\" alt=\"\" width=\"41\" height=\"55\" \/><\/td>\n<td align=\"left\">Permite descarregar a documenta\u00e7\u00e3o.<\/td>\n<\/tr>\n<tr>\n<td align=\"left\"><img class=\" wp-image-17790 aligncenter\" style=\"text-align: center;\" src=\"https:\/\/help.tdoc.es\/wp-content\/uploads\/2022\/03\/compartir-1.png\" alt=\"\" width=\"44\" height=\"40\" \/><\/td>\n<td align=\"left\"><span style=\"color: #ff0000;\">*<\/span>Permite compartir a descarga massiva. Requerer\u00e1 incluir o e-mail e uma mensagem opcional para os destinat\u00e1rios e enviar\u00e1 um link de uso \u00fanico para realizar a descarga da documenta\u00e7\u00e3o.<\/td>\n<\/tr>\n<tr>\n<td align=\"left\"><img class=\" wp-image-17794 aligncenter\" style=\"text-align: center;\" src=\"https:\/\/help.tdoc.es\/wp-content\/uploads\/2022\/03\/tareas-activas.png\" alt=\"\" width=\"45\" height=\"44\" \/><img class=\" wp-image-17792 aligncenter\" style=\"text-align: center;\" src=\"https:\/\/help.tdoc.es\/wp-content\/uploads\/2022\/03\/folios-1.png\" alt=\"\" width=\"45\" height=\"46\" \/><\/td>\n<td align=\"left\">Permite ver a informa\u00e7\u00e3o das descargas realizadas ou ver todas.<\/td>\n<\/tr>\n<\/tbody>\n<\/table>\n<\/div>\n<div class=\"fusion-text fusion-text-2\"><p>Para evitar saturar a aplica\u00e7\u00e3o, cada usu\u00e1rio tem as seguintes limita\u00e7\u00f5es para as <strong>Descargas massivas<\/strong>:<\/p>\n<ul>\n<li>As descargas geradas t\u00eam validade de 3 anos, passado este per\u00edodo ser\u00e3o eliminadas.<\/li>\n<li>O n\u00famero m\u00e1ximo de pedidos e descargas ser\u00e1 de 10 por usu\u00e1rio.<\/li>\n<li>O tamanho m\u00e1ximo da suma das descargas ser\u00e1 de 2GB.<\/li>\n<\/ul>\n<\/div><div class=\"fusion-clearfix\"><\/div><\/div><\/div><\/div><\/div>\n","protected":false},"excerpt":{"rendered":"","protected":false},"author":5,"featured_media":0,"parent":18273,"menu_order":0,"comment_status":"closed","ping_status":"closed","template":"","meta":[],"_links":{"self":[{"href":"https:\/\/help.tdoc.es\/index.php\/wp-json\/wp\/v2\/pages\/18092"}],"collection":[{"href":"https:\/\/help.tdoc.es\/index.php\/wp-json\/wp\/v2\/pages"}],"about":[{"href":"https:\/\/help.tdoc.es\/index.php\/wp-json\/wp\/v2\/types\/page"}],"author":[{"embeddable":true,"href":"https:\/\/help.tdoc.es\/index.php\/wp-json\/wp\/v2\/users\/5"}],"replies":[{"embeddable":true,"href":"https:\/\/help.tdoc.es\/index.php\/wp-json\/wp\/v2\/comments?post=18092"}],"version-history":[{"count":1,"href":"https:\/\/help.tdoc.es\/index.php\/wp-json\/wp\/v2\/pages\/18092\/revisions"}],"predecessor-version":[{"id":18093,"href":"https:\/\/help.tdoc.es\/index.php\/wp-json\/wp\/v2\/pages\/18092\/revisions\/18093"}],"up":[{"embeddable":true,"href":"https:\/\/help.tdoc.es\/index.php\/wp-json\/wp\/v2\/pages\/18273"}],"wp:attachment":[{"href":"https:\/\/help.tdoc.es\/index.php\/wp-json\/wp\/v2\/media?parent=18092"}],"curies":[{"name":"wp","href":"https:\/\/api.w.org\/{rel}","templated":true}]}}