{"id":18084,"date":"2022-03-28T09:53:41","date_gmt":"2022-03-28T09:53:41","guid":{"rendered":"https:\/\/help.tdoc.es\/?page_id=18084"},"modified":"2024-06-14T12:14:25","modified_gmt":"2024-06-14T12:14:25","slug":"relatorio-de-desvios","status":"publish","type":"page","link":"https:\/\/help.tdoc.es\/index.php\/pt\/manual-tdoc-centro-pt\/relatorio-de-desvios\/","title":{"rendered":"Relat\u00f3rio de desvios"},"content":{"rendered":"<div class=\"fusion-fullwidth fullwidth-box fusion-builder-row-1 nonhundred-percent-fullwidth non-hundred-percent-height-scrolling\" style=\"background-color: rgba(255,255,255,0);background-position: center center;background-repeat: no-repeat;padding-top:20px;padding-right:0px;padding-bottom:20px;padding-left:0px;margin-bottom: 0px;margin-top: 0px;border-width: 0px 0px 0px 0px;border-color:#eae9e9;border-style:solid;\" ><div class=\"fusion-builder-row fusion-row\"><div class=\"fusion-layout-column fusion_builder_column fusion-builder-column-0 fusion_builder_column_1_1 1_1 fusion-one-full fusion-column-first fusion-column-last\" style=\"margin-top:0px;margin-bottom:20px;\"><div class=\"fusion-column-wrapper fusion-flex-column-wrapper-legacy\" style=\"background-position:left top;background-repeat:no-repeat;-webkit-background-size:cover;-moz-background-size:cover;-o-background-size:cover;background-size:cover;padding: 0px 0px 0px 0px;\"><style type=\"text\/css\"><\/style><div class=\"fusion-title title fusion-title-1 fusion-sep-none fusion-title-text fusion-title-size-one\" style=\"margin-top:0px;margin-right:0px;margin-bottom:31px;margin-left:0px;\"><h1 class=\"title-heading-left\" style=\"margin:0;\"><p><span style=\"color: #0375c9;\"><span style=\"color: #ff0000;\"><span style=\"color: #3366ff;\">(<\/span><strong>*<\/strong><span style=\"color: #3366ff;\">) <\/span><\/span>Relat\u00f3rio de desvios<br \/>\n<\/span><\/p><\/h1><\/div><div class=\"fusion-text fusion-text-1\"><p>Este relat\u00f3rio permite um seguimento dos documentos incumpridos de um conjunto de tarefas resultado de aplicar filtros no total das tarefas acess\u00edveis pelo usu\u00e1rio.<\/p>\n<p><img class=\"alignnone wp-image-14019 size-full\" src=\"https:\/\/help.tdoc.es\/wp-content\/uploads\/2021\/03\/Imagen1-1.png\" alt=\"\" width=\"567\" height=\"257\" srcset=\"https:\/\/help.tdoc.es\/wp-content\/uploads\/2021\/03\/Imagen1-1-200x91.png 200w, https:\/\/help.tdoc.es\/wp-content\/uploads\/2021\/03\/Imagen1-1-300x136.png 300w, https:\/\/help.tdoc.es\/wp-content\/uploads\/2021\/03\/Imagen1-1-400x181.png 400w, https:\/\/help.tdoc.es\/wp-content\/uploads\/2021\/03\/Imagen1-1.png 567w\" sizes=\"(max-width: 567px) 100vw, 567px\" \/><\/p>\n<p>Para gerar o informe, deve seguir os seguintes passos:<\/p>\n<ol>\n<li><strong>Sele\u00e7\u00e3o de filtros<\/strong>: deve indicar os aspectos que ser\u00e3o aplicados para filtrar as tarefas inclu\u00eddas para gerar o relat\u00f3rio, podem ser dados dos centros (\u00e1reas funcionais, regi\u00e3o, sub-regi\u00e3o&#8230;), empresa e\/ou dados de tarefa.<\/li>\n<li><strong>Filtros de sele\u00e7\u00e3o<\/strong>: Depois de selecionar os filtros, deve indicar os valores.<\/li>\n<\/ol>\n<p>Quando os filtros estejam definidos, para preparar o relat\u00f3rio deve clicar no \u00edcone: <img class=\"alignnone wp-image-14020\" src=\"https:\/\/help.tdoc.es\/wp-content\/uploads\/2021\/03\/Imagen2-2.png\" alt=\"\" width=\"96\" height=\"21\" \/>.<\/p>\n<p>O relat\u00f3rio gera os resultados em tempo real, pelo que n\u00e3o \u00e9 gerado instantaneamente, quando estiver completamente preparado, ser\u00e1 enviado por e-mail.<\/p>\n<p>Um requisito considera-se incumprido quando falta, est\u00e1 vencido ou incorreto.<\/p>\n<p><img class=\"alignnone wp-image-14021 size-full\" src=\"https:\/\/help.tdoc.es\/wp-content\/uploads\/2021\/03\/Imagen3-1.png\" alt=\"\" width=\"572\" height=\"77\" srcset=\"https:\/\/help.tdoc.es\/wp-content\/uploads\/2021\/03\/Imagen3-1-200x27.png 200w, https:\/\/help.tdoc.es\/wp-content\/uploads\/2021\/03\/Imagen3-1-300x40.png 300w, https:\/\/help.tdoc.es\/wp-content\/uploads\/2021\/03\/Imagen3-1-400x54.png 400w, https:\/\/help.tdoc.es\/wp-content\/uploads\/2021\/03\/Imagen3-1.png 572w\" sizes=\"(max-width: 572px) 100vw, 572px\" \/><\/p>\n<p>Algumas informa\u00e7\u00f5es importantes do relat\u00f3rio s\u00e3o:<\/p>\n<ul>\n<li><strong>Correto<\/strong>: documento carregado, validado e correto.<\/li>\n<li><strong>Pendente: <\/strong>documento carregado e pendente de revis\u00e3o.<\/li>\n<li><strong>Vencido<\/strong>: documento carregado, validado e incorreto por vencimento.<\/li>\n<li><strong>Incorreto: <\/strong>documento carregado, mas inv\u00e1lido porque n\u00e3o cumpre com os crit\u00e9rios de valida\u00e7\u00e3o.<\/li>\n<li><strong>Falta: <\/strong>documento pendente de carregar.<\/li>\n<li><strong>N\u00e3o aplica: <\/strong>documentos n\u00e3o ativos; n\u00e3o s\u00e3o considerados nos c\u00e1lculos.<\/li>\n<\/ul>\n<p><strong>NOTA<\/strong>: Para n\u00e3o penalizar o rendimento da aplica\u00e7\u00e3o, os resultados ser\u00e3o calculados segundo as pontua\u00e7\u00f5es das tarefas, pelo que n\u00e3o reflete a situa\u00e7\u00e3o exata no momento de gera\u00e7\u00e3o, mas sim uma aproxima\u00e7\u00e3o. Para gerar um informe o mais exato poss\u00edvel, recomenda-se ger\u00e1-lo na segunda-feira a primeira hora.<\/p>\n<\/div><div class=\"fusion-clearfix\"><\/div><\/div><\/div><\/div><\/div>\n","protected":false},"excerpt":{"rendered":"","protected":false},"author":5,"featured_media":0,"parent":18273,"menu_order":0,"comment_status":"closed","ping_status":"closed","template":"","meta":[],"_links":{"self":[{"href":"https:\/\/help.tdoc.es\/index.php\/wp-json\/wp\/v2\/pages\/18084"}],"collection":[{"href":"https:\/\/help.tdoc.es\/index.php\/wp-json\/wp\/v2\/pages"}],"about":[{"href":"https:\/\/help.tdoc.es\/index.php\/wp-json\/wp\/v2\/types\/page"}],"author":[{"embeddable":true,"href":"https:\/\/help.tdoc.es\/index.php\/wp-json\/wp\/v2\/users\/5"}],"replies":[{"embeddable":true,"href":"https:\/\/help.tdoc.es\/index.php\/wp-json\/wp\/v2\/comments?post=18084"}],"version-history":[{"count":1,"href":"https:\/\/help.tdoc.es\/index.php\/wp-json\/wp\/v2\/pages\/18084\/revisions"}],"predecessor-version":[{"id":18085,"href":"https:\/\/help.tdoc.es\/index.php\/wp-json\/wp\/v2\/pages\/18084\/revisions\/18085"}],"up":[{"embeddable":true,"href":"https:\/\/help.tdoc.es\/index.php\/wp-json\/wp\/v2\/pages\/18273"}],"wp:attachment":[{"href":"https:\/\/help.tdoc.es\/index.php\/wp-json\/wp\/v2\/media?parent=18084"}],"curies":[{"name":"wp","href":"https:\/\/api.w.org\/{rel}","templated":true}]}}