{"id":18079,"date":"2022-03-28T09:48:29","date_gmt":"2022-03-28T09:48:29","guid":{"rendered":"https:\/\/help.tdoc.es\/?page_id=18079"},"modified":"2024-06-14T12:07:34","modified_gmt":"2024-06-14T12:07:34","slug":"pesquisar-snapshots","status":"publish","type":"page","link":"https:\/\/help.tdoc.es\/index.php\/pt\/manual-tdoc-centro-pt\/pesquisar-snapshots\/","title":{"rendered":"Pesquisar Snapshots"},"content":{"rendered":"<div class=\"fusion-fullwidth fullwidth-box fusion-builder-row-1 nonhundred-percent-fullwidth non-hundred-percent-height-scrolling\" style=\"background-color: rgba(255,255,255,0);background-position: center center;background-repeat: no-repeat;padding-top:20px;padding-right:0px;padding-bottom:20px;padding-left:0px;margin-bottom: 0px;margin-top: 0px;border-width: 0px 0px 0px 0px;border-color:#eae9e9;border-style:solid;\" ><div class=\"fusion-builder-row fusion-row\"><div class=\"fusion-layout-column fusion_builder_column fusion-builder-column-0 fusion_builder_column_1_1 1_1 fusion-one-full fusion-column-first fusion-column-last\" style=\"margin-top:0px;margin-bottom:20px;\"><div class=\"fusion-column-wrapper fusion-flex-column-wrapper-legacy\" style=\"background-position:left top;background-repeat:no-repeat;-webkit-background-size:cover;-moz-background-size:cover;-o-background-size:cover;background-size:cover;padding: 0px 0px 0px 0px;\"><style type=\"text\/css\"><\/style><div class=\"fusion-title title fusion-title-1 fusion-sep-none fusion-title-text fusion-title-size-one\" style=\"margin-top:0px;margin-right:0px;margin-bottom:31px;margin-left:0px;\"><h1 class=\"title-heading-left\" style=\"margin:0;\"><p><span style=\"color: #0375c9;\"><span style=\"color: #ff0000;\"><span style=\"color: #3366ff;\">(<\/span><strong>*<\/strong><span style=\"color: #3366ff;\">) <\/span><\/span>Pesquisar Snapshots<br \/>\n<\/span><\/p><\/h1><\/div><div class=\"fusion-text fusion-text-1\"><p>Um snapshot \u00e9 uma foto instant\u00e2nea do estado dos documentos da tarefa no momento da realiza\u00e7\u00e3o do snapshot. Os snapshots permitem comprovar o estado da documenta\u00e7\u00e3o e descarreg\u00e1-la no momento da realiza\u00e7\u00e3o do snapshot, isto habilita as auditorias de gest\u00e3o dos requisitos no tempo passado.<\/p>\n<p>Esta op\u00e7\u00e3o permite realizar uma pesquisa de snapshots em um intervalo concreto de tempo.<\/p>\n<p><img class=\"alignnone wp-image-13760 size-full\" src=\"https:\/\/help.tdoc.es\/wp-content\/uploads\/2021\/02\/Imagen1-1.png\" alt=\"\" width=\"567\" height=\"199\" srcset=\"https:\/\/help.tdoc.es\/wp-content\/uploads\/2021\/02\/Imagen1-1-200x70.png 200w, https:\/\/help.tdoc.es\/wp-content\/uploads\/2021\/02\/Imagen1-1-300x105.png 300w, https:\/\/help.tdoc.es\/wp-content\/uploads\/2021\/02\/Imagen1-1-400x140.png 400w, https:\/\/help.tdoc.es\/wp-content\/uploads\/2021\/02\/Imagen1-1.png 567w\" sizes=\"(max-width: 567px) 100vw, 567px\" \/><\/p>\n<\/div>\n<div class=\"table-1\">\n<table width=\"100%\">\n<tbody>\n<tr>\n<td style=\"text-align: center;\" align=\"left\"><img class=\"alignnone wp-image-18006\" src=\"https:\/\/help.tdoc.es\/wp-content\/uploads\/2022\/03\/Tabla-1_1-5.png\" alt=\"\" width=\"28\" height=\"34\" \/><\/td>\n<td align=\"left\">Permite descarregar a ficha de controle da tarefa selecionada.<\/td>\n<\/tr>\n<tr>\n<td align=\"left\"><img class=\" wp-image-18007 aligncenter\" style=\"text-align: center;\" src=\"https:\/\/help.tdoc.es\/wp-content\/uploads\/2022\/03\/Tabla-1_2-5.png\" alt=\"\" width=\"37\" height=\"33\" \/><\/td>\n<td align=\"left\">Permite descarregar a ficha de controle e a documenta\u00e7\u00e3o da tarefa selecionada.<\/td>\n<\/tr>\n<\/tbody>\n<\/table>\n<\/div>\n<div class=\"fusion-clearfix\"><\/div><\/div><\/div><\/div><\/div>\n","protected":false},"excerpt":{"rendered":"","protected":false},"author":5,"featured_media":0,"parent":18273,"menu_order":0,"comment_status":"closed","ping_status":"closed","template":"","meta":[],"_links":{"self":[{"href":"https:\/\/help.tdoc.es\/index.php\/wp-json\/wp\/v2\/pages\/18079"}],"collection":[{"href":"https:\/\/help.tdoc.es\/index.php\/wp-json\/wp\/v2\/pages"}],"about":[{"href":"https:\/\/help.tdoc.es\/index.php\/wp-json\/wp\/v2\/types\/page"}],"author":[{"embeddable":true,"href":"https:\/\/help.tdoc.es\/index.php\/wp-json\/wp\/v2\/users\/5"}],"replies":[{"embeddable":true,"href":"https:\/\/help.tdoc.es\/index.php\/wp-json\/wp\/v2\/comments?post=18079"}],"version-history":[{"count":2,"href":"https:\/\/help.tdoc.es\/index.php\/wp-json\/wp\/v2\/pages\/18079\/revisions"}],"predecessor-version":[{"id":18082,"href":"https:\/\/help.tdoc.es\/index.php\/wp-json\/wp\/v2\/pages\/18079\/revisions\/18082"}],"up":[{"embeddable":true,"href":"https:\/\/help.tdoc.es\/index.php\/wp-json\/wp\/v2\/pages\/18273"}],"wp:attachment":[{"href":"https:\/\/help.tdoc.es\/index.php\/wp-json\/wp\/v2\/media?parent=18079"}],"curies":[{"name":"wp","href":"https:\/\/api.w.org\/{rel}","templated":true}]}}