{"id":18071,"date":"2022-03-28T09:29:29","date_gmt":"2022-03-28T09:29:29","guid":{"rendered":"https:\/\/help.tdoc.es\/?page_id=18071"},"modified":"2024-06-13T14:28:15","modified_gmt":"2024-06-13T14:28:15","slug":"validacao-de-autorizacoes","status":"publish","type":"page","link":"https:\/\/help.tdoc.es\/index.php\/pt\/manual-tdoc-centro-pt\/validacao-de-autorizacoes\/","title":{"rendered":"Valida\u00e7\u00e3o de autoriza\u00e7\u00f5es"},"content":{"rendered":"<div class=\"fusion-fullwidth fullwidth-box fusion-builder-row-1 nonhundred-percent-fullwidth non-hundred-percent-height-scrolling\" style=\"background-color: rgba(255,255,255,0);background-position: center center;background-repeat: no-repeat;padding-top:20px;padding-right:0px;padding-bottom:20px;padding-left:0px;margin-bottom: 0px;margin-top: 0px;border-width: 0px 0px 0px 0px;border-color:#eae9e9;border-style:solid;\" ><div class=\"fusion-builder-row fusion-row\"><div class=\"fusion-layout-column fusion_builder_column fusion-builder-column-0 fusion_builder_column_1_1 1_1 fusion-one-full fusion-column-first fusion-column-last\" style=\"margin-top:0px;margin-bottom:20px;\"><div class=\"fusion-column-wrapper fusion-flex-column-wrapper-legacy\" style=\"background-position:left top;background-repeat:no-repeat;-webkit-background-size:cover;-moz-background-size:cover;-o-background-size:cover;background-size:cover;padding: 0px 0px 0px 0px;\"><style type=\"text\/css\"><\/style><div class=\"fusion-title title fusion-title-1 fusion-sep-none fusion-title-text fusion-title-size-one\" style=\"margin-top:0px;margin-right:0px;margin-bottom:31px;margin-left:0px;\"><h1 class=\"title-heading-left\" style=\"margin:0;\"><p><span style=\"color: #0375c9;\">Valida\u00e7\u00e3o de autoriza\u00e7\u00f5es<br \/>\n<\/span><\/p><\/h1><\/div><div class=\"fusion-text fusion-text-1\"><p>Desde este menu pode validar os documentos correspondentes ao cumprimento do Regulamento Geral de Prote\u00e7\u00e3o de dados (RGPD). Este arquivo ser\u00e1 exigido a todos os usu\u00e1rios que acessam a tdoc, se n\u00e3o subir este documento ou est\u00e1 pendente de validar, pode continuar utilizando a aplica\u00e7\u00e3o a aplica\u00e7\u00e3o com algumas restri\u00e7\u00f5es: n\u00e3o poder\u00e1 eliminar colaboradores, ver documentos subidos por outros usu\u00e1rios&#8230; Estas limita\u00e7\u00f5es est\u00e3o plasmadas neste manual com <span style=\"color: #ffcc00;\">***<\/span>.<\/p>\n<p><img class=\"alignnone wp-image-13364 size-full\" src=\"https:\/\/help.tdoc.es\/wp-content\/uploads\/2021\/01\/Imagen1.png\" alt=\"\" width=\"182\" height=\"109\" \/><\/p>\n<p>Quando acessar a este menu, aparecem as autoridades pendentes de validar e os dados correspondentes a cada uma.<\/p>\n<p><img class=\"alignnone wp-image-13388 \" src=\"https:\/\/help.tdoc.es\/wp-content\/uploads\/2021\/01\/Captura-4.png\" alt=\"\" width=\"703\" height=\"59\" srcset=\"https:\/\/help.tdoc.es\/wp-content\/uploads\/2021\/01\/Captura-4-200x17.png 200w, https:\/\/help.tdoc.es\/wp-content\/uploads\/2021\/01\/Captura-4-300x25.png 300w, https:\/\/help.tdoc.es\/wp-content\/uploads\/2021\/01\/Captura-4-400x33.png 400w, https:\/\/help.tdoc.es\/wp-content\/uploads\/2021\/01\/Captura-4-600x50.png 600w, https:\/\/help.tdoc.es\/wp-content\/uploads\/2021\/01\/Captura-4-768x64.png 768w, https:\/\/help.tdoc.es\/wp-content\/uploads\/2021\/01\/Captura-4-800x67.png 800w, https:\/\/help.tdoc.es\/wp-content\/uploads\/2021\/01\/Captura-4-1024x86.png 1024w, https:\/\/help.tdoc.es\/wp-content\/uploads\/2021\/01\/Captura-4-1200x100.png 1200w, https:\/\/help.tdoc.es\/wp-content\/uploads\/2021\/01\/Captura-4.png 1422w\" sizes=\"(max-width: 703px) 100vw, 703px\" \/><\/p>\n<\/div>\n<div class=\"table-1\">\n<table width=\"100%\">\n<tbody>\n<tr>\n<td align=\"left\"><img class=\"wp-image-17660 aligncenter\" src=\"https:\/\/help.tdoc.es\/wp-content\/uploads\/2022\/03\/Tabla-1_1-1.png\" alt=\"\" width=\"56\" height=\"40\" srcset=\"https:\/\/help.tdoc.es\/wp-content\/uploads\/2022\/03\/Tabla-1_1-1-177x130.png 177w, https:\/\/help.tdoc.es\/wp-content\/uploads\/2022\/03\/Tabla-1_1-1.png 182w\" sizes=\"(max-width: 56px) 100vw, 56px\" \/><\/td>\n<td align=\"left\">Ver a lista. Permite visualizar todas as autoriza\u00e7\u00f5es subidas de todos os usu\u00e1rios, pendentes de validar, corretas e incorretas.<\/td>\n<\/tr>\n<tr>\n<td align=\"left\"><img class=\"alignnone wp-image-17661 aligncenter\" src=\"https:\/\/help.tdoc.es\/wp-content\/uploads\/2022\/03\/Tabla-1_2-1.png\" alt=\"\" width=\"49\" height=\"40\" srcset=\"https:\/\/help.tdoc.es\/wp-content\/uploads\/2022\/03\/Tabla-1_2-1-177x142.png 177w, https:\/\/help.tdoc.es\/wp-content\/uploads\/2022\/03\/Tabla-1_2-1.png 184w\" sizes=\"(max-width: 49px) 100vw, 49px\" \/><\/td>\n<td align=\"left\">Descarregar. Permite descarregar o documento.<\/td>\n<\/tr>\n<tr>\n<td align=\"left\"><img class=\" wp-image-17662 aligncenter\" src=\"https:\/\/help.tdoc.es\/wp-content\/uploads\/2022\/03\/Tabla-1_3-1.png\" alt=\"\" width=\"52\" height=\"42\" \/><\/td>\n<td align=\"left\">Guardar. Permite guardar as modifica\u00e7\u00f5es para a valida\u00e7\u00e3o.<\/td>\n<\/tr>\n<tr>\n<td align=\"left\"><img class=\"wp-image-17663 aligncenter\" src=\"https:\/\/help.tdoc.es\/wp-content\/uploads\/2022\/03\/Tabla-1_4-1.png\" alt=\"\" width=\"51\" height=\"40\" \/><\/td>\n<td align=\"left\">Ver registros ativos. Aparecem ao selecionar a op\u00e7\u00e3o \u2018Ver a lista completa\u2019, permite voltar aos registros pendentes de validar.<\/td>\n<\/tr>\n<\/tbody>\n<\/table>\n<\/div>\n<div class=\"fusion-text fusion-text-2\"><p>Para validar as autoriza\u00e7\u00f5es, deve descarregar o documento desde o \u00edcone <strong>\u2018Descarregar\u2019 <\/strong>e verificar que o documento subido pelo usu\u00e1rio cont\u00e9m todos os dados requeridos cumprimentados e que coincidam exatamente com os que aparecem na tdoc (amarelo).<\/p>\n<p><img class=\"alignnone wp-image-13366 size-full\" src=\"https:\/\/help.tdoc.es\/wp-content\/uploads\/2021\/01\/Imagen4.png\" alt=\"\" width=\"280\" height=\"281\" srcset=\"https:\/\/help.tdoc.es\/wp-content\/uploads\/2021\/01\/Imagen4-66x66.png 66w, https:\/\/help.tdoc.es\/wp-content\/uploads\/2021\/01\/Imagen4-150x150.png 150w, https:\/\/help.tdoc.es\/wp-content\/uploads\/2021\/01\/Imagen4-200x201.png 200w, https:\/\/help.tdoc.es\/wp-content\/uploads\/2021\/01\/Imagen4.png 280w\" sizes=\"(max-width: 280px) 100vw, 280px\" \/><\/p>\n<p>Se o documento inclui todos os dados requeridos e estos s\u00e3o corretos, de acordo ao indicado na tdoc, selecionamos <strong>\u2018Correto\u2019<\/strong> e a continua\u00e7\u00e3o guardamos a valida\u00e7\u00e3o desde o \u00edcone <strong>\u2018Guardar\u2019<\/strong>. O registro aparecer\u00e1 em\u00a0<strong><span style=\"color: #339966;\">verde<\/span><\/strong>.<\/p>\n<p><img class=\"alignnone wp-image-13386 \" src=\"https:\/\/help.tdoc.es\/wp-content\/uploads\/2021\/01\/Captura-3.png\" alt=\"\" width=\"685\" height=\"58\" srcset=\"https:\/\/help.tdoc.es\/wp-content\/uploads\/2021\/01\/Captura-3-200x17.png 200w, https:\/\/help.tdoc.es\/wp-content\/uploads\/2021\/01\/Captura-3-300x25.png 300w, https:\/\/help.tdoc.es\/wp-content\/uploads\/2021\/01\/Captura-3-400x34.png 400w, https:\/\/help.tdoc.es\/wp-content\/uploads\/2021\/01\/Captura-3-600x51.png 600w, https:\/\/help.tdoc.es\/wp-content\/uploads\/2021\/01\/Captura-3-768x65.png 768w, https:\/\/help.tdoc.es\/wp-content\/uploads\/2021\/01\/Captura-3-800x68.png 800w, https:\/\/help.tdoc.es\/wp-content\/uploads\/2021\/01\/Captura-3-1024x87.png 1024w, https:\/\/help.tdoc.es\/wp-content\/uploads\/2021\/01\/Captura-3-1200x102.png 1200w, https:\/\/help.tdoc.es\/wp-content\/uploads\/2021\/01\/Captura-3.png 1418w\" sizes=\"(max-width: 685px) 100vw, 685px\" \/><\/p>\n<p>Se em caso contr\u00e1rio, o documento \u00e9 incorreto porque falta algum dado, os mesmos n\u00e3o coincidem com os que aparecem na tdoc, N\u00c3O marcar a op\u00e7\u00e3o <strong>\u2018Correto\u2019<\/strong> e no campo <strong>\u2018Anota\u00e7\u00f5es\u2019<\/strong> deve indicar um comentario com as indica\u00e7\u00f5es referentes a incorre\u00e7\u00e3o. Este coment\u00e1rio ser\u00e1 visualizado pelo usu\u00e1rio para que possa corregir e dubir novamente o documento.<\/p>\n<p>A continua\u00e7\u00e3o, guardamos a valida\u00e7\u00e3o desde o \u00edcone \u2018Guardar\u2019 e aparecer\u00e1 em <strong><span style=\"color: #ff0000;\">rojo<\/span><\/strong>.<\/p>\n<p><img class=\"alignnone wp-image-13391 \" src=\"https:\/\/help.tdoc.es\/wp-content\/uploads\/2021\/01\/Captura-5.png\" alt=\"\" width=\"691\" height=\"58\" srcset=\"https:\/\/help.tdoc.es\/wp-content\/uploads\/2021\/01\/Captura-5-200x17.png 200w, https:\/\/help.tdoc.es\/wp-content\/uploads\/2021\/01\/Captura-5-300x25.png 300w, https:\/\/help.tdoc.es\/wp-content\/uploads\/2021\/01\/Captura-5-400x33.png 400w, https:\/\/help.tdoc.es\/wp-content\/uploads\/2021\/01\/Captura-5-600x50.png 600w, https:\/\/help.tdoc.es\/wp-content\/uploads\/2021\/01\/Captura-5-768x64.png 768w, https:\/\/help.tdoc.es\/wp-content\/uploads\/2021\/01\/Captura-5-800x67.png 800w, https:\/\/help.tdoc.es\/wp-content\/uploads\/2021\/01\/Captura-5-1024x86.png 1024w, https:\/\/help.tdoc.es\/wp-content\/uploads\/2021\/01\/Captura-5-1200x100.png 1200w, https:\/\/help.tdoc.es\/wp-content\/uploads\/2021\/01\/Captura-5.png 1422w\" sizes=\"(max-width: 691px) 100vw, 691px\" \/><\/p>\n<\/div><style type=\"text\/css\"><\/style><div class=\"fusion-title title fusion-title-2 fusion-sep-none fusion-title-text fusion-title-size-two\" style=\"margin-top:0px;margin-right:0px;margin-bottom:31px;margin-left:0px;\"><h2 class=\"title-heading-left\" style=\"margin:0;\"><span style=\"color: #0375c9;\">1. Consultar \/ Corregir um registro<\/span><\/h2><\/div><div class=\"fusion-text fusion-text-3\"><p>Para consultar um registro ou corregir uma valida\u00e7\u00e3o, deve selecionar o \u00edcone <strong>\u2018Ver toda a lista\u2019<\/strong> e utilizando os filtros podem procurar o registro.<\/p>\n<p><img class=\"alignnone wp-image-13393 \" src=\"https:\/\/help.tdoc.es\/wp-content\/uploads\/2021\/01\/Captura-6.png\" alt=\"\" width=\"698\" height=\"48\" srcset=\"https:\/\/help.tdoc.es\/wp-content\/uploads\/2021\/01\/Captura-6-200x14.png 200w, https:\/\/help.tdoc.es\/wp-content\/uploads\/2021\/01\/Captura-6-300x21.png 300w, https:\/\/help.tdoc.es\/wp-content\/uploads\/2021\/01\/Captura-6-400x28.png 400w, https:\/\/help.tdoc.es\/wp-content\/uploads\/2021\/01\/Captura-6-600x41.png 600w, https:\/\/help.tdoc.es\/wp-content\/uploads\/2021\/01\/Captura-6-768x53.png 768w, https:\/\/help.tdoc.es\/wp-content\/uploads\/2021\/01\/Captura-6-800x55.png 800w, https:\/\/help.tdoc.es\/wp-content\/uploads\/2021\/01\/Captura-6-1024x70.png 1024w, https:\/\/help.tdoc.es\/wp-content\/uploads\/2021\/01\/Captura-6-1200x83.png 1200w, https:\/\/help.tdoc.es\/wp-content\/uploads\/2021\/01\/Captura-6.png 1425w\" sizes=\"(max-width: 698px) 100vw, 698px\" \/><\/p>\n<\/div><div class=\"fusion-clearfix\"><\/div><\/div><\/div><\/div><\/div>\n","protected":false},"excerpt":{"rendered":"","protected":false},"author":5,"featured_media":0,"parent":18273,"menu_order":0,"comment_status":"closed","ping_status":"closed","template":"","meta":[],"_links":{"self":[{"href":"https:\/\/help.tdoc.es\/index.php\/wp-json\/wp\/v2\/pages\/18071"}],"collection":[{"href":"https:\/\/help.tdoc.es\/index.php\/wp-json\/wp\/v2\/pages"}],"about":[{"href":"https:\/\/help.tdoc.es\/index.php\/wp-json\/wp\/v2\/types\/page"}],"author":[{"embeddable":true,"href":"https:\/\/help.tdoc.es\/index.php\/wp-json\/wp\/v2\/users\/5"}],"replies":[{"embeddable":true,"href":"https:\/\/help.tdoc.es\/index.php\/wp-json\/wp\/v2\/comments?post=18071"}],"version-history":[{"count":2,"href":"https:\/\/help.tdoc.es\/index.php\/wp-json\/wp\/v2\/pages\/18071\/revisions"}],"predecessor-version":[{"id":18073,"href":"https:\/\/help.tdoc.es\/index.php\/wp-json\/wp\/v2\/pages\/18071\/revisions\/18073"}],"up":[{"embeddable":true,"href":"https:\/\/help.tdoc.es\/index.php\/wp-json\/wp\/v2\/pages\/18273"}],"wp:attachment":[{"href":"https:\/\/help.tdoc.es\/index.php\/wp-json\/wp\/v2\/media?parent=18071"}],"curies":[{"name":"wp","href":"https:\/\/api.w.org\/{rel}","templated":true}]}}