{"id":16837,"date":"2022-01-31T15:34:48","date_gmt":"2022-01-31T15:34:48","guid":{"rendered":"https:\/\/help.tdoc.es\/?page_id=16837"},"modified":"2023-12-18T20:43:29","modified_gmt":"2023-12-18T20:43:29","slug":"avisos","status":"publish","type":"page","link":"https:\/\/help.tdoc.es\/index.php\/pt\/avisos\/","title":{"rendered":"Avisos"},"content":{"rendered":"<div class=\"fusion-fullwidth fullwidth-box fusion-builder-row-1 nonhundred-percent-fullwidth non-hundred-percent-height-scrolling\" style=\"background-color: rgba(255,255,255,0);background-position: center center;background-repeat: no-repeat;padding-top:20px;padding-right:0px;padding-bottom:20px;padding-left:0px;margin-bottom: 0px;margin-top: 0px;border-width: 0px 0px 0px 0px;border-color:#eae9e9;border-style:solid;\" ><div class=\"fusion-builder-row fusion-row\"><div class=\"fusion-layout-column fusion_builder_column fusion-builder-column-0 fusion_builder_column_1_1 1_1 fusion-one-full fusion-column-first fusion-column-last\" style=\"margin-top:0px;margin-bottom:20px;\"><div class=\"fusion-column-wrapper fusion-flex-column-wrapper-legacy\" style=\"background-position:left top;background-repeat:no-repeat;-webkit-background-size:cover;-moz-background-size:cover;-o-background-size:cover;background-size:cover;padding: 0px 0px 0px 0px;\"><style type=\"text\/css\"><\/style><div class=\"fusion-title title fusion-title-1 fusion-sep-none fusion-title-text fusion-title-size-one\" style=\"margin-top:0px;margin-right:0px;margin-bottom:31px;margin-left:0px;\"><h1 class=\"title-heading-left\" style=\"margin:0;\"><p><span style=\"color: #0375c9;\">AVISOS<br \/>\n<\/span><\/p><\/h1><\/div><div class=\"fusion-text fusion-text-1\"><p>Permite enviar de forma massiva a usu\u00e1rios de tdoc avisos. Todos os destinat\u00e1rios, receber\u00e1 um email com o assunto, conte\u00fado e anexos descritos.<\/p>\n<p><img class=\"alignnone wp-image-14683 size-full\" src=\"https:\/\/help.tdoc.es\/wp-content\/uploads\/2021\/05\/Imagen1-1.png\" alt=\"\" width=\"567\" height=\"246\" srcset=\"https:\/\/help.tdoc.es\/wp-content\/uploads\/2021\/05\/Imagen1-1-200x87.png 200w, https:\/\/help.tdoc.es\/wp-content\/uploads\/2021\/05\/Imagen1-1-300x130.png 300w, https:\/\/help.tdoc.es\/wp-content\/uploads\/2021\/05\/Imagen1-1-400x174.png 400w, https:\/\/help.tdoc.es\/wp-content\/uploads\/2021\/05\/Imagen1-1.png 567w\" sizes=\"(max-width: 567px) 100vw, 567px\" \/><\/p>\n<p>-Para (destinat\u00e1rios)<\/p>\n<ul>\n<li>Todos os usu\u00e1rios<\/li>\n<li>Administradores do sistema<\/li>\n<li>Administradores de \u00e1rea funcional (tecnolog\u00eda)<\/li>\n<li>Administradores de centro<\/li>\n<li>Administradores de terceirizadas<\/li>\n<li>Administradores de contrata en \u00e1rea funcional. Aparecem as \u00e1reas funcionais dispon\u00edveis, para que possa selecionar a que desejar.<\/li>\n<\/ul>\n<p><img class=\"alignnone wp-image-14684 size-full\" src=\"https:\/\/help.tdoc.es\/wp-content\/uploads\/2021\/05\/Imagen2-1.png\" alt=\"\" width=\"567\" height=\"111\" srcset=\"https:\/\/help.tdoc.es\/wp-content\/uploads\/2021\/05\/Imagen2-1-200x39.png 200w, https:\/\/help.tdoc.es\/wp-content\/uploads\/2021\/05\/Imagen2-1-300x59.png 300w, https:\/\/help.tdoc.es\/wp-content\/uploads\/2021\/05\/Imagen2-1-400x78.png 400w, https:\/\/help.tdoc.es\/wp-content\/uploads\/2021\/05\/Imagen2-1.png 567w\" sizes=\"(max-width: 567px) 100vw, 567px\" \/><\/p>\n<ul>\n<li>Administradores de terceirizadas em centro. Aparecem os centros de trabalho dispon\u00edveis para que possa selecionar os que sejam necess\u00e1rios.<\/li>\n<\/ul>\n<p><img class=\"alignnone wp-image-14689 size-full\" src=\"https:\/\/help.tdoc.es\/wp-content\/uploads\/2021\/05\/Imagen3-2.png\" alt=\"\" width=\"559\" height=\"109\" srcset=\"https:\/\/help.tdoc.es\/wp-content\/uploads\/2021\/05\/Imagen3-2-200x39.png 200w, https:\/\/help.tdoc.es\/wp-content\/uploads\/2021\/05\/Imagen3-2-300x58.png 300w, https:\/\/help.tdoc.es\/wp-content\/uploads\/2021\/05\/Imagen3-2-400x78.png 400w, https:\/\/help.tdoc.es\/wp-content\/uploads\/2021\/05\/Imagen3-2.png 559w\" sizes=\"(max-width: 559px) 100vw, 559px\" \/><\/p>\n<p>-Assunto<\/p>\n<ul>\n<li>Conte\u00fado<\/li>\n<li>Importar: anexar documentos<\/li>\n<li>Enviar por e-mail<\/li>\n<\/ul>\n<\/div><div class=\"fusion-clearfix\"><\/div><\/div><\/div><\/div><\/div>\n","protected":false},"excerpt":{"rendered":"","protected":false},"author":5,"featured_media":0,"parent":0,"menu_order":0,"comment_status":"closed","ping_status":"closed","template":"","meta":[],"_links":{"self":[{"href":"https:\/\/help.tdoc.es\/index.php\/wp-json\/wp\/v2\/pages\/16837"}],"collection":[{"href":"https:\/\/help.tdoc.es\/index.php\/wp-json\/wp\/v2\/pages"}],"about":[{"href":"https:\/\/help.tdoc.es\/index.php\/wp-json\/wp\/v2\/types\/page"}],"author":[{"embeddable":true,"href":"https:\/\/help.tdoc.es\/index.php\/wp-json\/wp\/v2\/users\/5"}],"replies":[{"embeddable":true,"href":"https:\/\/help.tdoc.es\/index.php\/wp-json\/wp\/v2\/comments?post=16837"}],"version-history":[{"count":1,"href":"https:\/\/help.tdoc.es\/index.php\/wp-json\/wp\/v2\/pages\/16837\/revisions"}],"predecessor-version":[{"id":16838,"href":"https:\/\/help.tdoc.es\/index.php\/wp-json\/wp\/v2\/pages\/16837\/revisions\/16838"}],"wp:attachment":[{"href":"https:\/\/help.tdoc.es\/index.php\/wp-json\/wp\/v2\/media?parent=16837"}],"curies":[{"name":"wp","href":"https:\/\/api.w.org\/{rel}","templated":true}]}}