{"id":16824,"date":"2022-01-31T15:12:12","date_gmt":"2022-01-31T15:12:12","guid":{"rendered":"https:\/\/help.tdoc.es\/?page_id=16824"},"modified":"2023-12-18T20:41:09","modified_gmt":"2023-12-18T20:41:09","slug":"repositorio-de-documentos","status":"publish","type":"page","link":"https:\/\/help.tdoc.es\/index.php\/pt\/repositorio-de-documentos\/","title":{"rendered":"Biblioteca de documenta\u00e7\u00e3o"},"content":{"rendered":"<div class=\"fusion-fullwidth fullwidth-box fusion-builder-row-1 nonhundred-percent-fullwidth non-hundred-percent-height-scrolling\" style=\"background-color: rgba(255,255,255,0);background-position: center center;background-repeat: no-repeat;padding-top:20px;padding-right:0px;padding-bottom:20px;padding-left:0px;margin-bottom: 0px;margin-top: 0px;border-width: 0px 0px 0px 0px;border-color:#eae9e9;border-style:solid;\" ><div class=\"fusion-builder-row fusion-row\"><div class=\"fusion-layout-column fusion_builder_column fusion-builder-column-0 fusion_builder_column_1_1 1_1 fusion-one-full fusion-column-first fusion-column-last\" style=\"margin-top:0px;margin-bottom:20px;\"><div class=\"fusion-column-wrapper fusion-flex-column-wrapper-legacy\" style=\"background-position:left top;background-repeat:no-repeat;-webkit-background-size:cover;-moz-background-size:cover;-o-background-size:cover;background-size:cover;padding: 0px 0px 0px 0px;\"><style type=\"text\/css\"><\/style><div class=\"fusion-title title fusion-title-1 fusion-sep-none fusion-title-text fusion-title-size-one\" style=\"margin-top:0px;margin-right:0px;margin-bottom:31px;margin-left:0px;\"><h1 class=\"title-heading-left\" style=\"margin:0;\"><p><span style=\"color: #0375c9;\">BIBLIOTECA DE DOCUMENTA\u00c7\u00c3O<br \/>\n<\/span><\/p><\/h1><\/div><div class=\"fusion-text fusion-text-1\"><p>Permite ver e descarregar documenta\u00e7\u00e3o relativa ao usu\u00e1rio. N\u00e3o depende dos centros aos que tem acesso e sim da informa\u00e7\u00e3o relativa ao usu\u00e1rio na tdoc.<\/p>\n<p><img class=\"alignnone wp-image-13985 size-full\" src=\"https:\/\/help.tdoc.es\/wp-content\/uploads\/2021\/03\/Imagen1.png\" alt=\"\" width=\"223\" height=\"141\" srcset=\"https:\/\/help.tdoc.es\/wp-content\/uploads\/2021\/03\/Imagen1-200x126.png 200w, https:\/\/help.tdoc.es\/wp-content\/uploads\/2021\/03\/Imagen1.png 223w\" sizes=\"(max-width: 223px) 100vw, 223px\" \/><\/p>\n<p><img class=\"alignnone wp-image-13986 size-full\" src=\"https:\/\/help.tdoc.es\/wp-content\/uploads\/2021\/03\/Imagen2.png\" alt=\"\" width=\"567\" height=\"70\" srcset=\"https:\/\/help.tdoc.es\/wp-content\/uploads\/2021\/03\/Imagen2-200x25.png 200w, https:\/\/help.tdoc.es\/wp-content\/uploads\/2021\/03\/Imagen2-300x37.png 300w, https:\/\/help.tdoc.es\/wp-content\/uploads\/2021\/03\/Imagen2-400x49.png 400w, https:\/\/help.tdoc.es\/wp-content\/uploads\/2021\/03\/Imagen2.png 567w\" sizes=\"(max-width: 567px) 100vw, 567px\" \/><\/p>\n<p>Se o documento est\u00e1 dispon\u00edvel em v\u00e1rios idiomas, pode descarregar desde a coluna correspondente.<\/p>\n<p>Em fun\u00e7\u00e3o da configura\u00e7\u00e3o, o documento pode aparecer em abas diferentes:<\/p>\n<p>*Documento global<\/p>\n<p>*Documento por \u00e1rea funcional<\/p>\n<p>*Documento por centro<\/p>\n<p>*Documento por tipo de empresa<\/p>\n<p>*Documento por propriet\u00e1rio-\u00e1rea funcional<\/p>\n<\/div><div class=\"fusion-clearfix\"><\/div><\/div><\/div><\/div><\/div>\n","protected":false},"excerpt":{"rendered":"","protected":false},"author":5,"featured_media":0,"parent":0,"menu_order":0,"comment_status":"closed","ping_status":"closed","template":"","meta":[],"_links":{"self":[{"href":"https:\/\/help.tdoc.es\/index.php\/wp-json\/wp\/v2\/pages\/16824"}],"collection":[{"href":"https:\/\/help.tdoc.es\/index.php\/wp-json\/wp\/v2\/pages"}],"about":[{"href":"https:\/\/help.tdoc.es\/index.php\/wp-json\/wp\/v2\/types\/page"}],"author":[{"embeddable":true,"href":"https:\/\/help.tdoc.es\/index.php\/wp-json\/wp\/v2\/users\/5"}],"replies":[{"embeddable":true,"href":"https:\/\/help.tdoc.es\/index.php\/wp-json\/wp\/v2\/comments?post=16824"}],"version-history":[{"count":2,"href":"https:\/\/help.tdoc.es\/index.php\/wp-json\/wp\/v2\/pages\/16824\/revisions"}],"predecessor-version":[{"id":19173,"href":"https:\/\/help.tdoc.es\/index.php\/wp-json\/wp\/v2\/pages\/16824\/revisions\/19173"}],"wp:attachment":[{"href":"https:\/\/help.tdoc.es\/index.php\/wp-json\/wp\/v2\/media?parent=16824"}],"curies":[{"name":"wp","href":"https:\/\/api.w.org\/{rel}","templated":true}]}}