{"id":16811,"date":"2022-01-31T14:52:30","date_gmt":"2022-01-31T14:52:30","guid":{"rendered":"https:\/\/help.tdoc.es\/?page_id=16811"},"modified":"2023-12-18T20:36:54","modified_gmt":"2023-12-18T20:36:54","slug":"configuracao-de-documentos","status":"publish","type":"page","link":"https:\/\/help.tdoc.es\/index.php\/pt\/configuracao-de-documentos\/","title":{"rendered":"Configura\u00e7\u00e3o de documentos"},"content":{"rendered":"<div class=\"fusion-fullwidth fullwidth-box fusion-builder-row-1 nonhundred-percent-fullwidth non-hundred-percent-height-scrolling\" style=\"background-color: rgba(255,255,255,0);background-position: center center;background-repeat: no-repeat;padding-top:20px;padding-right:0px;padding-bottom:20px;padding-left:0px;margin-bottom: 0px;margin-top: 0px;border-width: 0px 0px 0px 0px;border-color:#eae9e9;border-style:solid;\" ><div class=\"fusion-builder-row fusion-row\"><div class=\"fusion-layout-column fusion_builder_column fusion-builder-column-0 fusion_builder_column_1_1 1_1 fusion-one-full fusion-column-first fusion-column-last\" style=\"margin-top:0px;margin-bottom:20px;\"><div class=\"fusion-column-wrapper fusion-flex-column-wrapper-legacy\" style=\"background-position:left top;background-repeat:no-repeat;-webkit-background-size:cover;-moz-background-size:cover;-o-background-size:cover;background-size:cover;padding: 0px 0px 0px 0px;\"><style type=\"text\/css\"><\/style><div class=\"fusion-title title fusion-title-1 fusion-sep-none fusion-title-text fusion-title-size-one\" style=\"margin-top:0px;margin-right:0px;margin-bottom:31px;margin-left:0px;\"><h1 class=\"title-heading-left\" style=\"margin:0;\"><p><span style=\"color: #0375c9;\">CONFIGURA\u00c7\u00c3O DE DOCUMENTOS<br \/>\n<\/span><\/p><\/h1><\/div><div class=\"fusion-text fusion-text-1\"><p>Permite configurar os documentos que o cliente quer manter na plataforma tdoc.<\/p>\n<p><img class=\"alignnone wp-image-14648 size-full\" src=\"https:\/\/help.tdoc.es\/wp-content\/uploads\/2021\/05\/Imagen1.png\" alt=\"\" width=\"567\" height=\"95\" srcset=\"https:\/\/help.tdoc.es\/wp-content\/uploads\/2021\/05\/Imagen1-200x34.png 200w, https:\/\/help.tdoc.es\/wp-content\/uploads\/2021\/05\/Imagen1-300x50.png 300w, https:\/\/help.tdoc.es\/wp-content\/uploads\/2021\/05\/Imagen1-400x67.png 400w, https:\/\/help.tdoc.es\/wp-content\/uploads\/2021\/05\/Imagen1.png 567w\" sizes=\"(max-width: 567px) 100vw, 567px\" \/><\/p>\n<\/div><style type=\"text\/css\"><\/style><div class=\"fusion-title title fusion-title-2 fusion-sep-none fusion-title-text fusion-title-size-two\" style=\"margin-top:0px;margin-right:0px;margin-bottom:31px;margin-left:0px;\"><h2 class=\"title-heading-left\" style=\"margin:0;\"><span style=\"color: #0375c9;\">1. Reposit\u00f3rio<\/span><\/h2><\/div><div class=\"fusion-text fusion-text-2\"><p>Permite estabelecer uma organiza\u00e7\u00e3o em pastas para ter maior controle sobre os documentos.<\/p>\n<p><img class=\"alignnone wp-image-14649 \" src=\"https:\/\/help.tdoc.es\/wp-content\/uploads\/2021\/05\/Imagen2.png\" alt=\"\" width=\"223\" height=\"157\" srcset=\"https:\/\/help.tdoc.es\/wp-content\/uploads\/2021\/05\/Imagen2-200x141.png 200w, https:\/\/help.tdoc.es\/wp-content\/uploads\/2021\/05\/Imagen2.png 292w\" sizes=\"(max-width: 223px) 100vw, 223px\" \/><\/p>\n<p><img class=\"alignnone wp-image-14650 size-full\" src=\"https:\/\/help.tdoc.es\/wp-content\/uploads\/2021\/05\/Imagen3.png\" alt=\"\" width=\"567\" height=\"85\" srcset=\"https:\/\/help.tdoc.es\/wp-content\/uploads\/2021\/05\/Imagen3-200x30.png 200w, https:\/\/help.tdoc.es\/wp-content\/uploads\/2021\/05\/Imagen3-300x45.png 300w, https:\/\/help.tdoc.es\/wp-content\/uploads\/2021\/05\/Imagen3-400x60.png 400w, https:\/\/help.tdoc.es\/wp-content\/uploads\/2021\/05\/Imagen3.png 567w\" sizes=\"(max-width: 567px) 100vw, 567px\" \/><\/p>\n<p>Adicionar pastas com a possibilidade de notificar aos gestores de empreiteiro.<\/p>\n<\/div>\n<div class=\"table-1\">\n<table width=\"100%\">\n<tbody>\n<tr>\n<td align=\"left\"><img class=\"size-full wp-image-17783 aligncenter\" src=\"https:\/\/help.tdoc.es\/wp-content\/uploads\/2022\/03\/crear-carpetas.png\" alt=\"\" width=\"38\" height=\"38\" \/><\/td>\n<td align=\"left\">Permite criar pastas, com a possibilidade de notificar aos gestores das empresas.<\/p>\n<p><img class=\"alignnone wp-image-17776\" src=\"https:\/\/help.tdoc.es\/wp-content\/uploads\/2022\/03\/anadir-carpeta-300x115.png\" alt=\"\" width=\"441\" height=\"169\" srcset=\"https:\/\/help.tdoc.es\/wp-content\/uploads\/2022\/03\/anadir-carpeta-200x77.png 200w, https:\/\/help.tdoc.es\/wp-content\/uploads\/2022\/03\/anadir-carpeta-300x115.png 300w, https:\/\/help.tdoc.es\/wp-content\/uploads\/2022\/03\/anadir-carpeta-400x154.png 400w, https:\/\/help.tdoc.es\/wp-content\/uploads\/2022\/03\/anadir-carpeta.png 513w\" sizes=\"(max-width: 441px) 100vw, 441px\" \/><\/td>\n<\/tr>\n<tr>\n<td align=\"left\"><img class=\"size-medium wp-image-17782 aligncenter\" src=\"https:\/\/help.tdoc.es\/wp-content\/uploads\/2022\/03\/traducir-carpeta.png\" alt=\"\" width=\"38\" height=\"36\" \/><\/td>\n<td align=\"left\">Permite traduzir o nome da pasta ou o nome e descri\u00e7\u00e3o do documento, segundo o que tenha selecionado previamente. Aparecem os idiomas que est\u00e3o configurados em cada caso.<\/p>\n<p><img class=\"alignnone wp-image-17778\" src=\"https:\/\/help.tdoc.es\/wp-content\/uploads\/2022\/03\/diccionario-300x76.png\" alt=\"\" width=\"435\" height=\"110\" srcset=\"https:\/\/help.tdoc.es\/wp-content\/uploads\/2022\/03\/diccionario-200x51.png 200w, https:\/\/help.tdoc.es\/wp-content\/uploads\/2022\/03\/diccionario-300x76.png 300w, https:\/\/help.tdoc.es\/wp-content\/uploads\/2022\/03\/diccionario-400x101.png 400w, https:\/\/help.tdoc.es\/wp-content\/uploads\/2022\/03\/diccionario-600x152.png 600w, https:\/\/help.tdoc.es\/wp-content\/uploads\/2022\/03\/diccionario.png 761w\" sizes=\"(max-width: 435px) 100vw, 435px\" \/><\/td>\n<\/tr>\n<tr>\n<td align=\"left\"><img class=\"size-medium wp-image-17780 aligncenter\" src=\"https:\/\/help.tdoc.es\/wp-content\/uploads\/2022\/03\/editar-carpeta2.png\" alt=\"\" width=\"42\" height=\"46\" \/><\/td>\n<td align=\"left\">Permite editar o nome da pasta.<\/p>\n<p><img class=\"alignnone wp-image-17779\" src=\"https:\/\/help.tdoc.es\/wp-content\/uploads\/2022\/03\/editar-carpeta-300x113.png\" alt=\"\" width=\"438\" height=\"165\" srcset=\"https:\/\/help.tdoc.es\/wp-content\/uploads\/2022\/03\/editar-carpeta-200x75.png 200w, https:\/\/help.tdoc.es\/wp-content\/uploads\/2022\/03\/editar-carpeta-300x113.png 300w, https:\/\/help.tdoc.es\/wp-content\/uploads\/2022\/03\/editar-carpeta-400x151.png 400w, https:\/\/help.tdoc.es\/wp-content\/uploads\/2022\/03\/editar-carpeta.png 510w\" sizes=\"(max-width: 438px) 100vw, 438px\" \/><\/td>\n<\/tr>\n<tr>\n<td align=\"left\"><img class=\"size-medium wp-image-17777 aligncenter\" src=\"https:\/\/help.tdoc.es\/wp-content\/uploads\/2022\/03\/anadir-documento.png\" alt=\"\" width=\"38\" height=\"37\" \/><\/td>\n<td align=\"left\">Permite adicionar documentos.<\/td>\n<\/tr>\n<tr>\n<td align=\"left\"><img class=\"size-medium wp-image-17781 aligncenter\" src=\"https:\/\/help.tdoc.es\/wp-content\/uploads\/2022\/03\/responsabilidades-5.png\" alt=\"\" width=\"42\" height=\"41\" \/><\/td>\n<td align=\"left\">Permite ver todos os documentos.<\/td>\n<\/tr>\n<\/tbody>\n<\/table>\n<\/div>\n<style type=\"text\/css\"><\/style><div class=\"fusion-title title fusion-title-3 fusion-sep-none fusion-title-text fusion-title-size-two\" style=\"margin-top:0px;margin-right:0px;margin-bottom:31px;margin-left:0px;\"><h2 class=\"title-heading-left\" style=\"margin:0;\"><span style=\"color: #0375c9;\">2. Adicionar documento\u00a0<\/span><\/h2><\/div><style type=\"text\/css\"><\/style><div class=\"fusion-title title fusion-title-4 fusion-sep-none fusion-title-text fusion-title-size-two\" style=\"margin-top:0px;margin-right:0px;margin-bottom:31px;margin-left:0px;\"><h2 class=\"title-heading-left\" style=\"margin:0;\"><span style=\"color: #0375c9;\">2.1. Dados do documento\u00a0<\/span><\/h2><\/div><div class=\"fusion-text fusion-text-3\"><p>Permite incluir documentos para descarregar pelos usu\u00e1rios de tdoc.<\/p>\n<p><img class=\"alignnone wp-image-14700 size-full\" src=\"https:\/\/help.tdoc.es\/wp-content\/uploads\/2021\/05\/Imagen5.jpg\" alt=\"\" width=\"496\" height=\"197\" srcset=\"https:\/\/help.tdoc.es\/wp-content\/uploads\/2021\/05\/Imagen5-200x79.jpg 200w, https:\/\/help.tdoc.es\/wp-content\/uploads\/2021\/05\/Imagen5-300x119.jpg 300w, https:\/\/help.tdoc.es\/wp-content\/uploads\/2021\/05\/Imagen5-400x159.jpg 400w, https:\/\/help.tdoc.es\/wp-content\/uploads\/2021\/05\/Imagen5.jpg 496w\" sizes=\"(max-width: 496px) 100vw, 496px\" \/><\/p>\n<p>-Nome<\/p>\n<p>&#8211;\u00a0Descri\u00e7\u00e3o<\/p>\n<p>-Posi\u00e7\u00e3o<\/p>\n<p>-Obrigat\u00f3rio: se est\u00e1 estabelecido como obrigat\u00f3rio, os usu\u00e1rios que se vejam afetados, dever\u00e3o descarregar o arquivo para poder seguir operando com a tdoc.<\/p>\n<p>-Aplic\u00e1vel a (a quem corresponda)<\/p>\n<ul>\n<li>Gestor de empreiteiro<\/li>\n<li>Administradores de centro de trabalho<\/li>\n<li>Todos os administradores<\/li>\n<\/ul>\n<\/div><style type=\"text\/css\"><\/style><div class=\"fusion-title title fusion-title-5 fusion-sep-none fusion-title-text fusion-title-size-two\" style=\"margin-top:0px;margin-right:0px;margin-bottom:31px;margin-left:0px;\"><h2 class=\"title-heading-left\" style=\"margin:0;\"><span style=\"color: #0375c9;\">2.2. Carga do documento\u00a0<\/span><\/h2><\/div><div class=\"fusion-text fusion-text-4\"><p>Permite subir o documento, permitindo incluir em v\u00e1rios idiomas que depender\u00e3o da configura\u00e7\u00e3o da pr\u00f3pria tdoc.<\/p>\n<p><img class=\"alignnone wp-image-14653 size-full\" src=\"https:\/\/help.tdoc.es\/wp-content\/uploads\/2021\/05\/Imagen6.png\" alt=\"\" width=\"567\" height=\"221\" srcset=\"https:\/\/help.tdoc.es\/wp-content\/uploads\/2021\/05\/Imagen6-200x78.png 200w, https:\/\/help.tdoc.es\/wp-content\/uploads\/2021\/05\/Imagen6-300x117.png 300w, https:\/\/help.tdoc.es\/wp-content\/uploads\/2021\/05\/Imagen6-400x156.png 400w, https:\/\/help.tdoc.es\/wp-content\/uploads\/2021\/05\/Imagen6.png 567w\" sizes=\"(max-width: 567px) 100vw, 567px\" \/><\/p>\n<\/div><style type=\"text\/css\"><\/style><div class=\"fusion-title title fusion-title-6 fusion-sep-none fusion-title-text fusion-title-size-two\" style=\"margin-top:0px;margin-right:0px;margin-bottom:31px;margin-left:0px;\"><h2 class=\"title-heading-left\" style=\"margin:0;\"><span style=\"color: #0375c9;\">2.3. Configurar<\/span><\/h2><\/div><div class=\"fusion-text fusion-text-5\"><p>Permite v\u00e1rios tipos de configura\u00e7\u00e3o assim tamb\u00e9m como a combina\u00e7\u00e3o entre elas. Para que aplique qualquer das op\u00e7\u00f5es, deve marcar o check correspondente.<\/p>\n<p><strong>Documento global:<\/strong> para todos os usu\u00e1rios da aplica\u00e7\u00e3o.<\/p>\n<p><img class=\"alignnone wp-image-14659 size-full\" src=\"https:\/\/help.tdoc.es\/wp-content\/uploads\/2021\/05\/Imagen7.png\" alt=\"\" width=\"567\" height=\"44\" srcset=\"https:\/\/help.tdoc.es\/wp-content\/uploads\/2021\/05\/Imagen7-200x16.png 200w, https:\/\/help.tdoc.es\/wp-content\/uploads\/2021\/05\/Imagen7-300x23.png 300w, https:\/\/help.tdoc.es\/wp-content\/uploads\/2021\/05\/Imagen7-400x31.png 400w, https:\/\/help.tdoc.es\/wp-content\/uploads\/2021\/05\/Imagen7.png 567w\" sizes=\"(max-width: 567px) 100vw, 567px\" \/><\/p>\n<p><strong>Documento por tecnologia<\/strong>: apenas para as \u00e1reas funcionais selecionadas (inclusas na coluna \u2018<strong>Adicionados<\/strong>\u2019).<\/p>\n<p><img class=\"alignnone wp-image-14660 size-full\" src=\"https:\/\/help.tdoc.es\/wp-content\/uploads\/2021\/05\/Imagen8.png\" alt=\"\" width=\"567\" height=\"153\" srcset=\"https:\/\/help.tdoc.es\/wp-content\/uploads\/2021\/05\/Imagen8-200x54.png 200w, https:\/\/help.tdoc.es\/wp-content\/uploads\/2021\/05\/Imagen8-300x81.png 300w, https:\/\/help.tdoc.es\/wp-content\/uploads\/2021\/05\/Imagen8-400x108.png 400w, https:\/\/help.tdoc.es\/wp-content\/uploads\/2021\/05\/Imagen8.png 567w\" sizes=\"(max-width: 567px) 100vw, 567px\" \/><\/p>\n<p><strong>Documento por centro<\/strong>: apenas para os centros selecionados (inclusos na coluna \u2018<strong>Adicionados<\/strong>\u2019).<\/p>\n<p><img class=\"alignnone wp-image-14661 size-full\" src=\"https:\/\/help.tdoc.es\/wp-content\/uploads\/2021\/05\/Imagen9.png\" alt=\"\" width=\"567\" height=\"151\" srcset=\"https:\/\/help.tdoc.es\/wp-content\/uploads\/2021\/05\/Imagen9-200x53.png 200w, https:\/\/help.tdoc.es\/wp-content\/uploads\/2021\/05\/Imagen9-300x80.png 300w, https:\/\/help.tdoc.es\/wp-content\/uploads\/2021\/05\/Imagen9-400x107.png 400w, https:\/\/help.tdoc.es\/wp-content\/uploads\/2021\/05\/Imagen9.png 567w\" sizes=\"(max-width: 567px) 100vw, 567px\" \/><\/p>\n<p><strong>Documento por tipo de empresa<\/strong>: apenas para os tipos de empresa selecionados (inclusos na coluna \u2018<strong>Adicionados<\/strong>\u2019).<\/p>\n<p><img class=\"alignnone wp-image-14662 size-full\" src=\"https:\/\/help.tdoc.es\/wp-content\/uploads\/2021\/05\/Imagen10.png\" alt=\"\" width=\"567\" height=\"204\" srcset=\"https:\/\/help.tdoc.es\/wp-content\/uploads\/2021\/05\/Imagen10-200x72.png 200w, https:\/\/help.tdoc.es\/wp-content\/uploads\/2021\/05\/Imagen10-300x108.png 300w, https:\/\/help.tdoc.es\/wp-content\/uploads\/2021\/05\/Imagen10-400x144.png 400w, https:\/\/help.tdoc.es\/wp-content\/uploads\/2021\/05\/Imagen10.png 567w\" sizes=\"(max-width: 567px) 100vw, 567px\" \/><\/p>\n<p><strong>Documento por propriet\u00e1rio-tecnologia:<\/strong> apenas para os propriet\u00e1rios por \u00e1reas funcionais selecionadas (na coluna de \u2018<strong>Adicionados<\/strong>\u2019).<\/p>\n<p><img class=\"alignnone wp-image-14663 size-full\" src=\"https:\/\/help.tdoc.es\/wp-content\/uploads\/2021\/05\/Imagen11.png\" alt=\"\" width=\"567\" height=\"191\" srcset=\"https:\/\/help.tdoc.es\/wp-content\/uploads\/2021\/05\/Imagen11-200x67.png 200w, https:\/\/help.tdoc.es\/wp-content\/uploads\/2021\/05\/Imagen11-300x101.png 300w, https:\/\/help.tdoc.es\/wp-content\/uploads\/2021\/05\/Imagen11-400x135.png 400w, https:\/\/help.tdoc.es\/wp-content\/uploads\/2021\/05\/Imagen11.png 567w\" sizes=\"(max-width: 567px) 100vw, 567px\" \/><\/p>\n<p><strong>Documento como planilha para tipo de entrega<\/strong>: apenas para as entregas que disponham de planilha.<\/p>\n<p><img class=\"alignnone wp-image-14664 size-full\" src=\"https:\/\/help.tdoc.es\/wp-content\/uploads\/2021\/05\/Imagen12.png\" alt=\"\" width=\"567\" height=\"213\" srcset=\"https:\/\/help.tdoc.es\/wp-content\/uploads\/2021\/05\/Imagen12-200x75.png 200w, https:\/\/help.tdoc.es\/wp-content\/uploads\/2021\/05\/Imagen12-300x113.png 300w, https:\/\/help.tdoc.es\/wp-content\/uploads\/2021\/05\/Imagen12-400x150.png 400w, https:\/\/help.tdoc.es\/wp-content\/uploads\/2021\/05\/Imagen12.png 567w\" sizes=\"(max-width: 567px) 100vw, 567px\" \/><\/p>\n<p>Clique \u2018<strong>Seguinte<\/strong>\u2019 para continuar.<\/p>\n<\/div><style type=\"text\/css\"><\/style><div class=\"fusion-title title fusion-title-7 fusion-sep-none fusion-title-text fusion-title-size-two\" style=\"margin-top:0px;margin-right:0px;margin-bottom:31px;margin-left:0px;\"><h2 class=\"title-heading-left\" style=\"margin:0;\"><span style=\"color: #0375c9;\">2.4. Resumo<\/span><\/h2><\/div><div class=\"fusion-text fusion-text-6\"><p>Mostra um resumo do que selecionou anteriormente:<\/p>\n<p><img class=\"alignnone wp-image-14665 size-full\" src=\"https:\/\/help.tdoc.es\/wp-content\/uploads\/2021\/05\/Imagen13.png\" alt=\"\" width=\"567\" height=\"133\" srcset=\"https:\/\/help.tdoc.es\/wp-content\/uploads\/2021\/05\/Imagen13-200x47.png 200w, https:\/\/help.tdoc.es\/wp-content\/uploads\/2021\/05\/Imagen13-300x70.png 300w, https:\/\/help.tdoc.es\/wp-content\/uploads\/2021\/05\/Imagen13-400x94.png 400w, https:\/\/help.tdoc.es\/wp-content\/uploads\/2021\/05\/Imagen13.png 567w\" sizes=\"(max-width: 567px) 100vw, 567px\" \/><\/p>\n<p>Clicar \u2018<strong>Guardar<\/strong>\u2019 para continuar.<\/p>\n<\/div><style type=\"text\/css\"><\/style><div class=\"fusion-title title fusion-title-8 fusion-sep-none fusion-title-text fusion-title-size-two\" style=\"margin-top:0px;margin-right:0px;margin-bottom:31px;margin-left:0px;\"><h2 class=\"title-heading-left\" style=\"margin:0;\"><span style=\"color: #0375c9;\">3. Modificar documento<\/span><\/h2><\/div><div class=\"fusion-text fusion-text-7\"><p>Permite modificar a configura\u00e7\u00e3o dos documentos a descarregar pelos usu\u00e1rios da tdoc.<\/p>\n<p><img class=\"alignnone wp-image-14666 size-full\" src=\"https:\/\/help.tdoc.es\/wp-content\/uploads\/2021\/05\/Imagen14.png\" alt=\"\" width=\"567\" height=\"152\" srcset=\"https:\/\/help.tdoc.es\/wp-content\/uploads\/2021\/05\/Imagen14-200x54.png 200w, https:\/\/help.tdoc.es\/wp-content\/uploads\/2021\/05\/Imagen14-300x80.png 300w, https:\/\/help.tdoc.es\/wp-content\/uploads\/2021\/05\/Imagen14-400x107.png 400w, https:\/\/help.tdoc.es\/wp-content\/uploads\/2021\/05\/Imagen14.png 567w\" sizes=\"(max-width: 567px) 100vw, 567px\" \/><\/p>\n<\/div>\n<div class=\"table-1\">\n<table width=\"100%\">\n<tbody>\n<tr>\n<td align=\"left\"><img class=\"size-full wp-image-17786 aligncenter\" src=\"https:\/\/help.tdoc.es\/wp-content\/uploads\/2022\/03\/editar-carpeta2-1.png\" alt=\"\" width=\"42\" height=\"46\" \/><\/td>\n<td align=\"left\">Permite editar a configura\u00e7\u00e3o do documento.<\/td>\n<\/tr>\n<tr>\n<td align=\"left\"><img class=\"size-medium wp-image-17787 aligncenter\" src=\"https:\/\/help.tdoc.es\/wp-content\/uploads\/2022\/03\/traducir-carpeta-1.png\" alt=\"\" width=\"38\" height=\"36\" \/><\/td>\n<td align=\"left\">Permite traduzir o nome e a descri\u00e7\u00e3o do documento, segundo o que selecionou anteriormente. Aparecem os idiomas que est\u00e3o configurados em cada caso.<\/p>\n<p><img class=\"alignnone wp-image-17778\" src=\"https:\/\/help.tdoc.es\/wp-content\/uploads\/2022\/03\/diccionario-300x76.png\" alt=\"\" width=\"351\" height=\"89\" srcset=\"https:\/\/help.tdoc.es\/wp-content\/uploads\/2022\/03\/diccionario-200x51.png 200w, https:\/\/help.tdoc.es\/wp-content\/uploads\/2022\/03\/diccionario-300x76.png 300w, https:\/\/help.tdoc.es\/wp-content\/uploads\/2022\/03\/diccionario-400x101.png 400w, https:\/\/help.tdoc.es\/wp-content\/uploads\/2022\/03\/diccionario-600x152.png 600w, https:\/\/help.tdoc.es\/wp-content\/uploads\/2022\/03\/diccionario.png 761w\" sizes=\"(max-width: 351px) 100vw, 351px\" \/><\/td>\n<\/tr>\n<\/tbody>\n<\/table>\n<\/div>\n<div class=\"fusion-text fusion-text-8\"><p>Podem aparecer v\u00e1rias abas:<\/p>\n<p>-Vers\u00f5es:<\/p>\n<\/div>\n<div class=\"table-1\">\n<table width=\"100%\">\n<tbody>\n<tr>\n<td align=\"left\"><img class=\"size-full wp-image-17783 aligncenter\" src=\"https:\/\/help.tdoc.es\/wp-content\/uploads\/2022\/03\/crear-carpetas.png\" alt=\"\" width=\"38\" height=\"38\" \/><\/td>\n<td align=\"left\">Permite criar uma nova vers\u00e3o do documento, em v\u00e1rios idiomas se for necess\u00e1rio:<\/p>\n<p><img class=\"alignnone wp-image-17788\" src=\"https:\/\/help.tdoc.es\/wp-content\/uploads\/2022\/03\/modificar-version-300x170.png\" alt=\"\" width=\"354\" height=\"200\" srcset=\"https:\/\/help.tdoc.es\/wp-content\/uploads\/2022\/03\/modificar-version-200x113.png 200w, https:\/\/help.tdoc.es\/wp-content\/uploads\/2022\/03\/modificar-version-300x170.png 300w, https:\/\/help.tdoc.es\/wp-content\/uploads\/2022\/03\/modificar-version-400x226.png 400w, https:\/\/help.tdoc.es\/wp-content\/uploads\/2022\/03\/modificar-version-600x340.png 600w, https:\/\/help.tdoc.es\/wp-content\/uploads\/2022\/03\/modificar-version-768x435.png 768w, https:\/\/help.tdoc.es\/wp-content\/uploads\/2022\/03\/modificar-version.png 781w\" sizes=\"(max-width: 354px) 100vw, 354px\" \/><\/td>\n<\/tr>\n<\/tbody>\n<\/table>\n<\/div>\n<div class=\"fusion-text fusion-text-9\"><p>-Configura\u00e7\u00f5es inclusas no documento, diferenciada por abas diferentes, permitindo ver a configura\u00e7\u00e3o.<\/p>\n<ul>\n<li>Documento global<\/li>\n<li>Documento por \u00e1rea funcional<\/li>\n<li>Documento por centro<\/li>\n<li>Documento por tipo de empresa<\/li>\n<li>Documento por propietario-\u00e1rea funcional<\/li>\n<li>Documento como planilha para tipo de empresa<\/li>\n<\/ul>\n<\/div><div class=\"fusion-clearfix\"><\/div><\/div><\/div><\/div><\/div>\n","protected":false},"excerpt":{"rendered":"","protected":false},"author":5,"featured_media":0,"parent":0,"menu_order":0,"comment_status":"closed","ping_status":"closed","template":"","meta":[],"_links":{"self":[{"href":"https:\/\/help.tdoc.es\/index.php\/wp-json\/wp\/v2\/pages\/16811"}],"collection":[{"href":"https:\/\/help.tdoc.es\/index.php\/wp-json\/wp\/v2\/pages"}],"about":[{"href":"https:\/\/help.tdoc.es\/index.php\/wp-json\/wp\/v2\/types\/page"}],"author":[{"embeddable":true,"href":"https:\/\/help.tdoc.es\/index.php\/wp-json\/wp\/v2\/users\/5"}],"replies":[{"embeddable":true,"href":"https:\/\/help.tdoc.es\/index.php\/wp-json\/wp\/v2\/comments?post=16811"}],"version-history":[{"count":2,"href":"https:\/\/help.tdoc.es\/index.php\/wp-json\/wp\/v2\/pages\/16811\/revisions"}],"predecessor-version":[{"id":18484,"href":"https:\/\/help.tdoc.es\/index.php\/wp-json\/wp\/v2\/pages\/16811\/revisions\/18484"}],"wp:attachment":[{"href":"https:\/\/help.tdoc.es\/index.php\/wp-json\/wp\/v2\/media?parent=16811"}],"curies":[{"name":"wp","href":"https:\/\/api.w.org\/{rel}","templated":true}]}}