{"id":16774,"date":"2022-01-25T12:05:26","date_gmt":"2022-01-25T12:05:26","guid":{"rendered":"https:\/\/help.tdoc.es\/?page_id=16774"},"modified":"2022-05-03T13:01:41","modified_gmt":"2022-05-03T13:01:41","slug":"app-movil-contractor-in-out","status":"publish","type":"page","link":"https:\/\/help.tdoc.es\/index.php\/tdoc-contractorinout\/app-movil-contractor-in-out\/","title":{"rendered":"App m\u00f3vil Contractor In Out"},"content":{"rendered":"<div class=\"fusion-fullwidth fullwidth-box fusion-builder-row-1 nonhundred-percent-fullwidth non-hundred-percent-height-scrolling\" style=\"background-color: rgba(255,255,255,0);background-position: center center;background-repeat: no-repeat;padding-top:20px;padding-right:0px;padding-bottom:20px;padding-left:0px;margin-bottom: 0px;margin-top: 0px;border-width: 0px 0px 0px 0px;border-color:#eae9e9;border-style:solid;\" ><div class=\"fusion-builder-row fusion-row\"><div class=\"fusion-layout-column fusion_builder_column fusion-builder-column-0 fusion_builder_column_1_1 1_1 fusion-one-full fusion-column-first fusion-column-last\" style=\"margin-top:0px;margin-bottom:20px;\"><div class=\"fusion-column-wrapper fusion-flex-column-wrapper-legacy\" style=\"background-position:left top;background-repeat:no-repeat;-webkit-background-size:cover;-moz-background-size:cover;-o-background-size:cover;background-size:cover;padding: 0px 0px 0px 0px;\"><style type=\"text\/css\"><\/style><div class=\"fusion-title title fusion-title-1 fusion-sep-none fusion-title-text fusion-title-size-one\" style=\"margin-top:0px;margin-right:0px;margin-bottom:31px;margin-left:0px;\"><h1 class=\"title-heading-left\" style=\"margin:0;\"><p><span style=\"color: #0375c9;\">Contractor in out m\u00f3vil<br \/>\n<\/span><\/p><\/h1><\/div><div class=\"fusion-text fusion-text-1\"><p>La aplicaci\u00f3n m\u00f3vil permite agregar a centros de trabajo y hacer un seguimiento de estas.<\/p>\n<\/div><style type=\"text\/css\"><\/style><div class=\"fusion-title title fusion-title-2 fusion-sep-none fusion-title-text fusion-title-size-two\" style=\"margin-top:0px;margin-right:0px;margin-bottom:31px;margin-left:0px;\"><h2 class=\"title-heading-left\" style=\"margin:0;\"><span style=\"color: #0375c9;\">Login<\/span><\/h2><\/div><span class=\" fusion-imageframe imageframe-none imageframe-1 hover-type-none\"><img width=\"169\" height=\"300\" title=\"Screenshot_20220125-145704_Contractor In Out\" src=\"https:\/\/help.tdoc.es\/wp-content\/uploads\/2022\/01\/Screenshot_20220125-145704_Contractor-In-Out-169x300.jpg\" class=\"img-responsive wp-image-16796\" srcset=\"https:\/\/help.tdoc.es\/wp-content\/uploads\/2022\/01\/Screenshot_20220125-145704_Contractor-In-Out-200x356.jpg 200w, https:\/\/help.tdoc.es\/wp-content\/uploads\/2022\/01\/Screenshot_20220125-145704_Contractor-In-Out-400x711.jpg 400w, https:\/\/help.tdoc.es\/wp-content\/uploads\/2022\/01\/Screenshot_20220125-145704_Contractor-In-Out-600x1067.jpg 600w, https:\/\/help.tdoc.es\/wp-content\/uploads\/2022\/01\/Screenshot_20220125-145704_Contractor-In-Out.jpg 720w\" sizes=\"(max-width: 800px) 100vw, 169px\" \/><\/span><div class=\"fusion-text fusion-text-2\"><p>Nada m\u00e1s entrar a la aplicaci\u00f3n, podemos encontrarnos con un login, deberemos introducir el usuario y contrase\u00f1a que nos han proporcionado.<\/p>\n<\/div><style type=\"text\/css\"><\/style><div class=\"fusion-title title fusion-title-3 fusion-sep-none fusion-title-text fusion-title-size-two\" style=\"margin-top:0px;margin-right:0px;margin-bottom:31px;margin-left:0px;\"><h2 class=\"title-heading-left\" style=\"margin:0;\"><span style=\"color: #0375c9;\">P\u00e1gina principal<\/span><\/h2><\/div><span class=\" fusion-imageframe imageframe-none imageframe-2 hover-type-none\"><img width=\"169\" height=\"300\" title=\"Screenshot_20220125-145751_Contractor In Out\" src=\"https:\/\/help.tdoc.es\/wp-content\/uploads\/2022\/01\/Screenshot_20220125-145751_Contractor-In-Out-169x300.jpg\" class=\"img-responsive wp-image-16797\" srcset=\"https:\/\/help.tdoc.es\/wp-content\/uploads\/2022\/01\/Screenshot_20220125-145751_Contractor-In-Out-200x356.jpg 200w, https:\/\/help.tdoc.es\/wp-content\/uploads\/2022\/01\/Screenshot_20220125-145751_Contractor-In-Out-400x711.jpg 400w, https:\/\/help.tdoc.es\/wp-content\/uploads\/2022\/01\/Screenshot_20220125-145751_Contractor-In-Out-600x1067.jpg 600w, https:\/\/help.tdoc.es\/wp-content\/uploads\/2022\/01\/Screenshot_20220125-145751_Contractor-In-Out.jpg 720w\" sizes=\"(max-width: 800px) 100vw, 169px\" \/><\/span><div class=\"fusion-text fusion-text-3\"><p>Al acceder a la aplicaci\u00f3n, nos podremos encontrar los datos de la cuenta con la posibilidad de salir de la sesi\u00f3n y en el centro, nos encontramos con un bot\u00f3n para crear una brigada.<\/p>\n<\/div><style type=\"text\/css\"><\/style><div class=\"fusion-title title fusion-title-4 fusion-sep-none fusion-title-text fusion-title-size-two\" style=\"margin-top:0px;margin-right:0px;margin-bottom:31px;margin-left:0px;\"><h2 class=\"title-heading-left\" style=\"margin:0;\"><span style=\"color: #0375c9;\">Seleccionar centro de trabajo<\/span><\/h2><\/div><span class=\" fusion-imageframe imageframe-none imageframe-3 hover-type-none\"><img width=\"169\" height=\"300\" title=\"Screenshot_20220125-145841_Contractor In Out\" src=\"https:\/\/help.tdoc.es\/wp-content\/uploads\/2022\/01\/Screenshot_20220125-145841_Contractor-In-Out-169x300.jpg\" class=\"img-responsive wp-image-16798\" srcset=\"https:\/\/help.tdoc.es\/wp-content\/uploads\/2022\/01\/Screenshot_20220125-145841_Contractor-In-Out-200x356.jpg 200w, https:\/\/help.tdoc.es\/wp-content\/uploads\/2022\/01\/Screenshot_20220125-145841_Contractor-In-Out-400x711.jpg 400w, https:\/\/help.tdoc.es\/wp-content\/uploads\/2022\/01\/Screenshot_20220125-145841_Contractor-In-Out-600x1067.jpg 600w, https:\/\/help.tdoc.es\/wp-content\/uploads\/2022\/01\/Screenshot_20220125-145841_Contractor-In-Out.jpg 720w\" sizes=\"(max-width: 800px) 100vw, 169px\" \/><\/span><div class=\"fusion-text fusion-text-4\"><p>Al intentar crear una brigada, nos llevar\u00e1 a una p\u00e1gina para seleccionar el centro de trabajo donde crearemos la brigada. Tras seleccionar el centro de trabajo, iremos a la siguiente pantalla.<\/p>\n<\/div><style type=\"text\/css\"><\/style><div class=\"fusion-title title fusion-title-5 fusion-sep-none fusion-title-text fusion-title-size-two\" style=\"margin-top:0px;margin-right:0px;margin-bottom:31px;margin-left:0px;\"><h2 class=\"title-heading-left\" style=\"margin:0;\"><span style=\"color: #0375c9;\">Avisos del centro de trabajo<\/span><\/h2><\/div><span class=\" fusion-imageframe imageframe-none imageframe-4 hover-type-none\" style=\"width:100%;max-width:200px;\"><img width=\"576\" height=\"1024\" title=\"6\" src=\"https:\/\/help.tdoc.es\/wp-content\/uploads\/2022\/05\/6-576x1024.jpg\" class=\"img-responsive wp-image-18427\" srcset=\"https:\/\/help.tdoc.es\/wp-content\/uploads\/2022\/05\/6-200x356.jpg 200w, https:\/\/help.tdoc.es\/wp-content\/uploads\/2022\/05\/6-400x711.jpg 400w, https:\/\/help.tdoc.es\/wp-content\/uploads\/2022\/05\/6-600x1067.jpg 600w, https:\/\/help.tdoc.es\/wp-content\/uploads\/2022\/05\/6.jpg 720w\" sizes=\"(max-width: 800px) 100vw, 576px\" \/><\/span><div class=\"fusion-text fusion-text-5\"><p>Tras crear la brigada, nos ense\u00f1ar\u00e1 los avisos en el centro de trabajo con su lugar de trabajo, el t\u00edtulo y el mensaje.<\/p>\n<\/div><style type=\"text\/css\"><\/style><div class=\"fusion-title title fusion-title-6 fusion-sep-none fusion-title-text fusion-title-size-two\" style=\"margin-top:0px;margin-right:0px;margin-bottom:31px;margin-left:0px;\"><h2 class=\"title-heading-left\" style=\"margin:0;\"><span style=\"color: #0375c9;\">Seleccionar tipo de activo<\/span><\/h2><\/div><span class=\" fusion-imageframe imageframe-none imageframe-5 hover-type-none\"><img width=\"169\" height=\"300\" title=\"Screenshot_20220125-145849_Contractor In Out\" src=\"https:\/\/help.tdoc.es\/wp-content\/uploads\/2022\/01\/Screenshot_20220125-145849_Contractor-In-Out-169x300.jpg\" class=\"img-responsive wp-image-16799\" srcset=\"https:\/\/help.tdoc.es\/wp-content\/uploads\/2022\/01\/Screenshot_20220125-145849_Contractor-In-Out-200x356.jpg 200w, https:\/\/help.tdoc.es\/wp-content\/uploads\/2022\/01\/Screenshot_20220125-145849_Contractor-In-Out-400x711.jpg 400w, https:\/\/help.tdoc.es\/wp-content\/uploads\/2022\/01\/Screenshot_20220125-145849_Contractor-In-Out-600x1067.jpg 600w, https:\/\/help.tdoc.es\/wp-content\/uploads\/2022\/01\/Screenshot_20220125-145849_Contractor-In-Out.jpg 720w\" sizes=\"(max-width: 800px) 100vw, 169px\" \/><\/span><div class=\"fusion-text fusion-text-6\"><p>En la siguiente pantalla, podremos seleccionar el activo sobre el que se va a realizar la tarea.<\/p>\n<p>Nos encontramos con 4 tipos de activos<\/p>\n<ul>\n<li>Turbina: En esta tendremos que indicar el n\u00famero de turbina.<\/li>\n<li>Subestaci\u00f3n<\/li>\n<li>Edificio centro de control<\/li>\n<li>Torre meteorol\u00f3gica<\/li>\n<\/ul>\n<p>Tras seleccionar el activo, nos dirigiremos a la siguiente pantalla.<\/p>\n<\/div><style type=\"text\/css\"><\/style><div class=\"fusion-title title fusion-title-7 fusion-sep-none fusion-title-text fusion-title-size-two\" style=\"margin-top:0px;margin-right:0px;margin-bottom:31px;margin-left:0px;\"><h2 class=\"title-heading-left\" style=\"margin:0;\"><span style=\"color: #0375c9;\">Avisos del lugar de trabajo<\/span><\/h2><\/div><span class=\" fusion-imageframe imageframe-none imageframe-6 hover-type-none\" style=\"width:100%;max-width:200px;\"><img width=\"576\" height=\"1024\" title=\"8\" src=\"https:\/\/help.tdoc.es\/wp-content\/uploads\/2022\/05\/8-576x1024.jpg\" class=\"img-responsive wp-image-18431\" srcset=\"https:\/\/help.tdoc.es\/wp-content\/uploads\/2022\/05\/8-200x356.jpg 200w, https:\/\/help.tdoc.es\/wp-content\/uploads\/2022\/05\/8-400x711.jpg 400w, https:\/\/help.tdoc.es\/wp-content\/uploads\/2022\/05\/8-600x1067.jpg 600w, https:\/\/help.tdoc.es\/wp-content\/uploads\/2022\/05\/8.jpg 720w\" sizes=\"(max-width: 800px) 100vw, 576px\" \/><\/span><div class=\"fusion-text fusion-text-7\"><p>Al entrar en el lugar de trabajo te ense\u00f1ar\u00e1 los avisos del lugar de trabajo con su t\u00edtulo y su mensaje<\/p>\n<\/div><style type=\"text\/css\"><\/style><div class=\"fusion-title title fusion-title-8 fusion-sep-none fusion-title-text fusion-title-size-two\" style=\"margin-top:0px;margin-right:0px;margin-bottom:31px;margin-left:0px;\"><h2 class=\"title-heading-left\" style=\"margin:0;\"><span style=\"color: #0375c9;\">Seleccionar el personal<\/span><\/h2><\/div><span class=\" fusion-imageframe imageframe-none imageframe-7 hover-type-none\"><img width=\"169\" height=\"300\" title=\"Screenshot_20220125-145855_Contractor In Out\" src=\"https:\/\/help.tdoc.es\/wp-content\/uploads\/2022\/01\/Screenshot_20220125-145855_Contractor-In-Out-169x300.jpg\" class=\"img-responsive wp-image-16800\" srcset=\"https:\/\/help.tdoc.es\/wp-content\/uploads\/2022\/01\/Screenshot_20220125-145855_Contractor-In-Out-200x356.jpg 200w, https:\/\/help.tdoc.es\/wp-content\/uploads\/2022\/01\/Screenshot_20220125-145855_Contractor-In-Out-400x711.jpg 400w, https:\/\/help.tdoc.es\/wp-content\/uploads\/2022\/01\/Screenshot_20220125-145855_Contractor-In-Out-600x1067.jpg 600w, https:\/\/help.tdoc.es\/wp-content\/uploads\/2022\/01\/Screenshot_20220125-145855_Contractor-In-Out.jpg 720w\" sizes=\"(max-width: 800px) 100vw, 169px\" \/><\/span><div class=\"fusion-text fusion-text-8\"><p>En la siguiente pantalla, podremos seleccionar el personal que estar\u00e1 dentro de la brigada, se podr\u00e1n elegir varios trabajadores para la brigada. Tras seleccionar el personal, nos dirigiremos a la siguiente pantalla.<\/p>\n<\/div><style type=\"text\/css\"><\/style><div class=\"fusion-title title fusion-title-9 fusion-sep-none fusion-title-text fusion-title-size-two\" style=\"margin-top:0px;margin-right:0px;margin-bottom:31px;margin-left:0px;\"><h2 class=\"title-heading-left\" style=\"margin:0;\"><span style=\"color: #0375c9;\">Incluir tel\u00e9fono de la brigada<\/span><\/h2><\/div><span class=\" fusion-imageframe imageframe-none imageframe-8 hover-type-none\"><img width=\"169\" height=\"300\" title=\"Screenshot_20220125-145859_Contractor In Out\" src=\"https:\/\/help.tdoc.es\/wp-content\/uploads\/2022\/01\/Screenshot_20220125-145859_Contractor-In-Out-169x300.jpg\" class=\"img-responsive wp-image-16801\" srcset=\"https:\/\/help.tdoc.es\/wp-content\/uploads\/2022\/01\/Screenshot_20220125-145859_Contractor-In-Out-200x356.jpg 200w, https:\/\/help.tdoc.es\/wp-content\/uploads\/2022\/01\/Screenshot_20220125-145859_Contractor-In-Out-400x711.jpg 400w, https:\/\/help.tdoc.es\/wp-content\/uploads\/2022\/01\/Screenshot_20220125-145859_Contractor-In-Out-600x1067.jpg 600w, https:\/\/help.tdoc.es\/wp-content\/uploads\/2022\/01\/Screenshot_20220125-145859_Contractor-In-Out.jpg 720w\" sizes=\"(max-width: 800px) 100vw, 169px\" \/><\/span><div class=\"fusion-text fusion-text-9\"><p>En la siguiente pantalla, podremos incluir el tel\u00e9fono que utilizar\u00e1 la brigada. Tras incluir el tel\u00e9fono, nos dirigiremos a la siguiente pantalla.<\/p>\n<\/div><style type=\"text\/css\"><\/style><div class=\"fusion-title title fusion-title-10 fusion-sep-none fusion-title-text fusion-title-size-two\" style=\"margin-top:0px;margin-right:0px;margin-bottom:31px;margin-left:0px;\"><h2 class=\"title-heading-left\" style=\"margin:0;\"><span style=\"color: #0375c9;\">Seleccionar descripci\u00f3n de la tarea<\/span><\/h2><\/div><span class=\" fusion-imageframe imageframe-none imageframe-9 hover-type-none\"><img width=\"169\" height=\"300\" title=\"Screenshot_20220125-145902_Contractor In Out\" src=\"https:\/\/help.tdoc.es\/wp-content\/uploads\/2022\/01\/Screenshot_20220125-145902_Contractor-In-Out-169x300.jpg\" class=\"img-responsive wp-image-16802\" srcset=\"https:\/\/help.tdoc.es\/wp-content\/uploads\/2022\/01\/Screenshot_20220125-145902_Contractor-In-Out-200x356.jpg 200w, https:\/\/help.tdoc.es\/wp-content\/uploads\/2022\/01\/Screenshot_20220125-145902_Contractor-In-Out-400x711.jpg 400w, https:\/\/help.tdoc.es\/wp-content\/uploads\/2022\/01\/Screenshot_20220125-145902_Contractor-In-Out-600x1067.jpg 600w, https:\/\/help.tdoc.es\/wp-content\/uploads\/2022\/01\/Screenshot_20220125-145902_Contractor-In-Out.jpg 720w\" sizes=\"(max-width: 800px) 100vw, 169px\" \/><\/span><div class=\"fusion-text fusion-text-10\"><p>En la siguiente pantalla, podremos seleccionar la descripci\u00f3n de la tarea que tendr\u00e1 que realizar la brigada.<\/p>\n<ul>\n<li>Preventivo<\/li>\n<li>Correctivo<\/li>\n<li>Retrofits\/MD<\/li>\n<li>Inspecci\u00f3n\/Pruebas<\/li>\n<li>Otros<\/li>\n<\/ul>\n<p>Tras seleccionar la descripci\u00f3n de la tarea, nos dirigiremos a la siguiente pantalla.<\/p>\n<\/div><style type=\"text\/css\"><\/style><div class=\"fusion-title title fusion-title-11 fusion-sep-none fusion-title-text fusion-title-size-two\" style=\"margin-top:0px;margin-right:0px;margin-bottom:31px;margin-left:0px;\"><h2 class=\"title-heading-left\" style=\"margin:0;\"><span style=\"color: #0375c9;\">Adjuntar archivos<\/span><\/h2><\/div><span class=\" fusion-imageframe imageframe-none imageframe-10 hover-type-none\"><img width=\"169\" height=\"300\" title=\"Screenshot_20220125-145907_Contractor In Out\" src=\"https:\/\/help.tdoc.es\/wp-content\/uploads\/2022\/01\/Screenshot_20220125-145907_Contractor-In-Out-169x300.jpg\" class=\"img-responsive wp-image-16803\" srcset=\"https:\/\/help.tdoc.es\/wp-content\/uploads\/2022\/01\/Screenshot_20220125-145907_Contractor-In-Out-200x356.jpg 200w, https:\/\/help.tdoc.es\/wp-content\/uploads\/2022\/01\/Screenshot_20220125-145907_Contractor-In-Out-400x711.jpg 400w, https:\/\/help.tdoc.es\/wp-content\/uploads\/2022\/01\/Screenshot_20220125-145907_Contractor-In-Out-600x1067.jpg 600w, https:\/\/help.tdoc.es\/wp-content\/uploads\/2022\/01\/Screenshot_20220125-145907_Contractor-In-Out.jpg 720w\" sizes=\"(max-width: 800px) 100vw, 169px\" \/><\/span><div class=\"fusion-text fusion-text-11\"><p>En la siguiente pantalla, podremos adjuntar los archivos que tendr\u00e1 la brigada, podr\u00e1n sacarse fotos o adjuntar los archivos que tenga la brigada. Tras adjuntar o no, los archivos, nos dirigiremos a la siguiente pantalla.<\/p>\n<\/div><style type=\"text\/css\"><\/style><div class=\"fusion-title title fusion-title-12 fusion-sep-none fusion-title-text fusion-title-size-two\" style=\"margin-top:0px;margin-right:0px;margin-bottom:31px;margin-left:0px;\"><h2 class=\"title-heading-left\" style=\"margin:0;\"><span style=\"color: #0375c9;\">Resumen<\/span><\/h2><\/div><span class=\" fusion-imageframe imageframe-none imageframe-11 hover-type-none\"><img width=\"169\" height=\"300\" title=\"Screenshot_20220125-145910_Contractor In Out\" src=\"https:\/\/help.tdoc.es\/wp-content\/uploads\/2022\/01\/Screenshot_20220125-145910_Contractor-In-Out-169x300.jpg\" class=\"img-responsive wp-image-16804\" srcset=\"https:\/\/help.tdoc.es\/wp-content\/uploads\/2022\/01\/Screenshot_20220125-145910_Contractor-In-Out-200x356.jpg 200w, https:\/\/help.tdoc.es\/wp-content\/uploads\/2022\/01\/Screenshot_20220125-145910_Contractor-In-Out-400x711.jpg 400w, https:\/\/help.tdoc.es\/wp-content\/uploads\/2022\/01\/Screenshot_20220125-145910_Contractor-In-Out-600x1067.jpg 600w, https:\/\/help.tdoc.es\/wp-content\/uploads\/2022\/01\/Screenshot_20220125-145910_Contractor-In-Out.jpg 720w\" sizes=\"(max-width: 800px) 100vw, 169px\" \/><\/span><div class=\"fusion-text fusion-text-12\"><p>En la siguiente pantalla, podremos ver el resumen de los datos de la brigada a excepci\u00f3n de los archivos \/ documentos. En esta pantalla podemos finalizar la creaci\u00f3n de la brigada d\u00e1ndole el bot\u00f3n de confirmar.<\/p>\n<\/div><style type=\"text\/css\"><\/style><div class=\"fusion-title title fusion-title-13 fusion-sep-none fusion-title-text fusion-title-size-two\" style=\"margin-top:0px;margin-right:0px;margin-bottom:31px;margin-left:0px;\"><h2 class=\"title-heading-left\" style=\"margin:0;\"><span style=\"color: #0375c9;\">Brigada<\/span><\/h2><\/div><span class=\" fusion-imageframe imageframe-none imageframe-12 hover-type-none\"><img width=\"169\" height=\"300\" title=\"Screenshot_20220125-145915_Contractor In Out\" src=\"https:\/\/help.tdoc.es\/wp-content\/uploads\/2022\/01\/Screenshot_20220125-145915_Contractor-In-Out-169x300.jpg\" class=\"img-responsive wp-image-16805\" srcset=\"https:\/\/help.tdoc.es\/wp-content\/uploads\/2022\/01\/Screenshot_20220125-145915_Contractor-In-Out-200x356.jpg 200w, https:\/\/help.tdoc.es\/wp-content\/uploads\/2022\/01\/Screenshot_20220125-145915_Contractor-In-Out-400x711.jpg 400w, https:\/\/help.tdoc.es\/wp-content\/uploads\/2022\/01\/Screenshot_20220125-145915_Contractor-In-Out-600x1067.jpg 600w, https:\/\/help.tdoc.es\/wp-content\/uploads\/2022\/01\/Screenshot_20220125-145915_Contractor-In-Out.jpg 720w\" sizes=\"(max-width: 800px) 100vw, 169px\" \/><\/span><div class=\"fusion-text fusion-text-13\"><p>Una vez la brigada creada, veremos los datos de la brigada y sus trabajadores, pudiendo marcar sus salidas y sus entradas del centro de trabajo. Se podr\u00eda a\u00f1adir un nuevo trabajador en caso de incorporaci\u00f3n. Adjuntar archivos nuevamente.<\/p>\n<p>La aplicaci\u00f3n llevar\u00e1 un seguimiento de la brigada por GPS que se mostrar\u00e1 en la web. Este seguimiento se realizar\u00e1 mientras la brigada est\u00e9 dentro de la jornada y seguir\u00e1 guardando el seguimiento GPS aunque no est\u00e9 dentro de la aplicaci\u00f3n.<\/p>\n<p>Y, por \u00faltimo, una vez terminado el trabajo, se podr\u00e1 finalizar la jornada cerrando as\u00ed la brigada y finalizando el seguimiento del GPS. Tras cerrar la brigada, nos dirigiremos a la pantalla principal.<\/p>\n<\/div><div class=\"fusion-clearfix\"><\/div><\/div><\/div><\/div><\/div>\n","protected":false},"excerpt":{"rendered":"","protected":false},"author":1,"featured_media":0,"parent":16755,"menu_order":0,"comment_status":"closed","ping_status":"closed","template":"","meta":[],"_links":{"self":[{"href":"https:\/\/help.tdoc.es\/index.php\/wp-json\/wp\/v2\/pages\/16774"}],"collection":[{"href":"https:\/\/help.tdoc.es\/index.php\/wp-json\/wp\/v2\/pages"}],"about":[{"href":"https:\/\/help.tdoc.es\/index.php\/wp-json\/wp\/v2\/types\/page"}],"author":[{"embeddable":true,"href":"https:\/\/help.tdoc.es\/index.php\/wp-json\/wp\/v2\/users\/1"}],"replies":[{"embeddable":true,"href":"https:\/\/help.tdoc.es\/index.php\/wp-json\/wp\/v2\/comments?post=16774"}],"version-history":[{"count":7,"href":"https:\/\/help.tdoc.es\/index.php\/wp-json\/wp\/v2\/pages\/16774\/revisions"}],"predecessor-version":[{"id":18432,"href":"https:\/\/help.tdoc.es\/index.php\/wp-json\/wp\/v2\/pages\/16774\/revisions\/18432"}],"up":[{"embeddable":true,"href":"https:\/\/help.tdoc.es\/index.php\/wp-json\/wp\/v2\/pages\/16755"}],"wp:attachment":[{"href":"https:\/\/help.tdoc.es\/index.php\/wp-json\/wp\/v2\/media?parent=16774"}],"curies":[{"name":"wp","href":"https:\/\/api.w.org\/{rel}","templated":true}]}}