{"id":16736,"date":"2022-01-11T14:25:55","date_gmt":"2022-01-11T14:25:55","guid":{"rendered":"https:\/\/help.tdoc.es\/?page_id=16736"},"modified":"2023-12-18T20:29:33","modified_gmt":"2023-12-18T20:29:33","slug":"validacao-express","status":"publish","type":"page","link":"https:\/\/help.tdoc.es\/index.php\/pt\/validacao-express\/","title":{"rendered":"Valida\u00e7\u00e3o express"},"content":{"rendered":"<div class=\"fusion-fullwidth fullwidth-box fusion-builder-row-1 nonhundred-percent-fullwidth non-hundred-percent-height-scrolling\" style=\"background-color: rgba(255,255,255,0);background-position: center center;background-repeat: no-repeat;padding-top:20px;padding-right:0px;padding-bottom:20px;padding-left:0px;margin-bottom: 0px;margin-top: 0px;border-width: 0px 0px 0px 0px;border-color:#eae9e9;border-style:solid;\" ><div class=\"fusion-builder-row fusion-row\"><div class=\"fusion-layout-column fusion_builder_column fusion-builder-column-0 fusion_builder_column_1_1 1_1 fusion-one-full fusion-column-first fusion-column-last\" style=\"margin-top:0px;margin-bottom:20px;\"><div class=\"fusion-column-wrapper fusion-flex-column-wrapper-legacy\" style=\"background-position:left top;background-repeat:no-repeat;-webkit-background-size:cover;-moz-background-size:cover;-o-background-size:cover;background-size:cover;padding: 0px 0px 0px 0px;\"><style type=\"text\/css\"><\/style><div class=\"fusion-title title fusion-title-1 fusion-sep-none fusion-title-text fusion-title-size-one\" style=\"margin-top:0px;margin-right:0px;margin-bottom:31px;margin-left:0px;\"><h1 class=\"title-heading-left\" style=\"margin:0;\"><p><span style=\"color: #0375c9;\">VALIDA\u00c7\u00c3O EXPRESS<span style=\"color: #ff0000;\">*<\/span><br \/>\n<\/span><\/p><\/h1><\/div><div class=\"fusion-text fusion-text-1\"><p>Permite registrar as valida\u00e7\u00f5es urgentes recebidos na conta do cliente. Dependendo do cliente, o processo pode sofrer pequenas varia\u00e7\u00f5es, inclusive para os clientes que n\u00e3o t\u00eam contratada esta op\u00e7\u00e3o.<\/p>\n<p><img class=\"alignnone wp-image-13928 size-full\" src=\"https:\/\/help.tdoc.es\/wp-content\/uploads\/2021\/02\/Imagen1-7.png\" alt=\"\" width=\"188\" height=\"170\" \/><\/p>\n<p><strong>Ativar valida\u00e7\u00e3o express<\/strong>:<\/p>\n<p>1)Acessar a valida\u00e7\u00e3o express.<\/p>\n<p>2)Em \u2018<strong>C\u00f3digo<\/strong>\u2019 anotar o estabelecido por cada cliente.<\/p>\n<p><img class=\"alignnone wp-image-13920 size-full\" src=\"https:\/\/help.tdoc.es\/wp-content\/uploads\/2021\/02\/Imagen2-5.png\" alt=\"\" width=\"567\" height=\"85\" srcset=\"https:\/\/help.tdoc.es\/wp-content\/uploads\/2021\/02\/Imagen2-5-200x30.png 200w, https:\/\/help.tdoc.es\/wp-content\/uploads\/2021\/02\/Imagen2-5-300x45.png 300w, https:\/\/help.tdoc.es\/wp-content\/uploads\/2021\/02\/Imagen2-5-400x60.png 400w, https:\/\/help.tdoc.es\/wp-content\/uploads\/2021\/02\/Imagen2-5.png 567w\" sizes=\"(max-width: 567px) 100vw, 567px\" \/><\/p>\n<p>3)Clicar em \u2018<strong>Come\u00e7ar<\/strong>\u2019.<\/p>\n<p>4)Clicar em \u2018<strong>Home<\/strong>\u2019. Aparece um aviso em vermelho na parte superior da aplica\u00e7\u00e3o com os dados anotados no campo C\u00f3digo.<\/p>\n<p><img class=\"alignnone wp-image-13921 size-full\" src=\"https:\/\/help.tdoc.es\/wp-content\/uploads\/2021\/02\/Imagen3-2.png\" alt=\"\" width=\"567\" height=\"53\" srcset=\"https:\/\/help.tdoc.es\/wp-content\/uploads\/2021\/02\/Imagen3-2-200x19.png 200w, https:\/\/help.tdoc.es\/wp-content\/uploads\/2021\/02\/Imagen3-2-300x28.png 300w, https:\/\/help.tdoc.es\/wp-content\/uploads\/2021\/02\/Imagen3-2-400x37.png 400w, https:\/\/help.tdoc.es\/wp-content\/uploads\/2021\/02\/Imagen3-2.png 567w\" sizes=\"(max-width: 567px) 100vw, 567px\" \/><\/p>\n<p>5)Validar a documenta\u00e7\u00e3o que corresponda, desde documenta\u00e7\u00e3o a validar.<\/p>\n<p><strong>Desativar valida\u00e7\u00e3o express<\/strong>:<\/p>\n<p>1)Acessar a valida\u00e7\u00e3o express<\/p>\n<p>2)Clicar \u2018<strong>Terminar<\/strong>\u2019.<\/p>\n<p><img class=\"alignnone wp-image-13922 size-full\" src=\"https:\/\/help.tdoc.es\/wp-content\/uploads\/2021\/02\/Imagen4-4.png\" alt=\"\" width=\"567\" height=\"120\" srcset=\"https:\/\/help.tdoc.es\/wp-content\/uploads\/2021\/02\/Imagen4-4-200x42.png 200w, https:\/\/help.tdoc.es\/wp-content\/uploads\/2021\/02\/Imagen4-4-300x63.png 300w, https:\/\/help.tdoc.es\/wp-content\/uploads\/2021\/02\/Imagen4-4-400x85.png 400w, https:\/\/help.tdoc.es\/wp-content\/uploads\/2021\/02\/Imagen4-4.png 567w\" sizes=\"(max-width: 567px) 100vw, 567px\" \/><\/p>\n<p>3)Clicar \u2018<strong>Home<\/strong>\u2019. O aviso vermelho desaparece.<\/p>\n<\/div><div class=\"fusion-clearfix\"><\/div><\/div><\/div><\/div><\/div>\n","protected":false},"excerpt":{"rendered":"","protected":false},"author":5,"featured_media":0,"parent":0,"menu_order":0,"comment_status":"closed","ping_status":"closed","template":"","meta":[],"_links":{"self":[{"href":"https:\/\/help.tdoc.es\/index.php\/wp-json\/wp\/v2\/pages\/16736"}],"collection":[{"href":"https:\/\/help.tdoc.es\/index.php\/wp-json\/wp\/v2\/pages"}],"about":[{"href":"https:\/\/help.tdoc.es\/index.php\/wp-json\/wp\/v2\/types\/page"}],"author":[{"embeddable":true,"href":"https:\/\/help.tdoc.es\/index.php\/wp-json\/wp\/v2\/users\/5"}],"replies":[{"embeddable":true,"href":"https:\/\/help.tdoc.es\/index.php\/wp-json\/wp\/v2\/comments?post=16736"}],"version-history":[{"count":1,"href":"https:\/\/help.tdoc.es\/index.php\/wp-json\/wp\/v2\/pages\/16736\/revisions"}],"predecessor-version":[{"id":16737,"href":"https:\/\/help.tdoc.es\/index.php\/wp-json\/wp\/v2\/pages\/16736\/revisions\/16737"}],"wp:attachment":[{"href":"https:\/\/help.tdoc.es\/index.php\/wp-json\/wp\/v2\/media?parent=16736"}],"curies":[{"name":"wp","href":"https:\/\/api.w.org\/{rel}","templated":true}]}}