{"id":16732,"date":"2022-05-03T12:43:33","date_gmt":"2022-05-03T12:43:33","guid":{"rendered":"https:\/\/help.tdoc.es\/?page_id=16732"},"modified":"2023-12-18T20:27:25","modified_gmt":"2023-12-18T20:27:25","slug":"validacao-de-autorizacoes-2","status":"publish","type":"page","link":"https:\/\/help.tdoc.es\/index.php\/pt\/validacao-de-autorizacoes-2\/","title":{"rendered":"Valida\u00e7\u00e3o de autoriza\u00e7\u00f5es"},"content":{"rendered":"<div class=\"fusion-fullwidth fullwidth-box fusion-builder-row-1 nonhundred-percent-fullwidth non-hundred-percent-height-scrolling\" style=\"background-color: rgba(255,255,255,0);background-position: center center;background-repeat: no-repeat;padding-top:20px;padding-right:0px;padding-bottom:20px;padding-left:0px;margin-bottom: 0px;margin-top: 0px;border-width: 0px 0px 0px 0px;border-color:#eae9e9;border-style:solid;\" ><div class=\"fusion-builder-row fusion-row\"><div class=\"fusion-layout-column fusion_builder_column fusion-builder-column-0 fusion_builder_column_1_1 1_1 fusion-one-full fusion-column-first fusion-column-last\" style=\"margin-top:0px;margin-bottom:20px;\"><div class=\"fusion-column-wrapper fusion-flex-column-wrapper-legacy\" style=\"background-position:left top;background-repeat:no-repeat;-webkit-background-size:cover;-moz-background-size:cover;-o-background-size:cover;background-size:cover;padding: 0px 0px 0px 0px;\"><style type=\"text\/css\"><\/style><div class=\"fusion-title title fusion-title-1 fusion-sep-none fusion-title-text fusion-title-size-one\" style=\"margin-top:0px;margin-right:0px;margin-bottom:31px;margin-left:0px;\"><h1 class=\"title-heading-left\" style=\"margin:0;\"><p><span style=\"color: #0375c9;\">VALIDA\u00c7\u00c3O DE AUTORIZA\u00c7\u00d5ES<br \/>\n<\/span><\/p><\/h1><\/div><div class=\"fusion-text fusion-text-1\"><p>Permite validar os documentos correspondentes ao cumprimento da Prote\u00e7\u00e3o de Dados. Este arquivo ser\u00e1 exigido a todos os usu\u00e1rios que acessem a tdoc, se n\u00e3o est\u00e1 subido ou o documento est\u00e1 pendente de validar, poder\u00e1 continuar utilizando a aplica\u00e7\u00e3o com algumas restri\u00e7\u00f5es: n\u00e3o poder\u00e1 eliminar colaboradores, descarregar os documentos que n\u00e3o foram carregados pelo pr\u00f3prio usu\u00e1rio&#8230; Estas limita\u00e7\u00f5es est\u00e3o plasmadas neste manual com o s\u00edmbolo\u00a0<span style=\"color: #ffcc00;\">***<\/span>.<\/p>\n<p><img class=\"alignnone wp-image-13515 size-full\" src=\"https:\/\/help.tdoc.es\/wp-content\/uploads\/2021\/01\/1-8.png\" alt=\"\" width=\"228\" height=\"143\" srcset=\"https:\/\/help.tdoc.es\/wp-content\/uploads\/2021\/01\/1-8-200x125.png 200w, https:\/\/help.tdoc.es\/wp-content\/uploads\/2021\/01\/1-8.png 228w\" sizes=\"(max-width: 228px) 100vw, 228px\" \/><\/p>\n<p>Quando acesse a este menu, aparecer\u00e3o as autoriza\u00e7\u00f5es pendentes de validar e os dados correspondentes a cada uma.<\/p>\n<p><img class=\"alignnone wp-image-13516 \" src=\"https:\/\/help.tdoc.es\/wp-content\/uploads\/2021\/01\/2-9.png\" alt=\"\" width=\"836\" height=\"72\" srcset=\"https:\/\/help.tdoc.es\/wp-content\/uploads\/2021\/01\/2-9-200x17.png 200w, https:\/\/help.tdoc.es\/wp-content\/uploads\/2021\/01\/2-9-300x26.png 300w, https:\/\/help.tdoc.es\/wp-content\/uploads\/2021\/01\/2-9-400x34.png 400w, https:\/\/help.tdoc.es\/wp-content\/uploads\/2021\/01\/2-9-600x52.png 600w, https:\/\/help.tdoc.es\/wp-content\/uploads\/2021\/01\/2-9-768x66.png 768w, https:\/\/help.tdoc.es\/wp-content\/uploads\/2021\/01\/2-9-800x69.png 800w, https:\/\/help.tdoc.es\/wp-content\/uploads\/2021\/01\/2-9.png 998w\" sizes=\"(max-width: 836px) 100vw, 836px\" \/><\/p>\n<\/div>\n<div class=\"table-1\">\n<table width=\"100%\">\n<tbody>\n<tr>\n<td align=\"left\"><img class=\"size-full wp-image-17600 aligncenter\" src=\"https:\/\/help.tdoc.es\/wp-content\/uploads\/2022\/03\/responsabilidades-1.png\" alt=\"\" width=\"42\" height=\"41\" \/><\/td>\n<td align=\"left\">Ver toda a lista. Permite visualizar todas as autoriza\u00e7\u00f5es subidas de todos os usu\u00e1rios, pendentes de validar, corretas e incorretas.<\/td>\n<\/tr>\n<tr>\n<td align=\"left\"><img class=\"size-full wp-image-17601 aligncenter\" src=\"https:\/\/help.tdoc.es\/wp-content\/uploads\/2022\/03\/descarga4-1.png\" alt=\"\" width=\"28\" height=\"38\" \/><\/td>\n<td align=\"left\">Descarregar. Permite descarregar o documento.<\/td>\n<\/tr>\n<tr>\n<td align=\"left\"><img class=\"size-full wp-image-17602 aligncenter\" src=\"https:\/\/help.tdoc.es\/wp-content\/uploads\/2022\/03\/guardar2.png\" alt=\"\" width=\"33\" height=\"28\" \/><\/td>\n<td align=\"left\">Guardar. Permite guardar as modifica\u00e7\u00f5es para a valida\u00e7\u00e3o.<\/td>\n<\/tr>\n<tr>\n<td align=\"left\"><img class=\"size-medium wp-image-17603 aligncenter\" src=\"https:\/\/help.tdoc.es\/wp-content\/uploads\/2022\/03\/ver-registros.png\" alt=\"\" width=\"37\" height=\"28\" \/><\/td>\n<td align=\"left\">Ver registros ativos. Aparece ao selecionar a op\u00e7\u00e3o \u2018Ver toda a lista\u2019, permite regressar aos registros pendentes de validar.<\/td>\n<\/tr>\n<\/tbody>\n<\/table>\n<\/div>\n<div class=\"fusion-text fusion-text-2\"><p>Para validar as autoriza\u00e7\u00f5es deve descarregar o documento desde o \u00edcone \u2018Descarregar\u2019 e verificar que o documento subido pelo usu\u00e1rio cont\u00e9m todos os dados requeridos e correspondem exatamente com os que aparecem na tdoc (amarelo).<\/p>\n<p><img class=\"alignnone wp-image-13518 size-medium\" src=\"https:\/\/help.tdoc.es\/wp-content\/uploads\/2021\/01\/4-6-297x300.png\" alt=\"\" width=\"297\" height=\"300\" srcset=\"https:\/\/help.tdoc.es\/wp-content\/uploads\/2021\/01\/4-6-66x66.png 66w, https:\/\/help.tdoc.es\/wp-content\/uploads\/2021\/01\/4-6-200x202.png 200w, https:\/\/help.tdoc.es\/wp-content\/uploads\/2021\/01\/4-6-297x300.png 297w, https:\/\/help.tdoc.es\/wp-content\/uploads\/2021\/01\/4-6-400x404.png 400w, https:\/\/help.tdoc.es\/wp-content\/uploads\/2021\/01\/4-6.png 467w\" sizes=\"(max-width: 297px) 100vw, 297px\" \/><\/p>\n<p>Se o documento inclui todo os dados requeridos e estes s\u00e3o corretos, segundo o indicado na tdoc, marcar o check \u2018Correto\u2019 e a continua\u00e7\u00e3o, guardamos a valida\u00e7\u00e3o desde o \u00edcone \u2018Guardar\u2019. O registro aparecer\u00e1 em <strong><span style=\"color: #339966;\">verde<\/span><\/strong>.<\/p>\n<p><img class=\"alignnone wp-image-13519 \" src=\"https:\/\/help.tdoc.es\/wp-content\/uploads\/2021\/01\/5-5.png\" alt=\"\" width=\"858\" height=\"73\" srcset=\"https:\/\/help.tdoc.es\/wp-content\/uploads\/2021\/01\/5-5-200x17.png 200w, https:\/\/help.tdoc.es\/wp-content\/uploads\/2021\/01\/5-5-300x26.png 300w, https:\/\/help.tdoc.es\/wp-content\/uploads\/2021\/01\/5-5-400x34.png 400w, https:\/\/help.tdoc.es\/wp-content\/uploads\/2021\/01\/5-5-600x51.png 600w, https:\/\/help.tdoc.es\/wp-content\/uploads\/2021\/01\/5-5-768x65.png 768w, https:\/\/help.tdoc.es\/wp-content\/uploads\/2021\/01\/5-5-800x68.png 800w, https:\/\/help.tdoc.es\/wp-content\/uploads\/2021\/01\/5-5.png 929w\" sizes=\"(max-width: 858px) 100vw, 858px\" \/><\/p>\n<p>Se pelo contr\u00e1rio, o documento for incorreto porque falta algum dado ou os mesmos n\u00e3o correspondem com os que aparecem na tdoc, N\u00c3O marcar o check de \u2018Correto\u2019 e no campo \u2018Anota\u00e7\u00f5es\u2019 deve indicar um coment\u00e1rio com as indica\u00e7\u00f5es oportunas com respeito a incorre\u00e7\u00e3o. Este coment\u00e1rio ser\u00e1 visualizado pelo usu\u00e1rio para que possa corrigi-lo e subi-lo novamente.<\/p>\n<p>A continua\u00e7\u00e3o, guardamos a valida\u00e7\u00e3o desde o \u00edcone \u2018Guardar\u2019 e aparecer\u00e1 em <strong><span style=\"color: #ff0000;\">rojo<\/span><\/strong>.<\/p>\n<p><img class=\"alignnone wp-image-13513 \" src=\"https:\/\/help.tdoc.es\/wp-content\/uploads\/2021\/01\/6-4.png\" alt=\"\" width=\"859\" height=\"79\" srcset=\"https:\/\/help.tdoc.es\/wp-content\/uploads\/2021\/01\/6-4-200x18.png 200w, https:\/\/help.tdoc.es\/wp-content\/uploads\/2021\/01\/6-4-300x28.png 300w, https:\/\/help.tdoc.es\/wp-content\/uploads\/2021\/01\/6-4-400x37.png 400w, https:\/\/help.tdoc.es\/wp-content\/uploads\/2021\/01\/6-4-600x55.png 600w, https:\/\/help.tdoc.es\/wp-content\/uploads\/2021\/01\/6-4-768x71.png 768w, https:\/\/help.tdoc.es\/wp-content\/uploads\/2021\/01\/6-4-800x74.png 800w, https:\/\/help.tdoc.es\/wp-content\/uploads\/2021\/01\/6-4.png 914w\" sizes=\"(max-width: 859px) 100vw, 859px\" \/><\/p>\n<\/div><style type=\"text\/css\"><\/style><div class=\"fusion-title title fusion-title-2 fusion-sep-none fusion-title-text fusion-title-size-two\" style=\"margin-top:0px;margin-right:0px;margin-bottom:31px;margin-left:0px;\"><h2 class=\"title-heading-left\" style=\"margin:0;\"><span style=\"color: #0375c9;\">1. Consulta\/Corre\u00e7\u00e3o de um registro<\/span><\/h2><\/div><div class=\"fusion-text fusion-text-3\"><p>Para consultar um registro ou corrigir uma valida\u00e7\u00e3o, deve selecionar o \u00edcone \u2018Ver toda a lista\u2019 e utilizando a sele\u00e7\u00e3o pode buscar o registro.<\/p>\n<p><img class=\"alignnone wp-image-13514 \" src=\"https:\/\/help.tdoc.es\/wp-content\/uploads\/2021\/01\/7-2.png\" alt=\"\" width=\"871\" height=\"65\" srcset=\"https:\/\/help.tdoc.es\/wp-content\/uploads\/2021\/01\/7-2-200x15.png 200w, https:\/\/help.tdoc.es\/wp-content\/uploads\/2021\/01\/7-2-300x22.png 300w, https:\/\/help.tdoc.es\/wp-content\/uploads\/2021\/01\/7-2-400x30.png 400w, https:\/\/help.tdoc.es\/wp-content\/uploads\/2021\/01\/7-2-600x45.png 600w, https:\/\/help.tdoc.es\/wp-content\/uploads\/2021\/01\/7-2-768x57.png 768w, https:\/\/help.tdoc.es\/wp-content\/uploads\/2021\/01\/7-2-800x60.png 800w, https:\/\/help.tdoc.es\/wp-content\/uploads\/2021\/01\/7-2.png 926w\" sizes=\"(max-width: 871px) 100vw, 871px\" \/><\/p>\n<\/div><div class=\"fusion-clearfix\"><\/div><\/div><\/div><\/div><\/div>\n","protected":false},"excerpt":{"rendered":"","protected":false},"author":5,"featured_media":0,"parent":0,"menu_order":0,"comment_status":"closed","ping_status":"closed","template":"","meta":[],"_links":{"self":[{"href":"https:\/\/help.tdoc.es\/index.php\/wp-json\/wp\/v2\/pages\/16732"}],"collection":[{"href":"https:\/\/help.tdoc.es\/index.php\/wp-json\/wp\/v2\/pages"}],"about":[{"href":"https:\/\/help.tdoc.es\/index.php\/wp-json\/wp\/v2\/types\/page"}],"author":[{"embeddable":true,"href":"https:\/\/help.tdoc.es\/index.php\/wp-json\/wp\/v2\/users\/5"}],"replies":[{"embeddable":true,"href":"https:\/\/help.tdoc.es\/index.php\/wp-json\/wp\/v2\/comments?post=16732"}],"version-history":[{"count":2,"href":"https:\/\/help.tdoc.es\/index.php\/wp-json\/wp\/v2\/pages\/16732\/revisions"}],"predecessor-version":[{"id":18428,"href":"https:\/\/help.tdoc.es\/index.php\/wp-json\/wp\/v2\/pages\/16732\/revisions\/18428"}],"wp:attachment":[{"href":"https:\/\/help.tdoc.es\/index.php\/wp-json\/wp\/v2\/media?parent=16732"}],"curies":[{"name":"wp","href":"https:\/\/api.w.org\/{rel}","templated":true}]}}