{"id":16697,"date":"2022-01-03T12:35:58","date_gmt":"2022-01-03T12:35:58","guid":{"rendered":"https:\/\/help.tdoc.es\/?page_id=16697"},"modified":"2023-12-18T20:28:04","modified_gmt":"2023-12-18T20:28:04","slug":"revalidacao-de-entregas","status":"publish","type":"page","link":"https:\/\/help.tdoc.es\/index.php\/pt\/revalidacao-de-entregas\/","title":{"rendered":"Revalida\u00e7\u00e3o de entregas"},"content":{"rendered":"<div class=\"fusion-fullwidth fullwidth-box fusion-builder-row-1 nonhundred-percent-fullwidth non-hundred-percent-height-scrolling\" style=\"background-color: rgba(255,255,255,0);background-position: center center;background-repeat: no-repeat;padding-top:20px;padding-right:0px;padding-bottom:20px;padding-left:0px;margin-bottom: 0px;margin-top: 0px;border-width: 0px 0px 0px 0px;border-color:#eae9e9;border-style:solid;\" ><div class=\"fusion-builder-row fusion-row\"><div class=\"fusion-layout-column fusion_builder_column fusion-builder-column-0 fusion_builder_column_1_1 1_1 fusion-one-full fusion-column-first fusion-column-last\" style=\"margin-top:0px;margin-bottom:20px;\"><div class=\"fusion-column-wrapper fusion-flex-column-wrapper-legacy\" style=\"background-position:left top;background-repeat:no-repeat;-webkit-background-size:cover;-moz-background-size:cover;-o-background-size:cover;background-size:cover;padding: 0px 0px 0px 0px;\"><style type=\"text\/css\"><\/style><div class=\"fusion-title title fusion-title-1 fusion-sep-none fusion-title-text fusion-title-size-one\" style=\"margin-top:0px;margin-right:0px;margin-bottom:31px;margin-left:0px;\"><h1 class=\"title-heading-left\" style=\"margin:0;\"><p><span style=\"color: #0375c9;\">REVALIDA\u00c7\u00c3O DE ENTREGAS<br \/>\n<\/span><\/p><\/h1><\/div><div class=\"fusion-text fusion-text-1\"><p>Desde o menu \u201cRevalida\u00e7\u00e3o de entregas\u201d pode verificar o n\u00famero total de entregas por revalidar que existem.<\/p>\n<p><img class=\"alignnone wp-image-13878\" src=\"https:\/\/help.tdoc.es\/wp-content\/uploads\/2021\/02\/Imagen1-4-300x300.png\" alt=\"\" width=\"222\" height=\"222\" srcset=\"https:\/\/help.tdoc.es\/wp-content\/uploads\/2021\/02\/Imagen1-4-66x66.png 66w, https:\/\/help.tdoc.es\/wp-content\/uploads\/2021\/02\/Imagen1-4-150x150.png 150w, https:\/\/help.tdoc.es\/wp-content\/uploads\/2021\/02\/Imagen1-4-200x199.png 200w, https:\/\/help.tdoc.es\/wp-content\/uploads\/2021\/02\/Imagen1-4-300x300.png 300w, https:\/\/help.tdoc.es\/wp-content\/uploads\/2021\/02\/Imagen1-4.png 313w\" sizes=\"(max-width: 222px) 100vw, 222px\" \/><\/p>\n<p>Quando for necess\u00e1rio revisar novamente as entregas, pode ser porque os requisitos documentais foram modificados ou ampliados e deve assegurar-se de que cumprem com os novos requisitos, existe a op\u00e7\u00e3o de revalidar as entregas.<\/p>\n<p>Se nesse momento existem colaboradores inativos, suas entregas n\u00e3o passam a revalidar. No momento em que o colaborador estiver novamente ativo, as entregas passar\u00e3o a revalidar. Por isso, deve verificar este ponto.<\/p>\n<p><img class=\"alignnone wp-image-13879 size-full\" src=\"https:\/\/help.tdoc.es\/wp-content\/uploads\/2021\/02\/Imagen2-4.png\" alt=\"\" width=\"561\" height=\"102\" srcset=\"https:\/\/help.tdoc.es\/wp-content\/uploads\/2021\/02\/Imagen2-4-200x36.png 200w, https:\/\/help.tdoc.es\/wp-content\/uploads\/2021\/02\/Imagen2-4-300x55.png 300w, https:\/\/help.tdoc.es\/wp-content\/uploads\/2021\/02\/Imagen2-4-400x73.png 400w, https:\/\/help.tdoc.es\/wp-content\/uploads\/2021\/02\/Imagen2-4.png 561w\" sizes=\"(max-width: 561px) 100vw, 561px\" \/><\/p>\n<p>Existe um filtro que permite selecionar diferentes entregas para revalidar.<\/p>\n<p>Ao selecionar uma das entregas, aparece a lista de empresas que existem para revalidar que cont\u00eam a entrega selecionada.<\/p>\n<p>Cada uma das entregas aparece na lista com o seu estado atual (vermelho ou verde).<\/p>\n<p>Ao entrar em uma delas, permite modificar o estado da entrega segundo corresponda, a continua\u00e7\u00e3o a entrega aparece na cor azul, para poder diferenciar qual foi revalidada e quais n\u00e3o.<\/p>\n<p><img class=\"alignnone wp-image-13875 size-full\" src=\"https:\/\/help.tdoc.es\/wp-content\/uploads\/2021\/02\/Imagen3-1.png\" alt=\"\" width=\"567\" height=\"202\" srcset=\"https:\/\/help.tdoc.es\/wp-content\/uploads\/2021\/02\/Imagen3-1-200x71.png 200w, https:\/\/help.tdoc.es\/wp-content\/uploads\/2021\/02\/Imagen3-1-300x107.png 300w, https:\/\/help.tdoc.es\/wp-content\/uploads\/2021\/02\/Imagen3-1-400x143.png 400w, https:\/\/help.tdoc.es\/wp-content\/uploads\/2021\/02\/Imagen3-1.png 567w\" sizes=\"(max-width: 567px) 100vw, 567px\" \/><\/p>\n<p><img class=\"alignnone wp-image-13876 size-full\" src=\"https:\/\/help.tdoc.es\/wp-content\/uploads\/2021\/02\/Imagen4-2.png\" alt=\"\" width=\"567\" height=\"200\" srcset=\"https:\/\/help.tdoc.es\/wp-content\/uploads\/2021\/02\/Imagen4-2-200x71.png 200w, https:\/\/help.tdoc.es\/wp-content\/uploads\/2021\/02\/Imagen4-2-300x106.png 300w, https:\/\/help.tdoc.es\/wp-content\/uploads\/2021\/02\/Imagen4-2-400x141.png 400w, https:\/\/help.tdoc.es\/wp-content\/uploads\/2021\/02\/Imagen4-2.png 567w\" sizes=\"(max-width: 567px) 100vw, 567px\" \/><\/p>\n<p><img class=\"alignnone wp-image-13877 size-full\" src=\"https:\/\/help.tdoc.es\/wp-content\/uploads\/2021\/02\/Imagen5-4.png\" alt=\"\" width=\"567\" height=\"185\" srcset=\"https:\/\/help.tdoc.es\/wp-content\/uploads\/2021\/02\/Imagen5-4-200x65.png 200w, https:\/\/help.tdoc.es\/wp-content\/uploads\/2021\/02\/Imagen5-4-300x98.png 300w, https:\/\/help.tdoc.es\/wp-content\/uploads\/2021\/02\/Imagen5-4-400x131.png 400w, https:\/\/help.tdoc.es\/wp-content\/uploads\/2021\/02\/Imagen5-4.png 567w\" sizes=\"(max-width: 567px) 100vw, 567px\" \/><\/p>\n<p>Quando todas as entregas de uma mesma empresa forem revisadas, desaparecer\u00e3o da lista.<\/p>\n<\/div><div class=\"fusion-clearfix\"><\/div><\/div><\/div><\/div><\/div>\n","protected":false},"excerpt":{"rendered":"","protected":false},"author":5,"featured_media":0,"parent":0,"menu_order":0,"comment_status":"closed","ping_status":"closed","template":"","meta":[],"_links":{"self":[{"href":"https:\/\/help.tdoc.es\/index.php\/wp-json\/wp\/v2\/pages\/16697"}],"collection":[{"href":"https:\/\/help.tdoc.es\/index.php\/wp-json\/wp\/v2\/pages"}],"about":[{"href":"https:\/\/help.tdoc.es\/index.php\/wp-json\/wp\/v2\/types\/page"}],"author":[{"embeddable":true,"href":"https:\/\/help.tdoc.es\/index.php\/wp-json\/wp\/v2\/users\/5"}],"replies":[{"embeddable":true,"href":"https:\/\/help.tdoc.es\/index.php\/wp-json\/wp\/v2\/comments?post=16697"}],"version-history":[{"count":1,"href":"https:\/\/help.tdoc.es\/index.php\/wp-json\/wp\/v2\/pages\/16697\/revisions"}],"predecessor-version":[{"id":16698,"href":"https:\/\/help.tdoc.es\/index.php\/wp-json\/wp\/v2\/pages\/16697\/revisions\/16698"}],"wp:attachment":[{"href":"https:\/\/help.tdoc.es\/index.php\/wp-json\/wp\/v2\/media?parent=16697"}],"curies":[{"name":"wp","href":"https:\/\/api.w.org\/{rel}","templated":true}]}}