{"id":16691,"date":"2022-01-03T12:28:14","date_gmt":"2022-01-03T12:28:14","guid":{"rendered":"https:\/\/help.tdoc.es\/?page_id=16691"},"modified":"2023-12-18T20:34:25","modified_gmt":"2023-12-18T20:34:25","slug":"pedido-de-cadastro-para-empresa","status":"publish","type":"page","link":"https:\/\/help.tdoc.es\/index.php\/pt\/pedido-de-cadastro-para-empresa\/","title":{"rendered":"Pedido de cadastro para empresa"},"content":{"rendered":"<div class=\"fusion-fullwidth fullwidth-box fusion-builder-row-1 nonhundred-percent-fullwidth non-hundred-percent-height-scrolling\" style=\"background-color: rgba(255,255,255,0);background-position: center center;background-repeat: no-repeat;padding-top:20px;padding-right:0px;padding-bottom:20px;padding-left:0px;margin-bottom: 0px;margin-top: 0px;border-width: 0px 0px 0px 0px;border-color:#eae9e9;border-style:solid;\" ><div class=\"fusion-builder-row fusion-row\"><div class=\"fusion-layout-column fusion_builder_column fusion-builder-column-0 fusion_builder_column_1_1 1_1 fusion-one-full fusion-column-first fusion-column-last\" style=\"margin-top:0px;margin-bottom:20px;\"><div class=\"fusion-column-wrapper fusion-flex-column-wrapper-legacy\" style=\"background-position:left top;background-repeat:no-repeat;-webkit-background-size:cover;-moz-background-size:cover;-o-background-size:cover;background-size:cover;padding: 0px 0px 0px 0px;\"><style type=\"text\/css\"><\/style><div class=\"fusion-title title fusion-title-1 fusion-sep-none fusion-title-text fusion-title-size-one\" style=\"margin-top:0px;margin-right:0px;margin-bottom:31px;margin-left:0px;\"><h1 class=\"title-heading-left\" style=\"margin:0;\"><p><span style=\"color: #0375c9;\">PEDIDO DE CADASTRO PARA EMPRESAS<br \/>\n<\/span><\/p><\/h1><\/div><div class=\"fusion-text fusion-text-1\"><p>Desde o menu de \u2018<strong>Pedido de cadastro para Empresas<\/strong>\u2019, pode acessar a lista de pedidos.<\/p>\n<p><img class=\"alignnone size-medium wp-image-18868\" src=\"https:\/\/help.tdoc.es\/wp-content\/uploads\/2022\/12\/numeropeticionesalta-3-300x244.png\" alt=\"\" width=\"300\" height=\"244\" srcset=\"https:\/\/help.tdoc.es\/wp-content\/uploads\/2022\/12\/numeropeticionesalta-3-200x163.png 200w, https:\/\/help.tdoc.es\/wp-content\/uploads\/2022\/12\/numeropeticionesalta-3-300x244.png 300w, https:\/\/help.tdoc.es\/wp-content\/uploads\/2022\/12\/numeropeticionesalta-3-400x325.png 400w, https:\/\/help.tdoc.es\/wp-content\/uploads\/2022\/12\/numeropeticionesalta-3.png 449w\" sizes=\"(max-width: 300px) 100vw, 300px\" \/><\/p>\n<p>Na tela principal aparece a lista de pedidos, por defeito s\u00f3 aparecem as que est\u00e3o como\u00a0 <span style=\"color: #ffcc00;\"><strong>Sem Processar<\/strong><\/span>.<\/p>\n<\/div><style type=\"text\/css\"><\/style><div class=\"fusion-title title fusion-title-2 fusion-sep-none fusion-title-text fusion-title-size-two\" style=\"margin-top:0px;margin-right:0px;margin-bottom:31px;margin-left:0px;\"><h2 class=\"title-heading-left\" style=\"margin:0;\"><span style=\"color: #0375c9;\">1. Lista de pedidos<\/span><\/h2><\/div><div class=\"fusion-text fusion-text-2\"><p>A coluna \u2018<strong>Estado<\/strong>\u2019, indicar\u00e1 o estado do pedido:<\/p>\n<ul>\n<li><span style=\"color: #ffcc00;\"><strong>Sem processar<\/strong><\/span>: ainda n\u00e3o foi cadastrada a empresa que foi contratada\/subcontratada para esta tarefa.<\/li>\n<li><span style=\"color: #339966;\"><strong>Processado<\/strong><\/span>: o pedido j\u00e1 foi processado e a empresa j\u00e1 aparece registrada na tarefa.<\/li>\n<li><span style=\"color: #ff0000;\"><strong>Denegado o Anulado<\/strong><\/span>: o pedido foi denegado ou anulado.<\/li>\n<\/ul>\n<p>Inicialmente, mostra os pedidos que est\u00e3o <span style=\"color: #ffcc00;\"><strong>Sem processar<\/strong><\/span>. Desde o \u00edcone <img class=\"alignnone wp-image-14342\" src=\"https:\/\/help.tdoc.es\/wp-content\/uploads\/2021\/04\/Imagen2.jpg\" alt=\"\" width=\"26\" height=\"24\" \/> (Mostrar todos os pedidos para o centro de trabalho) pode ver o hist\u00f3rico de todos os pedidos que realizados.<\/p>\n<\/div>\n<div class=\"table-1\">\n<table width=\"100%\">\n<tbody>\n<tr>\n<td align=\"left\"><img class=\"size-full wp-image-17605 aligncenter\" src=\"https:\/\/help.tdoc.es\/wp-content\/uploads\/2022\/03\/cancelar.png\" alt=\"\" width=\"34\" height=\"43\" \/><\/td>\n<td align=\"left\">Permite cancelar um pedido que esteja <strong>Sem processar<\/strong>, deve selecionar previamente o pedido que quer cancelar.<\/td>\n<\/tr>\n<tr>\n<td align=\"left\"><img class=\"size-medium wp-image-17607 aligncenter\" src=\"https:\/\/help.tdoc.es\/wp-content\/uploads\/2022\/03\/peticiones-1.png\" alt=\"\" width=\"46\" height=\"45\" \/><\/td>\n<td align=\"left\">Permite ver todos os pedidos realizados pelo usu\u00e1rio.<\/td>\n<\/tr>\n<tr>\n<td align=\"left\"><img class=\"size-medium wp-image-17606 aligncenter\" src=\"https:\/\/help.tdoc.es\/wp-content\/uploads\/2022\/03\/excel-4.png\" alt=\"\" width=\"44\" height=\"42\" \/><\/td>\n<td align=\"left\">Gera um informe em formato Excel com a lista de pedidos.<\/td>\n<\/tr>\n<\/tbody>\n<\/table>\n<\/div>\n<div class=\"fusion-text fusion-text-3\"><p>Cada vez que realizar um pedido, o usu\u00e1rio recebe um e-mail com o n\u00famero do mesmo e os dados. Posteriormente, quando for processado, recebe outro e-mail com a confirma\u00e7\u00e3o da realiza\u00e7\u00e3o do pedido. Estes e-mails tamb\u00e9m ser\u00e3o enviados ao usu\u00e1rio que realiza o pedido, ao gestor de empreiteiro e aos respons\u00e1veis indicados.<\/p>\n<\/div><style type=\"text\/css\"><\/style><div class=\"fusion-title title fusion-title-3 fusion-sep-none fusion-title-text fusion-title-size-two\" style=\"margin-top:0px;margin-right:0px;margin-bottom:31px;margin-left:0px;\"><h2 class=\"title-heading-left\" style=\"margin:0;\"><span style=\"color: #0375c9;\">2. Processar os pedidos de cadastro de empresas\u00a0<\/span><\/h2><\/div><div class=\"fusion-text fusion-text-4\"><p>Este tutorial est\u00e1 preparado para processar os pedidos de cadastro das empresas e suas terceirizadas.<\/p>\n<p><strong>1.<\/strong><strong>Selecionar o pedido a processar: <\/strong><\/p>\n<p><img class=\"alignnone wp-image-14344 size-full\" src=\"https:\/\/help.tdoc.es\/wp-content\/uploads\/2021\/04\/Imagen4.png\" alt=\"\" width=\"567\" height=\"149\" srcset=\"https:\/\/help.tdoc.es\/wp-content\/uploads\/2021\/04\/Imagen4-200x53.png 200w, https:\/\/help.tdoc.es\/wp-content\/uploads\/2021\/04\/Imagen4-300x79.png 300w, https:\/\/help.tdoc.es\/wp-content\/uploads\/2021\/04\/Imagen4-400x105.png 400w, https:\/\/help.tdoc.es\/wp-content\/uploads\/2021\/04\/Imagen4.png 567w\" sizes=\"(max-width: 567px) 100vw, 567px\" \/><\/p>\n<\/div>\n<div class=\"table-1\">\n<table width=\"100%\">\n<tbody>\n<tr>\n<td align=\"left\"><img class=\"alignnone size-full wp-image-17461 aligncenter\" src=\"https:\/\/help.tdoc.es\/wp-content\/uploads\/2022\/03\/flecha-5.png\" alt=\"\" width=\"42\" height=\"28\" \/><\/td>\n<td align=\"left\">Permite selecionar o pedido com o que quer operar<\/td>\n<\/tr>\n<\/tbody>\n<\/table>\n<\/div>\n<div class=\"fusion-text fusion-text-5\"><p><strong>2.<\/strong><strong>Selecionar a empresa:<\/strong><\/p>\n<p>Permite duas op\u00e7\u00f5es: resultados da pesquisa e adicionar uma empresa nova. Este passo \u00e9 importante, j\u00e1 que, se a empresa existe na aplica\u00e7\u00e3o e a cria novamente, estar\u00e1 duplicada.<\/p>\n<p><img class=\"alignnone wp-image-14350 \" src=\"https:\/\/help.tdoc.es\/wp-content\/uploads\/2021\/04\/Captura6-1.png\" alt=\"\" width=\"561\" height=\"152\" srcset=\"https:\/\/help.tdoc.es\/wp-content\/uploads\/2021\/04\/Captura6-1-200x54.png 200w, https:\/\/help.tdoc.es\/wp-content\/uploads\/2021\/04\/Captura6-1-300x81.png 300w, https:\/\/help.tdoc.es\/wp-content\/uploads\/2021\/04\/Captura6-1-400x108.png 400w, https:\/\/help.tdoc.es\/wp-content\/uploads\/2021\/04\/Captura6-1-600x163.png 600w, https:\/\/help.tdoc.es\/wp-content\/uploads\/2021\/04\/Captura6-1.png 712w\" sizes=\"(max-width: 561px) 100vw, 561px\" \/><\/p>\n<p>2.1. Resultados da pesquisa. A aplica\u00e7\u00e3o encontrou semelhan\u00e7as com as empresas ativas ou inativas que disp\u00f5e.<\/p>\n<p>2.2. Adicionar nova empresa. Permite criar uma empresa como nova.<\/p>\n<p>Solicitar\u00e1 a informa\u00e7\u00e3o necess\u00e1ria para cadastrar a nova empresa.<\/p>\n<p><img class=\"alignnone wp-image-14351 size-full\" src=\"https:\/\/help.tdoc.es\/wp-content\/uploads\/2021\/04\/Imagen7.png\" alt=\"\" width=\"567\" height=\"214\" srcset=\"https:\/\/help.tdoc.es\/wp-content\/uploads\/2021\/04\/Imagen7-200x75.png 200w, https:\/\/help.tdoc.es\/wp-content\/uploads\/2021\/04\/Imagen7-300x113.png 300w, https:\/\/help.tdoc.es\/wp-content\/uploads\/2021\/04\/Imagen7-400x151.png 400w, https:\/\/help.tdoc.es\/wp-content\/uploads\/2021\/04\/Imagen7.png 567w\" sizes=\"(max-width: 567px) 100vw, 567px\" \/><\/p>\n<p><strong>3. <\/strong><strong>Adicionar gestor: <\/strong><\/p>\n<p><strong>\u00a0<\/strong>Solicita os dados necess\u00e1rios para cadastrar um gestor de empreiteiro, que ser\u00e1 o encarregado de gestionar esta empresa na aplica\u00e7\u00e3o.<\/p>\n<p>Este passo s\u00f3 ser\u00e1 obrigat\u00f3rio se a empresa n\u00e3o dispuser de nenhum gestor.<\/p>\n<p>Se a empresa j\u00e1 disp\u00f5e de um gestor, ser\u00e1 habilitada a op\u00e7\u00e3o de \u2018Omitir\u2019, para n\u00e3o adicionar nenhum gestor se n\u00e3o for necess\u00e1rio.<\/p>\n<p>Se quiser adicionar mais um gestor aos j\u00e1 existentes, deve selecionar \u2018<strong>Guardar e adicionar outro<\/strong>\u2019.<\/p>\n<p><img class=\"alignnone wp-image-14353 \" src=\"https:\/\/help.tdoc.es\/wp-content\/uploads\/2021\/04\/8.png\" alt=\"\" width=\"572\" height=\"231\" srcset=\"https:\/\/help.tdoc.es\/wp-content\/uploads\/2021\/04\/8-200x81.png 200w, https:\/\/help.tdoc.es\/wp-content\/uploads\/2021\/04\/8-300x121.png 300w, https:\/\/help.tdoc.es\/wp-content\/uploads\/2021\/04\/8-400x162.png 400w, https:\/\/help.tdoc.es\/wp-content\/uploads\/2021\/04\/8-600x242.png 600w, https:\/\/help.tdoc.es\/wp-content\/uploads\/2021\/04\/8.png 708w\" sizes=\"(max-width: 572px) 100vw, 572px\" \/><\/p>\n<p>Clicar \u2018Seguinte\u2019 para continuar.<\/p>\n<p><strong>4. <\/strong><strong>Sele\u00e7\u00e3o de centros de trabalho\/tarefas.<\/strong><\/p>\n<p>Na coluna da direita \u2018<strong>Adicionados<\/strong>\u2019, aparecem os centros\/tarefas selecionados no pedido.<\/p>\n<p>Na coluna da esquerda \u2018<strong>Dispon\u00edveis<\/strong>\u2019, aparecem os centros\/tarefas que pode acrescentar, no caso de que deva ser feita alguma retifica\u00e7\u00e3o.<\/p>\n<p><strong>Utilizando a op\u00e7\u00e3o \u2018Copiar\u2019 ou \u2018Copiar todos\u2019, \u2018Retirar\u2019 ou \u2018Retirar todos\u2019, pode mover os diferentes centros\/tarefas entre as colunas, em fun\u00e7\u00e3o da necessidade.<\/strong><\/p>\n<p><img class=\"alignnone wp-image-14354 \" src=\"https:\/\/help.tdoc.es\/wp-content\/uploads\/2021\/04\/9.png\" alt=\"\" width=\"600\" height=\"255\" srcset=\"https:\/\/help.tdoc.es\/wp-content\/uploads\/2021\/04\/9-200x85.png 200w, https:\/\/help.tdoc.es\/wp-content\/uploads\/2021\/04\/9-300x128.png 300w, https:\/\/help.tdoc.es\/wp-content\/uploads\/2021\/04\/9-400x170.png 400w, https:\/\/help.tdoc.es\/wp-content\/uploads\/2021\/04\/9-600x255.png 600w, https:\/\/help.tdoc.es\/wp-content\/uploads\/2021\/04\/9.png 717w\" sizes=\"(max-width: 600px) 100vw, 600px\" \/><\/p>\n<p>\u00c9 poss\u00edvel que na coluna de \u2018<strong>Adicionados<\/strong>\u2019 apare\u00e7a algum centro na cor azul. Isto pode dar-se quando o cliente trabalha por tarefas gerais e a empresa que est\u00e1 realizando o cadastro j\u00e1 existir neste centro.<\/p>\n<p>Clique \u2018<strong>Seguinte<\/strong>\u2019 para continuar.<\/p>\n<p><strong>5. <\/strong><strong>Tipo de Empresa <\/strong><\/p>\n<p><strong>\u00a0<\/strong>Neste passo indicamos o tipo de empresa (tipo de coordena\u00e7\u00e3o associada). Completa-se com o dado indicado no pr\u00f3prio pedido, por\u00e9m, pode retific\u00e1-lo se for necess\u00e1rio.<\/p>\n<p>Os tipos de empresa correspondem aos tipos de coordena\u00e7\u00e3o e podem solicitar diferente documenta\u00e7\u00e3o.<\/p>\n<p><img class=\"alignnone wp-image-14355 \" src=\"https:\/\/help.tdoc.es\/wp-content\/uploads\/2021\/04\/10.png\" alt=\"\" width=\"615\" height=\"96\" srcset=\"https:\/\/help.tdoc.es\/wp-content\/uploads\/2021\/04\/10-200x31.png 200w, https:\/\/help.tdoc.es\/wp-content\/uploads\/2021\/04\/10-300x47.png 300w, https:\/\/help.tdoc.es\/wp-content\/uploads\/2021\/04\/10-400x62.png 400w, https:\/\/help.tdoc.es\/wp-content\/uploads\/2021\/04\/10-600x94.png 600w, https:\/\/help.tdoc.es\/wp-content\/uploads\/2021\/04\/10.png 711w\" sizes=\"(max-width: 615px) 100vw, 615px\" \/><\/p>\n<p><span style=\"color: #ff0000;\">*<\/span>No caso de que a \u00e1rea funcional\/tecnologia correspondente disponha de um \u00fanico tipo de empresa, este pedido ser\u00e1 processado diretamente.<\/p>\n<p>Clicar \u2018Seguinte\u2019 para continuar.<\/p>\n<p><strong>6. <span style=\"color: #ff0000;\">*<\/span>Dados da tarefa<\/strong><\/p>\n<p>Solicita os dados necess\u00e1rios para criar a tarefa. Completa-se com o dado indicado no pr\u00f3prio pedido, por\u00e9m, pode retific\u00e1-lo se for necess\u00e1rio.<\/p>\n<ul>\n<li>Nome da tarefa<\/li>\n<li>Data in\u00edcio<\/li>\n<li>Data fim<\/li>\n<li>Tipo de empresa<\/li>\n<\/ul>\n<p>Registrar-se como gestor documental da tarefa. Permite registrar-se como respons\u00e1vel da tarefa, deve definir a periodicidade com a que deseja receber a ficha de controle desta tarefa.<\/p>\n<p>Pode selecionar uma das tarefas dispon\u00edveis. Permite definir as compet\u00eancias\/designa\u00e7\u00f5es segundo a planilha. Devem definir-se previamente para poder selecion\u00e1-las. Clica \u2018<strong>Seguinte<\/strong>\u2019 para continuar.<\/p>\n<p><img class=\"alignnone wp-image-14356 \" src=\"https:\/\/help.tdoc.es\/wp-content\/uploads\/2021\/04\/11.png\" alt=\"\" width=\"619\" height=\"287\" srcset=\"https:\/\/help.tdoc.es\/wp-content\/uploads\/2021\/04\/11-200x93.png 200w, https:\/\/help.tdoc.es\/wp-content\/uploads\/2021\/04\/11-300x139.png 300w, https:\/\/help.tdoc.es\/wp-content\/uploads\/2021\/04\/11-400x186.png 400w, https:\/\/help.tdoc.es\/wp-content\/uploads\/2021\/04\/11-600x278.png 600w, https:\/\/help.tdoc.es\/wp-content\/uploads\/2021\/04\/11.png 718w\" sizes=\"(max-width: 619px) 100vw, 619px\" \/><\/p>\n<p><strong>7. <\/strong><strong>Riscos\/Compet\u00eancias <\/strong><\/p>\n<p>Completa-se com o dado indicado no pr\u00f3prio pedido, por\u00e9m, pode retific\u00e1-lo se for necess\u00e1rio.<\/p>\n<p>Na coluna da direita \u2018<strong>Adicionados<\/strong>\u2019, aparecem os riscos\/compet\u00eancias que foram indicados no pedido.<\/p>\n<p>Na coluna da esquerda \u2018<strong>Dispon\u00edveis<\/strong>\u2019, aparecem os riscos\/compet\u00eancias que pode incluir, no caso de que seja necess\u00e1rio realizar alguma retifica\u00e7\u00e3o.<\/p>\n<p>Utilizando a op\u00e7\u00e3o \u2018<strong>Copiar<\/strong>\u2019 ou \u2018<strong>Copiar todos<\/strong>\u2019, \u2018<strong>Retirar<\/strong>\u2019 ou \u2018<strong>Retirar todos<\/strong>\u2019, pode mover os diferentes riscos\/compet\u00eancias entre as colunas, em fun\u00e7\u00e3o da necessidade.<\/p>\n<p><img class=\"alignnone wp-image-14357 \" src=\"https:\/\/help.tdoc.es\/wp-content\/uploads\/2021\/04\/Imagen12.png\" alt=\"\" width=\"572\" height=\"227\" srcset=\"https:\/\/help.tdoc.es\/wp-content\/uploads\/2021\/04\/Imagen12-200x79.png 200w, https:\/\/help.tdoc.es\/wp-content\/uploads\/2021\/04\/Imagen12-300x119.png 300w, https:\/\/help.tdoc.es\/wp-content\/uploads\/2021\/04\/Imagen12-400x159.png 400w, https:\/\/help.tdoc.es\/wp-content\/uploads\/2021\/04\/Imagen12.png 567w\" sizes=\"(max-width: 572px) 100vw, 572px\" \/><\/p>\n<p>Clicar \u2018<strong>Seguinte<\/strong>\u2019 para continuar.<\/p>\n<p><b>8. <span style=\"color: #ff0000;\">*<\/span>D<strong>esigna\u00e7\u00f5es<\/strong><\/b><\/p>\n<p>Este passo aparecer\u00e1 ou n\u00e3o em fun\u00e7\u00e3o da configura\u00e7\u00e3o que o cliente disponha, se tem definidas ou n\u00e3o as designa\u00e7\u00f5es.<\/p>\n<p>Completa-se com o dado indicado no pr\u00f3prio pedido, por\u00e9m, pode retific\u00e1-lo se for necess\u00e1rio.<\/p>\n<p>Na coluna da direita \u2018<strong>Adicionados<\/strong>\u2019, aparecem as designa\u00e7\u00f5es que foram indicados no pedido.<\/p>\n<p>Na coluna da esquerda \u2018<strong>Dispon\u00edveis<\/strong>\u2019, aparecem as designa\u00e7\u00f5es que pode incluir, no caso de que seja necess\u00e1rio realizar alguma retifica\u00e7\u00e3o.<\/p>\n<p>Utilizando a op\u00e7\u00e3o \u2018<strong>Copiar<\/strong>\u2019 ou \u2018<strong>Copiar todos<\/strong>\u2019, \u2018<strong>Retirar<\/strong>\u2019 ou \u2018<strong>Retirar todos<\/strong>\u2019, pode mover as diferentes designa\u00e7\u00f5es entre as colunas, em fun\u00e7\u00e3o da necessidade.<\/p>\n<p>Clicar \u2018Guardar\u2019 para continuar.<\/p>\n<p><img class=\"alignnone wp-image-14359 size-full\" src=\"https:\/\/help.tdoc.es\/wp-content\/uploads\/2021\/04\/Imagen13.png\" alt=\"\" width=\"567\" height=\"230\" srcset=\"https:\/\/help.tdoc.es\/wp-content\/uploads\/2021\/04\/Imagen13-200x81.png 200w, https:\/\/help.tdoc.es\/wp-content\/uploads\/2021\/04\/Imagen13-300x122.png 300w, https:\/\/help.tdoc.es\/wp-content\/uploads\/2021\/04\/Imagen13-400x162.png 400w, https:\/\/help.tdoc.es\/wp-content\/uploads\/2021\/04\/Imagen13.png 567w\" sizes=\"(max-width: 567px) 100vw, 567px\" \/><\/p>\n<p><strong>9. <\/strong><strong>Confirmar os dados. <\/strong><\/p>\n<p>A continua\u00e7\u00e3o, aparece um resumo com toda a informa\u00e7\u00e3o indicada na realiza\u00e7\u00e3o do pedido. Se estiver correta, selecione \u2018<strong>Guardar<\/strong>\u2019 para terminar.<\/p>\n<p><img class=\"alignnone wp-image-14360 size-full\" src=\"https:\/\/help.tdoc.es\/wp-content\/uploads\/2021\/04\/Imagen14-1.png\" alt=\"\" width=\"567\" height=\"243\" srcset=\"https:\/\/help.tdoc.es\/wp-content\/uploads\/2021\/04\/Imagen14-1-200x86.png 200w, https:\/\/help.tdoc.es\/wp-content\/uploads\/2021\/04\/Imagen14-1-300x129.png 300w, https:\/\/help.tdoc.es\/wp-content\/uploads\/2021\/04\/Imagen14-1-400x171.png 400w, https:\/\/help.tdoc.es\/wp-content\/uploads\/2021\/04\/Imagen14-1.png 567w\" sizes=\"(max-width: 567px) 100vw, 567px\" \/><\/p>\n<p>Uma vez que o pedido for processado, receber\u00e1 um e-mail. Este e-mail ser\u00e1 enviado tamb\u00e9m ao contato indicado para gestionar a documenta\u00e7\u00e3o da empresa junto a informa\u00e7\u00e3o de acesso \u00e0 aplica\u00e7\u00e3o.<\/p>\n<\/div><div class=\"fusion-clearfix\"><\/div><\/div><\/div><\/div><\/div>\n","protected":false},"excerpt":{"rendered":"","protected":false},"author":5,"featured_media":0,"parent":0,"menu_order":0,"comment_status":"closed","ping_status":"closed","template":"","meta":[],"_links":{"self":[{"href":"https:\/\/help.tdoc.es\/index.php\/wp-json\/wp\/v2\/pages\/16691"}],"collection":[{"href":"https:\/\/help.tdoc.es\/index.php\/wp-json\/wp\/v2\/pages"}],"about":[{"href":"https:\/\/help.tdoc.es\/index.php\/wp-json\/wp\/v2\/types\/page"}],"author":[{"embeddable":true,"href":"https:\/\/help.tdoc.es\/index.php\/wp-json\/wp\/v2\/users\/5"}],"replies":[{"embeddable":true,"href":"https:\/\/help.tdoc.es\/index.php\/wp-json\/wp\/v2\/comments?post=16691"}],"version-history":[{"count":3,"href":"https:\/\/help.tdoc.es\/index.php\/wp-json\/wp\/v2\/pages\/16691\/revisions"}],"predecessor-version":[{"id":18869,"href":"https:\/\/help.tdoc.es\/index.php\/wp-json\/wp\/v2\/pages\/16691\/revisions\/18869"}],"wp:attachment":[{"href":"https:\/\/help.tdoc.es\/index.php\/wp-json\/wp\/v2\/media?parent=16691"}],"curies":[{"name":"wp","href":"https:\/\/api.w.org\/{rel}","templated":true}]}}