{"id":16679,"date":"2022-01-03T12:04:29","date_gmt":"2022-01-03T12:04:29","guid":{"rendered":"https:\/\/help.tdoc.es\/?page_id=16679"},"modified":"2024-06-13T12:59:26","modified_gmt":"2024-06-13T12:59:26","slug":"consultas","status":"publish","type":"page","link":"https:\/\/help.tdoc.es\/index.php\/pt\/manual-tdoc-centro-pt\/consultas\/","title":{"rendered":"Consultas"},"content":{"rendered":"<p><div class=\"fusion-fullwidth fullwidth-box fusion-builder-row-1 nonhundred-percent-fullwidth non-hundred-percent-height-scrolling\" style=\"background-color: rgba(255,255,255,0);background-position: center center;background-repeat: no-repeat;padding-top:20px;padding-right:0px;padding-bottom:20px;padding-left:0px;margin-bottom: 0px;margin-top: 0px;border-width: 0px 0px 0px 0px;border-color:#eae9e9;border-style:solid;\" ><div class=\"fusion-builder-row fusion-row\"><div class=\"fusion-layout-column fusion_builder_column fusion-builder-column-0 fusion_builder_column_1_1 1_1 fusion-one-full fusion-column-first fusion-column-last\" style=\"margin-top:0px;margin-bottom:20px;\"><div class=\"fusion-column-wrapper fusion-flex-column-wrapper-legacy\" style=\"background-position:left top;background-repeat:no-repeat;-webkit-background-size:cover;-moz-background-size:cover;-o-background-size:cover;background-size:cover;padding: 0px 0px 0px 0px;\"><style type=\"text\/css\"><\/style><div class=\"fusion-title title fusion-title-1 fusion-sep-none fusion-title-text fusion-title-size-one\" style=\"margin-top:0px;margin-right:0px;margin-bottom:31px;margin-left:0px;\"><h1 class=\"title-heading-left\" style=\"margin:0;\"><p><span style=\"color: #0375c9;\">Consultas<br \/>\n<\/span><\/p><\/h1><\/div><div class=\"fusion-text fusion-text-1\"><p>Desde o menu <strong>\u2018Consultas\u2019<\/strong> poder\u00e1 pesquisar as empresas, colaboradores ou ve\u00edculos ou maquinaria e comprovar o estado documental dos mesmos, assim como os centros de trabalho\/Tarefas aos que estejam associados.<\/p>\n<p>Apenas pode consultar os centros\/tarefas aos que tenha acesso.<\/p>\n<p><img class=\"alignnone wp-image-13673 \" src=\"https:\/\/help.tdoc.es\/wp-content\/uploads\/2021\/02\/Captura.1PNG.png\" alt=\"\" width=\"616\" height=\"68\" srcset=\"https:\/\/help.tdoc.es\/wp-content\/uploads\/2021\/02\/Captura.1PNG-200x22.png 200w, https:\/\/help.tdoc.es\/wp-content\/uploads\/2021\/02\/Captura.1PNG-300x33.png 300w, https:\/\/help.tdoc.es\/wp-content\/uploads\/2021\/02\/Captura.1PNG-400x44.png 400w, https:\/\/help.tdoc.es\/wp-content\/uploads\/2021\/02\/Captura.1PNG-600x66.png 600w, https:\/\/help.tdoc.es\/wp-content\/uploads\/2021\/02\/Captura.1PNG.png 761w\" sizes=\"(max-width: 616px) 100vw, 616px\" \/><\/p>\n<p>Esta op\u00e7\u00e3o permite o acesso r\u00e1pido e simples \u00e0 principal informa\u00e7\u00e3o gerenciada pela aplica\u00e7\u00e3o.<\/p>\n<p>As opera\u00e7\u00f5es principais s\u00e3o:<\/p>\n<p>1.1. Pesquisa de empresas, colaboradores, ve\u00edculos e maquinaria.<\/p>\n<p>1.2. Gest\u00e3o das responsabilidades associadas.<\/p>\n<\/div><style type=\"text\/css\"><\/style><div class=\"fusion-title title fusion-title-2 fusion-sep-none fusion-title-text fusion-title-size-two\" style=\"margin-top:0px;margin-right:0px;margin-bottom:31px;margin-left:0px;\"><h2 class=\"title-heading-left\" style=\"margin:0;\"><span style=\"color: #0375c9;\">1. Buscas<\/span><\/h2><\/div><div class=\"fusion-text fusion-text-2\"><p>A busca de empresas, colaboradores ou ve\u00edculos e maquinaria \u00e9 realizada desde da pr\u00f3pria op\u00e7\u00e3o indicada como tal. Quando selecionar um elemento da lista de resultados, mostra-se uma lista com todos os centros de trabalho\/tarefas aos que est\u00e3o associados a empresa, colaborador ou ve\u00edculo e maquinaria. Apenas poder\u00e1 verificar os centros\/tarefas aos que tenha acesso. Ao selecionar um centro\/tarefa, mostra-se a vista pr\u00e9via do elemento selecionado.<\/p>\n<\/div><style type=\"text\/css\"><\/style><div class=\"fusion-title title fusion-title-3 fusion-sep-none fusion-title-text fusion-title-size-two\" style=\"margin-top:0px;margin-right:0px;margin-bottom:31px;margin-left:0px;\"><h2 class=\"title-heading-left\" style=\"margin:0;\"><span style=\"color: #0375c9;\">1.1. Consultar empresa<\/span><\/h2><\/div><div class=\"fusion-text fusion-text-3\"><p>Para realizar uma pesquisa sobre uma empresa, deve selecionar a op\u00e7\u00e3o <strong>\u2018Empresas\u2019<\/strong>.<\/p>\n<p><img class=\"alignnone wp-image-13677 \" src=\"https:\/\/help.tdoc.es\/wp-content\/uploads\/2021\/02\/Captura2.png\" alt=\"\" width=\"628\" height=\"87\" srcset=\"https:\/\/help.tdoc.es\/wp-content\/uploads\/2021\/02\/Captura2-200x28.png 200w, https:\/\/help.tdoc.es\/wp-content\/uploads\/2021\/02\/Captura2-300x42.png 300w, https:\/\/help.tdoc.es\/wp-content\/uploads\/2021\/02\/Captura2-400x55.png 400w, https:\/\/help.tdoc.es\/wp-content\/uploads\/2021\/02\/Captura2-600x83.png 600w, https:\/\/help.tdoc.es\/wp-content\/uploads\/2021\/02\/Captura2.png 715w\" sizes=\"(max-width: 628px) 100vw, 628px\" \/><\/p>\n<p>Poder\u00e1 realizar a busca da empresa indicando qualquer um dos dados requeridos. Ao clicar no bot\u00e3o \u2018<strong>Procurar<\/strong>\u2019 aparecer\u00e3o os resultados da pesquisa na tabela situada \u00e0 direita.<\/p>\n<p><img class=\"alignnone wp-image-13707 \" src=\"https:\/\/help.tdoc.es\/wp-content\/uploads\/2021\/02\/Imagen8-1.png\" alt=\"\" width=\"620\" height=\"149\" srcset=\"https:\/\/help.tdoc.es\/wp-content\/uploads\/2021\/02\/Imagen8-1-200x48.png 200w, https:\/\/help.tdoc.es\/wp-content\/uploads\/2021\/02\/Imagen8-1-300x72.png 300w, https:\/\/help.tdoc.es\/wp-content\/uploads\/2021\/02\/Imagen8-1-400x96.png 400w, https:\/\/help.tdoc.es\/wp-content\/uploads\/2021\/02\/Imagen8-1-600x144.png 600w, https:\/\/help.tdoc.es\/wp-content\/uploads\/2021\/02\/Imagen8-1.png 683w\" sizes=\"(max-width: 620px) 100vw, 620px\" \/><\/p>\n<\/div>\n<div class=\"table-1\">\n<table width=\"100%\">\n<tbody>\n<tr>\n<td align=\"left\"><img class=\" wp-image-16914 aligncenter\" src=\"https:\/\/help.tdoc.es\/wp-content\/uploads\/2022\/02\/Tabla-1_2-2.png\" alt=\"\" width=\"91\" height=\"25\" \/><\/td>\n<td align=\"left\">Permite eliminar o filtro com o que realizou a busca anteriormente.<\/td>\n<\/tr>\n<tr>\n<td align=\"left\"><img class=\"wp-image-18057 aligncenter\" src=\"https:\/\/help.tdoc.es\/wp-content\/uploads\/2022\/03\/Tabla-1_2-6.png\" alt=\"\" width=\"181\" height=\"21\" srcset=\"https:\/\/help.tdoc.es\/wp-content\/uploads\/2022\/03\/Tabla-1_2-6-200x23.png 200w, https:\/\/help.tdoc.es\/wp-content\/uploads\/2022\/03\/Tabla-1_2-6.png 267w\" sizes=\"(max-width: 181px) 100vw, 181px\" \/><\/td>\n<td align=\"left\">Permite ampliar a busca incluindo elementos que estejam inativos.<\/td>\n<\/tr>\n<\/tbody>\n<\/table>\n<\/div>\n<style type=\"text\/css\"><\/style><div class=\"fusion-title title fusion-title-4 fusion-sep-none fusion-title-text fusion-title-size-two\" style=\"margin-top:0px;margin-right:0px;margin-bottom:31px;margin-left:0px;\"><h2 class=\"title-heading-left\" style=\"margin:0;\"><span style=\"color: #0375c9;\">1.2. Consultar colaboradores\u00a0<\/span><\/h2><\/div><div class=\"fusion-text fusion-text-4\"><p>Para consultar colaboradores, deve selecionar a op\u00e7\u00e3o \u2018<strong>Colaboradores<\/strong>\u2019.<\/p>\n<p><img class=\"alignnone wp-image-13680 \" src=\"https:\/\/help.tdoc.es\/wp-content\/uploads\/2021\/02\/Imagen4.png\" alt=\"\" width=\"650\" height=\"64\" srcset=\"https:\/\/help.tdoc.es\/wp-content\/uploads\/2021\/02\/Imagen4-200x20.png 200w, https:\/\/help.tdoc.es\/wp-content\/uploads\/2021\/02\/Imagen4-300x29.png 300w, https:\/\/help.tdoc.es\/wp-content\/uploads\/2021\/02\/Imagen4-400x39.png 400w, https:\/\/help.tdoc.es\/wp-content\/uploads\/2021\/02\/Imagen4-600x59.png 600w, https:\/\/help.tdoc.es\/wp-content\/uploads\/2021\/02\/Imagen4-768x75.png 768w, https:\/\/help.tdoc.es\/wp-content\/uploads\/2021\/02\/Imagen4-800x79.png 800w, https:\/\/help.tdoc.es\/wp-content\/uploads\/2021\/02\/Imagen4-1024x101.png 1024w, https:\/\/help.tdoc.es\/wp-content\/uploads\/2021\/02\/Imagen4-1200x118.png 1200w, https:\/\/help.tdoc.es\/wp-content\/uploads\/2021\/02\/Imagen4.png 1314w\" sizes=\"(max-width: 650px) 100vw, 650px\" \/><\/p>\n<p>Poder\u00e1 realizar a busca do colaborador indicando qualquer um dos dados requeridos. Ao clicar no bot\u00e3o \u2018<strong>Procurar<\/strong>\u2019 aparecer\u00e3o os resultados da pesquisa na tabela situada \u00e0 direita.<\/p>\n<p><img class=\"alignnone wp-image-13681 size-full\" src=\"https:\/\/help.tdoc.es\/wp-content\/uploads\/2021\/02\/Imagen5.png\" alt=\"\" width=\"643\" height=\"172\" srcset=\"https:\/\/help.tdoc.es\/wp-content\/uploads\/2021\/02\/Imagen5-200x53.png 200w, https:\/\/help.tdoc.es\/wp-content\/uploads\/2021\/02\/Imagen5-300x80.png 300w, https:\/\/help.tdoc.es\/wp-content\/uploads\/2021\/02\/Imagen5-400x107.png 400w, https:\/\/help.tdoc.es\/wp-content\/uploads\/2021\/02\/Imagen5-600x160.png 600w, https:\/\/help.tdoc.es\/wp-content\/uploads\/2021\/02\/Imagen5.png 643w\" sizes=\"(max-width: 643px) 100vw, 643px\" \/><\/p>\n<\/div>\n<div class=\"table-1\">\n<table width=\"100%\">\n<tbody>\n<tr>\n<td align=\"left\"><img class=\" wp-image-16914 aligncenter\" src=\"https:\/\/help.tdoc.es\/wp-content\/uploads\/2022\/02\/Tabla-1_2-2.png\" alt=\"\" width=\"91\" height=\"25\" \/><\/td>\n<td align=\"left\">Permite eliminar o filtro com o que realizou a busca anteriormente.<\/td>\n<\/tr>\n<tr>\n<td align=\"left\"><img class=\"wp-image-18057 aligncenter\" src=\"https:\/\/help.tdoc.es\/wp-content\/uploads\/2022\/03\/Tabla-1_2-6.png\" alt=\"\" width=\"181\" height=\"21\" srcset=\"https:\/\/help.tdoc.es\/wp-content\/uploads\/2022\/03\/Tabla-1_2-6-200x23.png 200w, https:\/\/help.tdoc.es\/wp-content\/uploads\/2022\/03\/Tabla-1_2-6.png 267w\" sizes=\"(max-width: 181px) 100vw, 181px\" \/><\/td>\n<td align=\"left\">Permite ampliar a busca incluindo elementos que estejam inativos.<\/td>\n<\/tr>\n<\/tbody>\n<\/table>\n<\/div>\n<style type=\"text\/css\"><\/style><div class=\"fusion-title title fusion-title-5 fusion-sep-none fusion-title-text fusion-title-size-two\" style=\"margin-top:0px;margin-right:0px;margin-bottom:31px;margin-left:0px;\"><h2 class=\"title-heading-left\" style=\"margin:0;\"><span style=\"color: #0375c9;\">1.3. Consultar ve\u00edculos e maquinaria<\/span><\/h2><\/div><div class=\"fusion-text fusion-text-5\"><p>Para realizar consultas sobre colaboradores dever\u00e1 selecionar a op\u00e7\u00e3o <strong>\u2018Ve\u00edculos e maquinaria\u2019.<\/strong><\/p>\n<p><img class=\"alignnone wp-image-13691 \" src=\"https:\/\/help.tdoc.es\/wp-content\/uploads\/2021\/02\/Imagen6-3.png\" alt=\"\" width=\"651\" height=\"69\" srcset=\"https:\/\/help.tdoc.es\/wp-content\/uploads\/2021\/02\/Imagen6-3-200x21.png 200w, https:\/\/help.tdoc.es\/wp-content\/uploads\/2021\/02\/Imagen6-3-300x32.png 300w, https:\/\/help.tdoc.es\/wp-content\/uploads\/2021\/02\/Imagen6-3-400x43.png 400w, https:\/\/help.tdoc.es\/wp-content\/uploads\/2021\/02\/Imagen6-3-600x64.png 600w, https:\/\/help.tdoc.es\/wp-content\/uploads\/2021\/02\/Imagen6-3-768x82.png 768w, https:\/\/help.tdoc.es\/wp-content\/uploads\/2021\/02\/Imagen6-3-800x85.png 800w, https:\/\/help.tdoc.es\/wp-content\/uploads\/2021\/02\/Imagen6-3-1024x109.png 1024w, https:\/\/help.tdoc.es\/wp-content\/uploads\/2021\/02\/Imagen6-3-1200x128.png 1200w, https:\/\/help.tdoc.es\/wp-content\/uploads\/2021\/02\/Imagen6-3.png 1307w\" sizes=\"(max-width: 651px) 100vw, 651px\" \/><\/p>\n<p>Poder\u00e1 buscar diferentes op\u00e7\u00f5es: Matr\u00edcula \/ N\u00famero de s\u00e9rie, marca<\/p>\n<p>Poder\u00e1 realizar a busca do ve\u00edculo indicando qualquer um dos dados requeridos. Ao clicar no bot\u00e3o \u2018<strong>Procurar<\/strong>\u2019 aparecer\u00e3o os resultados da pesquisa na tabela situada \u00e0 direita.<\/p>\n<p><img class=\"alignnone wp-image-13692 \" src=\"https:\/\/help.tdoc.es\/wp-content\/uploads\/2021\/02\/Imagen7.png\" alt=\"\" width=\"653\" height=\"233\" srcset=\"https:\/\/help.tdoc.es\/wp-content\/uploads\/2021\/02\/Imagen7-200x71.png 200w, https:\/\/help.tdoc.es\/wp-content\/uploads\/2021\/02\/Imagen7-300x107.png 300w, https:\/\/help.tdoc.es\/wp-content\/uploads\/2021\/02\/Imagen7-400x143.png 400w, https:\/\/help.tdoc.es\/wp-content\/uploads\/2021\/02\/Imagen7-600x214.png 600w, https:\/\/help.tdoc.es\/wp-content\/uploads\/2021\/02\/Imagen7-768x274.png 768w, https:\/\/help.tdoc.es\/wp-content\/uploads\/2021\/02\/Imagen7-800x286.png 800w, https:\/\/help.tdoc.es\/wp-content\/uploads\/2021\/02\/Imagen7-1024x366.png 1024w, https:\/\/help.tdoc.es\/wp-content\/uploads\/2021\/02\/Imagen7-1200x428.png 1200w, https:\/\/help.tdoc.es\/wp-content\/uploads\/2021\/02\/Imagen7.png 1339w\" sizes=\"(max-width: 653px) 100vw, 653px\" \/><\/p>\n<\/div>\n<div class=\"table-1\">\n<table width=\"100%\">\n<tbody>\n<tr>\n<td align=\"left\"><img class=\" wp-image-16914 aligncenter\" src=\"https:\/\/help.tdoc.es\/wp-content\/uploads\/2022\/02\/Tabla-1_2-2.png\" alt=\"\" width=\"91\" height=\"25\" \/><\/td>\n<td align=\"left\">Permite eliminar o filtro com o que realizou a busca anteriormente.<\/td>\n<\/tr>\n<tr>\n<td align=\"left\"><img class=\"wp-image-18057 aligncenter\" src=\"https:\/\/help.tdoc.es\/wp-content\/uploads\/2022\/03\/Tabla-1_2-6.png\" alt=\"\" width=\"181\" height=\"21\" srcset=\"https:\/\/help.tdoc.es\/wp-content\/uploads\/2022\/03\/Tabla-1_2-6-200x23.png 200w, https:\/\/help.tdoc.es\/wp-content\/uploads\/2022\/03\/Tabla-1_2-6.png 267w\" sizes=\"(max-width: 181px) 100vw, 181px\" \/><\/td>\n<td align=\"left\">Permite ampliar a busca incluindo elementos que estejam inativos.<\/td>\n<\/tr>\n<\/tbody>\n<\/table>\n<\/div>\n<style type=\"text\/css\"><\/style><div class=\"fusion-title title fusion-title-6 fusion-sep-none fusion-title-text fusion-title-size-two\" style=\"margin-top:0px;margin-right:0px;margin-bottom:31px;margin-left:0px;\"><h2 class=\"title-heading-left\" style=\"margin:0;\"><span style=\"color: #0375c9;\">1.4. Resultados d<\/span><span style=\"color: #0375c9;\">a consulta<\/span><\/h2><\/div><div class=\"fusion-text fusion-text-6\"><p>Realizada a busca, os resultados aparecem \u00e0 direita da tela.<\/p>\n<p><img class=\"alignnone wp-image-13695 size-full\" src=\"https:\/\/help.tdoc.es\/wp-content\/uploads\/2021\/02\/Imagen8.png\" alt=\"\" width=\"683\" height=\"164\" srcset=\"https:\/\/help.tdoc.es\/wp-content\/uploads\/2021\/02\/Imagen8-200x48.png 200w, https:\/\/help.tdoc.es\/wp-content\/uploads\/2021\/02\/Imagen8-300x72.png 300w, https:\/\/help.tdoc.es\/wp-content\/uploads\/2021\/02\/Imagen8-400x96.png 400w, https:\/\/help.tdoc.es\/wp-content\/uploads\/2021\/02\/Imagen8-600x144.png 600w, https:\/\/help.tdoc.es\/wp-content\/uploads\/2021\/02\/Imagen8.png 683w\" sizes=\"(max-width: 683px) 100vw, 683px\" \/><\/p>\n<p>Para selecionar um, resultado, deve clicar dobre a op\u00e7\u00e3o <strong>\u00abSelecionar\u00bb<\/strong> <img class=\"alignnone wp-image-12827\" src=\"https:\/\/help.tdoc.es\/wp-content\/uploads\/2020\/08\/9.png\" alt=\"\" width=\"37\" height=\"21\" \/>da fila desejada.<\/p>\n<p>Ao selecionar o resultado mostram-se os centros de trabalho\/tarefas nos quais participa (est\u00e1 ativa) o mesmo e que o usu\u00e1rio tem acesso.<\/p>\n<p><img class=\"alignnone wp-image-13696 \" src=\"https:\/\/help.tdoc.es\/wp-content\/uploads\/2021\/02\/Imagen9.png\" alt=\"\" width=\"682\" height=\"249\" srcset=\"https:\/\/help.tdoc.es\/wp-content\/uploads\/2021\/02\/Imagen9-200x73.png 200w, https:\/\/help.tdoc.es\/wp-content\/uploads\/2021\/02\/Imagen9-300x109.png 300w, https:\/\/help.tdoc.es\/wp-content\/uploads\/2021\/02\/Imagen9-400x146.png 400w, https:\/\/help.tdoc.es\/wp-content\/uploads\/2021\/02\/Imagen9-600x219.png 600w, https:\/\/help.tdoc.es\/wp-content\/uploads\/2021\/02\/Imagen9.png 644w\" sizes=\"(max-width: 682px) 100vw, 682px\" \/><\/p>\n<\/div>\n<div class=\"table-1\">\n<table width=\"100%\">\n<tbody>\n<tr>\n<td align=\"left\"><img class=\" wp-image-18063 aligncenter\" src=\"https:\/\/help.tdoc.es\/wp-content\/uploads\/2022\/03\/Tabla-4_1-3.png\" alt=\"\" width=\"42\" height=\"36\" \/><\/td>\n<td align=\"left\">Permite fazer download, da documenta\u00e7\u00e3o completa da tarefa.<\/td>\n<\/tr>\n<tr>\n<td align=\"left\"><img class=\" wp-image-18064 aligncenter\" src=\"https:\/\/help.tdoc.es\/wp-content\/uploads\/2022\/03\/tABLA-4_2.png\" alt=\"\" width=\"40\" height=\"34\" \/><\/td>\n<td align=\"left\">Permite fazer download seletivo da documenta\u00e7\u00e3o da tarefa. Permite incluir ou n\u00e3o a documenta\u00e7\u00e3o da empresa, colaboradores, ve\u00edculos e entregas.<\/td>\n<\/tr>\n<tr>\n<td align=\"left\"><img class=\" wp-image-18065 aligncenter\" src=\"https:\/\/help.tdoc.es\/wp-content\/uploads\/2022\/03\/Tabla-4_3-3.png\" alt=\"\" width=\"36\" height=\"36\" \/><\/td>\n<td align=\"left\">Permite pedir um download da documenta\u00e7\u00e3o completa ou parcial da tarefa.<\/td>\n<\/tr>\n<tr>\n<td align=\"left\"><img class=\" wp-image-18058 aligncenter\" src=\"https:\/\/help.tdoc.es\/wp-content\/uploads\/2022\/03\/Tabla-4_4..png\" alt=\"\" width=\"42\" height=\"36\" \/><\/td>\n<td align=\"left\">Permite extrair a ficha de controle (em formato PDF) com a informa\u00e7\u00e3o da tarefa e o estado da documenta\u00e7\u00e3o requerida para a mesma.<\/td>\n<\/tr>\n<tr>\n<td align=\"left\"><img class=\" wp-image-18059 aligncenter\" src=\"https:\/\/help.tdoc.es\/wp-content\/uploads\/2022\/03\/Tabla-4_5-2.png\" alt=\"\" width=\"39\" height=\"37\" \/><\/td>\n<td align=\"left\">Permite ver todas as tareas, ativas ou inativas (exceto anuladas).<\/td>\n<\/tr>\n<tr>\n<td align=\"left\"><img class=\"wp-image-18062 aligncenter\" src=\"https:\/\/help.tdoc.es\/wp-content\/uploads\/2022\/03\/Tabla-1_4-4.png\" alt=\"\" width=\"40\" height=\"40\" srcset=\"https:\/\/help.tdoc.es\/wp-content\/uploads\/2022\/03\/Tabla-1_4-4-66x66.png 66w, https:\/\/help.tdoc.es\/wp-content\/uploads\/2022\/03\/Tabla-1_4-4-150x150.png 150w, https:\/\/help.tdoc.es\/wp-content\/uploads\/2022\/03\/Tabla-1_4-4.png 179w\" sizes=\"(max-width: 40px) 100vw, 40px\" \/><\/td>\n<td align=\"left\">Gera um informe em formato Excel com um resumo da documenta\u00e7\u00e3o requerida em estado incorreto ou pendente.<\/td>\n<\/tr>\n<tr>\n<td style=\"text-align: center;\" align=\"left\">FILTRO<\/td>\n<td align=\"left\">Permite filtrar segundo o estado das tarefas\/centros.<\/td>\n<\/tr>\n<tr>\n<td align=\"left\"><img class=\" wp-image-18060 aligncenter\" src=\"https:\/\/help.tdoc.es\/wp-content\/uploads\/2022\/03\/Tabla-4_7-2.png\" alt=\"\" width=\"92\" height=\"24\" \/><\/td>\n<td align=\"left\">Permite eliminar o filtro utilizado anteriormente.<\/td>\n<\/tr>\n<tr>\n<td align=\"left\"><img class=\"wp-image-18061 aligncenter\" src=\"https:\/\/help.tdoc.es\/wp-content\/uploads\/2022\/03\/Tabla-4_8-2.png\" alt=\"\" width=\"181\" height=\"23\" srcset=\"https:\/\/help.tdoc.es\/wp-content\/uploads\/2022\/03\/Tabla-4_8-2-200x26.png 200w, https:\/\/help.tdoc.es\/wp-content\/uploads\/2022\/03\/Tabla-4_8-2.png 219w\" sizes=\"(max-width: 181px) 100vw, 181px\" \/><\/td>\n<td align=\"left\">Permite eliminar colunas. \u00c9 uma configura\u00e7\u00e3o por usu\u00e1rio.<\/p>\n<p>Clicando sobre qualquer coluna, pode retirar a sele\u00e7\u00e3o das colunas que queira que n\u00e3o apare\u00e7am.<\/td>\n<\/tr>\n<\/tbody>\n<\/table>\n<\/div>\n<style type=\"text\/css\"><\/style><div class=\"fusion-title title fusion-title-7 fusion-sep-none fusion-title-text fusion-title-size-two\" style=\"margin-top:0px;margin-right:0px;margin-bottom:31px;margin-left:0px;\"><h2 class=\"title-heading-left\" style=\"margin:0;\"><span style=\"color: #0375c9;\">2. <\/span><span style=\"color: #0375c9;\">(<\/span><strong><span style=\"color: #ff0000;\">*<\/span><\/strong><span style=\"color: #0375c9;\">) <\/span><span style=\"color: #0375c9;\">Responsabilidades\u00a0<\/span><\/h2><\/div><div class=\"fusion-text fusion-text-7\"><p>A aplica\u00e7\u00e3o pode enviar automaticamente Fichas de controle das empresas que desejar, por centro de trabalho ou tarefa. Para isso, apenas deve registrar-se como respons\u00e1vel dos trabalhos da empresa nesse centro\/tarefa e definir a periodicidade na que deseja receber as Fichas de Controle. Quando j\u00e1 n\u00e3o deseje mais Fichas de Controle dessa empresa, deve anular esse registro.<\/p>\n<p><img class=\"alignnone wp-image-13700 \" src=\"https:\/\/help.tdoc.es\/wp-content\/uploads\/2021\/02\/Imagen10.png\" alt=\"\" width=\"628\" height=\"66\" srcset=\"https:\/\/help.tdoc.es\/wp-content\/uploads\/2021\/02\/Imagen10-200x21.png 200w, https:\/\/help.tdoc.es\/wp-content\/uploads\/2021\/02\/Imagen10-300x32.png 300w, https:\/\/help.tdoc.es\/wp-content\/uploads\/2021\/02\/Imagen10-400x42.png 400w, https:\/\/help.tdoc.es\/wp-content\/uploads\/2021\/02\/Imagen10.png 571w\" sizes=\"(max-width: 628px) 100vw, 628px\" \/><\/p>\n<p>Desde esta op\u00e7\u00e3o pode obter a lista de todos os centros\/tarefas das quais for respons\u00e1vel, podendo tamb\u00e9m editar e eliminar.<\/p>\n<p><img class=\"alignnone wp-image-13702 \" src=\"https:\/\/help.tdoc.es\/wp-content\/uploads\/2021\/02\/Captura11-1.png\" alt=\"\" width=\"638\" height=\"88\" srcset=\"https:\/\/help.tdoc.es\/wp-content\/uploads\/2021\/02\/Captura11-1-200x28.png 200w, https:\/\/help.tdoc.es\/wp-content\/uploads\/2021\/02\/Captura11-1-300x41.png 300w, https:\/\/help.tdoc.es\/wp-content\/uploads\/2021\/02\/Captura11-1-400x55.png 400w, https:\/\/help.tdoc.es\/wp-content\/uploads\/2021\/02\/Captura11-1-600x83.png 600w, https:\/\/help.tdoc.es\/wp-content\/uploads\/2021\/02\/Captura11-1-768x106.png 768w, https:\/\/help.tdoc.es\/wp-content\/uploads\/2021\/02\/Captura11-1.png 783w\" sizes=\"(max-width: 638px) 100vw, 638px\" \/><\/p>\n<\/div>\n<div class=\"table-1\">\n<table width=\"100%\">\n<tbody>\n<tr>\n<td align=\"left\"><img class=\"size-full wp-image-18066 aligncenter\" src=\"https:\/\/help.tdoc.es\/wp-content\/uploads\/2022\/03\/Tabla-5_1-3.png\" alt=\"\" width=\"41\" height=\"43\" \/><\/td>\n<td align=\"left\">Permite eliminar seu usu\u00e1rio como respons\u00e1vel de centros\/tarefas.<\/p>\n<p>Revisar os dados mostrados na tdoc e clicar \u2018<strong>Eliminar<\/strong>\u2019.<\/p>\n<p><img class=\"alignnone wp-image-18068 size-fusion-400\" style=\"font-family: inherit; font-size: inherit;\" src=\"https:\/\/help.tdoc.es\/wp-content\/uploads\/2022\/03\/Tabla-5_3-2-400x103.png\" alt=\"\" width=\"400\" height=\"103\" srcset=\"https:\/\/help.tdoc.es\/wp-content\/uploads\/2022\/03\/Tabla-5_3-2-200x51.png 200w, https:\/\/help.tdoc.es\/wp-content\/uploads\/2022\/03\/Tabla-5_3-2-300x77.png 300w, https:\/\/help.tdoc.es\/wp-content\/uploads\/2022\/03\/Tabla-5_3-2-400x103.png 400w, https:\/\/help.tdoc.es\/wp-content\/uploads\/2022\/03\/Tabla-5_3-2-600x154.png 600w, https:\/\/help.tdoc.es\/wp-content\/uploads\/2022\/03\/Tabla-5_3-2-768x197.png 768w, https:\/\/help.tdoc.es\/wp-content\/uploads\/2022\/03\/Tabla-5_3-2-800x205.png 800w, https:\/\/help.tdoc.es\/wp-content\/uploads\/2022\/03\/Tabla-5_3-2-940x243.png 940w, https:\/\/help.tdoc.es\/wp-content\/uploads\/2022\/03\/Tabla-5_3-2.png 946w\" sizes=\"(max-width: 400px) 100vw, 400px\" \/><\/td>\n<\/tr>\n<tr>\n<td align=\"left\"><img class=\"wp-image-18067 aligncenter\" src=\"https:\/\/help.tdoc.es\/wp-content\/uploads\/2022\/03\/Tabla-5_2-2.png\" alt=\"\" width=\"43\" height=\"43\" \/><\/td>\n<td align=\"left\">Permite Editar os dados das responsabilidades.<\/td>\n<\/tr>\n<\/tbody>\n<\/table>\n<\/div>\n<div class=\"fusion-clearfix\"><\/div><\/div><\/div><\/div><\/div><div class=\"fusion-fullwidth fullwidth-box fusion-builder-row-2 nonhundred-percent-fullwidth non-hundred-percent-height-scrolling\" style=\"background-color: rgba(255,255,255,0);background-position: center center;background-repeat: no-repeat;padding-top:20px;padding-right:0px;padding-bottom:20px;padding-left:0px;margin-bottom: 0px;margin-top: 0px;border-width: 0px 0px 0px 0px;border-color:#eae9e9;border-style:solid;\" ><div class=\"fusion-builder-row fusion-row\"><div class=\"fusion-layout-column fusion_builder_column fusion-builder-column-1 fusion_builder_column_1_1 1_1 fusion-one-full fusion-column-first fusion-column-last\" style=\"margin-top:0px;margin-bottom:20px;\"><div class=\"fusion-column-wrapper fusion-flex-column-wrapper-legacy\" style=\"background-position:left top;background-repeat:no-repeat;-webkit-background-size:cover;-moz-background-size:cover;-o-background-size:cover;background-size:cover;padding: 0px 0px 0px 0px;\"><div class=\"fusion-clearfix\"><\/div><\/div><\/div><\/div><\/div><div class=\"fusion-fullwidth fullwidth-box fusion-builder-row-3 nonhundred-percent-fullwidth non-hundred-percent-height-scrolling\" style=\"background-color: rgba(255,255,255,0);background-position: center center;background-repeat: no-repeat;padding-top:20px;padding-right:0px;padding-bottom:20px;padding-left:0px;margin-bottom: 0px;margin-top: 0px;border-width: 0px 0px 0px 0px;border-color:#eae9e9;border-style:solid;\" ><div class=\"fusion-builder-row fusion-row\"><div class=\"fusion-layout-column fusion_builder_column fusion-builder-column-2 fusion_builder_column_1_1 1_1 fusion-one-full fusion-column-first fusion-column-last\" style=\"margin-top:0px;margin-bottom:20px;\"><div class=\"fusion-column-wrapper fusion-flex-column-wrapper-legacy\" style=\"background-position:left top;background-repeat:no-repeat;-webkit-background-size:cover;-moz-background-size:cover;-o-background-size:cover;background-size:cover;padding: 0px 0px 0px 0px;\"><div class=\"fusion-clearfix\"><\/div><\/div><\/div><\/div><\/div><\/p>\n","protected":false},"excerpt":{"rendered":"","protected":false},"author":5,"featured_media":0,"parent":18273,"menu_order":1,"comment_status":"closed","ping_status":"closed","template":"","meta":[],"_links":{"self":[{"href":"https:\/\/help.tdoc.es\/index.php\/wp-json\/wp\/v2\/pages\/16679"}],"collection":[{"href":"https:\/\/help.tdoc.es\/index.php\/wp-json\/wp\/v2\/pages"}],"about":[{"href":"https:\/\/help.tdoc.es\/index.php\/wp-json\/wp\/v2\/types\/page"}],"author":[{"embeddable":true,"href":"https:\/\/help.tdoc.es\/index.php\/wp-json\/wp\/v2\/users\/5"}],"replies":[{"embeddable":true,"href":"https:\/\/help.tdoc.es\/index.php\/wp-json\/wp\/v2\/comments?post=16679"}],"version-history":[{"count":2,"href":"https:\/\/help.tdoc.es\/index.php\/wp-json\/wp\/v2\/pages\/16679\/revisions"}],"predecessor-version":[{"id":18069,"href":"https:\/\/help.tdoc.es\/index.php\/wp-json\/wp\/v2\/pages\/16679\/revisions\/18069"}],"up":[{"embeddable":true,"href":"https:\/\/help.tdoc.es\/index.php\/wp-json\/wp\/v2\/pages\/18273"}],"wp:attachment":[{"href":"https:\/\/help.tdoc.es\/index.php\/wp-json\/wp\/v2\/media?parent=16679"}],"curies":[{"name":"wp","href":"https:\/\/api.w.org\/{rel}","templated":true}]}}