{"id":16672,"date":"2022-01-03T11:49:59","date_gmt":"2022-01-03T11:49:59","guid":{"rendered":"https:\/\/help.tdoc.es\/?page_id=16672"},"modified":"2023-12-18T20:20:51","modified_gmt":"2023-12-18T20:20:51","slug":"gestao-de-usuarios","status":"publish","type":"page","link":"https:\/\/help.tdoc.es\/index.php\/pt\/gestao-de-usuarios\/","title":{"rendered":"Gest\u00e3o de usu\u00e1rios"},"content":{"rendered":"<div class=\"fusion-fullwidth fullwidth-box fusion-builder-row-1 nonhundred-percent-fullwidth non-hundred-percent-height-scrolling\" style=\"background-color: rgba(255,255,255,0);background-position: center center;background-repeat: no-repeat;padding-top:20px;padding-right:0px;padding-bottom:20px;padding-left:0px;margin-bottom: 0px;margin-top: 0px;border-width: 0px 0px 0px 0px;border-color:#eae9e9;border-style:solid;\" ><div class=\"fusion-builder-row fusion-row\"><div class=\"fusion-layout-column fusion_builder_column fusion-builder-column-0 fusion_builder_column_1_1 1_1 fusion-one-full fusion-column-first fusion-column-last\" style=\"margin-top:0px;margin-bottom:20px;\"><div class=\"fusion-column-wrapper fusion-flex-column-wrapper-legacy\" style=\"background-position:left top;background-repeat:no-repeat;-webkit-background-size:cover;-moz-background-size:cover;-o-background-size:cover;background-size:cover;padding: 0px 0px 0px 0px;\"><style type=\"text\/css\"><\/style><div class=\"fusion-title title fusion-title-1 fusion-sep-none fusion-title-text fusion-title-size-one\" style=\"margin-top:0px;margin-right:0px;margin-bottom:31px;margin-left:0px;\"><h1 class=\"title-heading-left\" style=\"margin:0;\"><p><span style=\"color: #0375c9;\">GEST\u00c3O DE USU\u00c1RIOS<br \/>\n<\/span><\/p><\/h1><\/div><div class=\"fusion-text fusion-text-1\"><p>Permite o acesso a gest\u00e3o de todos os usu\u00e1rios da aplica\u00e7\u00e3o. Desde esta opera\u00e7\u00e3o pode eliminar completamente qualquer usu\u00e1rio ou incluir outros m\u00f3dulos da tdoc a usu\u00e1rios existentes.<\/p>\n<p><img class=\"alignnone wp-image-14309 size-full\" src=\"https:\/\/help.tdoc.es\/wp-content\/uploads\/2021\/04\/Imagen1-1.png\" alt=\"\" width=\"567\" height=\"136\" srcset=\"https:\/\/help.tdoc.es\/wp-content\/uploads\/2021\/04\/Imagen1-1-200x48.png 200w, https:\/\/help.tdoc.es\/wp-content\/uploads\/2021\/04\/Imagen1-1-300x72.png 300w, https:\/\/help.tdoc.es\/wp-content\/uploads\/2021\/04\/Imagen1-1-400x96.png 400w, https:\/\/help.tdoc.es\/wp-content\/uploads\/2021\/04\/Imagen1-1.png 567w\" sizes=\"(max-width: 567px) 100vw, 567px\" \/><\/p>\n<p><img class=\"alignnone wp-image-16673 size-fusion-600\" src=\"https:\/\/help.tdoc.es\/wp-content\/uploads\/2022\/01\/46-600x67.png\" alt=\"\" width=\"600\" height=\"67\" srcset=\"https:\/\/help.tdoc.es\/wp-content\/uploads\/2022\/01\/46-200x22.png 200w, https:\/\/help.tdoc.es\/wp-content\/uploads\/2022\/01\/46-300x34.png 300w, https:\/\/help.tdoc.es\/wp-content\/uploads\/2022\/01\/46-400x45.png 400w, https:\/\/help.tdoc.es\/wp-content\/uploads\/2022\/01\/46-600x67.png 600w, https:\/\/help.tdoc.es\/wp-content\/uploads\/2022\/01\/46-768x86.png 768w, https:\/\/help.tdoc.es\/wp-content\/uploads\/2022\/01\/46-800x90.png 800w, https:\/\/help.tdoc.es\/wp-content\/uploads\/2022\/01\/46-1024x115.png 1024w, https:\/\/help.tdoc.es\/wp-content\/uploads\/2022\/01\/46.png 1144w\" sizes=\"(max-width: 600px) 100vw, 600px\" \/><\/p>\n<\/div><style type=\"text\/css\"><\/style><div class=\"fusion-title title fusion-title-2 fusion-sep-none fusion-title-text fusion-title-size-two\" style=\"margin-top:0px;margin-right:0px;margin-bottom:31px;margin-left:0px;\"><h2 class=\"title-heading-left\" style=\"margin:0;\"><span style=\"color: #0375c9;\">1. Criar um usu\u00e1rio novo<\/span><\/h2><\/div><div class=\"fusion-text fusion-text-2\"><p>Para criar usu\u00e1rios deve indicar os dados.<\/p>\n<p>Primeiro deve inserir o e-mail de acesso. Se o e-mail j\u00e1 existir na aplica\u00e7\u00e3o, ao passar ao seguinte campo, se cumprimentar\u00e3o o restante dos campos com os dados armazenados na aplica\u00e7\u00e3o. Os campos amarelos s\u00e3o obrigat\u00f3rios.<\/p>\n<p><img class=\"alignnone wp-image-14311 size-full\" src=\"https:\/\/help.tdoc.es\/wp-content\/uploads\/2021\/04\/Imagen3.png\" alt=\"\" width=\"567\" height=\"326\" srcset=\"https:\/\/help.tdoc.es\/wp-content\/uploads\/2021\/04\/Imagen3-200x115.png 200w, https:\/\/help.tdoc.es\/wp-content\/uploads\/2021\/04\/Imagen3-300x172.png 300w, https:\/\/help.tdoc.es\/wp-content\/uploads\/2021\/04\/Imagen3-400x230.png 400w, https:\/\/help.tdoc.es\/wp-content\/uploads\/2021\/04\/Imagen3.png 567w\" sizes=\"(max-width: 567px) 100vw, 567px\" \/><\/p>\n<p><img class=\"alignnone wp-image-16674 size-fusion-600\" src=\"https:\/\/help.tdoc.es\/wp-content\/uploads\/2022\/01\/47-600x67.png\" alt=\"\" width=\"600\" height=\"67\" srcset=\"https:\/\/help.tdoc.es\/wp-content\/uploads\/2022\/01\/47-200x22.png 200w, https:\/\/help.tdoc.es\/wp-content\/uploads\/2022\/01\/47-300x34.png 300w, https:\/\/help.tdoc.es\/wp-content\/uploads\/2022\/01\/47-400x45.png 400w, https:\/\/help.tdoc.es\/wp-content\/uploads\/2022\/01\/47-600x67.png 600w, https:\/\/help.tdoc.es\/wp-content\/uploads\/2022\/01\/47-768x86.png 768w, https:\/\/help.tdoc.es\/wp-content\/uploads\/2022\/01\/47-800x90.png 800w, https:\/\/help.tdoc.es\/wp-content\/uploads\/2022\/01\/47-1024x115.png 1024w, https:\/\/help.tdoc.es\/wp-content\/uploads\/2022\/01\/47.png 1151w\" sizes=\"(max-width: 600px) 100vw, 600px\" \/><\/p>\n<p>Em segundo lugar, deve incluir o tipo de acesso que disp\u00f5e:<\/p>\n<p>&#8211;<strong>Administrador<\/strong>. Permite dispor do perfil de Administrador do Sistema.<\/p>\n<p>&#8211;<span style=\"color: #ff0000;\">*<\/span><strong>ROLE_INDUCCI\u00d3N<\/strong>. Permite obter o acesso ao m\u00f3dulo de Indu\u00e7\u00e3o.<\/p>\n<p>&#8211;<span style=\"color: #ff0000;\">*<\/span><strong>ROLE_SINIESTRALIDAD<\/strong>. Permite obter o acesso ao m\u00f3dulo de Acidentalidade.<\/p>\n<p>&#8211;<span style=\"color: #ff0000;\">*<\/span><strong>ROLE_SINIESTRALIDAD_READONLY<\/strong>. Permite obter o acesso ao m\u00f3dulo de Acidentalidade, por\u00e9m, sem editar os dados.<\/p>\n<p>&#8211;<span style=\"color: #ff0000;\">*<\/span><strong>Gesti\u00f3n Documental-ActivityIssue<\/strong>. Permite dispor do aplicativo de Gest\u00e3o de Incidentes no acesso aos parques e\u00f3licos.<\/p>\n<p>&#8211;<span style=\"color: #ff0000;\">*<\/span><strong>Gesti\u00f3n Documental-EmergenccyManager<\/strong>. Permite dispor do aplicativo de Gest\u00e3o de respons\u00e1veis de emerg\u00eancia.<\/p>\n<p>Cada m\u00f3dulo disp\u00f5e de manual pr\u00f3prio onde especifica-se o tipo de acesso que proporciona cada um deles.<\/p>\n<\/div><style type=\"text\/css\"><\/style><div class=\"fusion-title title fusion-title-3 fusion-sep-none fusion-title-text fusion-title-size-two\" style=\"margin-top:0px;margin-right:0px;margin-bottom:31px;margin-left:0px;\"><h2 class=\"title-heading-left\" style=\"margin:0;\"><span style=\"color: #0375c9;\">2. Editar usu\u00e1rio<\/span><\/h2><\/div><div class=\"fusion-text fusion-text-3\"><p>Para modificar um usu\u00e1rio, em primeiro lugar, deve selecionar o usu\u00e1rio que deseja editar:<\/p>\n<p><img class=\"alignnone wp-image-16675 size-fusion-600\" src=\"https:\/\/help.tdoc.es\/wp-content\/uploads\/2022\/01\/48-600x223.png\" alt=\"\" width=\"600\" height=\"223\" srcset=\"https:\/\/help.tdoc.es\/wp-content\/uploads\/2022\/01\/48-200x74.png 200w, https:\/\/help.tdoc.es\/wp-content\/uploads\/2022\/01\/48-300x112.png 300w, https:\/\/help.tdoc.es\/wp-content\/uploads\/2022\/01\/48-400x149.png 400w, https:\/\/help.tdoc.es\/wp-content\/uploads\/2022\/01\/48-600x223.png 600w, https:\/\/help.tdoc.es\/wp-content\/uploads\/2022\/01\/48-768x286.png 768w, https:\/\/help.tdoc.es\/wp-content\/uploads\/2022\/01\/48-800x298.png 800w, https:\/\/help.tdoc.es\/wp-content\/uploads\/2022\/01\/48-1024x381.png 1024w, https:\/\/help.tdoc.es\/wp-content\/uploads\/2022\/01\/48.png 1031w\" sizes=\"(max-width: 600px) 100vw, 600px\" \/><\/p>\n<p><img class=\"alignnone wp-image-14314 size-full\" src=\"https:\/\/help.tdoc.es\/wp-content\/uploads\/2021\/04\/Imagen6.png\" alt=\"\" width=\"567\" height=\"214\" srcset=\"https:\/\/help.tdoc.es\/wp-content\/uploads\/2021\/04\/Imagen6-200x75.png 200w, https:\/\/help.tdoc.es\/wp-content\/uploads\/2021\/04\/Imagen6-300x113.png 300w, https:\/\/help.tdoc.es\/wp-content\/uploads\/2021\/04\/Imagen6-400x151.png 400w, https:\/\/help.tdoc.es\/wp-content\/uploads\/2021\/04\/Imagen6.png 567w\" sizes=\"(max-width: 567px) 100vw, 567px\" \/><\/p>\n<p>A edi\u00e7\u00e3o s\u00f3 permite modificar os dados dos tipos de acessos ou dados pessoais do usu\u00e1rio.<\/p>\n<p>Os dados de acesso (e-mail), n\u00e3o podem modificar-se.<\/p>\n<\/div><style type=\"text\/css\"><\/style><div class=\"fusion-title title fusion-title-4 fusion-sep-none fusion-title-text fusion-title-size-two\" style=\"margin-top:0px;margin-right:0px;margin-bottom:31px;margin-left:0px;\"><h2 class=\"title-heading-left\" style=\"margin:0;\"><span style=\"color: #0375c9;\">3. Eliminar usu\u00e1rio<\/span><\/h2><\/div><div class=\"fusion-text fusion-text-4\"><p>Para poder eliminar um usu\u00e1rio, primeiro deve selecion\u00e1-lo.<\/p>\n<p><img class=\"alignnone wp-image-16676 size-fusion-600\" src=\"https:\/\/help.tdoc.es\/wp-content\/uploads\/2022\/01\/49-600x237.png\" alt=\"\" width=\"600\" height=\"237\" srcset=\"https:\/\/help.tdoc.es\/wp-content\/uploads\/2022\/01\/49-200x79.png 200w, https:\/\/help.tdoc.es\/wp-content\/uploads\/2022\/01\/49-300x119.png 300w, https:\/\/help.tdoc.es\/wp-content\/uploads\/2022\/01\/49-400x158.png 400w, https:\/\/help.tdoc.es\/wp-content\/uploads\/2022\/01\/49-600x237.png 600w, https:\/\/help.tdoc.es\/wp-content\/uploads\/2022\/01\/49-768x304.png 768w, https:\/\/help.tdoc.es\/wp-content\/uploads\/2022\/01\/49-800x317.png 800w, https:\/\/help.tdoc.es\/wp-content\/uploads\/2022\/01\/49-1024x405.png 1024w, https:\/\/help.tdoc.es\/wp-content\/uploads\/2022\/01\/49.png 1142w\" sizes=\"(max-width: 600px) 100vw, 600px\" \/><\/p>\n<p><img class=\"alignnone wp-image-14320 size-full\" src=\"https:\/\/help.tdoc.es\/wp-content\/uploads\/2021\/04\/Imagen8-1.png\" alt=\"\" width=\"567\" height=\"214\" srcset=\"https:\/\/help.tdoc.es\/wp-content\/uploads\/2021\/04\/Imagen8-1-200x75.png 200w, https:\/\/help.tdoc.es\/wp-content\/uploads\/2021\/04\/Imagen8-1-300x113.png 300w, https:\/\/help.tdoc.es\/wp-content\/uploads\/2021\/04\/Imagen8-1-400x151.png 400w, https:\/\/help.tdoc.es\/wp-content\/uploads\/2021\/04\/Imagen8-1.png 567w\" sizes=\"(max-width: 567px) 100vw, 567px\" \/><\/p>\n<p>Aparece uma janela para a confirma\u00e7\u00e3o dos dados que deseja eliminar:<\/p>\n<p><img class=\"alignnone wp-image-14329 \" src=\"https:\/\/help.tdoc.es\/wp-content\/uploads\/2021\/04\/Imagen9-1.png\" alt=\"\" width=\"383\" height=\"163\" srcset=\"https:\/\/help.tdoc.es\/wp-content\/uploads\/2021\/04\/Imagen9-1-200x85.png 200w, https:\/\/help.tdoc.es\/wp-content\/uploads\/2021\/04\/Imagen9-1-300x128.png 300w, https:\/\/help.tdoc.es\/wp-content\/uploads\/2021\/04\/Imagen9-1.png 395w\" sizes=\"(max-width: 383px) 100vw, 383px\" \/><\/p>\n<p>No caso de que o usu\u00e1rio que quer eliminar disponha de algum outro perfil, n\u00e3o permite eliminar at\u00e9 que elimine todos os perfis que tenha:<\/p>\n<p><img class=\"alignnone wp-image-14323 \" src=\"https:\/\/help.tdoc.es\/wp-content\/uploads\/2021\/04\/Imagen10.png\" alt=\"\" width=\"381\" height=\"43\" srcset=\"https:\/\/help.tdoc.es\/wp-content\/uploads\/2021\/04\/Imagen10-200x23.png 200w, https:\/\/help.tdoc.es\/wp-content\/uploads\/2021\/04\/Imagen10-300x34.png 300w, https:\/\/help.tdoc.es\/wp-content\/uploads\/2021\/04\/Imagen10-400x45.png 400w, https:\/\/help.tdoc.es\/wp-content\/uploads\/2021\/04\/Imagen10.png 567w\" sizes=\"(max-width: 381px) 100vw, 381px\" \/><\/p>\n<\/div><div class=\"fusion-clearfix\"><\/div><\/div><\/div><\/div><\/div>\n","protected":false},"excerpt":{"rendered":"","protected":false},"author":5,"featured_media":0,"parent":0,"menu_order":0,"comment_status":"closed","ping_status":"closed","template":"","meta":[],"_links":{"self":[{"href":"https:\/\/help.tdoc.es\/index.php\/wp-json\/wp\/v2\/pages\/16672"}],"collection":[{"href":"https:\/\/help.tdoc.es\/index.php\/wp-json\/wp\/v2\/pages"}],"about":[{"href":"https:\/\/help.tdoc.es\/index.php\/wp-json\/wp\/v2\/types\/page"}],"author":[{"embeddable":true,"href":"https:\/\/help.tdoc.es\/index.php\/wp-json\/wp\/v2\/users\/5"}],"replies":[{"embeddable":true,"href":"https:\/\/help.tdoc.es\/index.php\/wp-json\/wp\/v2\/comments?post=16672"}],"version-history":[{"count":1,"href":"https:\/\/help.tdoc.es\/index.php\/wp-json\/wp\/v2\/pages\/16672\/revisions"}],"predecessor-version":[{"id":16677,"href":"https:\/\/help.tdoc.es\/index.php\/wp-json\/wp\/v2\/pages\/16672\/revisions\/16677"}],"wp:attachment":[{"href":"https:\/\/help.tdoc.es\/index.php\/wp-json\/wp\/v2\/media?parent=16672"}],"curies":[{"name":"wp","href":"https:\/\/api.w.org\/{rel}","templated":true}]}}