{"id":16651,"date":"2021-12-28T11:13:28","date_gmt":"2021-12-28T11:13:28","guid":{"rendered":"https:\/\/help.tdoc.es\/?page_id=16651"},"modified":"2023-12-18T20:52:58","modified_gmt":"2023-12-18T20:52:58","slug":"mover-veiculos-entre-empresas","status":"publish","type":"page","link":"https:\/\/help.tdoc.es\/index.php\/pt\/mover-veiculos-entre-empresas\/","title":{"rendered":"Mover ve\u00edculos entre empresas"},"content":{"rendered":"<div class=\"fusion-fullwidth fullwidth-box fusion-builder-row-1 nonhundred-percent-fullwidth non-hundred-percent-height-scrolling\" style=\"background-color: rgba(255,255,255,0);background-position: center center;background-repeat: no-repeat;padding-top:20px;padding-right:0px;padding-bottom:20px;padding-left:0px;margin-bottom: 0px;margin-top: 0px;border-width: 0px 0px 0px 0px;border-color:#eae9e9;border-style:solid;\" ><div class=\"fusion-builder-row fusion-row\"><div class=\"fusion-layout-column fusion_builder_column fusion-builder-column-0 fusion_builder_column_1_1 1_1 fusion-one-full fusion-column-first fusion-column-last\" style=\"margin-top:0px;margin-bottom:20px;\"><div class=\"fusion-column-wrapper fusion-flex-column-wrapper-legacy\" style=\"background-position:left top;background-repeat:no-repeat;-webkit-background-size:cover;-moz-background-size:cover;-o-background-size:cover;background-size:cover;padding: 0px 0px 0px 0px;\"><style type=\"text\/css\"><\/style><div class=\"fusion-title title fusion-title-1 fusion-sep-none fusion-title-text fusion-title-size-one\" style=\"margin-top:0px;margin-right:0px;margin-bottom:31px;margin-left:0px;\"><h1 class=\"title-heading-left\" style=\"margin:0;\"><p><span style=\"color: #0375c9;\">MOVER VE\u00cdCULOS ENTRE EMPRESAS<br \/>\n<\/span><\/p><\/h1><\/div><div class=\"fusion-text fusion-text-1\"><p>Permite transferir ve\u00edculos (ativos) de uma empresa de origem a outra de destino.<\/p>\n<p>Os ve\u00edculos transferidos, ser\u00e3o desassociados das tarefas as que estavam associados.<\/p>\n<p>N\u00c3O ser\u00e3o transferidos os ve\u00edculos inativos. Se for necess\u00e1rio mover tamb\u00e9m os inativos, deve ativar-los em origem. Uma vez forem transferidos ao destino, inativar-los se for necess\u00e1rio.<\/p>\n<p>Se o ve\u00edculo j\u00e1 existir no destino, n\u00e3o permite a transfer\u00eancia.<\/p>\n<p>A documenta\u00e7\u00e3o ser\u00e1 mantida, inclu\u00eddo o hist\u00f3rico.<\/p>\n<p><img class=\"alignnone wp-image-15118 size-full\" src=\"https:\/\/help.tdoc.es\/wp-content\/uploads\/2021\/05\/Imagen1-7.png\" alt=\"\" width=\"680\" height=\"83\" srcset=\"https:\/\/help.tdoc.es\/wp-content\/uploads\/2021\/05\/Imagen1-7-200x24.png 200w, https:\/\/help.tdoc.es\/wp-content\/uploads\/2021\/05\/Imagen1-7-300x37.png 300w, https:\/\/help.tdoc.es\/wp-content\/uploads\/2021\/05\/Imagen1-7-400x49.png 400w, https:\/\/help.tdoc.es\/wp-content\/uploads\/2021\/05\/Imagen1-7-600x73.png 600w, https:\/\/help.tdoc.es\/wp-content\/uploads\/2021\/05\/Imagen1-7-669x83.png 669w, https:\/\/help.tdoc.es\/wp-content\/uploads\/2021\/05\/Imagen1-7.png 680w\" sizes=\"(max-width: 680px) 100vw, 680px\" \/><\/p>\n<p>1.Sele\u00e7\u00e3o da empresa de origem.<\/p>\n<p><img class=\"alignnone wp-image-15119 size-full\" src=\"https:\/\/help.tdoc.es\/wp-content\/uploads\/2021\/05\/Imagen2-6.png\" alt=\"\" width=\"567\" height=\"150\" srcset=\"https:\/\/help.tdoc.es\/wp-content\/uploads\/2021\/05\/Imagen2-6-200x53.png 200w, https:\/\/help.tdoc.es\/wp-content\/uploads\/2021\/05\/Imagen2-6-300x79.png 300w, https:\/\/help.tdoc.es\/wp-content\/uploads\/2021\/05\/Imagen2-6-400x106.png 400w, https:\/\/help.tdoc.es\/wp-content\/uploads\/2021\/05\/Imagen2-6.png 567w\" sizes=\"(max-width: 567px) 100vw, 567px\" \/><\/p>\n<p>2. Sele\u00e7\u00e3o dos ve\u00edculos a transferir. Apenas os que desejar mover.<\/p>\n<p><img class=\"alignnone wp-image-15120 size-full\" src=\"https:\/\/help.tdoc.es\/wp-content\/uploads\/2021\/05\/Imagen3-8.png\" alt=\"\" width=\"567\" height=\"167\" srcset=\"https:\/\/help.tdoc.es\/wp-content\/uploads\/2021\/05\/Imagen3-8-200x59.png 200w, https:\/\/help.tdoc.es\/wp-content\/uploads\/2021\/05\/Imagen3-8-300x88.png 300w, https:\/\/help.tdoc.es\/wp-content\/uploads\/2021\/05\/Imagen3-8-400x118.png 400w, https:\/\/help.tdoc.es\/wp-content\/uploads\/2021\/05\/Imagen3-8.png 567w\" sizes=\"(max-width: 567px) 100vw, 567px\" \/><\/p>\n<p>3. Sele\u00e7\u00e3o da empresa de destino.<\/p>\n<p><img class=\"alignnone wp-image-15121 size-full\" src=\"https:\/\/help.tdoc.es\/wp-content\/uploads\/2021\/05\/Imagen4-2.png\" alt=\"\" width=\"567\" height=\"146\" srcset=\"https:\/\/help.tdoc.es\/wp-content\/uploads\/2021\/05\/Imagen4-2-200x51.png 200w, https:\/\/help.tdoc.es\/wp-content\/uploads\/2021\/05\/Imagen4-2-300x77.png 300w, https:\/\/help.tdoc.es\/wp-content\/uploads\/2021\/05\/Imagen4-2-400x103.png 400w, https:\/\/help.tdoc.es\/wp-content\/uploads\/2021\/05\/Imagen4-2.png 567w\" sizes=\"(max-width: 567px) 100vw, 567px\" \/><\/p>\n<p>4. Confirma\u00e7\u00e3o das modifica\u00e7\u00f5es.<\/p>\n<p><img class=\"alignnone wp-image-15123 size-full\" src=\"https:\/\/help.tdoc.es\/wp-content\/uploads\/2021\/05\/Imagen5-6.png\" alt=\"\" width=\"567\" height=\"79\" srcset=\"https:\/\/help.tdoc.es\/wp-content\/uploads\/2021\/05\/Imagen5-6-200x28.png 200w, https:\/\/help.tdoc.es\/wp-content\/uploads\/2021\/05\/Imagen5-6-300x42.png 300w, https:\/\/help.tdoc.es\/wp-content\/uploads\/2021\/05\/Imagen5-6-400x56.png 400w, https:\/\/help.tdoc.es\/wp-content\/uploads\/2021\/05\/Imagen5-6.png 567w\" sizes=\"(max-width: 567px) 100vw, 567px\" \/><\/p>\n<p>Clicar &#8216;Guardar&#8217;.<\/p>\n<\/div><div class=\"fusion-clearfix\"><\/div><\/div><\/div><\/div><\/div>\n","protected":false},"excerpt":{"rendered":"","protected":false},"author":5,"featured_media":0,"parent":0,"menu_order":0,"comment_status":"closed","ping_status":"closed","template":"","meta":[],"_links":{"self":[{"href":"https:\/\/help.tdoc.es\/index.php\/wp-json\/wp\/v2\/pages\/16651"}],"collection":[{"href":"https:\/\/help.tdoc.es\/index.php\/wp-json\/wp\/v2\/pages"}],"about":[{"href":"https:\/\/help.tdoc.es\/index.php\/wp-json\/wp\/v2\/types\/page"}],"author":[{"embeddable":true,"href":"https:\/\/help.tdoc.es\/index.php\/wp-json\/wp\/v2\/users\/5"}],"replies":[{"embeddable":true,"href":"https:\/\/help.tdoc.es\/index.php\/wp-json\/wp\/v2\/comments?post=16651"}],"version-history":[{"count":1,"href":"https:\/\/help.tdoc.es\/index.php\/wp-json\/wp\/v2\/pages\/16651\/revisions"}],"predecessor-version":[{"id":16652,"href":"https:\/\/help.tdoc.es\/index.php\/wp-json\/wp\/v2\/pages\/16651\/revisions\/16652"}],"wp:attachment":[{"href":"https:\/\/help.tdoc.es\/index.php\/wp-json\/wp\/v2\/media?parent=16651"}],"curies":[{"name":"wp","href":"https:\/\/api.w.org\/{rel}","templated":true}]}}