{"id":16648,"date":"2021-12-28T11:09:58","date_gmt":"2021-12-28T11:09:58","guid":{"rendered":"https:\/\/help.tdoc.es\/?page_id=16648"},"modified":"2023-12-18T21:03:51","modified_gmt":"2023-12-18T21:03:51","slug":"tutorial-para-modificar-o-estado-dos-requisitos","status":"publish","type":"page","link":"https:\/\/help.tdoc.es\/index.php\/pt\/tutorial-para-modificar-o-estado-dos-requisitos\/","title":{"rendered":"Tutorial para modificar o estado dos requisitos"},"content":{"rendered":"<div class=\"fusion-fullwidth fullwidth-box fusion-builder-row-1 nonhundred-percent-fullwidth non-hundred-percent-height-scrolling\" style=\"background-color: rgba(255,255,255,0);background-position: center center;background-repeat: no-repeat;padding-top:20px;padding-right:0px;padding-bottom:20px;padding-left:0px;margin-bottom: 0px;margin-top: 0px;border-width: 0px 0px 0px 0px;border-color:#eae9e9;border-style:solid;\" ><div class=\"fusion-builder-row fusion-row\"><div class=\"fusion-layout-column fusion_builder_column fusion-builder-column-0 fusion_builder_column_1_1 1_1 fusion-one-full fusion-column-first fusion-column-last\" style=\"margin-top:0px;margin-bottom:20px;\"><div class=\"fusion-column-wrapper fusion-flex-column-wrapper-legacy\" style=\"background-position:left top;background-repeat:no-repeat;-webkit-background-size:cover;-moz-background-size:cover;-o-background-size:cover;background-size:cover;padding: 0px 0px 0px 0px;\"><style type=\"text\/css\"><\/style><div class=\"fusion-title title fusion-title-1 fusion-sep-none fusion-title-text fusion-title-size-one\" style=\"margin-top:0px;margin-right:0px;margin-bottom:31px;margin-left:0px;\"><h1 class=\"title-heading-left\" style=\"margin:0;\"><p><span style=\"color: #0375c9;\">TUTORIAL PARA MODIFICAR O ESTADO DOS REQUISITOS<br \/>\n<\/span><\/p><\/h1><\/div><div class=\"fusion-text fusion-text-1\"><p>Permite modificar a massivamente o estado da documenta\u00e7\u00e3o.<\/p>\n<p>1.Selecionar a empresa.<\/p>\n<p><img class=\"alignnone wp-image-15439 size-full\" src=\"https:\/\/help.tdoc.es\/wp-content\/uploads\/2021\/05\/Imagen1-12.png\" alt=\"\" width=\"567\" height=\"141\" srcset=\"https:\/\/help.tdoc.es\/wp-content\/uploads\/2021\/05\/Imagen1-12-200x50.png 200w, https:\/\/help.tdoc.es\/wp-content\/uploads\/2021\/05\/Imagen1-12-300x75.png 300w, https:\/\/help.tdoc.es\/wp-content\/uploads\/2021\/05\/Imagen1-12-400x99.png 400w, https:\/\/help.tdoc.es\/wp-content\/uploads\/2021\/05\/Imagen1-12.png 567w\" sizes=\"(max-width: 567px) 100vw, 567px\" \/><\/p>\n<p>2.Selecionar o estado no qual ficar\u00e1 a entrega<\/p>\n<p><img class=\"alignnone wp-image-15440 size-full\" src=\"https:\/\/help.tdoc.es\/wp-content\/uploads\/2021\/05\/Imagen2-10.png\" alt=\"\" width=\"567\" height=\"59\" srcset=\"https:\/\/help.tdoc.es\/wp-content\/uploads\/2021\/05\/Imagen2-10-200x21.png 200w, https:\/\/help.tdoc.es\/wp-content\/uploads\/2021\/05\/Imagen2-10-300x31.png 300w, https:\/\/help.tdoc.es\/wp-content\/uploads\/2021\/05\/Imagen2-10-400x42.png 400w, https:\/\/help.tdoc.es\/wp-content\/uploads\/2021\/05\/Imagen2-10.png 567w\" sizes=\"(max-width: 567px) 100vw, 567px\" \/><\/p>\n<p>3.Selecionar a documenta\u00e7\u00e3o que ser\u00e1 alterada pela modifica\u00e7\u00e3o:<\/p>\n<ul>\n<li>Tipo entrega (para uma \u00fanica entrega)<\/li>\n<li>Empresa\/colaboradores\/ve\u00edculos: selecionar empresa, colaborador e ve\u00edculos\u00a0 (para v\u00e1rias entregas)<\/li>\n<\/ul>\n<p><img class=\"alignnone wp-image-15601 size-full\" src=\"https:\/\/help.tdoc.es\/wp-content\/uploads\/2021\/05\/Imagen3-13.png\" alt=\"\" width=\"567\" height=\"68\" srcset=\"https:\/\/help.tdoc.es\/wp-content\/uploads\/2021\/05\/Imagen3-13-200x24.png 200w, https:\/\/help.tdoc.es\/wp-content\/uploads\/2021\/05\/Imagen3-13-300x36.png 300w, https:\/\/help.tdoc.es\/wp-content\/uploads\/2021\/05\/Imagen3-13-400x48.png 400w, https:\/\/help.tdoc.es\/wp-content\/uploads\/2021\/05\/Imagen3-13.png 567w\" sizes=\"(max-width: 567px) 100vw, 567px\" \/><\/p>\n<p>4. Selecionar as entregas que n\u00e3o deseja modificar o estado.<\/p>\n<p>5. Selecionar a data de vencimento para a entrega. Marcar o dia no qual ter\u00e1 vencimento.<\/p>\n<p><img class=\"alignnone wp-image-15602 size-full\" src=\"https:\/\/help.tdoc.es\/wp-content\/uploads\/2021\/05\/Imagen5-9.png\" alt=\"\" width=\"567\" height=\"243\" srcset=\"https:\/\/help.tdoc.es\/wp-content\/uploads\/2021\/05\/Imagen5-9-200x86.png 200w, https:\/\/help.tdoc.es\/wp-content\/uploads\/2021\/05\/Imagen5-9-300x129.png 300w, https:\/\/help.tdoc.es\/wp-content\/uploads\/2021\/05\/Imagen5-9-400x171.png 400w, https:\/\/help.tdoc.es\/wp-content\/uploads\/2021\/05\/Imagen5-9.png 567w\" sizes=\"(max-width: 567px) 100vw, 567px\" \/><\/p>\n<p>6. Vista Pr\u00e9via.<\/p>\n<p><img class=\"alignnone wp-image-15603 size-full\" src=\"https:\/\/help.tdoc.es\/wp-content\/uploads\/2021\/05\/Imagen6-4.png\" alt=\"\" width=\"567\" height=\"243\" srcset=\"https:\/\/help.tdoc.es\/wp-content\/uploads\/2021\/05\/Imagen6-4-200x86.png 200w, https:\/\/help.tdoc.es\/wp-content\/uploads\/2021\/05\/Imagen6-4-300x129.png 300w, https:\/\/help.tdoc.es\/wp-content\/uploads\/2021\/05\/Imagen6-4-400x171.png 400w, https:\/\/help.tdoc.es\/wp-content\/uploads\/2021\/05\/Imagen6-4.png 567w\" sizes=\"(max-width: 567px) 100vw, 567px\" \/><\/p>\n<\/div><div class=\"fusion-clearfix\"><\/div><\/div><\/div><\/div><\/div>\n","protected":false},"excerpt":{"rendered":"","protected":false},"author":5,"featured_media":0,"parent":0,"menu_order":0,"comment_status":"closed","ping_status":"closed","template":"","meta":[],"_links":{"self":[{"href":"https:\/\/help.tdoc.es\/index.php\/wp-json\/wp\/v2\/pages\/16648"}],"collection":[{"href":"https:\/\/help.tdoc.es\/index.php\/wp-json\/wp\/v2\/pages"}],"about":[{"href":"https:\/\/help.tdoc.es\/index.php\/wp-json\/wp\/v2\/types\/page"}],"author":[{"embeddable":true,"href":"https:\/\/help.tdoc.es\/index.php\/wp-json\/wp\/v2\/users\/5"}],"replies":[{"embeddable":true,"href":"https:\/\/help.tdoc.es\/index.php\/wp-json\/wp\/v2\/comments?post=16648"}],"version-history":[{"count":1,"href":"https:\/\/help.tdoc.es\/index.php\/wp-json\/wp\/v2\/pages\/16648\/revisions"}],"predecessor-version":[{"id":16649,"href":"https:\/\/help.tdoc.es\/index.php\/wp-json\/wp\/v2\/pages\/16648\/revisions\/16649"}],"wp:attachment":[{"href":"https:\/\/help.tdoc.es\/index.php\/wp-json\/wp\/v2\/media?parent=16648"}],"curies":[{"name":"wp","href":"https:\/\/api.w.org\/{rel}","templated":true}]}}