{"id":16645,"date":"2021-12-28T11:02:33","date_gmt":"2021-12-28T11:02:33","guid":{"rendered":"https:\/\/help.tdoc.es\/?page_id=16645"},"modified":"2023-12-18T20:49:15","modified_gmt":"2023-12-18T20:49:15","slug":"modificacao-massiva-entregas","status":"publish","type":"page","link":"https:\/\/help.tdoc.es\/index.php\/pt\/modificacao-massiva-entregas\/","title":{"rendered":"Modifica\u00e7\u00e3o massiva entregas"},"content":{"rendered":"<div class=\"fusion-fullwidth fullwidth-box fusion-builder-row-1 nonhundred-percent-fullwidth non-hundred-percent-height-scrolling\" style=\"background-color: rgba(255,255,255,0);background-position: center center;background-repeat: no-repeat;padding-top:20px;padding-right:0px;padding-bottom:20px;padding-left:0px;margin-bottom: 0px;margin-top: 0px;border-width: 0px 0px 0px 0px;border-color:#eae9e9;border-style:solid;\" ><div class=\"fusion-builder-row fusion-row\"><div class=\"fusion-layout-column fusion_builder_column fusion-builder-column-0 fusion_builder_column_1_1 1_1 fusion-one-full fusion-column-first fusion-column-last\" style=\"margin-top:0px;margin-bottom:20px;\"><div class=\"fusion-column-wrapper fusion-flex-column-wrapper-legacy\" style=\"background-position:left top;background-repeat:no-repeat;-webkit-background-size:cover;-moz-background-size:cover;-o-background-size:cover;background-size:cover;padding: 0px 0px 0px 0px;\"><style type=\"text\/css\"><\/style><div class=\"fusion-title title fusion-title-1 fusion-sep-none fusion-title-text fusion-title-size-one\" style=\"margin-top:0px;margin-right:0px;margin-bottom:31px;margin-left:0px;\"><h1 class=\"title-heading-left\" style=\"margin:0;\"><p><span style=\"color: #0375c9;\">MODIFICA\u00c7\u00c3O MASSIVA ENTREGAS<\/span><\/p>\n<p><span style=\"color: #0375c9;\">\u00a0<\/span><\/p><\/h1><\/div><div class=\"fusion-text fusion-text-1\"><p>Permite modificar de forma massiva as entregas.<\/p>\n<p><strong>1)S<\/strong><strong>elecionar a entrega. Se o processo for para v\u00e1rias entregas, deve ser feito uma a uma. <\/strong><\/p>\n<p><img class=\"alignnone wp-image-15035 size-full\" src=\"https:\/\/help.tdoc.es\/wp-content\/uploads\/2021\/05\/Imagen1-5.png\" alt=\"\" width=\"567\" height=\"172\" srcset=\"https:\/\/help.tdoc.es\/wp-content\/uploads\/2021\/05\/Imagen1-5-200x61.png 200w, https:\/\/help.tdoc.es\/wp-content\/uploads\/2021\/05\/Imagen1-5-300x91.png 300w, https:\/\/help.tdoc.es\/wp-content\/uploads\/2021\/05\/Imagen1-5-400x121.png 400w, https:\/\/help.tdoc.es\/wp-content\/uploads\/2021\/05\/Imagen1-5.png 567w\" sizes=\"(max-width: 567px) 100vw, 567px\" \/><\/p>\n<p><strong>2)S<\/strong><strong>ecionar entre as seguintes op\u00e7\u00f5es e combina\u00e7\u00f5es: <\/strong><\/p>\n<p>a) Modificar estado<\/p>\n<p>b) Modificar vencimento<\/p>\n<p>c) Modificar a data de vencimento<\/p>\n<p>d) Adicionar \u00fanicamente anota\u00e7\u00f5es<\/p>\n<p>e) Revalidar entregas<\/p>\n<p><img class=\"alignnone wp-image-15036 size-full\" src=\"https:\/\/help.tdoc.es\/wp-content\/uploads\/2021\/05\/Imagen2-4.png\" alt=\"\" width=\"568\" height=\"97\" srcset=\"https:\/\/help.tdoc.es\/wp-content\/uploads\/2021\/05\/Imagen2-4-200x34.png 200w, https:\/\/help.tdoc.es\/wp-content\/uploads\/2021\/05\/Imagen2-4-300x51.png 300w, https:\/\/help.tdoc.es\/wp-content\/uploads\/2021\/05\/Imagen2-4-400x68.png 400w, https:\/\/help.tdoc.es\/wp-content\/uploads\/2021\/05\/Imagen2-4.png 568w\" sizes=\"(max-width: 568px) 100vw, 568px\" \/><\/p>\n<p>a) <strong>Op\u00e7\u00e3o MODIFICAR ESTADO<\/strong><\/p>\n<p>1. Possibilidades:<\/p>\n<ul>\n<li>Modificar o estado a \u201cPendente de revis\u00e3o\u201d<\/li>\n<li>Modificar estado a \u201cIncorreto\u201d<\/li>\n<\/ul>\n<p>Outros dados de interesse:<\/p>\n<ul>\n<li>Anota\u00e7\u00f5es<\/li>\n<li>N\u00e3o modificar elementos vencidos<\/li>\n<li>N\u00e3o modificar se a data de vencimento for mais restritiva<\/li>\n<\/ul>\n<p><img class=\"alignnone wp-image-15037 size-full\" src=\"https:\/\/help.tdoc.es\/wp-content\/uploads\/2021\/05\/Imagen3-4.png\" alt=\"\" width=\"567\" height=\"137\" srcset=\"https:\/\/help.tdoc.es\/wp-content\/uploads\/2021\/05\/Imagen3-4-200x48.png 200w, https:\/\/help.tdoc.es\/wp-content\/uploads\/2021\/05\/Imagen3-4-300x72.png 300w, https:\/\/help.tdoc.es\/wp-content\/uploads\/2021\/05\/Imagen3-4-400x97.png 400w, https:\/\/help.tdoc.es\/wp-content\/uploads\/2021\/05\/Imagen3-4.png 567w\" sizes=\"(max-width: 567px) 100vw, 567px\" \/><\/p>\n<p><img class=\"alignnone wp-image-15038 size-full\" src=\"https:\/\/help.tdoc.es\/wp-content\/uploads\/2021\/05\/Imagen4.png\" alt=\"\" width=\"234\" height=\"57\" srcset=\"https:\/\/help.tdoc.es\/wp-content\/uploads\/2021\/05\/Imagen4-200x49.png 200w, https:\/\/help.tdoc.es\/wp-content\/uploads\/2021\/05\/Imagen4.png 234w\" sizes=\"(max-width: 234px) 100vw, 234px\" \/><\/p>\n<p>2. Informa\u00e7\u00e3o:<\/p>\n<ul>\n<li>Resumo<\/li>\n<li>Quantidade de entregas que ser\u00e3o modificadas<\/li>\n<li>Excel con la informaci\u00f3n de las entregas que se va a modificar<\/li>\n<\/ul>\n<p><img class=\"alignnone wp-image-15039 size-full\" src=\"https:\/\/help.tdoc.es\/wp-content\/uploads\/2021\/05\/Imagen5-3.png\" alt=\"\" width=\"561\" height=\"173\" srcset=\"https:\/\/help.tdoc.es\/wp-content\/uploads\/2021\/05\/Imagen5-3-200x62.png 200w, https:\/\/help.tdoc.es\/wp-content\/uploads\/2021\/05\/Imagen5-3-300x93.png 300w, https:\/\/help.tdoc.es\/wp-content\/uploads\/2021\/05\/Imagen5-3-400x123.png 400w, https:\/\/help.tdoc.es\/wp-content\/uploads\/2021\/05\/Imagen5-3.png 561w\" sizes=\"(max-width: 561px) 100vw, 561px\" \/><\/p>\n<p>3. Guardar<\/p>\n<p><strong>b) Op\u00e7\u00e3o MODIFICAR VENCIMENTO <\/strong><\/p>\n<p>1.Possibilidades: estabelecer o vencimento que deseja aplicar.<\/p>\n<p>Outros dados de interesse:<\/p>\n<ul>\n<li>Vencimento<\/li>\n<li>Anota\u00e7\u00f5es<\/li>\n<li>N\u00e3o modificar elementos vencidos<\/li>\n<li>N\u00e3o modificar se a data de vencimento for mais restritiva<\/li>\n<\/ul>\n<p><img class=\"alignnone wp-image-15055 size-full\" src=\"https:\/\/help.tdoc.es\/wp-content\/uploads\/2021\/05\/Imagen6-2.png\" alt=\"\" width=\"359\" height=\"92\" srcset=\"https:\/\/help.tdoc.es\/wp-content\/uploads\/2021\/05\/Imagen6-2-200x51.png 200w, https:\/\/help.tdoc.es\/wp-content\/uploads\/2021\/05\/Imagen6-2-300x77.png 300w, https:\/\/help.tdoc.es\/wp-content\/uploads\/2021\/05\/Imagen6-2.png 359w\" sizes=\"(max-width: 359px) 100vw, 359px\" \/><\/p>\n<p>2. Informa\u00e7\u00e3o:<\/p>\n<ul>\n<li>Resumo<\/li>\n<li>Quantidade de entregas que ser\u00e3o modificadas<\/li>\n<li>Excel com a informa\u00e7\u00e3o das entregas que ser\u00e3o modificadas<\/li>\n<\/ul>\n<p><img class=\"alignnone wp-image-15056 size-full\" src=\"https:\/\/help.tdoc.es\/wp-content\/uploads\/2021\/05\/Imagen7-2.png\" alt=\"\" width=\"561\" height=\"173\" srcset=\"https:\/\/help.tdoc.es\/wp-content\/uploads\/2021\/05\/Imagen7-2-200x62.png 200w, https:\/\/help.tdoc.es\/wp-content\/uploads\/2021\/05\/Imagen7-2-300x93.png 300w, https:\/\/help.tdoc.es\/wp-content\/uploads\/2021\/05\/Imagen7-2-400x123.png 400w, https:\/\/help.tdoc.es\/wp-content\/uploads\/2021\/05\/Imagen7-2.png 561w\" sizes=\"(max-width: 561px) 100vw, 561px\" \/><\/p>\n<p>3. Guardar<\/p>\n<p><strong>c) Op\u00e7\u00e3o MODIFICAR DATA DE VENCIMENTO <\/strong><\/p>\n<p>1.Possibilidades: establecer la validez que se quiere que la entrega caduque.<\/p>\n<p>Outros dados de interesse:<\/p>\n<ul>\n<li>Anota\u00e7\u00f5es<\/li>\n<li>N\u00e3o modificar elementos vencidos<\/li>\n<li>N\u00e3o modificar se a data de vencimento for mais restritiva<\/li>\n<\/ul>\n<p><img class=\"alignnone wp-image-15058 size-full\" src=\"https:\/\/help.tdoc.es\/wp-content\/uploads\/2021\/05\/Imagen8-3.png\" alt=\"\" width=\"567\" height=\"152\" srcset=\"https:\/\/help.tdoc.es\/wp-content\/uploads\/2021\/05\/Imagen8-3-200x54.png 200w, https:\/\/help.tdoc.es\/wp-content\/uploads\/2021\/05\/Imagen8-3-300x80.png 300w, https:\/\/help.tdoc.es\/wp-content\/uploads\/2021\/05\/Imagen8-3-400x107.png 400w, https:\/\/help.tdoc.es\/wp-content\/uploads\/2021\/05\/Imagen8-3.png 567w\" sizes=\"(max-width: 567px) 100vw, 567px\" \/><\/p>\n<p>2. Informa\u00e7\u00e3o:<\/p>\n<ul>\n<li>Resumo<\/li>\n<li>Quantidade de entregas que ser\u00e3o modificadas<\/li>\n<li>Excel com a informa\u00e7\u00e3o das entregas que ser\u00e3o modificadas<\/li>\n<\/ul>\n<p><img class=\"alignnone wp-image-15041 size-full\" src=\"https:\/\/help.tdoc.es\/wp-content\/uploads\/2021\/05\/Imagen7-1.png\" alt=\"\" width=\"561\" height=\"173\" srcset=\"https:\/\/help.tdoc.es\/wp-content\/uploads\/2021\/05\/Imagen7-1-200x62.png 200w, https:\/\/help.tdoc.es\/wp-content\/uploads\/2021\/05\/Imagen7-1-300x93.png 300w, https:\/\/help.tdoc.es\/wp-content\/uploads\/2021\/05\/Imagen7-1-400x123.png 400w, https:\/\/help.tdoc.es\/wp-content\/uploads\/2021\/05\/Imagen7-1.png 561w\" sizes=\"(max-width: 561px) 100vw, 561px\" \/><\/p>\n<p>3. Guardar<\/p>\n<p><strong>d) Op\u00e7\u00e3o ADICIONAR \u00daNICAMENTE ANOTA\u00c7\u00d5ES<\/strong><\/p>\n<p>1.Possibilidades:Estabelecer o vencimento que deseja aplicar.<\/p>\n<p>Outros dados de interesse:<\/p>\n<ul>\n<li>Anota\u00e7\u00f5es<\/li>\n<li>N\u00e3o modificar elementos vencidos<\/li>\n<li>N\u00e3o modificar se a data de vencimento for mais restritiva<\/li>\n<\/ul>\n<p><img class=\"alignnone wp-image-15059 size-full\" src=\"https:\/\/help.tdoc.es\/wp-content\/uploads\/2021\/05\/Imagen10-4.png\" alt=\"\" width=\"567\" height=\"141\" srcset=\"https:\/\/help.tdoc.es\/wp-content\/uploads\/2021\/05\/Imagen10-4-200x50.png 200w, https:\/\/help.tdoc.es\/wp-content\/uploads\/2021\/05\/Imagen10-4-300x75.png 300w, https:\/\/help.tdoc.es\/wp-content\/uploads\/2021\/05\/Imagen10-4-400x99.png 400w, https:\/\/help.tdoc.es\/wp-content\/uploads\/2021\/05\/Imagen10-4.png 567w\" sizes=\"(max-width: 567px) 100vw, 567px\" \/><\/p>\n<p>2. Informa\u00e7\u00e3o:<\/p>\n<ul>\n<li>Resumo<\/li>\n<li>Quantidade de entregas que ser\u00e3o modificadas<\/li>\n<li>Excel com a informa\u00e7\u00e3o das entregas que ser\u00e3o modificadas<\/li>\n<\/ul>\n<p><img class=\"alignnone wp-image-15060 size-full\" src=\"https:\/\/help.tdoc.es\/wp-content\/uploads\/2021\/05\/Imagen11-4.png\" alt=\"\" width=\"561\" height=\"173\" srcset=\"https:\/\/help.tdoc.es\/wp-content\/uploads\/2021\/05\/Imagen11-4-200x62.png 200w, https:\/\/help.tdoc.es\/wp-content\/uploads\/2021\/05\/Imagen11-4-300x93.png 300w, https:\/\/help.tdoc.es\/wp-content\/uploads\/2021\/05\/Imagen11-4-400x123.png 400w, https:\/\/help.tdoc.es\/wp-content\/uploads\/2021\/05\/Imagen11-4.png 561w\" sizes=\"(max-width: 561px) 100vw, 561px\" \/><\/p>\n<p>3. Guardar<\/p>\n<p><strong>e) Op\u00e7\u00e3o REVALIDAR ENTREGAS<\/strong><\/p>\n<p>1.Possibilidades:<\/p>\n<ul>\n<li>C\u00f3digo de revalida\u00e7\u00e3o: permite selecionar as revalida\u00e7\u00f5es com este c\u00f3digo.<\/li>\n<li>Apenas vis\u00edvel para o Administrador: permite que a revalida\u00e7\u00e3o seja realizada pelo perfil Administrador.<\/li>\n<li>N\u00e3o vis\u00edvel apenas para o Administrador: permite que outros Administradores possam revalidar, sempre e quando seu perfil permita realizar revalida\u00e7\u00f5es.<\/li>\n<li>Notas de revalida\u00e7\u00e3o: indicaciones en cuanto a la revalidaci\u00f3n. Estas notas aparecen cuando revalidas.<\/li>\n<li>Op\u00e7\u00f5es de revalida\u00e7\u00e3o: Todas, Corretas, Incorretas, Vencidas<\/li>\n<li>N\u00e3o aparecem outros dados de interesse.<\/li>\n<\/ul>\n<p><img class=\"alignnone wp-image-15049 size-full\" src=\"https:\/\/help.tdoc.es\/wp-content\/uploads\/2021\/05\/Imagen12-2.png\" alt=\"\" width=\"567\" height=\"250\" srcset=\"https:\/\/help.tdoc.es\/wp-content\/uploads\/2021\/05\/Imagen12-2-200x88.png 200w, https:\/\/help.tdoc.es\/wp-content\/uploads\/2021\/05\/Imagen12-2-300x132.png 300w, https:\/\/help.tdoc.es\/wp-content\/uploads\/2021\/05\/Imagen12-2-400x176.png 400w, https:\/\/help.tdoc.es\/wp-content\/uploads\/2021\/05\/Imagen12-2.png 567w\" sizes=\"(max-width: 567px) 100vw, 567px\" \/><\/p>\n<p>2. Informa\u00e7\u00e3o:<\/p>\n<ul>\n<li>Resumo<\/li>\n<li>Quantidade de entregas que ser\u00e3o modificadas<\/li>\n<li>Excel com a informa\u00e7\u00e3o das entregas que ser\u00e3o modificadas. Ao guardar o arquivo, modifique o nome do mesmo indicando o C\u00f3digo de revalida\u00e7\u00e3o<\/li>\n<\/ul>\n<p><img class=\"alignnone wp-image-15050 size-full\" src=\"https:\/\/help.tdoc.es\/wp-content\/uploads\/2021\/05\/Imagen13-2.png\" alt=\"\" width=\"561\" height=\"173\" srcset=\"https:\/\/help.tdoc.es\/wp-content\/uploads\/2021\/05\/Imagen13-2-200x62.png 200w, https:\/\/help.tdoc.es\/wp-content\/uploads\/2021\/05\/Imagen13-2-300x93.png 300w, https:\/\/help.tdoc.es\/wp-content\/uploads\/2021\/05\/Imagen13-2-400x123.png 400w, https:\/\/help.tdoc.es\/wp-content\/uploads\/2021\/05\/Imagen13-2.png 561w\" sizes=\"(max-width: 561px) 100vw, 561px\" \/><\/p>\n<p>3. Guardar<\/p>\n<\/div><div class=\"fusion-clearfix\"><\/div><\/div><\/div><\/div><\/div>\n","protected":false},"excerpt":{"rendered":"","protected":false},"author":5,"featured_media":0,"parent":0,"menu_order":0,"comment_status":"closed","ping_status":"closed","template":"","meta":[],"_links":{"self":[{"href":"https:\/\/help.tdoc.es\/index.php\/wp-json\/wp\/v2\/pages\/16645"}],"collection":[{"href":"https:\/\/help.tdoc.es\/index.php\/wp-json\/wp\/v2\/pages"}],"about":[{"href":"https:\/\/help.tdoc.es\/index.php\/wp-json\/wp\/v2\/types\/page"}],"author":[{"embeddable":true,"href":"https:\/\/help.tdoc.es\/index.php\/wp-json\/wp\/v2\/users\/5"}],"replies":[{"embeddable":true,"href":"https:\/\/help.tdoc.es\/index.php\/wp-json\/wp\/v2\/comments?post=16645"}],"version-history":[{"count":1,"href":"https:\/\/help.tdoc.es\/index.php\/wp-json\/wp\/v2\/pages\/16645\/revisions"}],"predecessor-version":[{"id":16646,"href":"https:\/\/help.tdoc.es\/index.php\/wp-json\/wp\/v2\/pages\/16645\/revisions\/16646"}],"wp:attachment":[{"href":"https:\/\/help.tdoc.es\/index.php\/wp-json\/wp\/v2\/media?parent=16645"}],"curies":[{"name":"wp","href":"https:\/\/api.w.org\/{rel}","templated":true}]}}