{"id":16641,"date":"2021-12-27T11:36:19","date_gmt":"2021-12-27T11:36:19","guid":{"rendered":"https:\/\/help.tdoc.es\/?page_id=16641"},"modified":"2023-12-18T21:04:26","modified_gmt":"2023-12-18T21:04:26","slug":"upload-massivo-de-documentacao","status":"publish","type":"page","link":"https:\/\/help.tdoc.es\/index.php\/pt\/upload-massivo-de-documentacao\/","title":{"rendered":"Upload massivo de documenta\u00e7\u00e3o"},"content":{"rendered":"<div class=\"fusion-fullwidth fullwidth-box fusion-builder-row-1 nonhundred-percent-fullwidth non-hundred-percent-height-scrolling\" style=\"background-color: rgba(255,255,255,0);background-position: center center;background-repeat: no-repeat;padding-top:20px;padding-right:0px;padding-bottom:20px;padding-left:0px;margin-bottom: 0px;margin-top: 0px;border-width: 0px 0px 0px 0px;border-color:#eae9e9;border-style:solid;\" ><div class=\"fusion-builder-row fusion-row\"><div class=\"fusion-layout-column fusion_builder_column fusion-builder-column-0 fusion_builder_column_1_1 1_1 fusion-one-full fusion-column-first fusion-column-last\" style=\"margin-top:0px;margin-bottom:20px;\"><div class=\"fusion-column-wrapper fusion-flex-column-wrapper-legacy\" style=\"background-position:left top;background-repeat:no-repeat;-webkit-background-size:cover;-moz-background-size:cover;-o-background-size:cover;background-size:cover;padding: 0px 0px 0px 0px;\"><style type=\"text\/css\"><\/style><div class=\"fusion-title title fusion-title-1 fusion-sep-none fusion-title-text fusion-title-size-one\" style=\"margin-top:0px;margin-right:0px;margin-bottom:31px;margin-left:0px;\"><h1 class=\"title-heading-left\" style=\"margin:0;\"><p><span style=\"color: #0375c9;\">UPLOAD MASSIVO DE DOCUMENTA\u00c7\u00c3O<br \/>\n<\/span><\/p><\/h1><\/div><div class=\"fusion-text fusion-text-1\"><p>Permite realizar um upload masivo de Documenta\u00e7\u00e3o. Para isso, dever\u00e1 utilizar a planilha dispon\u00edvel, quando estiver completa, dever\u00e1 realizar o upload.<\/p>\n<p><img class=\"alignnone wp-image-15611 size-full\" src=\"https:\/\/help.tdoc.es\/wp-content\/uploads\/2021\/05\/Imagen1-13.png\" alt=\"\" width=\"567\" height=\"108\" srcset=\"https:\/\/help.tdoc.es\/wp-content\/uploads\/2021\/05\/Imagen1-13-200x38.png 200w, https:\/\/help.tdoc.es\/wp-content\/uploads\/2021\/05\/Imagen1-13-300x57.png 300w, https:\/\/help.tdoc.es\/wp-content\/uploads\/2021\/05\/Imagen1-13-400x76.png 400w, https:\/\/help.tdoc.es\/wp-content\/uploads\/2021\/05\/Imagen1-13.png 567w\" sizes=\"(max-width: 567px) 100vw, 567px\" \/><\/p>\n<p><strong>1.<\/strong><strong>COMPLETAR A PLANILHA EXCEL DISPON\u00cdVEL<\/strong><\/p>\n<p>A planilha disp\u00f5e de v\u00e1rias folhas, a primeira dever\u00e1 ser cumprimentada e o resto cont\u00e9m a informa\u00e7\u00e3o necess\u00e1ria para cumpriment\u00e1-la.<\/p>\n<p>UPLOAD MASSIVO DE DOCUMENTA\u00c7\u00c3O.<\/p>\n<p>Completar os dados com a informa\u00e7\u00e3o facilitada no resto das folhas.<\/p>\n<p><img class=\"alignnone wp-image-15612 size-full\" src=\"https:\/\/help.tdoc.es\/wp-content\/uploads\/2021\/05\/Imagen2-11.png\" alt=\"\" width=\"567\" height=\"52\" srcset=\"https:\/\/help.tdoc.es\/wp-content\/uploads\/2021\/05\/Imagen2-11-200x18.png 200w, https:\/\/help.tdoc.es\/wp-content\/uploads\/2021\/05\/Imagen2-11-300x28.png 300w, https:\/\/help.tdoc.es\/wp-content\/uploads\/2021\/05\/Imagen2-11-400x37.png 400w, https:\/\/help.tdoc.es\/wp-content\/uploads\/2021\/05\/Imagen2-11.png 567w\" sizes=\"(max-width: 567px) 100vw, 567px\" \/><\/p>\n<p><strong>*ID de Contenedor<\/strong>: No resto das follhas, poder\u00e1 identificar esta informa\u00e7\u00e3o, j\u00e1 seja de empresa, colaboradores ou maquinaria (realmente este dado \u00e9 do contenedor N\u00c3O a ID da empresa, colaborador e maquinaria).<\/p>\n<p><strong>*ID Tipo de entrega<\/strong>: No resto das follhas, poder\u00e1 identificar esta informa\u00e7\u00e3o.<\/p>\n<p><strong>*ID Centro<\/strong>: Identificar o centro quando a entrega que quiser carregar for tipo centro.<\/p>\n<p><strong>*Caminho: <\/strong>Localiza\u00e7\u00e3o da pasta (ver seguiente ponto).<\/p>\n<p><strong>*Data:<\/strong> (dd-MM-yyyy).<\/p>\n<p><strong>*Validade:<\/strong> Se n\u00e3o indicar validade, ser\u00e1 indicada a estabelecida como predeterminada na entrega.<\/p>\n<p><strong>*Validade (Dia\/Semana\/M\u00eas\/Ano).<\/strong><\/p>\n<p><strong>*Linguagem (ES\/EN\/FR\/PT\/ZH\/Idioma local).<\/strong><\/p>\n<p>Se uma entrega estiver configurada SEM VENCIMENTO, mesmo se indicar um vencimento, a entrega seguir\u00e1 sendo SEM VENCIMENTO (mesmo que apare\u00e7a a data de vencimento indicada na Excel).<\/p>\n<p>TIPO DE ENTREGA. Extraer ID Tipo de entrega<\/p>\n<p><img class=\"alignnone wp-image-15614 size-full\" src=\"https:\/\/help.tdoc.es\/wp-content\/uploads\/2021\/05\/Imagen3-14.png\" alt=\"\" width=\"567\" height=\"134\" srcset=\"https:\/\/help.tdoc.es\/wp-content\/uploads\/2021\/05\/Imagen3-14-200x47.png 200w, https:\/\/help.tdoc.es\/wp-content\/uploads\/2021\/05\/Imagen3-14-300x71.png 300w, https:\/\/help.tdoc.es\/wp-content\/uploads\/2021\/05\/Imagen3-14-400x95.png 400w, https:\/\/help.tdoc.es\/wp-content\/uploads\/2021\/05\/Imagen3-14.png 567w\" sizes=\"(max-width: 567px) 100vw, 567px\" \/><\/p>\n<p>EMPRESA. Extraer Id de contenedor (incompat\u00edvel com colaborador ou maquinaria).<\/p>\n<p><img class=\"alignnone wp-image-15766 size-full\" src=\"https:\/\/help.tdoc.es\/wp-content\/uploads\/2021\/05\/Imagen4-8.png\" alt=\"\" width=\"567\" height=\"229\" srcset=\"https:\/\/help.tdoc.es\/wp-content\/uploads\/2021\/05\/Imagen4-8-200x81.png 200w, https:\/\/help.tdoc.es\/wp-content\/uploads\/2021\/05\/Imagen4-8-300x121.png 300w, https:\/\/help.tdoc.es\/wp-content\/uploads\/2021\/05\/Imagen4-8-400x162.png 400w, https:\/\/help.tdoc.es\/wp-content\/uploads\/2021\/05\/Imagen4-8.png 567w\" sizes=\"(max-width: 567px) 100vw, 567px\" \/><\/p>\n<p>COLABORADOR. Extraer Id de contenedor (incompat\u00edvel com empresa ou maquinaria).<\/p>\n<p><img class=\"alignnone wp-image-15767 size-full\" src=\"https:\/\/help.tdoc.es\/wp-content\/uploads\/2021\/05\/Imagen5-13.png\" alt=\"\" width=\"567\" height=\"163\" srcset=\"https:\/\/help.tdoc.es\/wp-content\/uploads\/2021\/05\/Imagen5-13-200x57.png 200w, https:\/\/help.tdoc.es\/wp-content\/uploads\/2021\/05\/Imagen5-13-300x86.png 300w, https:\/\/help.tdoc.es\/wp-content\/uploads\/2021\/05\/Imagen5-13-400x115.png 400w, https:\/\/help.tdoc.es\/wp-content\/uploads\/2021\/05\/Imagen5-13.png 567w\" sizes=\"(max-width: 567px) 100vw, 567px\" \/><\/p>\n<p>MAQUINARIA PESADA, GR\u00daAS O PLATAFORMAS. Extraer Id de contenedor (incompat\u00edvel com colaborador ou empresa).<\/p>\n<p><img class=\"alignnone wp-image-15768 size-full\" src=\"https:\/\/help.tdoc.es\/wp-content\/uploads\/2021\/05\/Imagen6-6.png\" alt=\"\" width=\"567\" height=\"279\" srcset=\"https:\/\/help.tdoc.es\/wp-content\/uploads\/2021\/05\/Imagen6-6-200x98.png 200w, https:\/\/help.tdoc.es\/wp-content\/uploads\/2021\/05\/Imagen6-6-300x148.png 300w, https:\/\/help.tdoc.es\/wp-content\/uploads\/2021\/05\/Imagen6-6-400x197.png 400w, https:\/\/help.tdoc.es\/wp-content\/uploads\/2021\/05\/Imagen6-6.png 567w\" sizes=\"(max-width: 567px) 100vw, 567px\" \/><\/p>\n<p>CENTRO DE TRABALHO. Extraer ID Centro. Esta informa\u00e7\u00e3o, apenas ser\u00e1 utilizada quando seja necess\u00e1rio carregar documentos de entregas que sejam aplic\u00e1veis por centro.<\/p>\n<p><img class=\"alignnone wp-image-15769 size-full\" src=\"https:\/\/help.tdoc.es\/wp-content\/uploads\/2021\/05\/Imagen7-4.png\" alt=\"\" width=\"567\" height=\"304\" srcset=\"https:\/\/help.tdoc.es\/wp-content\/uploads\/2021\/05\/Imagen7-4-200x107.png 200w, https:\/\/help.tdoc.es\/wp-content\/uploads\/2021\/05\/Imagen7-4-300x161.png 300w, https:\/\/help.tdoc.es\/wp-content\/uploads\/2021\/05\/Imagen7-4-400x214.png 400w, https:\/\/help.tdoc.es\/wp-content\/uploads\/2021\/05\/Imagen7-4.png 567w\" sizes=\"(max-width: 567px) 100vw, 567px\" \/><\/p>\n<p><strong>2.ESTRUCUTRA Y CARACTER\u00cdSTICAS DE CARPETA<\/strong><\/p>\n<p>-Dever\u00e1 ser nomeada necessariamente <strong>UPLOADFOLDER<\/strong><\/p>\n<ul>\n<li>Dentro, o arquivo que necessariamente deve ser nomeado <strong>UploadFile.xls<\/strong>.<\/li>\n<li>Dentro outra pasta, de nome <strong>DOC<\/strong>, onde estar\u00e3o guardados todos os documentos para o upload.<\/li>\n<\/ul>\n<p>-O arquivo importado, dever\u00e1 estar comprimido em formato ZIP. Clique em aceitar para confirmar as modifica\u00e7\u00f5es. (<strong>7-zip_A\u00f1adir a<\/strong>).<\/p>\n<p><strong>3.INFORMA\u00c7\u00c3O IMPORTANTE<\/strong><\/p>\n<p>Oss nome dos arquivos, n\u00e3o podem conter acentos, espa\u00e7os ou sinais. Cuidado com a \u00f1, tampouco ser\u00e1 aceita.<\/p>\n<p>Dever\u00e1 terminar no tipo de arquivo que \u00e9, por exemplo, .pdf, .doc. \u2026<\/p>\n<p>A tdoc informa se existir algum erro e n\u00e3o poder carregar.<\/p>\n<p>Se o colaborador estiver inativo, n\u00e3o permitir\u00e1 carregar os documentos.<\/p>\n<\/div><div class=\"fusion-clearfix\"><\/div><\/div><\/div><\/div><\/div>\n","protected":false},"excerpt":{"rendered":"","protected":false},"author":5,"featured_media":0,"parent":0,"menu_order":0,"comment_status":"closed","ping_status":"closed","template":"","meta":[],"_links":{"self":[{"href":"https:\/\/help.tdoc.es\/index.php\/wp-json\/wp\/v2\/pages\/16641"}],"collection":[{"href":"https:\/\/help.tdoc.es\/index.php\/wp-json\/wp\/v2\/pages"}],"about":[{"href":"https:\/\/help.tdoc.es\/index.php\/wp-json\/wp\/v2\/types\/page"}],"author":[{"embeddable":true,"href":"https:\/\/help.tdoc.es\/index.php\/wp-json\/wp\/v2\/users\/5"}],"replies":[{"embeddable":true,"href":"https:\/\/help.tdoc.es\/index.php\/wp-json\/wp\/v2\/comments?post=16641"}],"version-history":[{"count":1,"href":"https:\/\/help.tdoc.es\/index.php\/wp-json\/wp\/v2\/pages\/16641\/revisions"}],"predecessor-version":[{"id":16642,"href":"https:\/\/help.tdoc.es\/index.php\/wp-json\/wp\/v2\/pages\/16641\/revisions\/16642"}],"wp:attachment":[{"href":"https:\/\/help.tdoc.es\/index.php\/wp-json\/wp\/v2\/media?parent=16641"}],"curies":[{"name":"wp","href":"https:\/\/api.w.org\/{rel}","templated":true}]}}