{"id":16631,"date":"2021-12-27T11:11:47","date_gmt":"2021-12-27T11:11:47","guid":{"rendered":"https:\/\/help.tdoc.es\/?page_id=16631"},"modified":"2023-12-18T20:51:54","modified_gmt":"2023-12-18T20:51:54","slug":"mover-colaboradores-entre-empresas","status":"publish","type":"page","link":"https:\/\/help.tdoc.es\/index.php\/pt\/mover-colaboradores-entre-empresas\/","title":{"rendered":"Mover colaboradores entre empresas"},"content":{"rendered":"<div class=\"fusion-fullwidth fullwidth-box fusion-builder-row-1 nonhundred-percent-fullwidth non-hundred-percent-height-scrolling\" style=\"background-color: rgba(255,255,255,0);background-position: center center;background-repeat: no-repeat;padding-top:20px;padding-right:0px;padding-bottom:20px;padding-left:0px;margin-bottom: 0px;margin-top: 0px;border-width: 0px 0px 0px 0px;border-color:#eae9e9;border-style:solid;\" ><div class=\"fusion-builder-row fusion-row\"><div class=\"fusion-layout-column fusion_builder_column fusion-builder-column-0 fusion_builder_column_1_1 1_1 fusion-one-full fusion-column-first fusion-column-last\" style=\"margin-top:0px;margin-bottom:20px;\"><div class=\"fusion-column-wrapper fusion-flex-column-wrapper-legacy\" style=\"background-position:left top;background-repeat:no-repeat;-webkit-background-size:cover;-moz-background-size:cover;-o-background-size:cover;background-size:cover;padding: 0px 0px 0px 0px;\"><style type=\"text\/css\"><\/style><div class=\"fusion-title title fusion-title-1 fusion-sep-none fusion-title-text fusion-title-size-one\" style=\"margin-top:0px;margin-right:0px;margin-bottom:31px;margin-left:0px;\"><h1 class=\"title-heading-left\" style=\"margin:0;\"><p><span style=\"color: #0375c9;\">MOVER COLABORADORES ENTRE\u00a0 EMPRESAS<\/span><\/p>\n<p><span style=\"color: #0375c9;\">\u00a0<\/span><\/p><\/h1><\/div><div class=\"fusion-text fusion-text-1\"><p>Permite transferir os colaboradores (ativos) de uma empresa de origem a outra de destino.<\/p>\n<p>Os colaboradores que forem transferidos, ser\u00e3o desassociados das tarefas as que estavam \u00a0associados.<\/p>\n<p>N\u00c3O ser\u00e3o transferidos os colaboradores inativos. Se for necess\u00e1rio mover tamb\u00e9m os inativos, deve ativar-los em origem. Uma vez forem transferidos ao destino, inativar-los se for necess\u00e1rio.<\/p>\n<p>Se o colaborador estiver no destino, n\u00e3o permitir\u00e1 transferir.<\/p>\n<p>A documenta\u00e7\u00e3o ser\u00e1 mantida, inclu\u00eddo o hist\u00f3rico.<\/p>\n<p><img class=\"alignnone wp-image-15108 size-full\" src=\"https:\/\/help.tdoc.es\/wp-content\/uploads\/2021\/05\/Imagen1-6.png\" alt=\"\" width=\"567\" height=\"109\" srcset=\"https:\/\/help.tdoc.es\/wp-content\/uploads\/2021\/05\/Imagen1-6-200x38.png 200w, https:\/\/help.tdoc.es\/wp-content\/uploads\/2021\/05\/Imagen1-6-300x58.png 300w, https:\/\/help.tdoc.es\/wp-content\/uploads\/2021\/05\/Imagen1-6-400x77.png 400w, https:\/\/help.tdoc.es\/wp-content\/uploads\/2021\/05\/Imagen1-6.png 567w\" sizes=\"(max-width: 567px) 100vw, 567px\" \/><\/p>\n<p>1.Sele\u00e7\u00e3o da empresa de origem.<\/p>\n<p><img class=\"alignnone wp-image-15109 size-full\" src=\"https:\/\/help.tdoc.es\/wp-content\/uploads\/2021\/05\/Imagen2-5.png\" alt=\"\" width=\"567\" height=\"144\" srcset=\"https:\/\/help.tdoc.es\/wp-content\/uploads\/2021\/05\/Imagen2-5-200x51.png 200w, https:\/\/help.tdoc.es\/wp-content\/uploads\/2021\/05\/Imagen2-5-300x76.png 300w, https:\/\/help.tdoc.es\/wp-content\/uploads\/2021\/05\/Imagen2-5-400x102.png 400w, https:\/\/help.tdoc.es\/wp-content\/uploads\/2021\/05\/Imagen2-5.png 567w\" sizes=\"(max-width: 567px) 100vw, 567px\" \/><\/p>\n<p>2. Sele\u00e7\u00e3o dos colaboradores a transferir. Apenas os que deseja mover.<\/p>\n<p><img class=\"alignnone wp-image-15111 size-full\" src=\"https:\/\/help.tdoc.es\/wp-content\/uploads\/2021\/05\/Imagen3-7.png\" alt=\"\" width=\"567\" height=\"166\" srcset=\"https:\/\/help.tdoc.es\/wp-content\/uploads\/2021\/05\/Imagen3-7-200x59.png 200w, https:\/\/help.tdoc.es\/wp-content\/uploads\/2021\/05\/Imagen3-7-300x88.png 300w, https:\/\/help.tdoc.es\/wp-content\/uploads\/2021\/05\/Imagen3-7-400x117.png 400w, https:\/\/help.tdoc.es\/wp-content\/uploads\/2021\/05\/Imagen3-7.png 567w\" sizes=\"(max-width: 567px) 100vw, 567px\" \/><\/p>\n<p>3. Sele\u00e7\u00e3o da empresa de destino.<\/p>\n<p><img class=\"alignnone wp-image-15112 size-full\" src=\"https:\/\/help.tdoc.es\/wp-content\/uploads\/2021\/05\/Imagen4-1.png\" alt=\"\" width=\"567\" height=\"157\" srcset=\"https:\/\/help.tdoc.es\/wp-content\/uploads\/2021\/05\/Imagen4-1-200x55.png 200w, https:\/\/help.tdoc.es\/wp-content\/uploads\/2021\/05\/Imagen4-1-300x83.png 300w, https:\/\/help.tdoc.es\/wp-content\/uploads\/2021\/05\/Imagen4-1-400x111.png 400w, https:\/\/help.tdoc.es\/wp-content\/uploads\/2021\/05\/Imagen4-1.png 567w\" sizes=\"(max-width: 567px) 100vw, 567px\" \/><\/p>\n<p>4. Confirma\u00e7\u00e3o das modifica\u00e7\u00f5es.<\/p>\n<p><img class=\"alignnone wp-image-15113 size-full\" src=\"https:\/\/help.tdoc.es\/wp-content\/uploads\/2021\/05\/Imagen5-4.png\" alt=\"\" width=\"567\" height=\"86\" srcset=\"https:\/\/help.tdoc.es\/wp-content\/uploads\/2021\/05\/Imagen5-4-200x30.png 200w, https:\/\/help.tdoc.es\/wp-content\/uploads\/2021\/05\/Imagen5-4-300x46.png 300w, https:\/\/help.tdoc.es\/wp-content\/uploads\/2021\/05\/Imagen5-4-400x61.png 400w, https:\/\/help.tdoc.es\/wp-content\/uploads\/2021\/05\/Imagen5-4.png 567w\" sizes=\"(max-width: 567px) 100vw, 567px\" \/><\/p>\n<p>Clicar &#8216;Guardar&#8217;.<\/p>\n<\/div><div class=\"fusion-clearfix\"><\/div><\/div><\/div><\/div><\/div>\n","protected":false},"excerpt":{"rendered":"","protected":false},"author":5,"featured_media":0,"parent":0,"menu_order":0,"comment_status":"closed","ping_status":"closed","template":"","meta":[],"_links":{"self":[{"href":"https:\/\/help.tdoc.es\/index.php\/wp-json\/wp\/v2\/pages\/16631"}],"collection":[{"href":"https:\/\/help.tdoc.es\/index.php\/wp-json\/wp\/v2\/pages"}],"about":[{"href":"https:\/\/help.tdoc.es\/index.php\/wp-json\/wp\/v2\/types\/page"}],"author":[{"embeddable":true,"href":"https:\/\/help.tdoc.es\/index.php\/wp-json\/wp\/v2\/users\/5"}],"replies":[{"embeddable":true,"href":"https:\/\/help.tdoc.es\/index.php\/wp-json\/wp\/v2\/comments?post=16631"}],"version-history":[{"count":1,"href":"https:\/\/help.tdoc.es\/index.php\/wp-json\/wp\/v2\/pages\/16631\/revisions"}],"predecessor-version":[{"id":16632,"href":"https:\/\/help.tdoc.es\/index.php\/wp-json\/wp\/v2\/pages\/16631\/revisions\/16632"}],"wp:attachment":[{"href":"https:\/\/help.tdoc.es\/index.php\/wp-json\/wp\/v2\/media?parent=16631"}],"curies":[{"name":"wp","href":"https:\/\/api.w.org\/{rel}","templated":true}]}}