{"id":16625,"date":"2021-12-27T10:47:48","date_gmt":"2021-12-27T10:47:48","guid":{"rendered":"https:\/\/help.tdoc.es\/?page_id=16625"},"modified":"2023-12-18T20:46:53","modified_gmt":"2023-12-18T20:46:53","slug":"configuracoes","status":"publish","type":"page","link":"https:\/\/help.tdoc.es\/index.php\/pt\/configuracoes\/","title":{"rendered":"Configura\u00e7\u00f5es"},"content":{"rendered":"<div class=\"fusion-fullwidth fullwidth-box fusion-builder-row-1 nonhundred-percent-fullwidth non-hundred-percent-height-scrolling\" style=\"background-color: rgba(255,255,255,0);background-position: center center;background-repeat: no-repeat;padding-top:20px;padding-right:0px;padding-bottom:20px;padding-left:0px;margin-bottom: 0px;margin-top: 0px;border-width: 0px 0px 0px 0px;border-color:#eae9e9;border-style:solid;\" ><div class=\"fusion-builder-row fusion-row\"><div class=\"fusion-layout-column fusion_builder_column fusion-builder-column-0 fusion_builder_column_1_1 1_1 fusion-one-full fusion-column-first fusion-column-last\" style=\"margin-top:0px;margin-bottom:20px;\"><div class=\"fusion-column-wrapper fusion-flex-column-wrapper-legacy\" style=\"background-position:left top;background-repeat:no-repeat;-webkit-background-size:cover;-moz-background-size:cover;-o-background-size:cover;background-size:cover;padding: 0px 0px 0px 0px;\"><style type=\"text\/css\"><\/style><div class=\"fusion-title title fusion-title-1 fusion-sep-none fusion-title-text fusion-title-size-one\" style=\"margin-top:0px;margin-right:0px;margin-bottom:31px;margin-left:0px;\"><h1 class=\"title-heading-left\" style=\"margin:0;\"><p><span style=\"color: #0375c9;\">CONFIGURA\u00c7\u00d5ES<br \/>\n<\/span><\/p><\/h1><\/div><div class=\"fusion-text fusion-text-1\"><p>Permite estabelecer v\u00e1rias configura\u00e7\u00f5es por cliente<\/p>\n<p><strong>Configura\u00e7\u00f5es gerais <\/strong><\/p>\n<p><img class=\"alignnone wp-image-15025 \" src=\"https:\/\/help.tdoc.es\/wp-content\/uploads\/2021\/05\/Imagen1-4.png\" alt=\"\" width=\"566\" height=\"196\" srcset=\"https:\/\/help.tdoc.es\/wp-content\/uploads\/2021\/05\/Imagen1-4-200x69.png 200w, https:\/\/help.tdoc.es\/wp-content\/uploads\/2021\/05\/Imagen1-4-300x104.png 300w, https:\/\/help.tdoc.es\/wp-content\/uploads\/2021\/05\/Imagen1-4-400x139.png 400w, https:\/\/help.tdoc.es\/wp-content\/uploads\/2021\/05\/Imagen1-4-600x208.png 600w, https:\/\/help.tdoc.es\/wp-content\/uploads\/2021\/05\/Imagen1-4.png 667w\" sizes=\"(max-width: 566px) 100vw, 566px\" \/><\/p>\n<p><strong>Configura\u00e7\u00e3o dos elementos pendentes de revis\u00e3o <\/strong><\/p>\n<p><img class=\"alignnone wp-image-15026 \" src=\"https:\/\/help.tdoc.es\/wp-content\/uploads\/2021\/05\/Imagen2-3.png\" alt=\"\" width=\"576\" height=\"198\" srcset=\"https:\/\/help.tdoc.es\/wp-content\/uploads\/2021\/05\/Imagen2-3-200x69.png 200w, https:\/\/help.tdoc.es\/wp-content\/uploads\/2021\/05\/Imagen2-3-300x103.png 300w, https:\/\/help.tdoc.es\/wp-content\/uploads\/2021\/05\/Imagen2-3-400x138.png 400w, https:\/\/help.tdoc.es\/wp-content\/uploads\/2021\/05\/Imagen2-3.png 567w\" sizes=\"(max-width: 576px) 100vw, 576px\" \/><\/p>\n<p><strong><span style=\"color: #ff0000;\">*<\/span><\/strong><strong>Configura\u00e7\u00e3o para a fatura\u00e7\u00e3o das tarefas <\/strong><\/p>\n<p><img class=\"alignnone wp-image-15027 size-full\" src=\"https:\/\/help.tdoc.es\/wp-content\/uploads\/2021\/05\/Imagen3-3.png\" alt=\"\" width=\"592\" height=\"172\" srcset=\"https:\/\/help.tdoc.es\/wp-content\/uploads\/2021\/05\/Imagen3-3-200x58.png 200w, https:\/\/help.tdoc.es\/wp-content\/uploads\/2021\/05\/Imagen3-3-300x87.png 300w, https:\/\/help.tdoc.es\/wp-content\/uploads\/2021\/05\/Imagen3-3-400x116.png 400w, https:\/\/help.tdoc.es\/wp-content\/uploads\/2021\/05\/Imagen3-3.png 592w\" sizes=\"(max-width: 592px) 100vw, 592px\" \/><\/p>\n<\/div><div class=\"fusion-clearfix\"><\/div><\/div><\/div><\/div><\/div>\n","protected":false},"excerpt":{"rendered":"","protected":false},"author":5,"featured_media":0,"parent":0,"menu_order":0,"comment_status":"closed","ping_status":"closed","template":"","meta":[],"_links":{"self":[{"href":"https:\/\/help.tdoc.es\/index.php\/wp-json\/wp\/v2\/pages\/16625"}],"collection":[{"href":"https:\/\/help.tdoc.es\/index.php\/wp-json\/wp\/v2\/pages"}],"about":[{"href":"https:\/\/help.tdoc.es\/index.php\/wp-json\/wp\/v2\/types\/page"}],"author":[{"embeddable":true,"href":"https:\/\/help.tdoc.es\/index.php\/wp-json\/wp\/v2\/users\/5"}],"replies":[{"embeddable":true,"href":"https:\/\/help.tdoc.es\/index.php\/wp-json\/wp\/v2\/comments?post=16625"}],"version-history":[{"count":2,"href":"https:\/\/help.tdoc.es\/index.php\/wp-json\/wp\/v2\/pages\/16625\/revisions"}],"predecessor-version":[{"id":16630,"href":"https:\/\/help.tdoc.es\/index.php\/wp-json\/wp\/v2\/pages\/16625\/revisions\/16630"}],"wp:attachment":[{"href":"https:\/\/help.tdoc.es\/index.php\/wp-json\/wp\/v2\/media?parent=16625"}],"curies":[{"name":"wp","href":"https:\/\/api.w.org\/{rel}","templated":true}]}}