{"id":16593,"date":"2021-12-21T17:03:22","date_gmt":"2021-12-21T17:03:22","guid":{"rendered":"https:\/\/help.tdoc.es\/?page_id=16593"},"modified":"2022-11-29T16:09:02","modified_gmt":"2022-11-29T16:09:02","slug":"envio-de-relatorio-sobre-o-estado-da-documentacao","status":"publish","type":"page","link":"https:\/\/help.tdoc.es\/index.php\/pt\/manual-tdoc-empreiteiro\/envio-de-relatorio-sobre-o-estado-da-documentacao\/","title":{"rendered":"ENVIO DE RELAT\u00d3RIO SOBRE O ESTADO DA DOCUMENTA\u00c7\u00c3O"},"content":{"rendered":"<p><div class=\"fusion-fullwidth fullwidth-box fusion-builder-row-1 nonhundred-percent-fullwidth non-hundred-percent-height-scrolling\" style=\"background-color: rgba(255,255,255,0);background-position: center center;background-repeat: no-repeat;padding-top:20px;padding-right:0px;padding-bottom:20px;padding-left:0px;margin-bottom: 0px;margin-top: 0px;border-width: 0px 0px 0px 0px;border-color:#eae9e9;border-style:solid;\" ><div class=\"fusion-builder-row fusion-row\"><div class=\"fusion-layout-column fusion_builder_column fusion-builder-column-0 fusion_builder_column_1_1 1_1 fusion-one-full fusion-column-first fusion-column-last\" style=\"margin-top:0px;margin-bottom:20px;\"><div class=\"fusion-column-wrapper fusion-flex-column-wrapper-legacy\" style=\"background-position:left top;background-repeat:no-repeat;-webkit-background-size:cover;-moz-background-size:cover;-o-background-size:cover;background-size:cover;padding: 0px 0px 0px 0px;\"><style type=\"text\/css\"><\/style><div class=\"fusion-title title fusion-title-1 fusion-sep-none fusion-title-text fusion-title-size-one\" style=\"margin-top:0px;margin-right:0px;margin-bottom:31px;margin-left:0px;\"><h1 class=\"title-heading-left\" style=\"margin:0;\"><span style=\"color: #0375c9;\">Envio de relat\u00f3rio sobre o estado da documenta\u00e7\u00e3o\u00a0<\/span><\/h1><\/div><div class=\"fusion-text fusion-text-1\"><p>Periodicamente, e sempre que tiver alguma tarefa ativa, a tdoc envia um informe do estado da documenta\u00e7\u00e3o a todos os gestores da empresa, onde ind\u00edca-se:<\/p>\n<ul>\n<li>Documentos que faltantes<\/li>\n<li>Documentos vencidos ou incorretos<\/li>\n<li>Documentos pr\u00f3ximos ao vencimento<\/li>\n<\/ul>\n<p>Em qualquer momento, pode gerar este informe atualizado, para recebe-lo no email do gestor. Para isto, clique em \u201cEnvio relat\u00f3rio estado documenta\u00e7\u00e3o\u201d.<\/p>\n<p><img class=\"alignnone size-large wp-image-12864\" src=\"https:\/\/help.tdoc.es\/wp-content\/uploads\/2020\/08\/1-2-1024x455.png\" alt=\"\" width=\"1024\" height=\"455\" srcset=\"https:\/\/help.tdoc.es\/wp-content\/uploads\/2020\/08\/1-2-200x89.png 200w, https:\/\/help.tdoc.es\/wp-content\/uploads\/2020\/08\/1-2-300x133.png 300w, https:\/\/help.tdoc.es\/wp-content\/uploads\/2020\/08\/1-2-400x178.png 400w, https:\/\/help.tdoc.es\/wp-content\/uploads\/2020\/08\/1-2-600x267.png 600w, https:\/\/help.tdoc.es\/wp-content\/uploads\/2020\/08\/1-2-768x341.png 768w, https:\/\/help.tdoc.es\/wp-content\/uploads\/2020\/08\/1-2-800x355.png 800w, https:\/\/help.tdoc.es\/wp-content\/uploads\/2020\/08\/1-2-1024x455.png 1024w, https:\/\/help.tdoc.es\/wp-content\/uploads\/2020\/08\/1-2-1200x533.png 1200w, https:\/\/help.tdoc.es\/wp-content\/uploads\/2020\/08\/1-2.png 1310w\" sizes=\"(max-width: 1024px) 100vw, 1024px\" \/><\/p>\n<\/div><div class=\"fusion-clearfix\"><\/div><\/div><\/div><\/div><\/div><div class=\"fusion-fullwidth fullwidth-box fusion-builder-row-2 nonhundred-percent-fullwidth non-hundred-percent-height-scrolling\" style=\"background-color: rgba(255,255,255,0);background-position: center center;background-repeat: no-repeat;padding-top:20px;padding-right:0px;padding-bottom:20px;padding-left:0px;margin-bottom: 0px;margin-top: 0px;border-width: 0px 0px 0px 0px;border-color:#eae9e9;border-style:solid;\" ><div class=\"fusion-builder-row fusion-row\"><div class=\"fusion-layout-column fusion_builder_column fusion-builder-column-1 fusion_builder_column_1_1 1_1 fusion-one-full fusion-column-first fusion-column-last\" style=\"margin-top:0px;margin-bottom:20px;\"><div class=\"fusion-column-wrapper fusion-flex-column-wrapper-legacy\" style=\"background-position:left top;background-repeat:no-repeat;-webkit-background-size:cover;-moz-background-size:cover;-o-background-size:cover;background-size:cover;padding: 0px 0px 0px 0px;\"><div class=\"fusion-clearfix\"><\/div><\/div><\/div><\/div><\/div><div class=\"fusion-fullwidth fullwidth-box fusion-builder-row-3 nonhundred-percent-fullwidth non-hundred-percent-height-scrolling\" style=\"background-color: rgba(255,255,255,0);background-position: center center;background-repeat: no-repeat;padding-top:20px;padding-right:0px;padding-bottom:20px;padding-left:0px;margin-bottom: 0px;margin-top: 0px;border-width: 0px 0px 0px 0px;border-color:#eae9e9;border-style:solid;\" ><div class=\"fusion-builder-row fusion-row\"><div class=\"fusion-layout-column fusion_builder_column fusion-builder-column-2 fusion_builder_column_1_1 1_1 fusion-one-full fusion-column-first fusion-column-last\" style=\"margin-top:0px;margin-bottom:20px;\"><div class=\"fusion-column-wrapper fusion-flex-column-wrapper-legacy\" style=\"background-position:left top;background-repeat:no-repeat;-webkit-background-size:cover;-moz-background-size:cover;-o-background-size:cover;background-size:cover;padding: 0px 0px 0px 0px;\"><div class=\"fusion-clearfix\"><\/div><\/div><\/div><\/div><\/div><\/p>\n","protected":false},"excerpt":{"rendered":"","protected":false},"author":5,"featured_media":0,"parent":16511,"menu_order":0,"comment_status":"closed","ping_status":"closed","template":"","meta":[],"_links":{"self":[{"href":"https:\/\/help.tdoc.es\/index.php\/wp-json\/wp\/v2\/pages\/16593"}],"collection":[{"href":"https:\/\/help.tdoc.es\/index.php\/wp-json\/wp\/v2\/pages"}],"about":[{"href":"https:\/\/help.tdoc.es\/index.php\/wp-json\/wp\/v2\/types\/page"}],"author":[{"embeddable":true,"href":"https:\/\/help.tdoc.es\/index.php\/wp-json\/wp\/v2\/users\/5"}],"replies":[{"embeddable":true,"href":"https:\/\/help.tdoc.es\/index.php\/wp-json\/wp\/v2\/comments?post=16593"}],"version-history":[{"count":4,"href":"https:\/\/help.tdoc.es\/index.php\/wp-json\/wp\/v2\/pages\/16593\/revisions"}],"predecessor-version":[{"id":18777,"href":"https:\/\/help.tdoc.es\/index.php\/wp-json\/wp\/v2\/pages\/16593\/revisions\/18777"}],"up":[{"embeddable":true,"href":"https:\/\/help.tdoc.es\/index.php\/wp-json\/wp\/v2\/pages\/16511"}],"wp:attachment":[{"href":"https:\/\/help.tdoc.es\/index.php\/wp-json\/wp\/v2\/media?parent=16593"}],"curies":[{"name":"wp","href":"https:\/\/api.w.org\/{rel}","templated":true}]}}