{"id":16493,"date":"2021-11-29T16:28:20","date_gmt":"2021-11-29T16:28:20","guid":{"rendered":"https:\/\/help.tdoc.es\/?page_id=16493"},"modified":"2022-05-25T13:38:37","modified_gmt":"2022-05-25T13:38:37","slug":"registro-de-subempreiteiros","status":"publish","type":"page","link":"https:\/\/help.tdoc.es\/index.php\/pt\/gestao-documental\/registro-de-subempreiteiros\/","title":{"rendered":"Registro de Terceiriza\u00e7\u00e3o"},"content":{"rendered":"<p><div class=\"fusion-fullwidth fullwidth-box fusion-builder-row-1 nonhundred-percent-fullwidth non-hundred-percent-height-scrolling\" style=\"background-color: rgba(255,255,255,0);background-position: center center;background-repeat: no-repeat;padding-top:20px;padding-right:0px;padding-bottom:20px;padding-left:0px;margin-bottom: 0px;margin-top: 0px;border-width: 0px 0px 0px 0px;border-color:#eae9e9;border-style:solid;\" ><div class=\"fusion-builder-row fusion-row\"><div class=\"fusion-layout-column fusion_builder_column fusion-builder-column-0 fusion_builder_column_1_1 1_1 fusion-one-full fusion-column-first fusion-column-last\" style=\"margin-top:0px;margin-bottom:20px;\"><div class=\"fusion-column-wrapper fusion-flex-column-wrapper-legacy\" style=\"background-position:left top;background-repeat:no-repeat;-webkit-background-size:cover;-moz-background-size:cover;-o-background-size:cover;background-size:cover;padding: 0px 0px 0px 0px;\"><style type=\"text\/css\"><\/style><div class=\"fusion-title title fusion-title-1 fusion-sep-none fusion-title-text fusion-title-size-one\" style=\"margin-top:0px;margin-right:0px;margin-bottom:31px;margin-left:0px;\"><h1 class=\"title-heading-left\" style=\"margin:0;\"><p><span style=\"color: #0375c9;\">Registro de Terceiriza\u00e7\u00e3o<br \/>\n<\/span><\/p><\/h1><\/div><div class=\"fusion-text fusion-text-1\"><p>Como gestor da empresa deve solicitar um cadastro para o subempreiteiro, quando a tarefa ou parte dela seja terceirizada por outra empresa.<\/p>\n<p>Aparece a lista de pedidos de cadastro de subempreiteiros, por defeito somente aparecem as que est\u00e3o em estado<\/p>\n<p>Aparece el listado de peticiones de subcontratas, por defecto solo aparecen las que est\u00e1n en estado <span style=\"color: #ffcc00;\"><strong>Sem Processar.<\/strong><\/span><\/p>\n<p><img class=\"alignnone size-full wp-image-13024\" src=\"https:\/\/help.tdoc.es\/wp-content\/uploads\/2020\/08\/1-16.png\" alt=\"\" width=\"876\" height=\"328\" srcset=\"https:\/\/help.tdoc.es\/wp-content\/uploads\/2020\/08\/1-16-200x75.png 200w, https:\/\/help.tdoc.es\/wp-content\/uploads\/2020\/08\/1-16-300x112.png 300w, https:\/\/help.tdoc.es\/wp-content\/uploads\/2020\/08\/1-16-400x150.png 400w, https:\/\/help.tdoc.es\/wp-content\/uploads\/2020\/08\/1-16-600x225.png 600w, https:\/\/help.tdoc.es\/wp-content\/uploads\/2020\/08\/1-16-768x288.png 768w, https:\/\/help.tdoc.es\/wp-content\/uploads\/2020\/08\/1-16-800x300.png 800w, https:\/\/help.tdoc.es\/wp-content\/uploads\/2020\/08\/1-16.png 876w\" sizes=\"(max-width: 876px) 100vw, 876px\" \/><\/p>\n<\/div>\n<div class=\"table-1\">\n<table width=\"100%\">\n<tbody>\n<tr>\n<td align=\"left\"><img class=\"alignnone wp-image-17000 aligncenter\" src=\"https:\/\/help.tdoc.es\/wp-content\/uploads\/2022\/02\/Tabla-1_1-4.png\" alt=\"\" width=\"33\" height=\"33\" \/><\/td>\n<td align=\"left\">Permite gerar um pedido de cadastro de subempreiteiro.<\/td>\n<\/tr>\n<tr>\n<td align=\"left\"><img class=\"wp-image-17001 aligncenter\" src=\"https:\/\/help.tdoc.es\/wp-content\/uploads\/2022\/02\/Tabla-1_2-4.png\" alt=\"\" width=\"27\" height=\"34\" \/><\/td>\n<td align=\"left\">Permite cancelar um pedido de cadastro de subempreiteiro.<\/td>\n<\/tr>\n<tr>\n<td align=\"left\"><img class=\"wp-image-17002 aligncenter\" src=\"https:\/\/help.tdoc.es\/wp-content\/uploads\/2022\/02\/Tabla-1_3-3.png\" alt=\"\" width=\"34\" height=\"33\" \/><\/td>\n<td align=\"left\">Permite ver todos os pedidos realizados pelo usu\u00e1rio.<\/td>\n<\/tr>\n<tr>\n<td align=\"left\"><img class=\"wp-image-17003 aligncenter\" src=\"https:\/\/help.tdoc.es\/wp-content\/uploads\/2022\/02\/Tabla-1_4-3.png\" alt=\"\" width=\"35\" height=\"31\" \/><\/td>\n<td align=\"left\">Gera um informe em formato Excel com a lista de pedidos de cadastro.<\/td>\n<\/tr>\n<\/tbody>\n<\/table>\n<\/div>\n<style type=\"text\/css\"><\/style><div class=\"fusion-title title fusion-title-2 fusion-sep-none fusion-title-text fusion-title-size-two\" style=\"margin-top:0px;margin-right:0px;margin-bottom:31px;margin-left:0px;\"><h2 class=\"title-heading-left\" style=\"margin:0;\"><span style=\"color: #0375c9;\">1. Pedido de Registro para Terceirizados<\/span><\/h2><\/div><div class=\"fusion-text fusion-text-2\"><p>Para solicitar um cadastro de subempreiteiros deve clicar no \u00edcone\u00a0 <img class=\"alignnone size-full wp-image-13016\" src=\"https:\/\/help.tdoc.es\/wp-content\/uploads\/2020\/08\/3.jpg\" alt=\"\" width=\"45\" height=\"39\" \/> , dar\u00e1 in\u00edcio um tutorial de cadastro.<\/p>\n<p>1. Busca a empresa que quer subcontratar.<\/p>\n<p><img class=\"alignnone size-large wp-image-13017\" src=\"https:\/\/help.tdoc.es\/wp-content\/uploads\/2020\/08\/3-6-1024x188.png\" alt=\"\" width=\"1024\" height=\"188\" srcset=\"https:\/\/help.tdoc.es\/wp-content\/uploads\/2020\/08\/3-6-200x37.png 200w, https:\/\/help.tdoc.es\/wp-content\/uploads\/2020\/08\/3-6-300x55.png 300w, https:\/\/help.tdoc.es\/wp-content\/uploads\/2020\/08\/3-6-400x73.png 400w, https:\/\/help.tdoc.es\/wp-content\/uploads\/2020\/08\/3-6-600x110.png 600w, https:\/\/help.tdoc.es\/wp-content\/uploads\/2020\/08\/3-6-768x141.png 768w, https:\/\/help.tdoc.es\/wp-content\/uploads\/2020\/08\/3-6-800x147.png 800w, https:\/\/help.tdoc.es\/wp-content\/uploads\/2020\/08\/3-6-1024x188.png 1024w, https:\/\/help.tdoc.es\/wp-content\/uploads\/2020\/08\/3-6-1200x220.png 1200w, https:\/\/help.tdoc.es\/wp-content\/uploads\/2020\/08\/3-6.png 1304w\" sizes=\"(max-width: 1024px) 100vw, 1024px\" \/><\/p>\n<p>2. Selecione a empresa que quer subcontratar.<\/p>\n<p>Se a empresa j\u00e1 existe na plataforma, aparecer\u00e1 na lista de empresas.<\/p>\n<p>Se a empresa n\u00e3o existir deve seleccionar <strong>Criar<\/strong>.<\/p>\n<p><img class=\"alignnone size-full wp-image-13018\" src=\"https:\/\/help.tdoc.es\/wp-content\/uploads\/2020\/08\/4-6.png\" alt=\"\" width=\"887\" height=\"279\" srcset=\"https:\/\/help.tdoc.es\/wp-content\/uploads\/2020\/08\/4-6-200x63.png 200w, https:\/\/help.tdoc.es\/wp-content\/uploads\/2020\/08\/4-6-300x94.png 300w, https:\/\/help.tdoc.es\/wp-content\/uploads\/2020\/08\/4-6-400x126.png 400w, https:\/\/help.tdoc.es\/wp-content\/uploads\/2020\/08\/4-6-600x189.png 600w, https:\/\/help.tdoc.es\/wp-content\/uploads\/2020\/08\/4-6-768x242.png 768w, https:\/\/help.tdoc.es\/wp-content\/uploads\/2020\/08\/4-6-800x252.png 800w, https:\/\/help.tdoc.es\/wp-content\/uploads\/2020\/08\/4-6.png 887w\" sizes=\"(max-width: 887px) 100vw, 887px\" \/><\/p>\n<p>2.1. Se, no caso anterior, clicar <strong>Criar<\/strong>, ser\u00e1 necess\u00e1rio indicar a informa\u00e7\u00e3o sobre o empreiteiro como: nome, identifica\u00e7\u00e3o e pa\u00eds da empresa.<\/p>\n<p><img class=\"alignnone size-large wp-image-13019\" src=\"https:\/\/help.tdoc.es\/wp-content\/uploads\/2020\/08\/5-4-1024x155.png\" alt=\"\" width=\"1024\" height=\"155\" srcset=\"https:\/\/help.tdoc.es\/wp-content\/uploads\/2020\/08\/5-4-200x30.png 200w, https:\/\/help.tdoc.es\/wp-content\/uploads\/2020\/08\/5-4-300x45.png 300w, https:\/\/help.tdoc.es\/wp-content\/uploads\/2020\/08\/5-4-400x61.png 400w, https:\/\/help.tdoc.es\/wp-content\/uploads\/2020\/08\/5-4-600x91.png 600w, https:\/\/help.tdoc.es\/wp-content\/uploads\/2020\/08\/5-4-768x116.png 768w, https:\/\/help.tdoc.es\/wp-content\/uploads\/2020\/08\/5-4-800x121.png 800w, https:\/\/help.tdoc.es\/wp-content\/uploads\/2020\/08\/5-4-1024x155.png 1024w, https:\/\/help.tdoc.es\/wp-content\/uploads\/2020\/08\/5-4-1200x182.png 1200w, https:\/\/help.tdoc.es\/wp-content\/uploads\/2020\/08\/5-4-1536x233.png 1536w, https:\/\/help.tdoc.es\/wp-content\/uploads\/2020\/08\/5-4.png 1908w\" sizes=\"(max-width: 1024px) 100vw, 1024px\" \/><\/p>\n<p>3. Dados do gestor da empresa<\/p>\n<p>Deve existir um gestor para esta nova empresa.<\/p>\n<p>Se voc\u00ea mesmo for gerenciar esta empresa selecione a opi\u00e7\u00e3o <strong>Eu vou gerir a empresa<\/strong>.<\/p>\n<p>Se j\u00e1 existir um gestor, pode omitir este passo.<\/p>\n<p>Se desejar acrescentar um gestor, complete os dados e selecione <strong>Adicionar gestor<\/strong>. Pode repetir este passo, tantas vezes quanto gestores deseje criar.<\/p>\n<p>Quando terminar, selecione <strong>Seguinte<\/strong>.<\/p>\n<p><img class=\"alignnone size-large wp-image-13020\" src=\"https:\/\/help.tdoc.es\/wp-content\/uploads\/2020\/08\/6-3-1024x237.png\" alt=\"\" width=\"1024\" height=\"237\" srcset=\"https:\/\/help.tdoc.es\/wp-content\/uploads\/2020\/08\/6-3-200x46.png 200w, https:\/\/help.tdoc.es\/wp-content\/uploads\/2020\/08\/6-3-300x69.png 300w, https:\/\/help.tdoc.es\/wp-content\/uploads\/2020\/08\/6-3-400x93.png 400w, https:\/\/help.tdoc.es\/wp-content\/uploads\/2020\/08\/6-3-600x139.png 600w, https:\/\/help.tdoc.es\/wp-content\/uploads\/2020\/08\/6-3-768x178.png 768w, https:\/\/help.tdoc.es\/wp-content\/uploads\/2020\/08\/6-3-800x185.png 800w, https:\/\/help.tdoc.es\/wp-content\/uploads\/2020\/08\/6-3-1024x237.png 1024w, https:\/\/help.tdoc.es\/wp-content\/uploads\/2020\/08\/6-3-1200x278.png 1200w, https:\/\/help.tdoc.es\/wp-content\/uploads\/2020\/08\/6-3-1536x356.png 1536w, https:\/\/help.tdoc.es\/wp-content\/uploads\/2020\/08\/6-3.png 1896w\" sizes=\"(max-width: 1024px) 100vw, 1024px\" \/><\/p>\n<p>4. Sele\u00e7\u00e3o da tarefa \/ tarefas nas que relizar\u00e3o a subcontrata\u00e7\u00e3o<\/p>\n<p>Dever\u00e1 selecionar sobre quais tarefas a empresa subcontratada atuar\u00e1. Se for contratar para v\u00e1rias tarefas, pode seleccionar v\u00e1rias tarefas de uma vez. Para continuar, selecione <strong>Seguinte<\/strong>.<\/p>\n<p><img class=\"alignnone size-large wp-image-13021\" src=\"https:\/\/help.tdoc.es\/wp-content\/uploads\/2020\/08\/7-3-1024x359.png\" alt=\"\" width=\"1024\" height=\"359\" srcset=\"https:\/\/help.tdoc.es\/wp-content\/uploads\/2020\/08\/7-3-200x70.png 200w, https:\/\/help.tdoc.es\/wp-content\/uploads\/2020\/08\/7-3-300x105.png 300w, https:\/\/help.tdoc.es\/wp-content\/uploads\/2020\/08\/7-3-400x140.png 400w, https:\/\/help.tdoc.es\/wp-content\/uploads\/2020\/08\/7-3-600x210.png 600w, https:\/\/help.tdoc.es\/wp-content\/uploads\/2020\/08\/7-3-768x269.png 768w, https:\/\/help.tdoc.es\/wp-content\/uploads\/2020\/08\/7-3-800x281.png 800w, https:\/\/help.tdoc.es\/wp-content\/uploads\/2020\/08\/7-3-1024x359.png 1024w, https:\/\/help.tdoc.es\/wp-content\/uploads\/2020\/08\/7-3-1200x421.png 1200w, https:\/\/help.tdoc.es\/wp-content\/uploads\/2020\/08\/7-3-1536x539.png 1536w, https:\/\/help.tdoc.es\/wp-content\/uploads\/2020\/08\/7-3.png 1885w\" sizes=\"(max-width: 1024px) 100vw, 1024px\" \/><\/p>\n<p>5. Resumo do pedido<\/p>\n<p>O \u00faltimo passo \u00e9 o resumo do pedido onde indicam os dados que foram indicados no tutorial.<\/p>\n<p>Selecione <strong>Guardar<\/strong> para enviar o pedido.<\/p>\n<p><img class=\"alignnone size-large wp-image-13022\" src=\"https:\/\/help.tdoc.es\/wp-content\/uploads\/2020\/08\/8-3-1024x276.png\" alt=\"\" width=\"1024\" height=\"276\" srcset=\"https:\/\/help.tdoc.es\/wp-content\/uploads\/2020\/08\/8-3-200x54.png 200w, https:\/\/help.tdoc.es\/wp-content\/uploads\/2020\/08\/8-3-300x81.png 300w, https:\/\/help.tdoc.es\/wp-content\/uploads\/2020\/08\/8-3-400x108.png 400w, https:\/\/help.tdoc.es\/wp-content\/uploads\/2020\/08\/8-3-600x162.png 600w, https:\/\/help.tdoc.es\/wp-content\/uploads\/2020\/08\/8-3-768x207.png 768w, https:\/\/help.tdoc.es\/wp-content\/uploads\/2020\/08\/8-3-800x216.png 800w, https:\/\/help.tdoc.es\/wp-content\/uploads\/2020\/08\/8-3-1024x276.png 1024w, https:\/\/help.tdoc.es\/wp-content\/uploads\/2020\/08\/8-3-1200x323.png 1200w, https:\/\/help.tdoc.es\/wp-content\/uploads\/2020\/08\/8-3-1536x414.png 1536w, https:\/\/help.tdoc.es\/wp-content\/uploads\/2020\/08\/8-3.png 1908w\" sizes=\"(max-width: 1024px) 100vw, 1024px\" \/><\/p>\n<p>O pedido de cadastro da terceirizada implica o envio de um e-mail tanto ao gestor da empresa que realiza o pedido, como aos gestores da terceirizada.<\/p>\n<p>Em determinados clientes tamb\u00e9m envia-se aos respons\u00e1veis do centro.<\/p>\n<p>O pedido n\u00e3o ser\u00e1 efetivo, at\u00e9 que receba um segundo e-mail com a confirma\u00e7\u00e3o de que o pedido foi <strong>Processado.<\/strong><\/p>\n<p>Quando o cadastro for feito, ser\u00e1 registrado na lista de cadastros de terceirizados.<\/p>\n<\/div><style type=\"text\/css\"><\/style><div class=\"fusion-title title fusion-title-3 fusion-sep-none fusion-title-text fusion-title-size-two\" style=\"margin-top:0px;margin-right:0px;margin-bottom:31px;margin-left:0px;\"><h2 class=\"title-heading-left\" style=\"margin:0;\"><span style=\"color: #0375c9;\">2. Cancelar pedido<\/span><\/h2><\/div><div class=\"fusion-text fusion-text-3\"><p>Permite cancelar os pedidos de cadastro que estejam <span style=\"color: #ffcc00;\"><strong>Sem processar<\/strong><\/span>, deve selecionar previamente o pedido a ser cancelado.<\/p>\n<p><img class=\"alignnone size-large wp-image-14241\" src=\"https:\/\/help.tdoc.es\/wp-content\/uploads\/2021\/04\/cancelarPeticionContrata-1024x210.png\" alt=\"\" width=\"1024\" height=\"210\" srcset=\"https:\/\/help.tdoc.es\/wp-content\/uploads\/2021\/04\/cancelarPeticionContrata-200x41.png 200w, https:\/\/help.tdoc.es\/wp-content\/uploads\/2021\/04\/cancelarPeticionContrata-300x62.png 300w, https:\/\/help.tdoc.es\/wp-content\/uploads\/2021\/04\/cancelarPeticionContrata-400x82.png 400w, https:\/\/help.tdoc.es\/wp-content\/uploads\/2021\/04\/cancelarPeticionContrata-600x123.png 600w, https:\/\/help.tdoc.es\/wp-content\/uploads\/2021\/04\/cancelarPeticionContrata-768x158.png 768w, https:\/\/help.tdoc.es\/wp-content\/uploads\/2021\/04\/cancelarPeticionContrata-800x164.png 800w, https:\/\/help.tdoc.es\/wp-content\/uploads\/2021\/04\/cancelarPeticionContrata-1024x210.png 1024w, https:\/\/help.tdoc.es\/wp-content\/uploads\/2021\/04\/cancelarPeticionContrata-1200x246.png 1200w, https:\/\/help.tdoc.es\/wp-content\/uploads\/2021\/04\/cancelarPeticionContrata-1536x315.png 1536w, https:\/\/help.tdoc.es\/wp-content\/uploads\/2021\/04\/cancelarPeticionContrata.png 1901w\" sizes=\"(max-width: 1024px) 100vw, 1024px\" \/><\/p>\n<p>Selecione o pedido a ser cancelado e clique <img class=\"alignnone wp-image-16500\" src=\"https:\/\/help.tdoc.es\/wp-content\/uploads\/2021\/11\/17.png\" alt=\"\" width=\"32\" height=\"31\" srcset=\"https:\/\/help.tdoc.es\/wp-content\/uploads\/2021\/11\/17-66x66.png 66w, https:\/\/help.tdoc.es\/wp-content\/uploads\/2021\/11\/17.png 151w\" sizes=\"(max-width: 32px) 100vw, 32px\" \/>\u00a0. Tamb\u00e9m pode cancelar o cadastro selecionando as que deseje e clicando<img class=\"alignnone wp-image-16500\" src=\"https:\/\/help.tdoc.es\/wp-content\/uploads\/2021\/11\/17.png\" alt=\"\" width=\"31\" height=\"30\" srcset=\"https:\/\/help.tdoc.es\/wp-content\/uploads\/2021\/11\/17-66x66.png 66w, https:\/\/help.tdoc.es\/wp-content\/uploads\/2021\/11\/17.png 151w\" sizes=\"(max-width: 31px) 100vw, 31px\" \/>.<\/p>\n<\/div><style type=\"text\/css\"><\/style><div class=\"fusion-title title fusion-title-4 fusion-sep-none fusion-title-text fusion-title-size-two\" style=\"margin-top:0px;margin-right:0px;margin-bottom:31px;margin-left:0px;\"><h2 class=\"title-heading-left\" style=\"margin:0;\"><span style=\"color: #0375c9;\">3. Mostrar todos os pedidos\u00a0<\/span><\/h2><\/div><div class=\"fusion-text fusion-text-4\"><p>Permite ver todos os pedidos pelo usu\u00e1rio.<\/p>\n<\/div><div class=\"fusion-clearfix\"><\/div><\/div><\/div><\/div><\/div><div class=\"fusion-fullwidth fullwidth-box fusion-builder-row-2 nonhundred-percent-fullwidth non-hundred-percent-height-scrolling\" style=\"background-color: rgba(255,255,255,0);background-position: center center;background-repeat: no-repeat;padding-top:20px;padding-right:0px;padding-bottom:20px;padding-left:0px;margin-bottom: 0px;margin-top: 0px;border-width: 0px 0px 0px 0px;border-color:#eae9e9;border-style:solid;\" ><div class=\"fusion-builder-row fusion-row\"><div class=\"fusion-layout-column fusion_builder_column fusion-builder-column-1 fusion_builder_column_1_1 1_1 fusion-one-full fusion-column-first fusion-column-last\" style=\"margin-top:0px;margin-bottom:20px;\"><div class=\"fusion-column-wrapper fusion-flex-column-wrapper-legacy\" style=\"background-position:left top;background-repeat:no-repeat;-webkit-background-size:cover;-moz-background-size:cover;-o-background-size:cover;background-size:cover;padding: 0px 0px 0px 0px;\"><div class=\"fusion-clearfix\"><\/div><\/div><\/div><\/div><\/div><div class=\"fusion-fullwidth fullwidth-box fusion-builder-row-3 nonhundred-percent-fullwidth non-hundred-percent-height-scrolling\" style=\"background-color: rgba(255,255,255,0);background-position: center center;background-repeat: no-repeat;padding-top:20px;padding-right:0px;padding-bottom:20px;padding-left:0px;margin-bottom: 0px;margin-top: 0px;border-width: 0px 0px 0px 0px;border-color:#eae9e9;border-style:solid;\" ><div class=\"fusion-builder-row fusion-row\"><div class=\"fusion-layout-column fusion_builder_column fusion-builder-column-2 fusion_builder_column_1_1 1_1 fusion-one-full fusion-column-first fusion-column-last\" style=\"margin-top:0px;margin-bottom:20px;\"><div class=\"fusion-column-wrapper fusion-flex-column-wrapper-legacy\" style=\"background-position:left top;background-repeat:no-repeat;-webkit-background-size:cover;-moz-background-size:cover;-o-background-size:cover;background-size:cover;padding: 0px 0px 0px 0px;\"><div class=\"fusion-clearfix\"><\/div><\/div><\/div><\/div><\/div><\/p>\n","protected":false},"excerpt":{"rendered":"","protected":false},"author":5,"featured_media":0,"parent":16452,"menu_order":0,"comment_status":"closed","ping_status":"closed","template":"","meta":[],"_links":{"self":[{"href":"https:\/\/help.tdoc.es\/index.php\/wp-json\/wp\/v2\/pages\/16493"}],"collection":[{"href":"https:\/\/help.tdoc.es\/index.php\/wp-json\/wp\/v2\/pages"}],"about":[{"href":"https:\/\/help.tdoc.es\/index.php\/wp-json\/wp\/v2\/types\/page"}],"author":[{"embeddable":true,"href":"https:\/\/help.tdoc.es\/index.php\/wp-json\/wp\/v2\/users\/5"}],"replies":[{"embeddable":true,"href":"https:\/\/help.tdoc.es\/index.php\/wp-json\/wp\/v2\/comments?post=16493"}],"version-history":[{"count":6,"href":"https:\/\/help.tdoc.es\/index.php\/wp-json\/wp\/v2\/pages\/16493\/revisions"}],"predecessor-version":[{"id":16521,"href":"https:\/\/help.tdoc.es\/index.php\/wp-json\/wp\/v2\/pages\/16493\/revisions\/16521"}],"up":[{"embeddable":true,"href":"https:\/\/help.tdoc.es\/index.php\/wp-json\/wp\/v2\/pages\/16452"}],"wp:attachment":[{"href":"https:\/\/help.tdoc.es\/index.php\/wp-json\/wp\/v2\/media?parent=16493"}],"curies":[{"name":"wp","href":"https:\/\/api.w.org\/{rel}","templated":true}]}}