{"id":16490,"date":"2021-11-29T16:11:23","date_gmt":"2021-11-29T16:11:23","guid":{"rendered":"https:\/\/help.tdoc.es\/?page_id=16490"},"modified":"2021-12-21T16:07:02","modified_gmt":"2021-12-21T16:07:02","slug":"arvore-de-terceirizacao","status":"publish","type":"page","link":"https:\/\/help.tdoc.es\/index.php\/pt\/gestao-documental\/arvore-de-terceirizacao\/","title":{"rendered":"\u00c1rvore de Terceirizados"},"content":{"rendered":"<p><div class=\"fusion-fullwidth fullwidth-box fusion-builder-row-1 nonhundred-percent-fullwidth non-hundred-percent-height-scrolling\" style=\"background-color: rgba(255,255,255,0);background-position: center center;background-repeat: no-repeat;padding-top:20px;padding-right:0px;padding-bottom:20px;padding-left:0px;margin-bottom: 0px;margin-top: 0px;border-width: 0px 0px 0px 0px;border-color:#eae9e9;border-style:solid;\" ><div class=\"fusion-builder-row fusion-row\"><div class=\"fusion-layout-column fusion_builder_column fusion-builder-column-0 fusion_builder_column_1_1 1_1 fusion-one-full fusion-column-first fusion-column-last\" style=\"margin-top:0px;margin-bottom:20px;\"><div class=\"fusion-column-wrapper fusion-flex-column-wrapper-legacy\" style=\"background-position:left top;background-repeat:no-repeat;-webkit-background-size:cover;-moz-background-size:cover;-o-background-size:cover;background-size:cover;padding: 0px 0px 0px 0px;\"><style type=\"text\/css\"><\/style><div class=\"fusion-title title fusion-title-1 fusion-sep-none fusion-title-text fusion-title-size-one\" style=\"margin-top:0px;margin-right:0px;margin-bottom:31px;margin-left:0px;\"><h1 class=\"title-heading-left\" style=\"margin:0;\"><p><span style=\"color: #0375c9;\">\u00c1rvore de Terceirizados<br \/>\n<\/span><\/p><\/h1><\/div><div class=\"fusion-text fusion-text-1\"><p>Permite o acesso \u00e0 documenta\u00e7\u00e3o das tarefas dos empreiteiros. Como gestor da empresa, ter\u00e1 acesso \u00e1 \u00e1rvore de Terceiriza\u00e7\u00e3o das empresas que gerencia.<\/p>\n<p>Para ver a \u00c1rvore de Terceiriza\u00e7\u00e3o de um centro previamente deve selecionar o centro correspondente.<\/p>\n<p><img class=\"alignnone size-large wp-image-13012\" src=\"https:\/\/help.tdoc.es\/wp-content\/uploads\/2020\/08\/1-15-1024x170.png\" alt=\"\" width=\"1024\" height=\"170\" srcset=\"https:\/\/help.tdoc.es\/wp-content\/uploads\/2020\/08\/1-15-200x33.png 200w, https:\/\/help.tdoc.es\/wp-content\/uploads\/2020\/08\/1-15-300x50.png 300w, https:\/\/help.tdoc.es\/wp-content\/uploads\/2020\/08\/1-15-400x66.png 400w, https:\/\/help.tdoc.es\/wp-content\/uploads\/2020\/08\/1-15-600x100.png 600w, https:\/\/help.tdoc.es\/wp-content\/uploads\/2020\/08\/1-15-768x128.png 768w, https:\/\/help.tdoc.es\/wp-content\/uploads\/2020\/08\/1-15-800x133.png 800w, https:\/\/help.tdoc.es\/wp-content\/uploads\/2020\/08\/1-15-1024x170.png 1024w, https:\/\/help.tdoc.es\/wp-content\/uploads\/2020\/08\/1-15-1200x199.png 1200w, https:\/\/help.tdoc.es\/wp-content\/uploads\/2020\/08\/1-15.png 1522w\" sizes=\"(max-width: 1024px) 100vw, 1024px\" \/><\/p>\n<p>Ao selecionar o centro de trabalho, aparecer\u00e1 a \u00c1rvore de Terceiriza\u00e7\u00e3o. Ao seleccionar o empreiteiro na \u00c1rvore de Terceiriza\u00e7\u00e3o, aparecer\u00e3o as tarefas do empreiteiro. Quando n\u00e3o selecione nenhuma empresa, aparecer\u00e3o todas as tarefas da \u00e1rvore.<\/p>\n<p><img class=\"alignnone size-large wp-image-13009\" src=\"https:\/\/help.tdoc.es\/wp-content\/uploads\/2020\/08\/2-10-1024x230.png\" alt=\"\" width=\"1024\" height=\"230\" srcset=\"https:\/\/help.tdoc.es\/wp-content\/uploads\/2020\/08\/2-10-200x45.png 200w, https:\/\/help.tdoc.es\/wp-content\/uploads\/2020\/08\/2-10-300x68.png 300w, https:\/\/help.tdoc.es\/wp-content\/uploads\/2020\/08\/2-10-400x90.png 400w, https:\/\/help.tdoc.es\/wp-content\/uploads\/2020\/08\/2-10-600x135.png 600w, https:\/\/help.tdoc.es\/wp-content\/uploads\/2020\/08\/2-10-768x173.png 768w, https:\/\/help.tdoc.es\/wp-content\/uploads\/2020\/08\/2-10-800x180.png 800w, https:\/\/help.tdoc.es\/wp-content\/uploads\/2020\/08\/2-10-1024x230.png 1024w, https:\/\/help.tdoc.es\/wp-content\/uploads\/2020\/08\/2-10-1200x270.png 1200w, https:\/\/help.tdoc.es\/wp-content\/uploads\/2020\/08\/2-10-1536x346.png 1536w, https:\/\/help.tdoc.es\/wp-content\/uploads\/2020\/08\/2-10.png 1875w\" sizes=\"(max-width: 1024px) 100vw, 1024px\" \/><\/p>\n<p>Pode ver o detalhe de qualquer tarefa clicando no \u00edcone Selecionar <img class=\"alignnone size-full wp-image-13010\" src=\"https:\/\/help.tdoc.es\/wp-content\/uploads\/2020\/08\/3-5.png\" alt=\"\" width=\"18\" height=\"18\" \/>\u00a0. Aparecer\u00e3o os dados da tarefa, assim como uma vista pr\u00e9via da Documenta\u00e7\u00e3o.<\/p>\n<p>Existe a possibilidade de editar tanto o estado da tarefa como o respons\u00e1vel da empresa para os trabalhos.<\/p>\n<p><img class=\"alignnone size-large wp-image-13011\" src=\"https:\/\/help.tdoc.es\/wp-content\/uploads\/2020\/08\/4-5-1024x470.png\" alt=\"\" width=\"1024\" height=\"470\" srcset=\"https:\/\/help.tdoc.es\/wp-content\/uploads\/2020\/08\/4-5-200x92.png 200w, https:\/\/help.tdoc.es\/wp-content\/uploads\/2020\/08\/4-5-300x138.png 300w, https:\/\/help.tdoc.es\/wp-content\/uploads\/2020\/08\/4-5-400x184.png 400w, https:\/\/help.tdoc.es\/wp-content\/uploads\/2020\/08\/4-5-600x275.png 600w, https:\/\/help.tdoc.es\/wp-content\/uploads\/2020\/08\/4-5-768x353.png 768w, https:\/\/help.tdoc.es\/wp-content\/uploads\/2020\/08\/4-5-800x367.png 800w, https:\/\/help.tdoc.es\/wp-content\/uploads\/2020\/08\/4-5-1024x470.png 1024w, https:\/\/help.tdoc.es\/wp-content\/uploads\/2020\/08\/4-5-1200x551.png 1200w, https:\/\/help.tdoc.es\/wp-content\/uploads\/2020\/08\/4-5-1536x705.png 1536w, https:\/\/help.tdoc.es\/wp-content\/uploads\/2020\/08\/4-5.png 1858w\" sizes=\"(max-width: 1024px) 100vw, 1024px\" \/><\/p>\n<\/div><div class=\"fusion-clearfix\"><\/div><\/div><\/div><\/div><\/div><div class=\"fusion-fullwidth fullwidth-box fusion-builder-row-2 nonhundred-percent-fullwidth non-hundred-percent-height-scrolling\" style=\"background-color: rgba(255,255,255,0);background-position: center center;background-repeat: no-repeat;padding-top:20px;padding-right:0px;padding-bottom:20px;padding-left:0px;margin-bottom: 0px;margin-top: 0px;border-width: 0px 0px 0px 0px;border-color:#eae9e9;border-style:solid;\" ><div class=\"fusion-builder-row fusion-row\"><div class=\"fusion-layout-column fusion_builder_column fusion-builder-column-1 fusion_builder_column_1_1 1_1 fusion-one-full fusion-column-first fusion-column-last\" style=\"margin-top:0px;margin-bottom:20px;\"><div class=\"fusion-column-wrapper fusion-flex-column-wrapper-legacy\" style=\"background-position:left top;background-repeat:no-repeat;-webkit-background-size:cover;-moz-background-size:cover;-o-background-size:cover;background-size:cover;padding: 0px 0px 0px 0px;\"><div class=\"fusion-clearfix\"><\/div><\/div><\/div><\/div><\/div><div class=\"fusion-fullwidth fullwidth-box fusion-builder-row-3 nonhundred-percent-fullwidth non-hundred-percent-height-scrolling\" style=\"background-color: rgba(255,255,255,0);background-position: center center;background-repeat: no-repeat;padding-top:20px;padding-right:0px;padding-bottom:20px;padding-left:0px;margin-bottom: 0px;margin-top: 0px;border-width: 0px 0px 0px 0px;border-color:#eae9e9;border-style:solid;\" ><div class=\"fusion-builder-row fusion-row\"><div class=\"fusion-layout-column fusion_builder_column fusion-builder-column-2 fusion_builder_column_1_1 1_1 fusion-one-full fusion-column-first fusion-column-last\" style=\"margin-top:0px;margin-bottom:20px;\"><div class=\"fusion-column-wrapper fusion-flex-column-wrapper-legacy\" style=\"background-position:left top;background-repeat:no-repeat;-webkit-background-size:cover;-moz-background-size:cover;-o-background-size:cover;background-size:cover;padding: 0px 0px 0px 0px;\"><div class=\"fusion-clearfix\"><\/div><\/div><\/div><\/div><\/div><\/p>\n","protected":false},"excerpt":{"rendered":"","protected":false},"author":5,"featured_media":0,"parent":16452,"menu_order":0,"comment_status":"closed","ping_status":"closed","template":"","meta":[],"_links":{"self":[{"href":"https:\/\/help.tdoc.es\/index.php\/wp-json\/wp\/v2\/pages\/16490"}],"collection":[{"href":"https:\/\/help.tdoc.es\/index.php\/wp-json\/wp\/v2\/pages"}],"about":[{"href":"https:\/\/help.tdoc.es\/index.php\/wp-json\/wp\/v2\/types\/page"}],"author":[{"embeddable":true,"href":"https:\/\/help.tdoc.es\/index.php\/wp-json\/wp\/v2\/users\/5"}],"replies":[{"embeddable":true,"href":"https:\/\/help.tdoc.es\/index.php\/wp-json\/wp\/v2\/comments?post=16490"}],"version-history":[{"count":4,"href":"https:\/\/help.tdoc.es\/index.php\/wp-json\/wp\/v2\/pages\/16490\/revisions"}],"predecessor-version":[{"id":16520,"href":"https:\/\/help.tdoc.es\/index.php\/wp-json\/wp\/v2\/pages\/16490\/revisions\/16520"}],"up":[{"embeddable":true,"href":"https:\/\/help.tdoc.es\/index.php\/wp-json\/wp\/v2\/pages\/16452"}],"wp:attachment":[{"href":"https:\/\/help.tdoc.es\/index.php\/wp-json\/wp\/v2\/media?parent=16490"}],"curies":[{"name":"wp","href":"https:\/\/api.w.org\/{rel}","templated":true}]}}