{"id":16487,"date":"2021-11-29T16:01:36","date_gmt":"2021-11-29T16:01:36","guid":{"rendered":"https:\/\/help.tdoc.es\/?page_id=16487"},"modified":"2021-12-21T16:03:49","modified_gmt":"2021-12-21T16:03:49","slug":"repositorio-de-documentacao","status":"publish","type":"page","link":"https:\/\/help.tdoc.es\/index.php\/pt\/gestao-documental\/repositorio-de-documentacao\/","title":{"rendered":"Reposit\u00f3rio de documenta\u00e7\u00e3o"},"content":{"rendered":"<p><div class=\"fusion-fullwidth fullwidth-box fusion-builder-row-1 nonhundred-percent-fullwidth non-hundred-percent-height-scrolling\" style=\"background-color: rgba(255,255,255,0);background-position: center center;background-repeat: no-repeat;padding-top:20px;padding-right:0px;padding-bottom:20px;padding-left:0px;margin-bottom: 0px;margin-top: 0px;border-width: 0px 0px 0px 0px;border-color:#eae9e9;border-style:solid;\" ><div class=\"fusion-builder-row fusion-row\"><div class=\"fusion-layout-column fusion_builder_column fusion-builder-column-0 fusion_builder_column_1_1 1_1 fusion-one-full fusion-column-first fusion-column-last\" style=\"margin-top:0px;margin-bottom:20px;\"><div class=\"fusion-column-wrapper fusion-flex-column-wrapper-legacy\" style=\"background-position:left top;background-repeat:no-repeat;-webkit-background-size:cover;-moz-background-size:cover;-o-background-size:cover;background-size:cover;padding: 0px 0px 0px 0px;\"><style type=\"text\/css\"><\/style><div class=\"fusion-title title fusion-title-1 fusion-sep-none fusion-title-text fusion-title-size-one\" style=\"margin-top:0px;margin-right:0px;margin-bottom:31px;margin-left:0px;\"><h1 class=\"title-heading-left\" style=\"margin:0;\"><p><span style=\"color: #0375c9;\">Reposit\u00f3rio de documenta\u00e7\u00e3o<br \/>\n<\/span><\/p><\/h1><\/div><div class=\"fusion-text fusion-text-1\"><p>A op\u00e7\u00e3o <strong>Reposit\u00f3rio de documentos<\/strong> mostra o link para descarregar as \u00faltimas vers\u00f5es dos documentos dispon\u00edveis para que o gestor da empresa possa realizar a descarga. Os documentos podem ser informativos ou obrigat\u00f3rios.<\/p>\n<p><img class=\"alignnone size-full wp-image-13002\" src=\"https:\/\/help.tdoc.es\/wp-content\/uploads\/2020\/08\/1-14.png\" alt=\"\" width=\"938\" height=\"330\" srcset=\"https:\/\/help.tdoc.es\/wp-content\/uploads\/2020\/08\/1-14-200x70.png 200w, https:\/\/help.tdoc.es\/wp-content\/uploads\/2020\/08\/1-14-300x106.png 300w, https:\/\/help.tdoc.es\/wp-content\/uploads\/2020\/08\/1-14-400x141.png 400w, https:\/\/help.tdoc.es\/wp-content\/uploads\/2020\/08\/1-14-600x211.png 600w, https:\/\/help.tdoc.es\/wp-content\/uploads\/2020\/08\/1-14-768x270.png 768w, https:\/\/help.tdoc.es\/wp-content\/uploads\/2020\/08\/1-14-800x281.png 800w, https:\/\/help.tdoc.es\/wp-content\/uploads\/2020\/08\/1-14.png 938w\" sizes=\"(max-width: 938px) 100vw, 938px\" \/><\/p>\n<p>Estos documentos encontram-se agrupados por \u00c1rea Funcional, Centro de trabalho ou Tipo de empresa, segundo as empresas que voc\u00ea gestiona, para facilitar a busca.<\/p>\n<p><img class=\"alignnone size-large wp-image-13003\" src=\"https:\/\/help.tdoc.es\/wp-content\/uploads\/2020\/08\/2-9-1024x194.png\" alt=\"\" width=\"1024\" height=\"194\" srcset=\"https:\/\/help.tdoc.es\/wp-content\/uploads\/2020\/08\/2-9-200x38.png 200w, https:\/\/help.tdoc.es\/wp-content\/uploads\/2020\/08\/2-9-300x57.png 300w, https:\/\/help.tdoc.es\/wp-content\/uploads\/2020\/08\/2-9-400x76.png 400w, https:\/\/help.tdoc.es\/wp-content\/uploads\/2020\/08\/2-9-600x114.png 600w, https:\/\/help.tdoc.es\/wp-content\/uploads\/2020\/08\/2-9-768x146.png 768w, https:\/\/help.tdoc.es\/wp-content\/uploads\/2020\/08\/2-9-800x152.png 800w, https:\/\/help.tdoc.es\/wp-content\/uploads\/2020\/08\/2-9-1024x194.png 1024w, https:\/\/help.tdoc.es\/wp-content\/uploads\/2020\/08\/2-9-1200x228.png 1200w, https:\/\/help.tdoc.es\/wp-content\/uploads\/2020\/08\/2-9-1536x291.png 1536w, https:\/\/help.tdoc.es\/wp-content\/uploads\/2020\/08\/2-9.png 1850w\" sizes=\"(max-width: 1024px) 100vw, 1024px\" \/><\/p>\n<\/div><div class=\"fusion-clearfix\"><\/div><\/div><\/div><\/div><\/div><div class=\"fusion-fullwidth fullwidth-box fusion-builder-row-2 nonhundred-percent-fullwidth non-hundred-percent-height-scrolling\" style=\"background-color: rgba(255,255,255,0);background-position: center center;background-repeat: no-repeat;padding-top:20px;padding-right:0px;padding-bottom:20px;padding-left:0px;margin-bottom: 0px;margin-top: 0px;border-width: 0px 0px 0px 0px;border-color:#eae9e9;border-style:solid;\" ><div class=\"fusion-builder-row fusion-row\"><div class=\"fusion-layout-column fusion_builder_column fusion-builder-column-1 fusion_builder_column_1_1 1_1 fusion-one-full fusion-column-first fusion-column-last\" style=\"margin-top:0px;margin-bottom:20px;\"><div class=\"fusion-column-wrapper fusion-flex-column-wrapper-legacy\" style=\"background-position:left top;background-repeat:no-repeat;-webkit-background-size:cover;-moz-background-size:cover;-o-background-size:cover;background-size:cover;padding: 0px 0px 0px 0px;\"><div class=\"fusion-clearfix\"><\/div><\/div><\/div><\/div><\/div><div class=\"fusion-fullwidth fullwidth-box fusion-builder-row-3 nonhundred-percent-fullwidth non-hundred-percent-height-scrolling\" style=\"background-color: rgba(255,255,255,0);background-position: center center;background-repeat: no-repeat;padding-top:20px;padding-right:0px;padding-bottom:20px;padding-left:0px;margin-bottom: 0px;margin-top: 0px;border-width: 0px 0px 0px 0px;border-color:#eae9e9;border-style:solid;\" ><div class=\"fusion-builder-row fusion-row\"><div class=\"fusion-layout-column fusion_builder_column fusion-builder-column-2 fusion_builder_column_1_1 1_1 fusion-one-full fusion-column-first fusion-column-last\" style=\"margin-top:0px;margin-bottom:20px;\"><div class=\"fusion-column-wrapper fusion-flex-column-wrapper-legacy\" style=\"background-position:left top;background-repeat:no-repeat;-webkit-background-size:cover;-moz-background-size:cover;-o-background-size:cover;background-size:cover;padding: 0px 0px 0px 0px;\"><div class=\"fusion-clearfix\"><\/div><\/div><\/div><\/div><\/div><\/p>\n","protected":false},"excerpt":{"rendered":"","protected":false},"author":5,"featured_media":0,"parent":16452,"menu_order":0,"comment_status":"closed","ping_status":"closed","template":"","meta":[],"_links":{"self":[{"href":"https:\/\/help.tdoc.es\/index.php\/wp-json\/wp\/v2\/pages\/16487"}],"collection":[{"href":"https:\/\/help.tdoc.es\/index.php\/wp-json\/wp\/v2\/pages"}],"about":[{"href":"https:\/\/help.tdoc.es\/index.php\/wp-json\/wp\/v2\/types\/page"}],"author":[{"embeddable":true,"href":"https:\/\/help.tdoc.es\/index.php\/wp-json\/wp\/v2\/users\/5"}],"replies":[{"embeddable":true,"href":"https:\/\/help.tdoc.es\/index.php\/wp-json\/wp\/v2\/comments?post=16487"}],"version-history":[{"count":2,"href":"https:\/\/help.tdoc.es\/index.php\/wp-json\/wp\/v2\/pages\/16487\/revisions"}],"predecessor-version":[{"id":16584,"href":"https:\/\/help.tdoc.es\/index.php\/wp-json\/wp\/v2\/pages\/16487\/revisions\/16584"}],"up":[{"embeddable":true,"href":"https:\/\/help.tdoc.es\/index.php\/wp-json\/wp\/v2\/pages\/16452"}],"wp:attachment":[{"href":"https:\/\/help.tdoc.es\/index.php\/wp-json\/wp\/v2\/media?parent=16487"}],"curies":[{"name":"wp","href":"https:\/\/api.w.org\/{rel}","templated":true}]}}