{"id":16448,"date":"2021-11-23T14:41:18","date_gmt":"2021-11-23T14:41:18","guid":{"rendered":"https:\/\/help.tdoc.es\/?page_id=16448"},"modified":"2024-07-03T08:08:22","modified_gmt":"2024-07-03T08:08:22","slug":"gestao-administrativa","status":"publish","type":"page","link":"https:\/\/help.tdoc.es\/index.php\/pt\/manual-tdoc-empreiteiro\/gestao-administrativa\/","title":{"rendered":"GEST\u00c3O ADMINISTRATIVA"},"content":{"rendered":"<p><div class=\"fusion-fullwidth fullwidth-box fusion-builder-row-1 nonhundred-percent-fullwidth non-hundred-percent-height-scrolling\" style=\"background-color: rgba(255,255,255,0);background-position: center center;background-repeat: no-repeat;padding-top:20px;padding-right:0px;padding-bottom:20px;padding-left:0px;margin-bottom: 0px;margin-top: 0px;border-width: 0px 0px 0px 0px;border-color:#eae9e9;border-style:solid;\" ><div class=\"fusion-builder-row fusion-row\"><div class=\"fusion-layout-column fusion_builder_column fusion-builder-column-0 fusion_builder_column_1_1 1_1 fusion-one-full fusion-column-first fusion-column-last\" style=\"margin-top:0px;margin-bottom:20px;\"><div class=\"fusion-column-wrapper fusion-flex-column-wrapper-legacy\" style=\"background-position:left top;background-repeat:no-repeat;-webkit-background-size:cover;-moz-background-size:cover;-o-background-size:cover;background-size:cover;padding: 0px 0px 0px 0px;\"><style type=\"text\/css\"><\/style><div class=\"fusion-title title fusion-title-1 fusion-sep-none fusion-title-text fusion-title-size-one\" style=\"margin-top:0px;margin-right:0px;margin-bottom:31px;margin-left:0px;\"><h1 class=\"title-heading-left\" style=\"margin:0;\"><span style=\"color: #0375c9;\">GEST\u00c3O ADMINISTRATIVA<\/span><\/h1><\/div><style type=\"text\/css\"><\/style><div class=\"fusion-title title fusion-title-2 fusion-sep-none fusion-title-text fusion-title-size-two\" style=\"margin-top:0px;margin-right:0px;margin-bottom:31px;margin-left:0px;\"><h2 class=\"title-heading-left\" style=\"margin:0;\"><span style=\"color: #0375c9;\"> 1. Administrar gestores de empreiteiro\u00a0<\/span><\/h2><\/div><div class=\"fusion-text fusion-text-1\"><p>O gestor de empreiteiro pode administrar o resto dos gestores da empresa.<\/p>\n<p><img class=\"size-full wp-image-19241 aligncenter\" src=\"https:\/\/help.tdoc.es\/wp-content\/uploads\/2024\/01\/Gestao-administrativa-1.png\" alt=\"\" width=\"1911\" height=\"223\" srcset=\"https:\/\/help.tdoc.es\/wp-content\/uploads\/2024\/01\/Gestao-administrativa-1-200x23.png 200w, https:\/\/help.tdoc.es\/wp-content\/uploads\/2024\/01\/Gestao-administrativa-1-300x35.png 300w, https:\/\/help.tdoc.es\/wp-content\/uploads\/2024\/01\/Gestao-administrativa-1-400x47.png 400w, https:\/\/help.tdoc.es\/wp-content\/uploads\/2024\/01\/Gestao-administrativa-1-600x70.png 600w, https:\/\/help.tdoc.es\/wp-content\/uploads\/2024\/01\/Gestao-administrativa-1-768x90.png 768w, https:\/\/help.tdoc.es\/wp-content\/uploads\/2024\/01\/Gestao-administrativa-1-800x93.png 800w, https:\/\/help.tdoc.es\/wp-content\/uploads\/2024\/01\/Gestao-administrativa-1-1024x119.png 1024w, https:\/\/help.tdoc.es\/wp-content\/uploads\/2024\/01\/Gestao-administrativa-1-1200x140.png 1200w, https:\/\/help.tdoc.es\/wp-content\/uploads\/2024\/01\/Gestao-administrativa-1-1536x179.png 1536w, https:\/\/help.tdoc.es\/wp-content\/uploads\/2024\/01\/Gestao-administrativa-1.png 1911w\" sizes=\"(max-width: 1911px) 100vw, 1911px\" \/><\/p>\n<\/div><style type=\"text\/css\"><\/style><div class=\"fusion-title title fusion-title-3 fusion-sep-none fusion-title-text fusion-title-size-two\" style=\"margin-top:0px;margin-right:0px;margin-bottom:31px;margin-left:0px;\"><h2 class=\"title-heading-left\" style=\"margin:0;\"><span style=\"color: #0375c9;\">1.1. <span style=\"color: #ffcc00;\"><strong>*** <\/strong><\/span>Gestores de empreiteiro. Administra os gestores de empreiteiro<\/span><\/h2><\/div><div class=\"fusion-text fusion-text-2\"><p>Esta op\u00e7\u00e3o permite visualizar todos os gestores que da empresa e gerar novos gestores, se for necess\u00e1rio.<\/p>\n<p><img class=\"wp-image-19243 aligncenter\" src=\"https:\/\/help.tdoc.es\/wp-content\/uploads\/2024\/01\/Gestao-administrativa-2-1.png\" alt=\"\" width=\"709\" height=\"139\" srcset=\"https:\/\/help.tdoc.es\/wp-content\/uploads\/2024\/01\/Gestao-administrativa-2-1-200x39.png 200w, https:\/\/help.tdoc.es\/wp-content\/uploads\/2024\/01\/Gestao-administrativa-2-1-300x59.png 300w, https:\/\/help.tdoc.es\/wp-content\/uploads\/2024\/01\/Gestao-administrativa-2-1-400x78.png 400w, https:\/\/help.tdoc.es\/wp-content\/uploads\/2024\/01\/Gestao-administrativa-2-1-600x118.png 600w, https:\/\/help.tdoc.es\/wp-content\/uploads\/2024\/01\/Gestao-administrativa-2-1-768x151.png 768w, https:\/\/help.tdoc.es\/wp-content\/uploads\/2024\/01\/Gestao-administrativa-2-1-800x157.png 800w, https:\/\/help.tdoc.es\/wp-content\/uploads\/2024\/01\/Gestao-administrativa-2-1-1024x201.png 1024w, https:\/\/help.tdoc.es\/wp-content\/uploads\/2024\/01\/Gestao-administrativa-2-1-1200x235.png 1200w, https:\/\/help.tdoc.es\/wp-content\/uploads\/2024\/01\/Gestao-administrativa-2-1-1536x301.png 1536w, https:\/\/help.tdoc.es\/wp-content\/uploads\/2024\/01\/Gestao-administrativa-2-1.png 1852w\" sizes=\"(max-width: 709px) 100vw, 709px\" \/><\/p>\n<p>Permite criar novos gestores para a empresa seleccionando <img class=\"alignnone wp-image-12854\" src=\"https:\/\/help.tdoc.es\/wp-content\/uploads\/2020\/08\/3-1.png\" alt=\"\" width=\"26\" height=\"26\" \/>.<\/p>\n<p>Solicita a informa\u00e7\u00e3o necess\u00e1ria para o novo gestor da empresa, assim tamb\u00e9m como os dados da empresa que ir\u00e1 administrar. Clicar \u2018Guardar\u2019 para finalizar a opera\u00e7\u00e3o.<\/p>\n<p><img class=\"wp-image-19244 aligncenter\" src=\"https:\/\/help.tdoc.es\/wp-content\/uploads\/2024\/01\/gestao-administrativa-3.png\" alt=\"\" width=\"707\" height=\"287\" srcset=\"https:\/\/help.tdoc.es\/wp-content\/uploads\/2024\/01\/gestao-administrativa-3-200x81.png 200w, https:\/\/help.tdoc.es\/wp-content\/uploads\/2024\/01\/gestao-administrativa-3-300x122.png 300w, https:\/\/help.tdoc.es\/wp-content\/uploads\/2024\/01\/gestao-administrativa-3-400x162.png 400w, https:\/\/help.tdoc.es\/wp-content\/uploads\/2024\/01\/gestao-administrativa-3-600x244.png 600w, https:\/\/help.tdoc.es\/wp-content\/uploads\/2024\/01\/gestao-administrativa-3-669x272.png 669w, https:\/\/help.tdoc.es\/wp-content\/uploads\/2024\/01\/gestao-administrativa-3-768x312.png 768w, https:\/\/help.tdoc.es\/wp-content\/uploads\/2024\/01\/gestao-administrativa-3-800x325.png 800w, https:\/\/help.tdoc.es\/wp-content\/uploads\/2024\/01\/gestao-administrativa-3-1024x416.png 1024w, https:\/\/help.tdoc.es\/wp-content\/uploads\/2024\/01\/gestao-administrativa-3-1200x487.png 1200w, https:\/\/help.tdoc.es\/wp-content\/uploads\/2024\/01\/gestao-administrativa-3-1536x624.png 1536w, https:\/\/help.tdoc.es\/wp-content\/uploads\/2024\/01\/gestao-administrativa-3.png 1857w\" sizes=\"(max-width: 707px) 100vw, 707px\" \/><\/p>\n<\/div><style type=\"text\/css\"><\/style><div class=\"fusion-title title fusion-title-4 fusion-sep-none fusion-title-text fusion-title-size-two\" style=\"margin-top:0px;margin-right:0px;margin-bottom:31px;margin-left:0px;\"><h2 class=\"title-heading-left\" style=\"margin:0;\"><span style=\"color: #0375c9;\">1.2. Dar baixa como gestor de empreiteiro<\/span><\/h2><\/div><div class=\"fusion-text fusion-text-3\"><p>Um gestor pode dar baixa a si mesmo com a op\u00e7\u00e3o \u2018Dar baixa\u2019 como gestor de empreiteiro. Se gestiona mais de uma empresa deve indicar de qual\/quais empresas deseja fazer a baixa (selecionar da lista de empresas que aparecem na barra de op\u00e7\u00f5es).<\/p>\n<p><img class=\"alignnone wp-image-14759\" src=\"https:\/\/help.tdoc.es\/wp-content\/uploads\/2021\/05\/5.1-1.png\" alt=\"\" width=\"466\" height=\"140\" srcset=\"https:\/\/help.tdoc.es\/wp-content\/uploads\/2021\/05\/5.1-1-200x60.png 200w, https:\/\/help.tdoc.es\/wp-content\/uploads\/2021\/05\/5.1-1-300x90.png 300w, https:\/\/help.tdoc.es\/wp-content\/uploads\/2021\/05\/5.1-1-400x120.png 400w, https:\/\/help.tdoc.es\/wp-content\/uploads\/2021\/05\/5.1-1-600x180.png 600w, https:\/\/help.tdoc.es\/wp-content\/uploads\/2021\/05\/5.1-1.png 666w\" sizes=\"(max-width: 466px) 100vw, 466px\" \/><\/p>\n<p>Para finalizar a opera\u00e7\u00e3o, clique no bot\u00e3o \u2018Eliminar\u2019.<\/p>\n<p>Apenas ser\u00e1 poss\u00edvel dar baixa como administrador de uma empresa se existe outro usu\u00e1rio que seja gestor da empresa. Se a empresa n\u00e3o disp\u00f5e de outro gestor, deve realizar primeiro a alta do novo gestor para poder realizar a baixa.<\/p>\n<\/div><div class=\"fusion-clearfix\"><\/div><\/div><\/div><\/div><\/div><div class=\"fusion-fullwidth fullwidth-box fusion-builder-row-2 nonhundred-percent-fullwidth non-hundred-percent-height-scrolling\" style=\"background-color: rgba(255,255,255,0);background-position: center center;background-repeat: no-repeat;padding-top:20px;padding-right:0px;padding-bottom:20px;padding-left:0px;margin-bottom: 0px;margin-top: 0px;border-width: 0px 0px 0px 0px;border-color:#eae9e9;border-style:solid;\" ><div class=\"fusion-builder-row fusion-row\"><div class=\"fusion-layout-column fusion_builder_column fusion-builder-column-1 fusion_builder_column_1_1 1_1 fusion-one-full fusion-column-first fusion-column-last\" style=\"margin-top:0px;margin-bottom:20px;\"><div class=\"fusion-column-wrapper fusion-flex-column-wrapper-legacy\" style=\"background-position:left top;background-repeat:no-repeat;-webkit-background-size:cover;-moz-background-size:cover;-o-background-size:cover;background-size:cover;padding: 0px 0px 0px 0px;\"><div class=\"fusion-clearfix\"><\/div><\/div><\/div><\/div><\/div><div class=\"fusion-fullwidth fullwidth-box fusion-builder-row-3 nonhundred-percent-fullwidth non-hundred-percent-height-scrolling\" style=\"background-color: rgba(255,255,255,0);background-position: center center;background-repeat: no-repeat;padding-top:20px;padding-right:0px;padding-bottom:20px;padding-left:0px;margin-bottom: 0px;margin-top: 0px;border-width: 0px 0px 0px 0px;border-color:#eae9e9;border-style:solid;\" ><div class=\"fusion-builder-row fusion-row\"><div class=\"fusion-layout-column fusion_builder_column fusion-builder-column-2 fusion_builder_column_1_1 1_1 fusion-one-full fusion-column-first fusion-column-last\" style=\"margin-top:0px;margin-bottom:20px;\"><div class=\"fusion-column-wrapper fusion-flex-column-wrapper-legacy\" style=\"background-position:left top;background-repeat:no-repeat;-webkit-background-size:cover;-moz-background-size:cover;-o-background-size:cover;background-size:cover;padding: 0px 0px 0px 0px;\"><div class=\"fusion-clearfix\"><\/div><\/div><\/div><\/div><\/div><\/p>\n","protected":false},"excerpt":{"rendered":"","protected":false},"author":5,"featured_media":0,"parent":16511,"menu_order":0,"comment_status":"closed","ping_status":"closed","template":"","meta":[],"_links":{"self":[{"href":"https:\/\/help.tdoc.es\/index.php\/wp-json\/wp\/v2\/pages\/16448"}],"collection":[{"href":"https:\/\/help.tdoc.es\/index.php\/wp-json\/wp\/v2\/pages"}],"about":[{"href":"https:\/\/help.tdoc.es\/index.php\/wp-json\/wp\/v2\/types\/page"}],"author":[{"embeddable":true,"href":"https:\/\/help.tdoc.es\/index.php\/wp-json\/wp\/v2\/users\/5"}],"replies":[{"embeddable":true,"href":"https:\/\/help.tdoc.es\/index.php\/wp-json\/wp\/v2\/comments?post=16448"}],"version-history":[{"count":5,"href":"https:\/\/help.tdoc.es\/index.php\/wp-json\/wp\/v2\/pages\/16448\/revisions"}],"predecessor-version":[{"id":19245,"href":"https:\/\/help.tdoc.es\/index.php\/wp-json\/wp\/v2\/pages\/16448\/revisions\/19245"}],"up":[{"embeddable":true,"href":"https:\/\/help.tdoc.es\/index.php\/wp-json\/wp\/v2\/pages\/16511"}],"wp:attachment":[{"href":"https:\/\/help.tdoc.es\/index.php\/wp-json\/wp\/v2\/media?parent=16448"}],"curies":[{"name":"wp","href":"https:\/\/api.w.org\/{rel}","templated":true}]}}