{"id":16405,"date":"2021-11-22T15:35:45","date_gmt":"2021-11-22T15:35:45","guid":{"rendered":"https:\/\/help.tdoc.es\/?page_id=16405"},"modified":"2023-12-20T22:42:14","modified_gmt":"2023-12-20T22:42:14","slug":"rgpd","status":"publish","type":"page","link":"https:\/\/help.tdoc.es\/index.php\/pt\/rgpd\/","title":{"rendered":"Regulamento geral da prote\u00e7\u00e3o de dados (RGPD)"},"content":{"rendered":"<p><div class=\"fusion-fullwidth fullwidth-box fusion-builder-row-1 nonhundred-percent-fullwidth non-hundred-percent-height-scrolling\" style=\"background-color: rgba(255,255,255,0);background-position: center center;background-repeat: no-repeat;padding-top:20px;padding-right:0px;padding-bottom:20px;padding-left:0px;margin-bottom: 0px;margin-top: 0px;border-width: 0px 0px 0px 0px;border-color:#eae9e9;border-style:solid;\" ><div class=\"fusion-builder-row fusion-row\"><div class=\"fusion-layout-column fusion_builder_column fusion-builder-column-0 fusion_builder_column_1_1 1_1 fusion-one-full fusion-column-first fusion-column-last\" style=\"margin-top:0px;margin-bottom:20px;\"><div class=\"fusion-column-wrapper fusion-flex-column-wrapper-legacy\" style=\"background-position:left top;background-repeat:no-repeat;-webkit-background-size:cover;-moz-background-size:cover;-o-background-size:cover;background-size:cover;padding: 0px 0px 0px 0px;\"><style type=\"text\/css\"><\/style><div class=\"fusion-title title fusion-title-1 fusion-sep-none fusion-title-text fusion-title-size-one\" style=\"margin-top:0px;margin-right:0px;margin-bottom:31px;margin-left:0px;\"><h1 class=\"title-heading-left\" style=\"margin:0;\"><span style=\"color: #0375c9;\">Regulamento geral da prote\u00e7\u00e3o de dados (RGPD)\u00a0<\/span><\/h1><\/div><style type=\"text\/css\"><\/style><div class=\"fusion-title title fusion-title-2 fusion-sep-none fusion-title-text fusion-title-size-two\" style=\"margin-top:0px;margin-right:0px;margin-bottom:31px;margin-left:0px;\"><h2 class=\"title-heading-left\" style=\"margin:0;\"><span style=\"color: #0375c9;\">1. Autoriza\u00e7\u00e3o da empresa\u00a0<\/span><\/h2><\/div><div class=\"fusion-text fusion-text-1\"><p>Os gestores das empresas devem estar autorizados pela mesma para realizar os procedimentos com a aplica\u00e7\u00e3o, sendo necess\u00e1rio adicionar um arquivo (ver documento modelo) no qual a empresa a ser gestionada autoriza ao usu\u00e1rio a realizar essas gest\u00f5es.<\/p>\n<p>Se gestionar mais de uma empresa, dever\u00e1 adicionar tantas autoriza\u00e7\u00f5es como empresas gestione (cada um preenchido com os dados da empresa correspondente).<\/p>\n<p>Este arquivo \u00e9 necess\u00e1rio para completar o registro, mas se n\u00e3o o carregou ainda ou o documento carregado est\u00e1 pendente de revis\u00e3o ou for incorreto, voc\u00ea poder\u00e1 continuar utilizando a plataforma (com alguma restri\u00e7\u00e3o), clicando no bot\u00e3o \u201cContinuar\u201d da parte inferior.<\/p>\n<p>As restri\u00e7\u00f5es s\u00e3o devido principalmente aos dados que n\u00e3o s\u00e3o permitidos, como por exemplo, n\u00e3o ter acesso aos arquivos carregados por outro usu\u00e1rio, n\u00e3o visualizar alguns dados ou n\u00e3o poder eliminar trabalhadores.<\/p>\n<\/div><style type=\"text\/css\"><\/style><div class=\"fusion-title title fusion-title-3 fusion-sep-none fusion-title-text fusion-title-size-two\" style=\"margin-top:0px;margin-right:0px;margin-bottom:31px;margin-left:0px;\"><h2 class=\"title-heading-left\" style=\"margin:0;\"><span style=\"color: #0375c9;\">1.1. (<strong><span style=\"color: #ff0000;\">*<\/span><\/strong>) Autoriza\u00e7\u00e3o do RGPD<\/span><\/h2><\/div><div class=\"fusion-text fusion-text-2\"><p>Dependendo dos requisitos legais do pa\u00eds respeito \u00e0 prote\u00e7\u00e3o de dados, pode ser necess\u00e1rio carregar uma autoriza\u00e7\u00e3o do administrador da empresa por parte da mesma.<\/p>\n<p><img class=\"alignnone wp-image-19190 size-full\" src=\"https:\/\/help.tdoc.es\/wp-content\/uploads\/2023\/12\/Autorizacao-da-empresa-RGPD.png\" alt=\"\" width=\"1894\" height=\"691\" srcset=\"https:\/\/help.tdoc.es\/wp-content\/uploads\/2023\/12\/Autorizacao-da-empresa-RGPD-200x73.png 200w, https:\/\/help.tdoc.es\/wp-content\/uploads\/2023\/12\/Autorizacao-da-empresa-RGPD-300x109.png 300w, https:\/\/help.tdoc.es\/wp-content\/uploads\/2023\/12\/Autorizacao-da-empresa-RGPD-400x146.png 400w, https:\/\/help.tdoc.es\/wp-content\/uploads\/2023\/12\/Autorizacao-da-empresa-RGPD-600x219.png 600w, https:\/\/help.tdoc.es\/wp-content\/uploads\/2023\/12\/Autorizacao-da-empresa-RGPD-768x280.png 768w, https:\/\/help.tdoc.es\/wp-content\/uploads\/2023\/12\/Autorizacao-da-empresa-RGPD-800x292.png 800w, https:\/\/help.tdoc.es\/wp-content\/uploads\/2023\/12\/Autorizacao-da-empresa-RGPD-1024x374.png 1024w, https:\/\/help.tdoc.es\/wp-content\/uploads\/2023\/12\/Autorizacao-da-empresa-RGPD-1200x438.png 1200w, https:\/\/help.tdoc.es\/wp-content\/uploads\/2023\/12\/Autorizacao-da-empresa-RGPD-1536x560.png 1536w, https:\/\/help.tdoc.es\/wp-content\/uploads\/2023\/12\/Autorizacao-da-empresa-RGPD.png 1894w\" sizes=\"(max-width: 1894px) 100vw, 1894px\" \/><\/p>\n<p>Cada vez que acessar, se estiver pendente e corresponder, a plataforma requerir\u00e1 o upload da autoriza\u00e7\u00e3o e oferece a possibilidade de descarregar o documento modelo da autoriza\u00e7\u00e3o.<\/p>\n<p>Depois de preenchida e escaneada poder\u00e1 carreg\u00e1-la seleccionando a op\u00e7\u00e3o \u201cCarregar arquivo\u201d. \u00c9 poss\u00edvel acessar \u00e0 Tdoc sem carregar a autoriza\u00e7\u00e3o, pressionando \u201cContinuar\u201d, mas ser\u00e3o aplicadas algunas limita\u00e7\u00f5es em certas fun\u00e7\u00f5es (indicadas como <span style=\"color: #ffcc00;\">***<\/span>). Quando estiver carregado, este dever\u00e1 ser validado e a aplica\u00e7\u00e3o j\u00e1 n\u00e3o o requerir\u00e1 nos seguintes acessos, at\u00e9 ent\u00e3o, aparecer\u00e1 a seguinte informa\u00e7\u00e3o:<\/p>\n<p><img class=\"alignnone size-full wp-image-19191\" src=\"https:\/\/help.tdoc.es\/wp-content\/uploads\/2023\/12\/Autorizacao-da-empresa-RGPD-pendente-revisar.png\" alt=\"\" width=\"1909\" height=\"558\" srcset=\"https:\/\/help.tdoc.es\/wp-content\/uploads\/2023\/12\/Autorizacao-da-empresa-RGPD-pendente-revisar-200x58.png 200w, https:\/\/help.tdoc.es\/wp-content\/uploads\/2023\/12\/Autorizacao-da-empresa-RGPD-pendente-revisar-300x88.png 300w, https:\/\/help.tdoc.es\/wp-content\/uploads\/2023\/12\/Autorizacao-da-empresa-RGPD-pendente-revisar-400x117.png 400w, https:\/\/help.tdoc.es\/wp-content\/uploads\/2023\/12\/Autorizacao-da-empresa-RGPD-pendente-revisar-600x175.png 600w, https:\/\/help.tdoc.es\/wp-content\/uploads\/2023\/12\/Autorizacao-da-empresa-RGPD-pendente-revisar-768x224.png 768w, https:\/\/help.tdoc.es\/wp-content\/uploads\/2023\/12\/Autorizacao-da-empresa-RGPD-pendente-revisar-800x234.png 800w, https:\/\/help.tdoc.es\/wp-content\/uploads\/2023\/12\/Autorizacao-da-empresa-RGPD-pendente-revisar-1024x299.png 1024w, https:\/\/help.tdoc.es\/wp-content\/uploads\/2023\/12\/Autorizacao-da-empresa-RGPD-pendente-revisar-1200x351.png 1200w, https:\/\/help.tdoc.es\/wp-content\/uploads\/2023\/12\/Autorizacao-da-empresa-RGPD-pendente-revisar-1536x449.png 1536w, https:\/\/help.tdoc.es\/wp-content\/uploads\/2023\/12\/Autorizacao-da-empresa-RGPD-pendente-revisar.png 1909w\" sizes=\"(max-width: 1909px) 100vw, 1909px\" \/><\/p>\n<\/div><div class=\"fusion-clearfix\"><\/div><\/div><\/div><\/div><\/div><div class=\"fusion-fullwidth fullwidth-box fusion-builder-row-2 nonhundred-percent-fullwidth non-hundred-percent-height-scrolling\" style=\"background-color: rgba(255,255,255,0);background-position: center center;background-repeat: no-repeat;padding-top:20px;padding-right:0px;padding-bottom:20px;padding-left:0px;margin-bottom: 0px;margin-top: 0px;border-width: 0px 0px 0px 0px;border-color:#eae9e9;border-style:solid;\" ><div class=\"fusion-builder-row fusion-row\"><div class=\"fusion-layout-column fusion_builder_column fusion-builder-column-1 fusion_builder_column_1_1 1_1 fusion-one-full fusion-column-first fusion-column-last\" style=\"margin-top:0px;margin-bottom:20px;\"><div class=\"fusion-column-wrapper fusion-flex-column-wrapper-legacy\" style=\"background-position:left top;background-repeat:no-repeat;-webkit-background-size:cover;-moz-background-size:cover;-o-background-size:cover;background-size:cover;padding: 0px 0px 0px 0px;\"><div class=\"fusion-clearfix\"><\/div><\/div><\/div><\/div><\/div><div class=\"fusion-fullwidth fullwidth-box fusion-builder-row-3 nonhundred-percent-fullwidth non-hundred-percent-height-scrolling\" style=\"background-color: rgba(255,255,255,0);background-position: center center;background-repeat: no-repeat;padding-top:20px;padding-right:0px;padding-bottom:20px;padding-left:0px;margin-bottom: 0px;margin-top: 0px;border-width: 0px 0px 0px 0px;border-color:#eae9e9;border-style:solid;\" ><div class=\"fusion-builder-row fusion-row\"><div class=\"fusion-layout-column fusion_builder_column fusion-builder-column-2 fusion_builder_column_1_1 1_1 fusion-one-full fusion-column-first fusion-column-last\" style=\"margin-top:0px;margin-bottom:20px;\"><div class=\"fusion-column-wrapper fusion-flex-column-wrapper-legacy\" style=\"background-position:left top;background-repeat:no-repeat;-webkit-background-size:cover;-moz-background-size:cover;-o-background-size:cover;background-size:cover;padding: 0px 0px 0px 0px;\"><div class=\"fusion-clearfix\"><\/div><\/div><\/div><\/div><\/div><\/p>\n","protected":false},"excerpt":{"rendered":"","protected":false},"author":5,"featured_media":0,"parent":0,"menu_order":0,"comment_status":"closed","ping_status":"closed","template":"","meta":[],"_links":{"self":[{"href":"https:\/\/help.tdoc.es\/index.php\/wp-json\/wp\/v2\/pages\/16405"}],"collection":[{"href":"https:\/\/help.tdoc.es\/index.php\/wp-json\/wp\/v2\/pages"}],"about":[{"href":"https:\/\/help.tdoc.es\/index.php\/wp-json\/wp\/v2\/types\/page"}],"author":[{"embeddable":true,"href":"https:\/\/help.tdoc.es\/index.php\/wp-json\/wp\/v2\/users\/5"}],"replies":[{"embeddable":true,"href":"https:\/\/help.tdoc.es\/index.php\/wp-json\/wp\/v2\/comments?post=16405"}],"version-history":[{"count":10,"href":"https:\/\/help.tdoc.es\/index.php\/wp-json\/wp\/v2\/pages\/16405\/revisions"}],"predecessor-version":[{"id":19193,"href":"https:\/\/help.tdoc.es\/index.php\/wp-json\/wp\/v2\/pages\/16405\/revisions\/19193"}],"wp:attachment":[{"href":"https:\/\/help.tdoc.es\/index.php\/wp-json\/wp\/v2\/media?parent=16405"}],"curies":[{"name":"wp","href":"https:\/\/api.w.org\/{rel}","templated":true}]}}