{"id":16183,"date":"2021-09-10T10:01:30","date_gmt":"2021-09-10T10:01:30","guid":{"rendered":"https:\/\/help.tdoc.es\/?page_id=16183"},"modified":"2021-09-10T12:53:45","modified_gmt":"2021-09-10T12:53:45","slug":"manual-tdoc-access-aplicativo-movel","status":"publish","type":"page","link":"https:\/\/help.tdoc.es\/index.php\/pt\/manual-tdoc-access-aplicativo-movel\/","title":{"rendered":"Manual tdoc Access \u2013 Aplicativo m\u00f3vel"},"content":{"rendered":"<div class=\"fusion-fullwidth fullwidth-box fusion-builder-row-1 nonhundred-percent-fullwidth non-hundred-percent-height-scrolling\" style=\"background-color: rgba(255,255,255,0);background-position: center center;background-repeat: no-repeat;padding-top:20px;padding-right:0px;padding-bottom:20px;padding-left:0px;margin-bottom: 0px;margin-top: 0px;border-width: 0px 0px 0px 0px;border-color:#eae9e9;border-style:solid;\" ><div class=\"fusion-builder-row fusion-row\"><div class=\"fusion-layout-column fusion_builder_column fusion-builder-column-0 fusion_builder_column_1_1 1_1 fusion-one-full fusion-column-first fusion-column-last\" style=\"margin-top:0px;margin-bottom:20px;\"><div class=\"fusion-column-wrapper fusion-flex-column-wrapper-legacy\" style=\"background-position:left top;background-repeat:no-repeat;-webkit-background-size:cover;-moz-background-size:cover;-o-background-size:cover;background-size:cover;padding: 0px 0px 0px 0px;\"><style type=\"text\/css\"><\/style><div class=\"fusion-title title fusion-title-1 fusion-sep-none fusion-title-text fusion-title-size-one\" style=\"margin-top:0px;margin-right:0px;margin-bottom:31px;margin-left:0px;\"><h1 class=\"title-heading-left\" style=\"margin:0;\"><span style=\"color: #0375c9;\">Manual tdoc Access \u2013 Aplicativo m\u00f3vel<\/span><\/h1><\/div><style type=\"text\/css\"><\/style><div class=\"fusion-title title fusion-title-2 fusion-sep-none fusion-title-text fusion-title-size-two\" style=\"margin-top:0px;margin-right:0px;margin-bottom:31px;margin-left:0px;\"><h2 class=\"title-heading-left\" style=\"margin:0;\"><span style=\"color: #0375c9;\">Acesso\u00a0<\/span><\/h2><\/div><div class=\"fusion-text fusion-text-1\"><p>Na primeira vez que o aplicativo \u00e9 acessado, ser\u00e1 exibido um formul\u00e1rio onde voc\u00ea deve inserir o nome de usu\u00e1rio e a senha para o acesso. Cada usu\u00e1rio est\u00e1 associado a um centro de trabalho espec\u00edfico.<\/p>\n<\/div><span class=\" fusion-imageframe imageframe-none imageframe-1 hover-type-none\"><img width=\"176\" height=\"300\" title=\"pantallaacceso1\" src=\"https:\/\/help.tdoc.es\/wp-content\/uploads\/2021\/09\/pantallaacceso1-176x300.jpeg\" class=\"img-responsive wp-image-16184\" srcset=\"https:\/\/help.tdoc.es\/wp-content\/uploads\/2021\/09\/pantallaacceso1-200x341.jpeg 200w, https:\/\/help.tdoc.es\/wp-content\/uploads\/2021\/09\/pantallaacceso1-400x682.jpeg 400w, https:\/\/help.tdoc.es\/wp-content\/uploads\/2021\/09\/pantallaacceso1-600x1024.jpeg 600w, https:\/\/help.tdoc.es\/wp-content\/uploads\/2021\/09\/pantallaacceso1-800x1365.jpeg 800w, https:\/\/help.tdoc.es\/wp-content\/uploads\/2021\/09\/pantallaacceso1.jpeg 895w\" sizes=\"(max-width: 800px) 100vw, 176px\" \/><\/span><style type=\"text\/css\"><\/style><div class=\"fusion-title title fusion-title-3 fusion-sep-none fusion-title-text fusion-title-size-two\" style=\"margin-top:0px;margin-right:0px;margin-bottom:31px;margin-left:0px;\"><h2 class=\"title-heading-left\" style=\"margin:0;\"><span style=\"color: #0375c9;\">Tela principal\u00a0<\/span><\/h2><\/div><div class=\"fusion-text fusion-text-2\"><p>Na primeira vez que o aplicativo for acessado, ser\u00e1 solicitada a sincroniza\u00e7\u00e3o do aplicativo por meio da seguinte mensagem.<\/p>\n<\/div><span class=\" fusion-imageframe imageframe-none imageframe-2 hover-type-none\"><img width=\"253\" height=\"197\" title=\"sincronizacion\" src=\"https:\/\/help.tdoc.es\/wp-content\/uploads\/2021\/09\/sincronizacion.png\" class=\"img-responsive wp-image-16185\" srcset=\"https:\/\/help.tdoc.es\/wp-content\/uploads\/2021\/09\/sincronizacion-200x156.png 200w, https:\/\/help.tdoc.es\/wp-content\/uploads\/2021\/09\/sincronizacion.png 253w\" sizes=\"(max-width: 800px) 100vw, 253px\" \/><\/span><div class=\"fusion-text fusion-text-3\"><p>Nas seguintes vezes em que for acessado, quando o aplicativo possuir dados, ele navegar\u00e1 diretamente para a tela principal do aplicativo.<\/p>\n<\/div><span class=\" fusion-imageframe imageframe-none imageframe-3 hover-type-none\"><img width=\"176\" height=\"300\" title=\"main2-2\" src=\"https:\/\/help.tdoc.es\/wp-content\/uploads\/2021\/09\/main2-2-176x300.jpeg\" class=\"img-responsive wp-image-16186\" srcset=\"https:\/\/help.tdoc.es\/wp-content\/uploads\/2021\/09\/main2-2-200x340.jpeg 200w, https:\/\/help.tdoc.es\/wp-content\/uploads\/2021\/09\/main2-2-400x681.jpeg 400w, https:\/\/help.tdoc.es\/wp-content\/uploads\/2021\/09\/main2-2-600x1021.jpeg 600w, https:\/\/help.tdoc.es\/wp-content\/uploads\/2021\/09\/main2-2-800x1362.jpeg 800w, https:\/\/help.tdoc.es\/wp-content\/uploads\/2021\/09\/main2-2.jpeg 1074w\" sizes=\"(max-width: 800px) 100vw, 176px\" \/><\/span><div class=\"fusion-text fusion-text-4\"><p>Para verificar os colaboradores, o aplicativo deve primeiro ser sincronizado para ter os dados mais recentes. A data da \u00faltima sincroniza\u00e7\u00e3o \u00e9 indicada na parte inferior da tela principal.<\/p>\n<p>A qualquer outro momento, voc\u00ea pode acessar a tela de sincroniza\u00e7\u00e3o pressionando os tr\u00eas pontos verticais que est\u00e3o na parte superior direita da tela.<\/p>\n<p>Depois de sincronizar o aplicativo, existem duas maneiras para saber o status da documenta\u00e7\u00e3o de um colaborador:<\/p>\n<ol>\n<li>Escanear o c\u00f3digo QR do crach\u00e1.<\/li>\n<li>Buscas por filtro<\/li>\n<\/ol>\n<\/div><style type=\"text\/css\"><\/style><div class=\"fusion-title title fusion-title-4 fusion-sep-none fusion-title-text fusion-title-size-two\" style=\"margin-top:0px;margin-right:0px;margin-bottom:31px;margin-left:0px;\"><h2 class=\"title-heading-left\" style=\"margin:0;\"><span style=\"color: #0375c9;\">Sincroniza\u00e7\u00e3o<\/span><\/h2><\/div><div class=\"fusion-text fusion-text-5\"><p>Os dados de acesso atualizados s\u00e3o obtidos desde a tela de sincroniza\u00e7\u00e3o para poder usar o aplicativo. Para descarregar os dados atualizados, basta selecionar o \u00edcone da seta vermelha. \u00c9 imprescind\u00edvel ter conex\u00e3o a internet para realizar este processo.<\/p>\n<\/div><span class=\" fusion-imageframe imageframe-none imageframe-4 hover-type-none\"><img width=\"300\" height=\"262\" title=\"main-1-800&#215;699\" src=\"https:\/\/help.tdoc.es\/wp-content\/uploads\/2021\/09\/main-1-800x699-1-300x262.jpeg\" class=\"img-responsive wp-image-16238\" srcset=\"https:\/\/help.tdoc.es\/wp-content\/uploads\/2021\/09\/main-1-800x699-1-200x175.jpeg 200w, https:\/\/help.tdoc.es\/wp-content\/uploads\/2021\/09\/main-1-800x699-1-400x350.jpeg 400w, https:\/\/help.tdoc.es\/wp-content\/uploads\/2021\/09\/main-1-800x699-1-600x524.jpeg 600w, https:\/\/help.tdoc.es\/wp-content\/uploads\/2021\/09\/main-1-800x699-1.jpeg 800w\" sizes=\"(max-width: 800px) 100vw, 300px\" \/><\/span><div class=\"fusion-text fusion-text-6\"><p>Esta a\u00e7\u00e3o modifica a tela e aparece o bot\u00e3o &#8216;Seguinte&#8217;. Este bot\u00e3o estar\u00e1 bloqueado at\u00e9 que a sincroniza\u00e7\u00e3o dos dados esteja completa. Quando termina, o bot\u00e3o se desbloqueia. Selecione &#8216;Seguinte&#8217; para o acesso \u00e0 tela principal.<\/p>\n<\/div><span class=\" fusion-imageframe imageframe-none imageframe-5 hover-type-none\"><img width=\"229\" height=\"300\" title=\"sincrofin-800&#215;1049\" src=\"https:\/\/help.tdoc.es\/wp-content\/uploads\/2021\/09\/sincrofin-800x1049-1-229x300.jpeg\" class=\"img-responsive wp-image-16239\" srcset=\"https:\/\/help.tdoc.es\/wp-content\/uploads\/2021\/09\/sincrofin-800x1049-1-200x262.jpeg 200w, https:\/\/help.tdoc.es\/wp-content\/uploads\/2021\/09\/sincrofin-800x1049-1-400x525.jpeg 400w, https:\/\/help.tdoc.es\/wp-content\/uploads\/2021\/09\/sincrofin-800x1049-1-600x787.jpeg 600w, https:\/\/help.tdoc.es\/wp-content\/uploads\/2021\/09\/sincrofin-800x1049-1.jpeg 800w\" sizes=\"(max-width: 800px) 100vw, 229px\" \/><\/span><div class=\"fusion-text fusion-text-7\"><p>Na parte inferior, pode visualizar a data e hora na qual foi realizada a \u00faltima atualiza\u00e7\u00e3o.<\/p>\n<\/div><span class=\" fusion-imageframe imageframe-none imageframe-6 hover-type-none\"><img width=\"253\" height=\"197\" title=\"sincronizacion\" src=\"https:\/\/help.tdoc.es\/wp-content\/uploads\/2021\/09\/sincronizacion-1.png\" class=\"img-responsive wp-image-16240\" srcset=\"https:\/\/help.tdoc.es\/wp-content\/uploads\/2021\/09\/sincronizacion-1-200x156.png 200w, https:\/\/help.tdoc.es\/wp-content\/uploads\/2021\/09\/sincronizacion-1.png 253w\" sizes=\"(max-width: 800px) 100vw, 253px\" \/><\/span><style type=\"text\/css\"><\/style><div class=\"fusion-title title fusion-title-5 fusion-sep-none fusion-title-text fusion-title-size-two\" style=\"margin-top:0px;margin-right:0px;margin-bottom:31px;margin-left:0px;\"><h2 class=\"title-heading-left\" style=\"margin:0;\"><span style=\"color: #0375c9;\">Consultar estado da documenta\u00e7\u00e3o<\/span><\/h2><\/div><div class=\"fusion-text fusion-text-8\"><p>Finalizada a sincroniza\u00e7\u00e3o, pode consultar as informa\u00e7\u00f5es dos colaboradores a qualquer momento. Para este processo n\u00e3o \u00e9 necess\u00e1rio ter conex\u00e3o a internet. O processo normal de busca do colaborador ser\u00e1 pelo cart\u00e3o do colaborador. Cada colaborador tem um cart\u00e3o exclusivo que vem com um c\u00f3digo QR na frente. Ao ler este c\u00f3digo QR, podemos obter informa\u00e7\u00f5es sobre a situa\u00e7\u00e3o do colaborador no centro.<\/p>\n<p>A qualquer momento, voc\u00ea pode verificar a situa\u00e7\u00e3o de um colaborador no centro pesquisando pelo nome, sobrenome ou RG na op\u00e7\u00e3o para busca na parte superior da tela principal.<\/p>\n<\/div><style type=\"text\/css\"><\/style><div class=\"fusion-title title fusion-title-6 fusion-sep-none fusion-title-text fusion-title-size-two\" style=\"margin-top:0px;margin-right:0px;margin-bottom:31px;margin-left:0px;\"><h2 class=\"title-heading-left\" style=\"margin:0;\"><span style=\"color: #0375c9;\">Comprovar colaborador\u00a0<\/span><\/h2><\/div><style type=\"text\/css\"><\/style><div class=\"fusion-title title fusion-title-7 fusion-sep-none fusion-title-text fusion-title-size-two\" style=\"margin-top:0px;margin-right:0px;margin-bottom:31px;margin-left:0px;\"><h2 class=\"title-heading-left\" style=\"margin:0;\"><p style=\"padding-left: 40px;\"><span style=\"color: #0375c9;\">1.1. Escanear c\u00f3digo QR\u00a0<\/span><\/p><\/h2><\/div><div class=\"fusion-text fusion-text-9\"><p>Voc\u00ea pode escanear, usando a c\u00e2mera do dispositivo, o c\u00f3digo QR que aparece na frente dos cart\u00f5es de acesso pressionando o bot\u00e3o &#8216;DIGITALIZAR&#8217; na tela principal.<\/p>\n<\/div><span class=\" fusion-imageframe imageframe-none imageframe-7 hover-type-none\"><img width=\"300\" height=\"194\" title=\"qr-300&#215;194\" src=\"https:\/\/help.tdoc.es\/wp-content\/uploads\/2021\/09\/qr-300x194-1.png\" class=\"img-responsive wp-image-16241\" srcset=\"https:\/\/help.tdoc.es\/wp-content\/uploads\/2021\/09\/qr-300x194-1-200x129.png 200w, https:\/\/help.tdoc.es\/wp-content\/uploads\/2021\/09\/qr-300x194-1.png 300w\" sizes=\"(max-width: 800px) 100vw, 300px\" \/><\/span><div class=\"fusion-text fusion-text-10\"><p>Leva diretamente \u00e0 tela de resumo do colaborador.<\/p>\n<\/div><style type=\"text\/css\"><\/style><div class=\"fusion-title title fusion-title-8 fusion-sep-none fusion-title-text fusion-title-size-two\" style=\"margin-top:0px;margin-right:0px;margin-bottom:31px;margin-left:0px;\"><h2 class=\"title-heading-left\" style=\"margin:0;\"><p style=\"padding-left: 40px;\"><span style=\"color: #0375c9;\">1.2. Busca por sele\u00e7\u00e3o\u00a0<\/span><\/p><\/h2><\/div><div class=\"fusion-text fusion-text-11\"><p>En todo momento, pode consultar a informa\u00e7\u00e3o de um colaborador utilizando a lupa para busca situada na parte superior da tela principal.<\/p>\n<\/div><span class=\" fusion-imageframe imageframe-none imageframe-8 hover-type-none\"><img width=\"300\" height=\"49\" title=\"buscar-300&#215;49\" src=\"https:\/\/help.tdoc.es\/wp-content\/uploads\/2021\/09\/buscar-300x49-1.jpeg\" class=\"img-responsive wp-image-16242\" srcset=\"https:\/\/help.tdoc.es\/wp-content\/uploads\/2021\/09\/buscar-300x49-1-200x33.jpeg 200w, https:\/\/help.tdoc.es\/wp-content\/uploads\/2021\/09\/buscar-300x49-1.jpeg 300w\" sizes=\"(max-width: 800px) 100vw, 300px\" \/><\/span><div class=\"fusion-text fusion-text-12\"><p>O usuario pode realizar a busca por nome, sobrenome ou RG e navegar at\u00e9 a tela de resumo do colaborador selecionando o resultado que deseja consultar.<\/p>\n<\/div><style type=\"text\/css\"><\/style><div class=\"fusion-title title fusion-title-9 fusion-sep-none fusion-title-text fusion-title-size-two\" style=\"margin-top:0px;margin-right:0px;margin-bottom:31px;margin-left:0px;\"><h2 class=\"title-heading-left\" style=\"margin:0;\"><span style=\"color: #0375c9;\">2. Tela resumo do colaborador\u00a0<\/span><\/h2><\/div><div class=\"fusion-text fusion-text-13\"><p>Ao procurar um colaborador em qualquer um dos dois modos explicados na se\u00e7\u00e3o anterior, a tela de resumo do mesmo \u00e9 acessada.<\/p>\n<p>Nesta tela voc\u00ea pode ver, al\u00e9m dos dados b\u00e1sicos do colaborador, se tem ou n\u00e3o acesso ao centro.<\/p>\n<p>Na parte superior, aparece se o colaborador tem ou n\u00e3o acesso ao centro de trabalho com uma faixa verde ou vermelha:<\/p>\n<\/div><span class=\" fusion-imageframe imageframe-none imageframe-9 hover-type-none\"><img width=\"300\" height=\"26\" title=\"acceso-300&#215;26\" src=\"https:\/\/help.tdoc.es\/wp-content\/uploads\/2021\/09\/acceso-300x26-1.png\" class=\"img-responsive wp-image-16243\" srcset=\"https:\/\/help.tdoc.es\/wp-content\/uploads\/2021\/09\/acceso-300x26-1-200x17.png 200w, https:\/\/help.tdoc.es\/wp-content\/uploads\/2021\/09\/acceso-300x26-1.png 300w\" sizes=\"(max-width: 800px) 100vw, 300px\" \/><\/span><div class=\"fusion-text fusion-text-14\"><p>Se o acesso for permitido, o aplicativo permite que o colaborador entre ou saia do centro.<\/p>\n<p>Al\u00e9m disso, a qualquer momento, clicando no bot\u00e3o &#8216;MAIS INFORMA\u00c7\u00d5ES&#8217;, navegaremos at\u00e9 a tela de resumo onde poder\u00e3o ser visualizadas as informa\u00e7\u00f5es sobre a documenta\u00e7\u00e3o do colaborador.<\/p>\n<\/div><span class=\" fusion-imageframe imageframe-none imageframe-10 hover-type-none\"><img width=\"169\" height=\"300\" title=\"workerok-169&#215;300\" src=\"https:\/\/help.tdoc.es\/wp-content\/uploads\/2021\/09\/workerok-169x300-1.jpeg\" class=\"img-responsive wp-image-16244\"\/><\/span><style type=\"text\/css\"><\/style><div class=\"fusion-title title fusion-title-10 fusion-sep-none fusion-title-text fusion-title-size-two\" style=\"margin-top:0px;margin-right:0px;margin-bottom:31px;margin-left:0px;\"><h2 class=\"title-heading-left\" style=\"margin:0;\"><span style=\"color: #0375c9;\">2.1. Acessos de um colaborador ao centro de trabalho\u00a0<\/span><\/h2><\/div><div class=\"fusion-text fusion-text-15\"><p>Desde a tela de resumo, pode marcar a entrada ou sa\u00edda no centro. Selecionando a op\u00e7\u00e3o de ENTRADA \/ SA\u00cdDA.<\/p>\n<\/div><span class=\" fusion-imageframe imageframe-none imageframe-11 hover-type-none\"><img width=\"300\" height=\"55\" title=\"entradasalida-300&#215;55\" src=\"https:\/\/help.tdoc.es\/wp-content\/uploads\/2021\/09\/entradasalida-300x55-1.png\" class=\"img-responsive wp-image-16245\" srcset=\"https:\/\/help.tdoc.es\/wp-content\/uploads\/2021\/09\/entradasalida-300x55-1-200x37.png 200w, https:\/\/help.tdoc.es\/wp-content\/uploads\/2021\/09\/entradasalida-300x55-1.png 300w\" sizes=\"(max-width: 800px) 100vw, 300px\" \/><\/span><div class=\"fusion-text fusion-text-16\"><p>Ao selecionar uma das op\u00e7\u00f5es anteriores aprecer\u00e1 um formulario de confirma\u00e7\u00e3o no qual o usuario pode acrescentar informa\u00e7\u00e3o necess\u00e1ria se considera necess\u00e1rio.<\/p>\n<\/div><span class=\" fusion-imageframe imageframe-none imageframe-12 hover-type-none\"><img width=\"300\" height=\"207\" title=\"regsitrar-300&#215;207\" src=\"https:\/\/help.tdoc.es\/wp-content\/uploads\/2021\/09\/regsitrar-300x207-1.png\" class=\"img-responsive wp-image-16246\" srcset=\"https:\/\/help.tdoc.es\/wp-content\/uploads\/2021\/09\/regsitrar-300x207-1-200x138.png 200w, https:\/\/help.tdoc.es\/wp-content\/uploads\/2021\/09\/regsitrar-300x207-1.png 300w\" sizes=\"(max-width: 800px) 100vw, 300px\" \/><\/span><div class=\"fusion-text fusion-text-17\"><p>Quando selecionar o bot\u00e3o &#8216;Aceitar&#8217;, o acesso permanece registrado no telefone. Para salvar o acesso com seguran\u00e7a, o aplicativo tenta enviar, a cada 15 minutos, os dados dos acessos cadastrados ao servidor. Cada vez que as informa\u00e7\u00f5es s\u00e3o enviadas ao servidor, aparecer\u00e1 uma notifica\u00e7\u00e3o no celular.<\/p>\n<\/div><span class=\" fusion-imageframe imageframe-none imageframe-13 hover-type-none\"><img width=\"300\" height=\"260\" title=\"not-300&#215;260\" src=\"https:\/\/help.tdoc.es\/wp-content\/uploads\/2021\/09\/not-300x260-1.jpeg\" class=\"img-responsive wp-image-16247\" srcset=\"https:\/\/help.tdoc.es\/wp-content\/uploads\/2021\/09\/not-300x260-1-200x173.jpeg 200w, https:\/\/help.tdoc.es\/wp-content\/uploads\/2021\/09\/not-300x260-1.jpeg 300w\" sizes=\"(max-width: 800px) 100vw, 300px\" \/><\/span><div class=\"fusion-text fusion-text-18\"><p>O usu\u00e1rio pode guardar os acessos no servidor em qualquer momento, completando o processo de Sincroniza\u00e7\u00e3o.<\/p>\n<\/div><style type=\"text\/css\"><\/style><div class=\"fusion-title title fusion-title-11 fusion-sep-none fusion-title-text fusion-title-size-two\" style=\"margin-top:0px;margin-right:0px;margin-bottom:31px;margin-left:0px;\"><h2 class=\"title-heading-left\" style=\"margin:0;\"><span style=\"color: #0375c9;\">Resumo da documenta\u00e7\u00e3o do colaborador\u00a0<\/span><\/h2><\/div><div class=\"fusion-text fusion-text-19\"><p>No aplicativo, voc\u00ea pode ver o resumo da documenta\u00e7\u00e3o do colaborador e da empresa. Ele aparece dividido em duas guias, colaborador e empresa.<\/p>\n<\/div><span class=\" fusion-imageframe imageframe-none imageframe-14 hover-type-none\"><img width=\"300\" height=\"124\" title=\"workerdocs-300&#215;124\" src=\"https:\/\/help.tdoc.es\/wp-content\/uploads\/2021\/09\/workerdocs-300x124-1.jpeg\" class=\"img-responsive wp-image-16248\" srcset=\"https:\/\/help.tdoc.es\/wp-content\/uploads\/2021\/09\/workerdocs-300x124-1-200x83.jpeg 200w, https:\/\/help.tdoc.es\/wp-content\/uploads\/2021\/09\/workerdocs-300x124-1.jpeg 300w\" sizes=\"(max-width: 800px) 100vw, 300px\" \/><\/span><div class=\"fusion-text fusion-text-20\"><p>Cada uma destas se\u00e7\u00f5es aparece dividida em documenta\u00e7\u00e3o correta e incorreta. Clicando nos \u00edcones de correto e incorreto podemos reduzir \/ ampliar a lista.<\/p>\n<\/div><span class=\" fusion-imageframe imageframe-none imageframe-15 hover-type-none\"><img width=\"253\" height=\"120\" title=\"ok\" src=\"https:\/\/help.tdoc.es\/wp-content\/uploads\/2021\/09\/ok.png\" class=\"img-responsive wp-image-16249\" srcset=\"https:\/\/help.tdoc.es\/wp-content\/uploads\/2021\/09\/ok-200x95.png 200w, https:\/\/help.tdoc.es\/wp-content\/uploads\/2021\/09\/ok.png 253w\" sizes=\"(max-width: 800px) 100vw, 253px\" \/><\/span><div class=\"fusion-text fusion-text-21\"><p>A descri\u00e7\u00e3o que vem anexa ao tipo de entrega em cada elemento, depende do pr\u00f3rpio tipo de entrega.<\/p>\n<p>Por exemplo, naqueles casos nos quais o documento estiver marcado com uma vig\u00eancia, aparecer\u00e1 a data de vencimento.<\/p>\n<\/div><div class=\"fusion-clearfix\"><\/div><\/div><\/div><\/div><\/div>\n","protected":false},"excerpt":{"rendered":"","protected":false},"author":5,"featured_media":0,"parent":0,"menu_order":0,"comment_status":"closed","ping_status":"closed","template":"","meta":[],"_links":{"self":[{"href":"https:\/\/help.tdoc.es\/index.php\/wp-json\/wp\/v2\/pages\/16183"}],"collection":[{"href":"https:\/\/help.tdoc.es\/index.php\/wp-json\/wp\/v2\/pages"}],"about":[{"href":"https:\/\/help.tdoc.es\/index.php\/wp-json\/wp\/v2\/types\/page"}],"author":[{"embeddable":true,"href":"https:\/\/help.tdoc.es\/index.php\/wp-json\/wp\/v2\/users\/5"}],"replies":[{"embeddable":true,"href":"https:\/\/help.tdoc.es\/index.php\/wp-json\/wp\/v2\/comments?post=16183"}],"version-history":[{"count":2,"href":"https:\/\/help.tdoc.es\/index.php\/wp-json\/wp\/v2\/pages\/16183\/revisions"}],"predecessor-version":[{"id":16250,"href":"https:\/\/help.tdoc.es\/index.php\/wp-json\/wp\/v2\/pages\/16183\/revisions\/16250"}],"wp:attachment":[{"href":"https:\/\/help.tdoc.es\/index.php\/wp-json\/wp\/v2\/media?parent=16183"}],"curies":[{"name":"wp","href":"https:\/\/api.w.org\/{rel}","templated":true}]}}