{"id":16150,"date":"2021-08-26T12:24:14","date_gmt":"2021-08-26T12:24:14","guid":{"rendered":"https:\/\/help.tdoc.es\/?page_id=16150"},"modified":"2021-08-26T12:25:03","modified_gmt":"2021-08-26T12:25:03","slug":"en-caso-de-emergencia","status":"publish","type":"page","link":"https:\/\/help.tdoc.es\/index.php\/manual-tdoc-access\/en-caso-de-emergencia\/","title":{"rendered":"En caso de emergencia"},"content":{"rendered":"<div class=\"fusion-fullwidth fullwidth-box fusion-builder-row-1 nonhundred-percent-fullwidth non-hundred-percent-height-scrolling\" style=\"background-color: rgba(255,255,255,0);background-position: center center;background-repeat: no-repeat;padding-top:20px;padding-right:0px;padding-bottom:20px;padding-left:0px;margin-bottom: 0px;margin-top: 0px;border-width: 0px 0px 0px 0px;border-color:#eae9e9;border-style:solid;\" ><div class=\"fusion-builder-row fusion-row\"><div class=\"fusion-layout-column fusion_builder_column fusion-builder-column-0 fusion_builder_column_1_1 1_1 fusion-one-full fusion-column-first fusion-column-last\" style=\"margin-top:0px;margin-bottom:20px;\"><div class=\"fusion-column-wrapper fusion-flex-column-wrapper-legacy\" style=\"background-position:left top;background-repeat:no-repeat;-webkit-background-size:cover;-moz-background-size:cover;-o-background-size:cover;background-size:cover;padding: 0px 0px 0px 0px;\"><style type=\"text\/css\"><\/style><div class=\"fusion-title title fusion-title-1 fusion-sep-none fusion-title-text fusion-title-size-one\" style=\"margin-top:0px;margin-right:0px;margin-bottom:31px;margin-left:0px;\"><h1 class=\"title-heading-left\" style=\"margin:0;\"><p><span style=\"color: #0375c9;\">En caso de emergencia<br \/>\n<\/span><\/p><\/h1><\/div><div class=\"fusion-text fusion-text-1\"><p>Desde la aplicaci\u00f3n m\u00f3vil se marcan las entradas y salidas de trabajadores en los centros de trabajo. Con la aplicaci\u00f3n web se puede consultar en cualquier momento los trabajadores que est\u00e1n operando en el centro en cualquier momento.<\/p>\n<p>Para realizar la consulta hay que acceder al men\u00fa de acciones desde la pantalla de centros de trabajo y pulsar en Detalles. Esto llevar\u00e1 a una pantalla donde se listan los trabajadores que est\u00e1n actualmente trabajando en el centro.<\/p>\n<p><img class=\"alignnone wp-image-16151 size-full\" src=\"https:\/\/help.tdoc.es\/wp-content\/uploads\/2021\/08\/detalles-1024x189-2.png\" alt=\"\" width=\"1024\" height=\"189\" srcset=\"https:\/\/help.tdoc.es\/wp-content\/uploads\/2021\/08\/detalles-1024x189-2-200x37.png 200w, https:\/\/help.tdoc.es\/wp-content\/uploads\/2021\/08\/detalles-1024x189-2-300x55.png 300w, https:\/\/help.tdoc.es\/wp-content\/uploads\/2021\/08\/detalles-1024x189-2-400x74.png 400w, https:\/\/help.tdoc.es\/wp-content\/uploads\/2021\/08\/detalles-1024x189-2-600x111.png 600w, https:\/\/help.tdoc.es\/wp-content\/uploads\/2021\/08\/detalles-1024x189-2-768x142.png 768w, https:\/\/help.tdoc.es\/wp-content\/uploads\/2021\/08\/detalles-1024x189-2-800x148.png 800w, https:\/\/help.tdoc.es\/wp-content\/uploads\/2021\/08\/detalles-1024x189-2.png 1024w\" sizes=\"(max-width: 1024px) 100vw, 1024px\" \/><\/p>\n<p>Desde esta pantalla se puede desde el bot\u00f3n acciones Sacar al empleado marcar la salida de un trabajador. Esto quitar\u00e1 al trabajador de la lista de trabajadores en centro y pasar\u00e1 a aparecer en el hist\u00f3rico.<\/p>\n<p>Es importante indicar que desde que se le marca el acceso o salida de un trabajador desde la aplicaci\u00f3n m\u00f3vil, no aparece inmediatamente en la web, para que se vea en la pantalla el operario del tel\u00e9fono m\u00f3vil tiene que sincronizar los datos.<\/p>\n<\/div><div class=\"fusion-clearfix\"><\/div><\/div><\/div><\/div><\/div>\n","protected":false},"excerpt":{"rendered":"","protected":false},"author":1,"featured_media":0,"parent":12177,"menu_order":0,"comment_status":"closed","ping_status":"closed","template":"","meta":[],"_links":{"self":[{"href":"https:\/\/help.tdoc.es\/index.php\/wp-json\/wp\/v2\/pages\/16150"}],"collection":[{"href":"https:\/\/help.tdoc.es\/index.php\/wp-json\/wp\/v2\/pages"}],"about":[{"href":"https:\/\/help.tdoc.es\/index.php\/wp-json\/wp\/v2\/types\/page"}],"author":[{"embeddable":true,"href":"https:\/\/help.tdoc.es\/index.php\/wp-json\/wp\/v2\/users\/1"}],"replies":[{"embeddable":true,"href":"https:\/\/help.tdoc.es\/index.php\/wp-json\/wp\/v2\/comments?post=16150"}],"version-history":[{"count":2,"href":"https:\/\/help.tdoc.es\/index.php\/wp-json\/wp\/v2\/pages\/16150\/revisions"}],"predecessor-version":[{"id":16154,"href":"https:\/\/help.tdoc.es\/index.php\/wp-json\/wp\/v2\/pages\/16150\/revisions\/16154"}],"up":[{"embeddable":true,"href":"https:\/\/help.tdoc.es\/index.php\/wp-json\/wp\/v2\/pages\/12177"}],"wp:attachment":[{"href":"https:\/\/help.tdoc.es\/index.php\/wp-json\/wp\/v2\/media?parent=16150"}],"curies":[{"name":"wp","href":"https:\/\/api.w.org\/{rel}","templated":true}]}}