{"id":15811,"date":"2021-06-04T12:54:28","date_gmt":"2021-06-04T12:54:28","guid":{"rendered":"https:\/\/help.tdoc.es\/?page_id=15811"},"modified":"2023-12-27T13:39:52","modified_gmt":"2023-12-27T13:39:52","slug":"moratoria-de-entregas","status":"publish","type":"page","link":"https:\/\/help.tdoc.es\/index.php\/manual-tdoc-key-user\/moratoria-de-entregas\/","title":{"rendered":"*Moratoria de entregas"},"content":{"rendered":"<div class=\"fusion-fullwidth fullwidth-box fusion-builder-row-1 nonhundred-percent-fullwidth non-hundred-percent-height-scrolling\" style=\"background-color: rgba(255,255,255,0);background-position: center center;background-repeat: no-repeat;padding-top:20px;padding-right:0px;padding-bottom:20px;padding-left:0px;margin-bottom: 0px;margin-top: 0px;border-width: 0px 0px 0px 0px;border-color:#eae9e9;border-style:solid;\" ><div class=\"fusion-builder-row fusion-row\"><div class=\"fusion-layout-column fusion_builder_column fusion-builder-column-0 fusion_builder_column_1_1 1_1 fusion-one-full fusion-column-first fusion-column-last\" style=\"margin-top:0px;margin-bottom:20px;\"><div class=\"fusion-column-wrapper fusion-flex-column-wrapper-legacy\" style=\"background-position:left top;background-repeat:no-repeat;-webkit-background-size:cover;-moz-background-size:cover;-o-background-size:cover;background-size:cover;padding: 0px 0px 0px 0px;\"><style type=\"text\/css\"><\/style><div class=\"fusion-title title fusion-title-1 fusion-sep-none fusion-title-text fusion-title-size-one\" style=\"margin-top:0px;margin-right:0px;margin-bottom:31px;margin-left:0px;\"><h1 class=\"title-heading-left\" style=\"margin:0;\"><p><span style=\"color: #0375c9;\"><span style=\"color: #ff0000;\">*<\/span>Moratoria de entregas<br \/>\n<\/span><\/p><\/h1><\/div><div class=\"fusion-text fusion-text-1\"><p>Permite aplazar la validez de las entregas validadas hasta el momento y en un futuro, pero solo las entregas que caduquen en un plazo estipulado. Puede aplazarse no adelantar esa validez.<\/p>\n<p><img class=\"alignnone wp-image-15812 size-full\" src=\"https:\/\/help.tdoc.es\/wp-content\/uploads\/2021\/06\/Imagen1.png\" alt=\"\" width=\"567\" height=\"181\" srcset=\"https:\/\/help.tdoc.es\/wp-content\/uploads\/2021\/06\/Imagen1-200x64.png 200w, https:\/\/help.tdoc.es\/wp-content\/uploads\/2021\/06\/Imagen1-300x96.png 300w, https:\/\/help.tdoc.es\/wp-content\/uploads\/2021\/06\/Imagen1-400x128.png 400w, https:\/\/help.tdoc.es\/wp-content\/uploads\/2021\/06\/Imagen1.png 567w\" sizes=\"(max-width: 567px) 100vw, 567px\" \/><\/p>\n<\/div>\n<div class=\"table-1\">\n<table width=\"100%\">\n<tbody>\n<tr>\n<td align=\"left\"><img class=\"wp-image-17902 aligncenter\" src=\"https:\/\/help.tdoc.es\/wp-content\/uploads\/2022\/03\/exportar-ID-actualizar-300x28.png\" alt=\"\" width=\"150\" height=\"14\" srcset=\"https:\/\/help.tdoc.es\/wp-content\/uploads\/2022\/03\/exportar-ID-actualizar-200x18.png 200w, https:\/\/help.tdoc.es\/wp-content\/uploads\/2022\/03\/exportar-ID-actualizar-300x28.png 300w, https:\/\/help.tdoc.es\/wp-content\/uploads\/2022\/03\/exportar-ID-actualizar-400x37.png 400w, https:\/\/help.tdoc.es\/wp-content\/uploads\/2022\/03\/exportar-ID-actualizar.png 456w\" sizes=\"(max-width: 150px) 100vw, 150px\" \/><\/td>\n<td align=\"left\">Permite extraer la tabla, para poder establecer o eliminar moratorias.<\/p>\n<p>Al descargar la tabla, si hay alguna moratoria programada, aparecer\u00e1n la informaci\u00f3n en la propia tabla.<\/p>\n<p>Se pueden actualizar la Informaci\u00f3n de estas moratorias programadas, simplemente modific\u00e1ndolo sobre la propia tabla y volviendo a cargar, marcando fecha inicio y fecha fin.<\/p>\n<p>Solo se actualizar\u00e1n las moratorias que figuren en el Excel, las que no est\u00e9n se mantendr\u00e1n igual.<\/td>\n<\/tr>\n<tr>\n<td align=\"left\"><img class=\"wp-image-17903 aligncenter\" src=\"https:\/\/help.tdoc.es\/wp-content\/uploads\/2022\/03\/fecha-inicio-fecha-fin-300x63.png\" alt=\"\" width=\"143\" height=\"30\" srcset=\"https:\/\/help.tdoc.es\/wp-content\/uploads\/2022\/03\/fecha-inicio-fecha-fin-200x42.png 200w, https:\/\/help.tdoc.es\/wp-content\/uploads\/2022\/03\/fecha-inicio-fecha-fin-300x63.png 300w, https:\/\/help.tdoc.es\/wp-content\/uploads\/2022\/03\/fecha-inicio-fecha-fin-400x84.png 400w, https:\/\/help.tdoc.es\/wp-content\/uploads\/2022\/03\/fecha-inicio-fecha-fin-600x125.png 600w, https:\/\/help.tdoc.es\/wp-content\/uploads\/2022\/03\/fecha-inicio-fecha-fin.png 761w\" sizes=\"(max-width: 143px) 100vw, 143px\" \/><\/td>\n<td align=\"left\">Permite establecer el periodo en el que tdoc se debe centrar en el que las entregas que caduquen, la aplicar\u00e1 la moratoria.<\/p>\n<p>Solo se modificar\u00e1n, las entregas correctas en fecha inicio y caduquen antes de la fecha fin.<\/p>\n<p>Dicho de otro modo, solo las entregas que caduquen durante este periodo, son las que se le aplicar\u00e1 la moratoria<\/td>\n<\/tr>\n<tr>\n<td align=\"left\"><img class=\"wp-image-17904 aligncenter\" src=\"https:\/\/help.tdoc.es\/wp-content\/uploads\/2022\/03\/importar-ID-actualizar-300x128.png\" alt=\"\" width=\"143\" height=\"61\" srcset=\"https:\/\/help.tdoc.es\/wp-content\/uploads\/2022\/03\/importar-ID-actualizar-200x85.png 200w, https:\/\/help.tdoc.es\/wp-content\/uploads\/2022\/03\/importar-ID-actualizar-300x128.png 300w, https:\/\/help.tdoc.es\/wp-content\/uploads\/2022\/03\/importar-ID-actualizar-400x171.png 400w, https:\/\/help.tdoc.es\/wp-content\/uploads\/2022\/03\/importar-ID-actualizar.png 511w\" sizes=\"(max-width: 143px) 100vw, 143px\" \/><\/td>\n<td align=\"left\">Permite importar la tabla una vez completada.<\/p>\n<p>Aparece la pantalla resumen de lo que se va ha hacer y si el proceso es largo, indica que te env\u00eda mail cuando acabe, similar al siguiente:<\/p>\n<p><img class=\"alignnone wp-image-17905 \" src=\"https:\/\/help.tdoc.es\/wp-content\/uploads\/2022\/03\/1-12-e1647338759311-300x129.png\" alt=\"\" width=\"358\" height=\"154\" srcset=\"https:\/\/help.tdoc.es\/wp-content\/uploads\/2022\/03\/1-12-e1647338759311-200x86.png 200w, https:\/\/help.tdoc.es\/wp-content\/uploads\/2022\/03\/1-12-e1647338759311-300x129.png 300w, https:\/\/help.tdoc.es\/wp-content\/uploads\/2022\/03\/1-12-e1647338759311-400x173.png 400w, https:\/\/help.tdoc.es\/wp-content\/uploads\/2022\/03\/1-12-e1647338759311-600x259.png 600w, https:\/\/help.tdoc.es\/wp-content\/uploads\/2022\/03\/1-12-e1647338759311.png 746w\" sizes=\"(max-width: 358px) 100vw, 358px\" \/><\/td>\n<\/tr>\n<tr>\n<td align=\"left\">Correo recordatorio<\/td>\n<td align=\"left\">Mientras est\u00e9 programa una moratoria, se recibir\u00e1 un mail diario en el correo del cliente, a modo de informaci\u00f3n de las moratorias realizadas ese mismo d\u00edas.<\/p>\n<p><img class=\"alignnone wp-image-17906 \" src=\"https:\/\/help.tdoc.es\/wp-content\/uploads\/2022\/03\/2-6-e1647338845574-300x102.png\" alt=\"\" width=\"359\" height=\"122\" srcset=\"https:\/\/help.tdoc.es\/wp-content\/uploads\/2022\/03\/2-6-e1647338845574-200x68.png 200w, https:\/\/help.tdoc.es\/wp-content\/uploads\/2022\/03\/2-6-e1647338845574-300x102.png 300w, https:\/\/help.tdoc.es\/wp-content\/uploads\/2022\/03\/2-6-e1647338845574-400x136.png 400w, https:\/\/help.tdoc.es\/wp-content\/uploads\/2022\/03\/2-6-e1647338845574-600x204.png 600w, https:\/\/help.tdoc.es\/wp-content\/uploads\/2022\/03\/2-6-e1647338845574-768x261.png 768w, https:\/\/help.tdoc.es\/wp-content\/uploads\/2022\/03\/2-6-e1647338845574-800x272.png 800w, https:\/\/help.tdoc.es\/wp-content\/uploads\/2022\/03\/2-6-e1647338845574.png 838w\" sizes=\"(max-width: 359px) 100vw, 359px\" \/><\/td>\n<\/tr>\n<\/tbody>\n<\/table>\n<\/div>\n<div class=\"fusion-text fusion-text-2\"><p><strong>1.Informaci\u00f3n para completar la tabla<\/strong><\/p>\n<p><strong>TIPO DE MORATORIA<\/strong><\/p>\n<p>1.1. Completar los datos de las entregas a las que aplicar\u00e1 (B, C, D, E, F, G, Y , H). Sacar la informaci\u00f3n que aparece en el tipo de entrega.<\/p>\n<p>1.2. NO completar estas columnas I y J. Estos datos se completan desde la propia tdoc, no en la tabla.<\/p>\n<p>1.3. Completar las columnas K, L, M, N, O, P, Q, R y S de las entregas que se quiera implantar la moratoria.<\/p>\n<p><strong>-Columna K (tipo de moratoria)<\/strong>. Elegir una de las opciones:<\/p>\n<p>*Cambio _Caducidad. Necesario completar L, M y N.<\/p>\n<p>*Cambio_Validez. Necesario completar O y P.<\/p>\n<p>*No caduca. No es necesario completar el resto de columnas.<\/p>\n<p><strong>-Columna L, M, y N (nueva caducidad)<\/strong>. Necesario una fecha concreta, teniendo en cuenta que la fecha indicada ser\u00e1 cuando empiece a colocarse en rojo (caducado).<\/p>\n<p>&#8211;<strong>Columna O,P (nueva validez)<\/strong>. Desde ser el periodo total, es decir, el periodo que ten\u00eda la entrega + ampliaci\u00f3n que se quiere.<\/p>\n<p><strong>-Columna Q (aplica solo si tiene condici\u00f3n)<\/strong>. Sacar la informaci\u00f3n que aparece en Condici\u00f3n. Incluir la condici\u00f3n que deben cumplir las entregas para que sean actualizadas.<\/p>\n<p>Si se deben incluir varias condiciones, deben separarse con comas.<\/p>\n<p>Si se establecen varias condiciones, con que la entrega cumpla una de ellas se aplicar\u00e1 la moratoria.<\/p>\n<p><strong>-Columna R (Peri\u00f3dico)<\/strong>. Indicar si debe ser actualizado de forma peri\u00f3dica o no. Si dispone de periodicidad, ser\u00e1 diaria.<\/p>\n<p><strong>-Columna S (Activo)<\/strong>. Indica si la entrega sigue activa o no.<\/p>\n<p>La combinaci\u00f3n de las columnas R y S:<\/p>\n<p><img class=\"alignnone wp-image-16060 size-full\" src=\"https:\/\/help.tdoc.es\/wp-content\/uploads\/2021\/08\/3.png\" alt=\"\" width=\"435\" height=\"203\" srcset=\"https:\/\/help.tdoc.es\/wp-content\/uploads\/2021\/08\/3-200x93.png 200w, https:\/\/help.tdoc.es\/wp-content\/uploads\/2021\/08\/3-300x140.png 300w, https:\/\/help.tdoc.es\/wp-content\/uploads\/2021\/08\/3-400x187.png 400w, https:\/\/help.tdoc.es\/wp-content\/uploads\/2021\/08\/3.png 435w\" sizes=\"(max-width: 435px) 100vw, 435px\" \/><\/p>\n<p>Columna R. Si columna S Si: se ejecuta en el momento y peri\u00f3dicamente.<\/p>\n<p>Columna R No columna S Si: se ejecuta una \u00fanica vez en el momento y no peri\u00f3dicamente.<\/p>\n<p>Para inactivar moratorias planificadas peri\u00f3dicamente:<\/p>\n<p>Columna R Si columna S No: no se ejecuta y no se va a ejecutar (sirve para eliminar una moratoria planificada como peri\u00f3dica)<\/p>\n<p>Columna R No columna S No: no se ejecuta y no se va a ejecutar (sirve para eliminar una moratoria planificada como peri\u00f3dica)<\/p>\n<p><strong>TIPO DE ENTREGA<\/strong><\/p>\n<p>Informaci\u00f3n para completar el tipo de moratoria<\/p>\n<p><strong>CONDICIONES<\/strong><\/p>\n<p>Informaci\u00f3n para completar el tipo de moratoria SOLO para algunas condiciones.<\/p>\n<\/div><div class=\"fusion-clearfix\"><\/div><\/div><\/div><\/div><\/div>\n","protected":false},"excerpt":{"rendered":"","protected":false},"author":1,"featured_media":0,"parent":12495,"menu_order":0,"comment_status":"closed","ping_status":"closed","template":"","meta":[],"_links":{"self":[{"href":"https:\/\/help.tdoc.es\/index.php\/wp-json\/wp\/v2\/pages\/15811"}],"collection":[{"href":"https:\/\/help.tdoc.es\/index.php\/wp-json\/wp\/v2\/pages"}],"about":[{"href":"https:\/\/help.tdoc.es\/index.php\/wp-json\/wp\/v2\/types\/page"}],"author":[{"embeddable":true,"href":"https:\/\/help.tdoc.es\/index.php\/wp-json\/wp\/v2\/users\/1"}],"replies":[{"embeddable":true,"href":"https:\/\/help.tdoc.es\/index.php\/wp-json\/wp\/v2\/comments?post=15811"}],"version-history":[{"count":16,"href":"https:\/\/help.tdoc.es\/index.php\/wp-json\/wp\/v2\/pages\/15811\/revisions"}],"predecessor-version":[{"id":19214,"href":"https:\/\/help.tdoc.es\/index.php\/wp-json\/wp\/v2\/pages\/15811\/revisions\/19214"}],"up":[{"embeddable":true,"href":"https:\/\/help.tdoc.es\/index.php\/wp-json\/wp\/v2\/pages\/12495"}],"wp:attachment":[{"href":"https:\/\/help.tdoc.es\/index.php\/wp-json\/wp\/v2\/media?parent=15811"}],"curies":[{"name":"wp","href":"https:\/\/api.w.org\/{rel}","templated":true}]}}