{"id":15241,"date":"2021-05-17T15:24:13","date_gmt":"2021-05-17T15:24:13","guid":{"rendered":"https:\/\/help.tdoc.es\/?page_id=15241"},"modified":"2022-03-07T14:02:18","modified_gmt":"2022-03-07T14:02:18","slug":"cambiar-email-de-usuarios","status":"publish","type":"page","link":"https:\/\/help.tdoc.es\/index.php\/manual-tdoc-key-user\/cambiar-email-de-usuarios\/","title":{"rendered":"Cambiar email de usuarios"},"content":{"rendered":"<div class=\"fusion-fullwidth fullwidth-box fusion-builder-row-1 nonhundred-percent-fullwidth non-hundred-percent-height-scrolling\" style=\"background-color: rgba(255,255,255,0);background-position: center center;background-repeat: no-repeat;padding-top:20px;padding-right:0px;padding-bottom:20px;padding-left:0px;margin-bottom: 0px;margin-top: 0px;border-width: 0px 0px 0px 0px;border-color:#eae9e9;border-style:solid;\" ><div class=\"fusion-builder-row fusion-row\"><div class=\"fusion-layout-column fusion_builder_column fusion-builder-column-0 fusion_builder_column_1_1 1_1 fusion-one-full fusion-column-first fusion-column-last\" style=\"margin-top:0px;margin-bottom:20px;\"><div class=\"fusion-column-wrapper fusion-flex-column-wrapper-legacy\" style=\"background-position:left top;background-repeat:no-repeat;-webkit-background-size:cover;-moz-background-size:cover;-o-background-size:cover;background-size:cover;padding: 0px 0px 0px 0px;\"><style type=\"text\/css\"><\/style><div class=\"fusion-title title fusion-title-1 fusion-sep-none fusion-title-text fusion-title-size-one\" style=\"margin-top:0px;margin-right:0px;margin-bottom:31px;margin-left:0px;\"><h1 class=\"title-heading-left\" style=\"margin:0;\"><p><span style=\"color: #0375c9;\">Cambiar email de usuarios<br \/>\n<\/span><\/p><\/h1><\/div><div class=\"fusion-text fusion-text-1\"><p>Permite cambiar de forma masiva los mails de los usuarios.<\/p>\n<p><img class=\"alignnone wp-image-15270 size-full\" src=\"https:\/\/help.tdoc.es\/wp-content\/uploads\/2021\/05\/Imagen1-10.png\" alt=\"\" width=\"567\" height=\"109\" srcset=\"https:\/\/help.tdoc.es\/wp-content\/uploads\/2021\/05\/Imagen1-10-200x38.png 200w, https:\/\/help.tdoc.es\/wp-content\/uploads\/2021\/05\/Imagen1-10-300x58.png 300w, https:\/\/help.tdoc.es\/wp-content\/uploads\/2021\/05\/Imagen1-10-400x77.png 400w, https:\/\/help.tdoc.es\/wp-content\/uploads\/2021\/05\/Imagen1-10.png 567w\" sizes=\"(max-width: 567px) 100vw, 567px\" \/><\/p>\n<p>La plantilla que hay que utilizar para el cambio hay que solicitarlo a Dev, completar la informaci\u00f3n solicitada, y subir el archivo. Pulsar &#8216;Siguiente&#8217;.<\/p>\n<p><img class=\"alignnone wp-image-15271 size-full\" src=\"https:\/\/help.tdoc.es\/wp-content\/uploads\/2021\/05\/Imagen2-8.png\" alt=\"\" width=\"558\" height=\"87\" srcset=\"https:\/\/help.tdoc.es\/wp-content\/uploads\/2021\/05\/Imagen2-8-200x31.png 200w, https:\/\/help.tdoc.es\/wp-content\/uploads\/2021\/05\/Imagen2-8-300x47.png 300w, https:\/\/help.tdoc.es\/wp-content\/uploads\/2021\/05\/Imagen2-8-400x62.png 400w, https:\/\/help.tdoc.es\/wp-content\/uploads\/2021\/05\/Imagen2-8.png 558w\" sizes=\"(max-width: 558px) 100vw, 558px\" \/><\/p>\n<p><img class=\"alignnone wp-image-15272 size-full\" src=\"https:\/\/help.tdoc.es\/wp-content\/uploads\/2021\/05\/Imagen3-10.png\" alt=\"\" width=\"567\" height=\"75\" srcset=\"https:\/\/help.tdoc.es\/wp-content\/uploads\/2021\/05\/Imagen3-10-200x26.png 200w, https:\/\/help.tdoc.es\/wp-content\/uploads\/2021\/05\/Imagen3-10-300x40.png 300w, https:\/\/help.tdoc.es\/wp-content\/uploads\/2021\/05\/Imagen3-10-400x53.png 400w, https:\/\/help.tdoc.es\/wp-content\/uploads\/2021\/05\/Imagen3-10.png 567w\" sizes=\"(max-width: 567px) 100vw, 567px\" \/><\/p>\n<p>Pulsar &#8216;Siguiente&#8217;.<\/p>\n<p><img class=\"alignnone wp-image-15273 size-full\" src=\"https:\/\/help.tdoc.es\/wp-content\/uploads\/2021\/05\/Imagen4-4.png\" alt=\"\" width=\"567\" height=\"218\" srcset=\"https:\/\/help.tdoc.es\/wp-content\/uploads\/2021\/05\/Imagen4-4-200x77.png 200w, https:\/\/help.tdoc.es\/wp-content\/uploads\/2021\/05\/Imagen4-4-300x115.png 300w, https:\/\/help.tdoc.es\/wp-content\/uploads\/2021\/05\/Imagen4-4-400x154.png 400w, https:\/\/help.tdoc.es\/wp-content\/uploads\/2021\/05\/Imagen4-4.png 567w\" sizes=\"(max-width: 567px) 100vw, 567px\" \/><\/p>\n<p>Muestra el listado de emails que se quiere modificar. Si en alguno de ellos hay alg\u00fan error se indica en rojo. Pulsar &#8216;Guardar&#8217;.<\/p>\n<p><img class=\"alignnone wp-image-15275 size-full\" src=\"https:\/\/help.tdoc.es\/wp-content\/uploads\/2021\/05\/Imagen5-7.png\" alt=\"\" width=\"567\" height=\"203\" srcset=\"https:\/\/help.tdoc.es\/wp-content\/uploads\/2021\/05\/Imagen5-7-200x72.png 200w, https:\/\/help.tdoc.es\/wp-content\/uploads\/2021\/05\/Imagen5-7-300x107.png 300w, https:\/\/help.tdoc.es\/wp-content\/uploads\/2021\/05\/Imagen5-7-400x143.png 400w, https:\/\/help.tdoc.es\/wp-content\/uploads\/2021\/05\/Imagen5-7.png 567w\" sizes=\"(max-width: 567px) 100vw, 567px\" \/><\/p>\n<p>Muestra el listado de emails que se quiere modificar.<\/p>\n<p>Si en alguno de ellos hay alg\u00fan error se indica en rojo. Los usuarios siguen manteniendo la contrase\u00f1a que dispon\u00eda con el viejo mail.<\/p>\n<\/div><div class=\"fusion-clearfix\"><\/div><\/div><\/div><\/div><\/div>\n","protected":false},"excerpt":{"rendered":"","protected":false},"author":1,"featured_media":0,"parent":12495,"menu_order":0,"comment_status":"closed","ping_status":"closed","template":"","meta":[],"_links":{"self":[{"href":"https:\/\/help.tdoc.es\/index.php\/wp-json\/wp\/v2\/pages\/15241"}],"collection":[{"href":"https:\/\/help.tdoc.es\/index.php\/wp-json\/wp\/v2\/pages"}],"about":[{"href":"https:\/\/help.tdoc.es\/index.php\/wp-json\/wp\/v2\/types\/page"}],"author":[{"embeddable":true,"href":"https:\/\/help.tdoc.es\/index.php\/wp-json\/wp\/v2\/users\/1"}],"replies":[{"embeddable":true,"href":"https:\/\/help.tdoc.es\/index.php\/wp-json\/wp\/v2\/comments?post=15241"}],"version-history":[{"count":13,"href":"https:\/\/help.tdoc.es\/index.php\/wp-json\/wp\/v2\/pages\/15241\/revisions"}],"predecessor-version":[{"id":19217,"href":"https:\/\/help.tdoc.es\/index.php\/wp-json\/wp\/v2\/pages\/15241\/revisions\/19217"}],"up":[{"embeddable":true,"href":"https:\/\/help.tdoc.es\/index.php\/wp-json\/wp\/v2\/pages\/12495"}],"wp:attachment":[{"href":"https:\/\/help.tdoc.es\/index.php\/wp-json\/wp\/v2\/media?parent=15241"}],"curies":[{"name":"wp","href":"https:\/\/api.w.org\/{rel}","templated":true}]}}