{"id":15107,"date":"2021-05-14T12:19:21","date_gmt":"2021-05-14T12:19:21","guid":{"rendered":"https:\/\/help.tdoc.es\/?page_id=15107"},"modified":"2023-12-27T13:44:48","modified_gmt":"2023-12-27T13:44:48","slug":"mover-trabajadores-entre-empresas","status":"publish","type":"page","link":"https:\/\/help.tdoc.es\/index.php\/manual-tdoc-key-user\/mover-trabajadores-entre-empresas\/","title":{"rendered":"Mover trabajadores entre empresas"},"content":{"rendered":"<div class=\"fusion-fullwidth fullwidth-box fusion-builder-row-1 nonhundred-percent-fullwidth non-hundred-percent-height-scrolling\" style=\"background-color: rgba(255,255,255,0);background-position: center center;background-repeat: no-repeat;padding-top:20px;padding-right:0px;padding-bottom:20px;padding-left:0px;margin-bottom: 0px;margin-top: 0px;border-width: 0px 0px 0px 0px;border-color:#eae9e9;border-style:solid;\" ><div class=\"fusion-builder-row fusion-row\"><div class=\"fusion-layout-column fusion_builder_column fusion-builder-column-0 fusion_builder_column_1_1 1_1 fusion-one-full fusion-column-first fusion-column-last\" style=\"margin-top:0px;margin-bottom:20px;\"><div class=\"fusion-column-wrapper fusion-flex-column-wrapper-legacy\" style=\"background-position:left top;background-repeat:no-repeat;-webkit-background-size:cover;-moz-background-size:cover;-o-background-size:cover;background-size:cover;padding: 0px 0px 0px 0px;\"><style type=\"text\/css\"><\/style><div class=\"fusion-title title fusion-title-1 fusion-sep-none fusion-title-text fusion-title-size-one\" style=\"margin-top:0px;margin-right:0px;margin-bottom:31px;margin-left:0px;\"><h1 class=\"title-heading-left\" style=\"margin:0;\"><span style=\"color: #0375c9;\">Mover trabajadores entre empresas<\/span><\/h1><\/div><div class=\"fusion-text fusion-text-1\"><p>Permite mover trabajadores (activos) de una empresa de origen a una de destino.<\/p>\n<p>Dichos trabajadores se designar\u00e1n de las tareas donde participen, pero mantendr\u00e1n toda la documentaci\u00f3n asociada.<\/p>\n<p>NO se pasan trabajadores inactivos. Si es necesario mover tambi\u00e9n los inactivos, deberemos activarlos en origen, para poder moverlos. Una vez movidos al destino,\u00a0 inactivarlo si es necesario.<\/p>\n<p>Si el trabajador est\u00e1 creado en destino, no te deja moverlo.<\/p>\n<p>Se mantiene toda la documentaci\u00f3n, incluido el hist\u00f3rico.<\/p>\n<p><img class=\"alignnone wp-image-15108 size-full\" src=\"https:\/\/help.tdoc.es\/wp-content\/uploads\/2021\/05\/Imagen1-6.png\" alt=\"\" width=\"567\" height=\"109\" srcset=\"https:\/\/help.tdoc.es\/wp-content\/uploads\/2021\/05\/Imagen1-6-200x38.png 200w, https:\/\/help.tdoc.es\/wp-content\/uploads\/2021\/05\/Imagen1-6-300x58.png 300w, https:\/\/help.tdoc.es\/wp-content\/uploads\/2021\/05\/Imagen1-6-400x77.png 400w, https:\/\/help.tdoc.es\/wp-content\/uploads\/2021\/05\/Imagen1-6.png 567w\" sizes=\"(max-width: 567px) 100vw, 567px\" \/><\/p>\n<p>1.Selecci\u00f3n de empresa origen.<\/p>\n<p><img class=\"alignnone wp-image-15109 size-full\" src=\"https:\/\/help.tdoc.es\/wp-content\/uploads\/2021\/05\/Imagen2-5.png\" alt=\"\" width=\"567\" height=\"144\" srcset=\"https:\/\/help.tdoc.es\/wp-content\/uploads\/2021\/05\/Imagen2-5-200x51.png 200w, https:\/\/help.tdoc.es\/wp-content\/uploads\/2021\/05\/Imagen2-5-300x76.png 300w, https:\/\/help.tdoc.es\/wp-content\/uploads\/2021\/05\/Imagen2-5-400x102.png 400w, https:\/\/help.tdoc.es\/wp-content\/uploads\/2021\/05\/Imagen2-5.png 567w\" sizes=\"(max-width: 567px) 100vw, 567px\" \/><\/p>\n<p>2. Selecci\u00f3n de trabajadores a mover. Solo los que queramos mover.<\/p>\n<p><img class=\"alignnone wp-image-15111 size-full\" src=\"https:\/\/help.tdoc.es\/wp-content\/uploads\/2021\/05\/Imagen3-7.png\" alt=\"\" width=\"567\" height=\"166\" srcset=\"https:\/\/help.tdoc.es\/wp-content\/uploads\/2021\/05\/Imagen3-7-200x59.png 200w, https:\/\/help.tdoc.es\/wp-content\/uploads\/2021\/05\/Imagen3-7-300x88.png 300w, https:\/\/help.tdoc.es\/wp-content\/uploads\/2021\/05\/Imagen3-7-400x117.png 400w, https:\/\/help.tdoc.es\/wp-content\/uploads\/2021\/05\/Imagen3-7.png 567w\" sizes=\"(max-width: 567px) 100vw, 567px\" \/><\/p>\n<p>3. Selecci\u00f3n de empresa destino.<\/p>\n<p><img class=\"alignnone wp-image-15112 size-full\" src=\"https:\/\/help.tdoc.es\/wp-content\/uploads\/2021\/05\/Imagen4-1.png\" alt=\"\" width=\"567\" height=\"157\" srcset=\"https:\/\/help.tdoc.es\/wp-content\/uploads\/2021\/05\/Imagen4-1-200x55.png 200w, https:\/\/help.tdoc.es\/wp-content\/uploads\/2021\/05\/Imagen4-1-300x83.png 300w, https:\/\/help.tdoc.es\/wp-content\/uploads\/2021\/05\/Imagen4-1-400x111.png 400w, https:\/\/help.tdoc.es\/wp-content\/uploads\/2021\/05\/Imagen4-1.png 567w\" sizes=\"(max-width: 567px) 100vw, 567px\" \/><\/p>\n<p>4. Confirmaci\u00f3n de los cambios.<\/p>\n<p><img class=\"alignnone wp-image-15113 size-full\" src=\"https:\/\/help.tdoc.es\/wp-content\/uploads\/2021\/05\/Imagen5-4.png\" alt=\"\" width=\"567\" height=\"86\" srcset=\"https:\/\/help.tdoc.es\/wp-content\/uploads\/2021\/05\/Imagen5-4-200x30.png 200w, https:\/\/help.tdoc.es\/wp-content\/uploads\/2021\/05\/Imagen5-4-300x46.png 300w, https:\/\/help.tdoc.es\/wp-content\/uploads\/2021\/05\/Imagen5-4-400x61.png 400w, https:\/\/help.tdoc.es\/wp-content\/uploads\/2021\/05\/Imagen5-4.png 567w\" sizes=\"(max-width: 567px) 100vw, 567px\" \/><\/p>\n<p>Pulsar &#8216;Guardar&#8217;.<\/p>\n<\/div><div class=\"fusion-clearfix\"><\/div><\/div><\/div><\/div><\/div>\n","protected":false},"excerpt":{"rendered":"","protected":false},"author":1,"featured_media":0,"parent":12495,"menu_order":0,"comment_status":"closed","ping_status":"closed","template":"","meta":[],"_links":{"self":[{"href":"https:\/\/help.tdoc.es\/index.php\/wp-json\/wp\/v2\/pages\/15107"}],"collection":[{"href":"https:\/\/help.tdoc.es\/index.php\/wp-json\/wp\/v2\/pages"}],"about":[{"href":"https:\/\/help.tdoc.es\/index.php\/wp-json\/wp\/v2\/types\/page"}],"author":[{"embeddable":true,"href":"https:\/\/help.tdoc.es\/index.php\/wp-json\/wp\/v2\/users\/1"}],"replies":[{"embeddable":true,"href":"https:\/\/help.tdoc.es\/index.php\/wp-json\/wp\/v2\/comments?post=15107"}],"version-history":[{"count":6,"href":"https:\/\/help.tdoc.es\/index.php\/wp-json\/wp\/v2\/pages\/15107\/revisions"}],"predecessor-version":[{"id":19216,"href":"https:\/\/help.tdoc.es\/index.php\/wp-json\/wp\/v2\/pages\/15107\/revisions\/19216"}],"up":[{"embeddable":true,"href":"https:\/\/help.tdoc.es\/index.php\/wp-json\/wp\/v2\/pages\/12495"}],"wp:attachment":[{"href":"https:\/\/help.tdoc.es\/index.php\/wp-json\/wp\/v2\/media?parent=15107"}],"curies":[{"name":"wp","href":"https:\/\/api.w.org\/{rel}","templated":true}]}}