{"id":15034,"date":"2021-05-13T14:29:34","date_gmt":"2021-05-13T14:29:34","guid":{"rendered":"https:\/\/help.tdoc.es\/?page_id=15034"},"modified":"2022-03-07T14:04:20","modified_gmt":"2022-03-07T14:04:20","slug":"modificacion-masiva-de-entregas","status":"publish","type":"page","link":"https:\/\/help.tdoc.es\/index.php\/manual-tdoc-key-user\/modificacion-masiva-de-entregas\/","title":{"rendered":"Modificaci\u00f3n masiva de entregas"},"content":{"rendered":"<div class=\"fusion-fullwidth fullwidth-box fusion-builder-row-1 nonhundred-percent-fullwidth non-hundred-percent-height-scrolling\" style=\"background-color: rgba(255,255,255,0);background-position: center center;background-repeat: no-repeat;padding-top:20px;padding-right:0px;padding-bottom:20px;padding-left:0px;margin-bottom: 0px;margin-top: 0px;border-width: 0px 0px 0px 0px;border-color:#eae9e9;border-style:solid;\" ><div class=\"fusion-builder-row fusion-row\"><div class=\"fusion-layout-column fusion_builder_column fusion-builder-column-0 fusion_builder_column_1_1 1_1 fusion-one-full fusion-column-first fusion-column-last\" style=\"margin-top:0px;margin-bottom:20px;\"><div class=\"fusion-column-wrapper fusion-flex-column-wrapper-legacy\" style=\"background-position:left top;background-repeat:no-repeat;-webkit-background-size:cover;-moz-background-size:cover;-o-background-size:cover;background-size:cover;padding: 0px 0px 0px 0px;\"><style type=\"text\/css\"><\/style><div class=\"fusion-title title fusion-title-1 fusion-sep-none fusion-title-text fusion-title-size-one\" style=\"margin-top:0px;margin-right:0px;margin-bottom:31px;margin-left:0px;\"><h1 class=\"title-heading-left\" style=\"margin:0;\"><span style=\"color: #0375c9;\">Modificaci\u00f3n masiva de entregas<\/span><\/h1><\/div><div class=\"fusion-text fusion-text-1\"><p>Permite modificar de forma masiva las entregas.<\/p>\n<p><strong>1)Seleccionar las entregas. Si el proceso es en varias entregas, debemos hacerlo una a una.<\/strong><\/p>\n<p><img class=\"alignnone wp-image-15035 size-full\" src=\"https:\/\/help.tdoc.es\/wp-content\/uploads\/2021\/05\/Imagen1-5.png\" alt=\"\" width=\"567\" height=\"172\" srcset=\"https:\/\/help.tdoc.es\/wp-content\/uploads\/2021\/05\/Imagen1-5-200x61.png 200w, https:\/\/help.tdoc.es\/wp-content\/uploads\/2021\/05\/Imagen1-5-300x91.png 300w, https:\/\/help.tdoc.es\/wp-content\/uploads\/2021\/05\/Imagen1-5-400x121.png 400w, https:\/\/help.tdoc.es\/wp-content\/uploads\/2021\/05\/Imagen1-5.png 567w\" sizes=\"(max-width: 567px) 100vw, 567px\" \/><\/p>\n<p><strong>2)Seleccionar entre las siguientes opciones y combinaciones<\/strong>:<\/p>\n<p>a) Cambiar estado<\/p>\n<p>b) Cambiar validez<\/p>\n<p>c) Cambiar la fecha de caducidad<\/p>\n<p>d) A\u00f1adir \u00fanicamente anotaciones<\/p>\n<p>e) Revalidar entregas<\/p>\n<p><img class=\"alignnone wp-image-15036 size-full\" src=\"https:\/\/help.tdoc.es\/wp-content\/uploads\/2021\/05\/Imagen2-4.png\" alt=\"\" width=\"568\" height=\"97\" srcset=\"https:\/\/help.tdoc.es\/wp-content\/uploads\/2021\/05\/Imagen2-4-200x34.png 200w, https:\/\/help.tdoc.es\/wp-content\/uploads\/2021\/05\/Imagen2-4-300x51.png 300w, https:\/\/help.tdoc.es\/wp-content\/uploads\/2021\/05\/Imagen2-4-400x68.png 400w, https:\/\/help.tdoc.es\/wp-content\/uploads\/2021\/05\/Imagen2-4.png 568w\" sizes=\"(max-width: 568px) 100vw, 568px\" \/><\/p>\n<p>a) <strong>Opci\u00f3n CAMBIAR ESTADO<\/strong><\/p>\n<p>1. Posibilidades:<\/p>\n<ul>\n<li>Cambiar estado a pendiente de validar<\/li>\n<li>Cambiar estado a incorrecto<\/li>\n<\/ul>\n<p>Otros datos de inter\u00e9s:<\/p>\n<ul>\n<li>Anotaciones<\/li>\n<li>No cambiar caducados<\/li>\n<li>No cambiar con fecha de caducidad m\u00e1s restrictiva<\/li>\n<\/ul>\n<p><img class=\"alignnone wp-image-15037 size-full\" src=\"https:\/\/help.tdoc.es\/wp-content\/uploads\/2021\/05\/Imagen3-4.png\" alt=\"\" width=\"567\" height=\"137\" srcset=\"https:\/\/help.tdoc.es\/wp-content\/uploads\/2021\/05\/Imagen3-4-200x48.png 200w, https:\/\/help.tdoc.es\/wp-content\/uploads\/2021\/05\/Imagen3-4-300x72.png 300w, https:\/\/help.tdoc.es\/wp-content\/uploads\/2021\/05\/Imagen3-4-400x97.png 400w, https:\/\/help.tdoc.es\/wp-content\/uploads\/2021\/05\/Imagen3-4.png 567w\" sizes=\"(max-width: 567px) 100vw, 567px\" \/><\/p>\n<p><img class=\"alignnone wp-image-15038 size-full\" src=\"https:\/\/help.tdoc.es\/wp-content\/uploads\/2021\/05\/Imagen4.png\" alt=\"\" width=\"234\" height=\"57\" srcset=\"https:\/\/help.tdoc.es\/wp-content\/uploads\/2021\/05\/Imagen4-200x49.png 200w, https:\/\/help.tdoc.es\/wp-content\/uploads\/2021\/05\/Imagen4.png 234w\" sizes=\"(max-width: 234px) 100vw, 234px\" \/><\/p>\n<p>2. Informaci\u00f3n:<\/p>\n<ul>\n<li>Resumen<\/li>\n<li>Cantidad de entregas que se van a modificar<\/li>\n<li>Excel con la informaci\u00f3n de las entregas que se va a modificar<\/li>\n<\/ul>\n<p><img class=\"alignnone wp-image-15039 size-full\" src=\"https:\/\/help.tdoc.es\/wp-content\/uploads\/2021\/05\/Imagen5-3.png\" alt=\"\" width=\"561\" height=\"173\" srcset=\"https:\/\/help.tdoc.es\/wp-content\/uploads\/2021\/05\/Imagen5-3-200x62.png 200w, https:\/\/help.tdoc.es\/wp-content\/uploads\/2021\/05\/Imagen5-3-300x93.png 300w, https:\/\/help.tdoc.es\/wp-content\/uploads\/2021\/05\/Imagen5-3-400x123.png 400w, https:\/\/help.tdoc.es\/wp-content\/uploads\/2021\/05\/Imagen5-3.png 561w\" sizes=\"(max-width: 561px) 100vw, 561px\" \/><\/p>\n<p>3. Guardar<\/p>\n<p><strong>b) Opci\u00f3n CAMBIAR VALIDEZ<\/strong><\/p>\n<p>1.Posibilidades: establecer la validez que se quiere establecer. Otros datos de inter\u00e9s:<\/p>\n<ul>\n<li>Validez<\/li>\n<li>Anotaciones<\/li>\n<li>No cambiar caducados<\/li>\n<li>No cambiar con fecha de caducidad m\u00e1s restrictiva<\/li>\n<\/ul>\n<p><img class=\"alignnone wp-image-15055 size-full\" src=\"https:\/\/help.tdoc.es\/wp-content\/uploads\/2021\/05\/Imagen6-2.png\" alt=\"\" width=\"359\" height=\"92\" srcset=\"https:\/\/help.tdoc.es\/wp-content\/uploads\/2021\/05\/Imagen6-2-200x51.png 200w, https:\/\/help.tdoc.es\/wp-content\/uploads\/2021\/05\/Imagen6-2-300x77.png 300w, https:\/\/help.tdoc.es\/wp-content\/uploads\/2021\/05\/Imagen6-2.png 359w\" sizes=\"(max-width: 359px) 100vw, 359px\" \/><\/p>\n<p>2. Informaci\u00f3n:<\/p>\n<ul>\n<li>Resumen<\/li>\n<li>Cantidad de entregas que se van a modificar<\/li>\n<li>Excel con la informaci\u00f3n de las entregas que se va a modificar<\/li>\n<\/ul>\n<p><img class=\"alignnone wp-image-15056 size-full\" src=\"https:\/\/help.tdoc.es\/wp-content\/uploads\/2021\/05\/Imagen7-2.png\" alt=\"\" width=\"561\" height=\"173\" srcset=\"https:\/\/help.tdoc.es\/wp-content\/uploads\/2021\/05\/Imagen7-2-200x62.png 200w, https:\/\/help.tdoc.es\/wp-content\/uploads\/2021\/05\/Imagen7-2-300x93.png 300w, https:\/\/help.tdoc.es\/wp-content\/uploads\/2021\/05\/Imagen7-2-400x123.png 400w, https:\/\/help.tdoc.es\/wp-content\/uploads\/2021\/05\/Imagen7-2.png 561w\" sizes=\"(max-width: 561px) 100vw, 561px\" \/><\/p>\n<p>3. Guardar<\/p>\n<p><strong>c) Opci\u00f3n CAMBIAR LA FECHA DE CADUCIDAD<\/strong><\/p>\n<p>1.Posibilidades: establecer la validez que se quiere que la entrega caduque. Otros datos de inter\u00e9s:<\/p>\n<ul>\n<li>Anotaciones<\/li>\n<li>No cambiar caducados<\/li>\n<li>No cambiar con fecha de caducidad m\u00e1s restrictiva<\/li>\n<\/ul>\n<p><img class=\"alignnone wp-image-15058 size-full\" src=\"https:\/\/help.tdoc.es\/wp-content\/uploads\/2021\/05\/Imagen8-3.png\" alt=\"\" width=\"567\" height=\"152\" srcset=\"https:\/\/help.tdoc.es\/wp-content\/uploads\/2021\/05\/Imagen8-3-200x54.png 200w, https:\/\/help.tdoc.es\/wp-content\/uploads\/2021\/05\/Imagen8-3-300x80.png 300w, https:\/\/help.tdoc.es\/wp-content\/uploads\/2021\/05\/Imagen8-3-400x107.png 400w, https:\/\/help.tdoc.es\/wp-content\/uploads\/2021\/05\/Imagen8-3.png 567w\" sizes=\"(max-width: 567px) 100vw, 567px\" \/><\/p>\n<p>2. Informaci\u00f3n:<\/p>\n<ul>\n<li>Resumen<\/li>\n<li>Cantidad de entregas que se van a modificar<\/li>\n<li>Excel con la informaci\u00f3n de las entregas que se va a modificar<\/li>\n<\/ul>\n<p><img class=\"alignnone wp-image-15041 size-full\" src=\"https:\/\/help.tdoc.es\/wp-content\/uploads\/2021\/05\/Imagen7-1.png\" alt=\"\" width=\"561\" height=\"173\" srcset=\"https:\/\/help.tdoc.es\/wp-content\/uploads\/2021\/05\/Imagen7-1-200x62.png 200w, https:\/\/help.tdoc.es\/wp-content\/uploads\/2021\/05\/Imagen7-1-300x93.png 300w, https:\/\/help.tdoc.es\/wp-content\/uploads\/2021\/05\/Imagen7-1-400x123.png 400w, https:\/\/help.tdoc.es\/wp-content\/uploads\/2021\/05\/Imagen7-1.png 561w\" sizes=\"(max-width: 561px) 100vw, 561px\" \/><\/p>\n<p>3. Guardar<\/p>\n<p><strong>d) Opci\u00f3n A\u00d1ADIR \u00daNICAMENTE ANOTACIONES<\/strong><\/p>\n<p>1.Posibilidades: establecer la validez que se quiere establecer. Otros datos de inter\u00e9s:<\/p>\n<ul>\n<li>Anotaciones<\/li>\n<li>No cambiar caducados<\/li>\n<li>No cambiar con fecha de caducidad m\u00e1s restrictiva<\/li>\n<\/ul>\n<p><img class=\"alignnone wp-image-15059 size-full\" src=\"https:\/\/help.tdoc.es\/wp-content\/uploads\/2021\/05\/Imagen10-4.png\" alt=\"\" width=\"567\" height=\"141\" srcset=\"https:\/\/help.tdoc.es\/wp-content\/uploads\/2021\/05\/Imagen10-4-200x50.png 200w, https:\/\/help.tdoc.es\/wp-content\/uploads\/2021\/05\/Imagen10-4-300x75.png 300w, https:\/\/help.tdoc.es\/wp-content\/uploads\/2021\/05\/Imagen10-4-400x99.png 400w, https:\/\/help.tdoc.es\/wp-content\/uploads\/2021\/05\/Imagen10-4.png 567w\" sizes=\"(max-width: 567px) 100vw, 567px\" \/><\/p>\n<p>2. Informaci\u00f3n:<\/p>\n<ul>\n<li>Resumen<\/li>\n<li>Cantidad de entregas que se van a modificar<\/li>\n<li>Excel con la informaci\u00f3n de las entregas que se va a modificar<\/li>\n<\/ul>\n<p><img class=\"alignnone wp-image-15060 size-full\" src=\"https:\/\/help.tdoc.es\/wp-content\/uploads\/2021\/05\/Imagen11-4.png\" alt=\"\" width=\"561\" height=\"173\" srcset=\"https:\/\/help.tdoc.es\/wp-content\/uploads\/2021\/05\/Imagen11-4-200x62.png 200w, https:\/\/help.tdoc.es\/wp-content\/uploads\/2021\/05\/Imagen11-4-300x93.png 300w, https:\/\/help.tdoc.es\/wp-content\/uploads\/2021\/05\/Imagen11-4-400x123.png 400w, https:\/\/help.tdoc.es\/wp-content\/uploads\/2021\/05\/Imagen11-4.png 561w\" sizes=\"(max-width: 561px) 100vw, 561px\" \/><\/p>\n<p>3. Guardar<\/p>\n<p><strong>e) Opci\u00f3n REVALIDAR ENTREGAS<\/strong><\/p>\n<p>1.Posibilidades:<\/p>\n<ul>\n<li>Clave de revalidaci\u00f3n: permite filtrar las revalidaciones con esta clave.<\/li>\n<li>S\u00f3lo visible para administrador: permite que solo lo revalide el superusuario.<\/li>\n<li>No solo visible para administrador: permite que puedan revalidar otros administradores (siempre y cuando su rol permite validar).<\/li>\n<li>Notas de revalidaci\u00f3n: indicaciones en cuanto a la revalidaci\u00f3n. Estas notas aparecen cuando revalidas.<\/li>\n<li>Opciones de revalidaci\u00f3n: Todas, Correctas, Incorrectas, Caducadas.<\/li>\n<li>No hay datos de inter\u00e9s<\/li>\n<\/ul>\n<p><img class=\"alignnone wp-image-15049 size-full\" src=\"https:\/\/help.tdoc.es\/wp-content\/uploads\/2021\/05\/Imagen12-2.png\" alt=\"\" width=\"567\" height=\"250\" srcset=\"https:\/\/help.tdoc.es\/wp-content\/uploads\/2021\/05\/Imagen12-2-200x88.png 200w, https:\/\/help.tdoc.es\/wp-content\/uploads\/2021\/05\/Imagen12-2-300x132.png 300w, https:\/\/help.tdoc.es\/wp-content\/uploads\/2021\/05\/Imagen12-2-400x176.png 400w, https:\/\/help.tdoc.es\/wp-content\/uploads\/2021\/05\/Imagen12-2.png 567w\" sizes=\"(max-width: 567px) 100vw, 567px\" \/><\/p>\n<p>2. Informaci\u00f3n:<\/p>\n<ul>\n<li>Resumen<\/li>\n<li>Cantidad de entregas que se van a modificar<\/li>\n<li>Excel con la informaci\u00f3n de las entregas que se va a modificar. Al guardar, cambiar el nombre y ponerle el de Clave de revalidaci\u00f3n.<\/li>\n<\/ul>\n<p><img class=\"alignnone wp-image-15050 size-full\" src=\"https:\/\/help.tdoc.es\/wp-content\/uploads\/2021\/05\/Imagen13-2.png\" alt=\"\" width=\"561\" height=\"173\" srcset=\"https:\/\/help.tdoc.es\/wp-content\/uploads\/2021\/05\/Imagen13-2-200x62.png 200w, https:\/\/help.tdoc.es\/wp-content\/uploads\/2021\/05\/Imagen13-2-300x93.png 300w, https:\/\/help.tdoc.es\/wp-content\/uploads\/2021\/05\/Imagen13-2-400x123.png 400w, https:\/\/help.tdoc.es\/wp-content\/uploads\/2021\/05\/Imagen13-2.png 561w\" sizes=\"(max-width: 561px) 100vw, 561px\" \/><\/p>\n<p>3. Guardar<\/p>\n<\/div><div class=\"fusion-clearfix\"><\/div><\/div><\/div><\/div><\/div>\n","protected":false},"excerpt":{"rendered":"","protected":false},"author":1,"featured_media":0,"parent":12495,"menu_order":0,"comment_status":"closed","ping_status":"closed","template":"","meta":[],"_links":{"self":[{"href":"https:\/\/help.tdoc.es\/index.php\/wp-json\/wp\/v2\/pages\/15034"}],"collection":[{"href":"https:\/\/help.tdoc.es\/index.php\/wp-json\/wp\/v2\/pages"}],"about":[{"href":"https:\/\/help.tdoc.es\/index.php\/wp-json\/wp\/v2\/types\/page"}],"author":[{"embeddable":true,"href":"https:\/\/help.tdoc.es\/index.php\/wp-json\/wp\/v2\/users\/1"}],"replies":[{"embeddable":true,"href":"https:\/\/help.tdoc.es\/index.php\/wp-json\/wp\/v2\/comments?post=15034"}],"version-history":[{"count":9,"href":"https:\/\/help.tdoc.es\/index.php\/wp-json\/wp\/v2\/pages\/15034\/revisions"}],"predecessor-version":[{"id":17524,"href":"https:\/\/help.tdoc.es\/index.php\/wp-json\/wp\/v2\/pages\/15034\/revisions\/17524"}],"up":[{"embeddable":true,"href":"https:\/\/help.tdoc.es\/index.php\/wp-json\/wp\/v2\/pages\/12495"}],"wp:attachment":[{"href":"https:\/\/help.tdoc.es\/index.php\/wp-json\/wp\/v2\/media?parent=15034"}],"curies":[{"name":"wp","href":"https:\/\/api.w.org\/{rel}","templated":true}]}}