{"id":14647,"date":"2021-05-03T11:52:10","date_gmt":"2021-05-03T11:52:10","guid":{"rendered":"https:\/\/help.tdoc.es\/?page_id=14647"},"modified":"2022-03-11T10:11:16","modified_gmt":"2022-03-11T10:11:16","slug":"configuracion-de-documentos","status":"publish","type":"page","link":"https:\/\/help.tdoc.es\/index.php\/manual-tdoc-key-user\/configuracion-de-documentos\/","title":{"rendered":"Configuraci\u00f3n de documentos"},"content":{"rendered":"<div class=\"fusion-fullwidth fullwidth-box fusion-builder-row-1 nonhundred-percent-fullwidth non-hundred-percent-height-scrolling\" style=\"background-color: rgba(255,255,255,0);background-position: center center;background-repeat: no-repeat;padding-top:20px;padding-right:0px;padding-bottom:20px;padding-left:0px;margin-bottom: 0px;margin-top: 0px;border-width: 0px 0px 0px 0px;border-color:#eae9e9;border-style:solid;\" ><div class=\"fusion-builder-row fusion-row\"><div class=\"fusion-layout-column fusion_builder_column fusion-builder-column-0 fusion_builder_column_1_1 1_1 fusion-one-full fusion-column-first fusion-column-last\" style=\"margin-top:0px;margin-bottom:20px;\"><div class=\"fusion-column-wrapper fusion-flex-column-wrapper-legacy\" style=\"background-position:left top;background-repeat:no-repeat;-webkit-background-size:cover;-moz-background-size:cover;-o-background-size:cover;background-size:cover;padding: 0px 0px 0px 0px;\"><style type=\"text\/css\"><\/style><div class=\"fusion-title title fusion-title-1 fusion-sep-none fusion-title-text fusion-title-size-one\" style=\"margin-top:0px;margin-right:0px;margin-bottom:31px;margin-left:0px;\"><h1 class=\"title-heading-left\" style=\"margin:0;\"><p><span style=\"color: #0375c9;\">Configuraci\u00f3n de documentos<br \/>\n<\/span><\/p><\/h1><\/div><div class=\"fusion-text fusion-text-1\"><p>Permite configurar los documentos que el cliente quiere tener en tdoc.<\/p>\n<p><img class=\"alignnone wp-image-14648 size-full\" src=\"https:\/\/help.tdoc.es\/wp-content\/uploads\/2021\/05\/Imagen1.png\" alt=\"\" width=\"567\" height=\"95\" srcset=\"https:\/\/help.tdoc.es\/wp-content\/uploads\/2021\/05\/Imagen1-200x34.png 200w, https:\/\/help.tdoc.es\/wp-content\/uploads\/2021\/05\/Imagen1-300x50.png 300w, https:\/\/help.tdoc.es\/wp-content\/uploads\/2021\/05\/Imagen1-400x67.png 400w, https:\/\/help.tdoc.es\/wp-content\/uploads\/2021\/05\/Imagen1.png 567w\" sizes=\"(max-width: 567px) 100vw, 567px\" \/><\/p>\n<\/div><style type=\"text\/css\"><\/style><div class=\"fusion-title title fusion-title-2 fusion-sep-none fusion-title-text fusion-title-size-two\" style=\"margin-top:0px;margin-right:0px;margin-bottom:31px;margin-left:0px;\"><h2 class=\"title-heading-left\" style=\"margin:0;\"><span style=\"color: #0375c9;\">1. Repositorio<\/span><\/h2><\/div><div class=\"fusion-text fusion-text-2\"><p>Permite establecer un orden por medio de carpetas, para tener m\u00e1s controlado los documentos.<\/p>\n<p><img class=\"alignnone wp-image-14649 \" src=\"https:\/\/help.tdoc.es\/wp-content\/uploads\/2021\/05\/Imagen2.png\" alt=\"\" width=\"223\" height=\"157\" srcset=\"https:\/\/help.tdoc.es\/wp-content\/uploads\/2021\/05\/Imagen2-200x141.png 200w, https:\/\/help.tdoc.es\/wp-content\/uploads\/2021\/05\/Imagen2.png 292w\" sizes=\"(max-width: 223px) 100vw, 223px\" \/><\/p>\n<p><img class=\"alignnone wp-image-14650 size-full\" src=\"https:\/\/help.tdoc.es\/wp-content\/uploads\/2021\/05\/Imagen3.png\" alt=\"\" width=\"567\" height=\"85\" srcset=\"https:\/\/help.tdoc.es\/wp-content\/uploads\/2021\/05\/Imagen3-200x30.png 200w, https:\/\/help.tdoc.es\/wp-content\/uploads\/2021\/05\/Imagen3-300x45.png 300w, https:\/\/help.tdoc.es\/wp-content\/uploads\/2021\/05\/Imagen3-400x60.png 400w, https:\/\/help.tdoc.es\/wp-content\/uploads\/2021\/05\/Imagen3.png 567w\" sizes=\"(max-width: 567px) 100vw, 567px\" \/><\/p>\n<p>A\u00f1adir carpetas, con la posibilidad de notificar a los gestores de empresa.<\/p>\n<\/div>\n<div class=\"table-1\">\n<table width=\"100%\">\n<tbody>\n<tr>\n<td align=\"left\"><img class=\"size-full wp-image-17783 aligncenter\" src=\"https:\/\/help.tdoc.es\/wp-content\/uploads\/2022\/03\/crear-carpetas.png\" alt=\"\" width=\"38\" height=\"38\" \/><\/td>\n<td align=\"left\">Permite crear carpetas, con la posibilidad de notificar a los gestores de empresa.<\/p>\n<p><img class=\"alignnone wp-image-17776\" src=\"https:\/\/help.tdoc.es\/wp-content\/uploads\/2022\/03\/anadir-carpeta-300x115.png\" alt=\"\" width=\"441\" height=\"169\" srcset=\"https:\/\/help.tdoc.es\/wp-content\/uploads\/2022\/03\/anadir-carpeta-200x77.png 200w, https:\/\/help.tdoc.es\/wp-content\/uploads\/2022\/03\/anadir-carpeta-300x115.png 300w, https:\/\/help.tdoc.es\/wp-content\/uploads\/2022\/03\/anadir-carpeta-400x154.png 400w, https:\/\/help.tdoc.es\/wp-content\/uploads\/2022\/03\/anadir-carpeta.png 513w\" sizes=\"(max-width: 441px) 100vw, 441px\" \/><\/td>\n<\/tr>\n<tr>\n<td align=\"left\"><img class=\"size-medium wp-image-17782 aligncenter\" src=\"https:\/\/help.tdoc.es\/wp-content\/uploads\/2022\/03\/traducir-carpeta.png\" alt=\"\" width=\"38\" height=\"36\" \/><\/td>\n<td align=\"left\">Permite traducir el nombre de la carpeta o el nombre y descripci\u00f3n del documento, seg\u00fan lo que hayas seleccionado previamente. Aparecen los idiomas que est\u00e9n configurados en cada caso.<\/p>\n<p><img class=\"alignnone wp-image-17778\" src=\"https:\/\/help.tdoc.es\/wp-content\/uploads\/2022\/03\/diccionario-300x76.png\" alt=\"\" width=\"435\" height=\"110\" srcset=\"https:\/\/help.tdoc.es\/wp-content\/uploads\/2022\/03\/diccionario-200x51.png 200w, https:\/\/help.tdoc.es\/wp-content\/uploads\/2022\/03\/diccionario-300x76.png 300w, https:\/\/help.tdoc.es\/wp-content\/uploads\/2022\/03\/diccionario-400x101.png 400w, https:\/\/help.tdoc.es\/wp-content\/uploads\/2022\/03\/diccionario-600x152.png 600w, https:\/\/help.tdoc.es\/wp-content\/uploads\/2022\/03\/diccionario.png 761w\" sizes=\"(max-width: 435px) 100vw, 435px\" \/><\/td>\n<\/tr>\n<tr>\n<td align=\"left\"><img class=\"size-medium wp-image-17780 aligncenter\" src=\"https:\/\/help.tdoc.es\/wp-content\/uploads\/2022\/03\/editar-carpeta2.png\" alt=\"\" width=\"42\" height=\"46\" \/><\/td>\n<td align=\"left\">Permite editar el nombre de la carpeta.<\/p>\n<p><img class=\"alignnone wp-image-17779\" src=\"https:\/\/help.tdoc.es\/wp-content\/uploads\/2022\/03\/editar-carpeta-300x113.png\" alt=\"\" width=\"438\" height=\"165\" srcset=\"https:\/\/help.tdoc.es\/wp-content\/uploads\/2022\/03\/editar-carpeta-200x75.png 200w, https:\/\/help.tdoc.es\/wp-content\/uploads\/2022\/03\/editar-carpeta-300x113.png 300w, https:\/\/help.tdoc.es\/wp-content\/uploads\/2022\/03\/editar-carpeta-400x151.png 400w, https:\/\/help.tdoc.es\/wp-content\/uploads\/2022\/03\/editar-carpeta.png 510w\" sizes=\"(max-width: 438px) 100vw, 438px\" \/><\/td>\n<\/tr>\n<tr>\n<td align=\"left\"><img class=\"size-medium wp-image-17777 aligncenter\" src=\"https:\/\/help.tdoc.es\/wp-content\/uploads\/2022\/03\/anadir-documento.png\" alt=\"\" width=\"38\" height=\"37\" \/><\/td>\n<td align=\"left\">Permite a\u00f1adir documento.<\/td>\n<\/tr>\n<tr>\n<td align=\"left\"><img class=\"size-medium wp-image-17781 aligncenter\" src=\"https:\/\/help.tdoc.es\/wp-content\/uploads\/2022\/03\/responsabilidades-5.png\" alt=\"\" width=\"42\" height=\"41\" \/><\/td>\n<td align=\"left\">Permite ver todos los documentos.<\/td>\n<\/tr>\n<\/tbody>\n<\/table>\n<\/div>\n<style type=\"text\/css\"><\/style><div class=\"fusion-title title fusion-title-3 fusion-sep-none fusion-title-text fusion-title-size-two\" style=\"margin-top:0px;margin-right:0px;margin-bottom:31px;margin-left:0px;\"><h2 class=\"title-heading-left\" style=\"margin:0;\"><span style=\"color: #0375c9;\">2. A\u00f1adir documento\u00a0<\/span><\/h2><\/div><style type=\"text\/css\"><\/style><div class=\"fusion-title title fusion-title-4 fusion-sep-none fusion-title-text fusion-title-size-two\" style=\"margin-top:0px;margin-right:0px;margin-bottom:31px;margin-left:0px;\"><h2 class=\"title-heading-left\" style=\"margin:0;\"><span style=\"color: #0375c9;\">2.1. Datos del documento\u00a0<\/span><\/h2><\/div><div class=\"fusion-text fusion-text-3\"><p>Permite incluir documentos para descargar por parte de los usuarios de todoc.<\/p>\n<p><img class=\"alignnone wp-image-14700 size-full\" src=\"https:\/\/help.tdoc.es\/wp-content\/uploads\/2021\/05\/Imagen5.jpg\" alt=\"\" width=\"496\" height=\"197\" srcset=\"https:\/\/help.tdoc.es\/wp-content\/uploads\/2021\/05\/Imagen5-200x79.jpg 200w, https:\/\/help.tdoc.es\/wp-content\/uploads\/2021\/05\/Imagen5-300x119.jpg 300w, https:\/\/help.tdoc.es\/wp-content\/uploads\/2021\/05\/Imagen5-400x159.jpg 400w, https:\/\/help.tdoc.es\/wp-content\/uploads\/2021\/05\/Imagen5.jpg 496w\" sizes=\"(max-width: 496px) 100vw, 496px\" \/><\/p>\n<p>-Nombre<\/p>\n<p>-Descripci\u00f3n<\/p>\n<p>-Posici\u00f3n<\/p>\n<p>-Obligatorio: si se establece como obligatorio, los usuarios para los que est\u00e9 configurado, se deber\u00e1n descargar el archivo para poder seguir trabajando con tdoc.<\/p>\n<p>-Aplicable (a quien va dirigido)<\/p>\n<ul>\n<li>Administradores de contrata<\/li>\n<li>Administradores de centro de trabajo<\/li>\n<li>Todos los administradores<\/li>\n<\/ul>\n<p>.<\/p>\n<\/div><style type=\"text\/css\"><\/style><div class=\"fusion-title title fusion-title-5 fusion-sep-none fusion-title-text fusion-title-size-two\" style=\"margin-top:0px;margin-right:0px;margin-bottom:31px;margin-left:0px;\"><h2 class=\"title-heading-left\" style=\"margin:0;\"><span style=\"color: #0375c9;\">2.2. Carga del documento\u00a0<\/span><\/h2><\/div><div class=\"fusion-text fusion-text-4\"><p>Permite subir el documento, permitiendo incluir varios seg\u00fan el idioma, que depender\u00e1 de la propia configuraci\u00f3n de tdoc.<\/p>\n<p><img class=\"alignnone wp-image-14653 size-full\" src=\"https:\/\/help.tdoc.es\/wp-content\/uploads\/2021\/05\/Imagen6.png\" alt=\"\" width=\"567\" height=\"221\" srcset=\"https:\/\/help.tdoc.es\/wp-content\/uploads\/2021\/05\/Imagen6-200x78.png 200w, https:\/\/help.tdoc.es\/wp-content\/uploads\/2021\/05\/Imagen6-300x117.png 300w, https:\/\/help.tdoc.es\/wp-content\/uploads\/2021\/05\/Imagen6-400x156.png 400w, https:\/\/help.tdoc.es\/wp-content\/uploads\/2021\/05\/Imagen6.png 567w\" sizes=\"(max-width: 567px) 100vw, 567px\" \/><\/p>\n<\/div><style type=\"text\/css\"><\/style><div class=\"fusion-title title fusion-title-6 fusion-sep-none fusion-title-text fusion-title-size-two\" style=\"margin-top:0px;margin-right:0px;margin-bottom:31px;margin-left:0px;\"><h2 class=\"title-heading-left\" style=\"margin:0;\"><span style=\"color: #0375c9;\">2.3. Configurar<\/span><\/h2><\/div><div class=\"fusion-text fusion-text-5\"><p>Permite varios tipos de configuraci\u00f3n, as\u00ed como la combinaci\u00f3n entre ellas. Cuando se quiera que una de ellas aplique, debe tener el check marcado.<\/p>\n<p><strong>Documento global<\/strong>: para toda la aplicaci\u00f3n<\/p>\n<p><img class=\"alignnone wp-image-14659 size-full\" src=\"https:\/\/help.tdoc.es\/wp-content\/uploads\/2021\/05\/Imagen7.png\" alt=\"\" width=\"567\" height=\"44\" srcset=\"https:\/\/help.tdoc.es\/wp-content\/uploads\/2021\/05\/Imagen7-200x16.png 200w, https:\/\/help.tdoc.es\/wp-content\/uploads\/2021\/05\/Imagen7-300x23.png 300w, https:\/\/help.tdoc.es\/wp-content\/uploads\/2021\/05\/Imagen7-400x31.png 400w, https:\/\/help.tdoc.es\/wp-content\/uploads\/2021\/05\/Imagen7.png 567w\" sizes=\"(max-width: 567px) 100vw, 567px\" \/><\/p>\n<p><strong>Documento por tecnolog\u00eda<\/strong>: solo para las tecnolog\u00edas seleccionadas (en la columna de a\u00f1adidos).<\/p>\n<p><img class=\"alignnone wp-image-14660 size-full\" src=\"https:\/\/help.tdoc.es\/wp-content\/uploads\/2021\/05\/Imagen8.png\" alt=\"\" width=\"567\" height=\"153\" srcset=\"https:\/\/help.tdoc.es\/wp-content\/uploads\/2021\/05\/Imagen8-200x54.png 200w, https:\/\/help.tdoc.es\/wp-content\/uploads\/2021\/05\/Imagen8-300x81.png 300w, https:\/\/help.tdoc.es\/wp-content\/uploads\/2021\/05\/Imagen8-400x108.png 400w, https:\/\/help.tdoc.es\/wp-content\/uploads\/2021\/05\/Imagen8.png 567w\" sizes=\"(max-width: 567px) 100vw, 567px\" \/><\/p>\n<p><strong>Documento por centro<\/strong>: solo para los centros seleccionados (en la columna de a\u00f1adidos).<\/p>\n<p><img class=\"alignnone wp-image-14661 size-full\" src=\"https:\/\/help.tdoc.es\/wp-content\/uploads\/2021\/05\/Imagen9.png\" alt=\"\" width=\"567\" height=\"151\" srcset=\"https:\/\/help.tdoc.es\/wp-content\/uploads\/2021\/05\/Imagen9-200x53.png 200w, https:\/\/help.tdoc.es\/wp-content\/uploads\/2021\/05\/Imagen9-300x80.png 300w, https:\/\/help.tdoc.es\/wp-content\/uploads\/2021\/05\/Imagen9-400x107.png 400w, https:\/\/help.tdoc.es\/wp-content\/uploads\/2021\/05\/Imagen9.png 567w\" sizes=\"(max-width: 567px) 100vw, 567px\" \/><\/p>\n<p><strong>Documento por tipo de empresa<\/strong>: solo para los tipos de empresa seleccionados (en la columna de a\u00f1adidos).<\/p>\n<p><img class=\"alignnone wp-image-14662 size-full\" src=\"https:\/\/help.tdoc.es\/wp-content\/uploads\/2021\/05\/Imagen10.png\" alt=\"\" width=\"567\" height=\"204\" srcset=\"https:\/\/help.tdoc.es\/wp-content\/uploads\/2021\/05\/Imagen10-200x72.png 200w, https:\/\/help.tdoc.es\/wp-content\/uploads\/2021\/05\/Imagen10-300x108.png 300w, https:\/\/help.tdoc.es\/wp-content\/uploads\/2021\/05\/Imagen10-400x144.png 400w, https:\/\/help.tdoc.es\/wp-content\/uploads\/2021\/05\/Imagen10.png 567w\" sizes=\"(max-width: 567px) 100vw, 567px\" \/><\/p>\n<p><strong>Documento por propietario-tecnolog\u00eda<\/strong>: solo para los propietarios por tecnolog\u00eda seleccionados (en la columna de a\u00f1adidos).<\/p>\n<p><img class=\"alignnone wp-image-14663 size-full\" src=\"https:\/\/help.tdoc.es\/wp-content\/uploads\/2021\/05\/Imagen11.png\" alt=\"\" width=\"567\" height=\"191\" srcset=\"https:\/\/help.tdoc.es\/wp-content\/uploads\/2021\/05\/Imagen11-200x67.png 200w, https:\/\/help.tdoc.es\/wp-content\/uploads\/2021\/05\/Imagen11-300x101.png 300w, https:\/\/help.tdoc.es\/wp-content\/uploads\/2021\/05\/Imagen11-400x135.png 400w, https:\/\/help.tdoc.es\/wp-content\/uploads\/2021\/05\/Imagen11.png 567w\" sizes=\"(max-width: 567px) 100vw, 567px\" \/><\/p>\n<p><strong>Documento como plantilla para tipo de entrega<\/strong>: solo para las entregas que dispongan de plantilla.<\/p>\n<p><img class=\"alignnone wp-image-14664 size-full\" src=\"https:\/\/help.tdoc.es\/wp-content\/uploads\/2021\/05\/Imagen12.png\" alt=\"\" width=\"567\" height=\"213\" srcset=\"https:\/\/help.tdoc.es\/wp-content\/uploads\/2021\/05\/Imagen12-200x75.png 200w, https:\/\/help.tdoc.es\/wp-content\/uploads\/2021\/05\/Imagen12-300x113.png 300w, https:\/\/help.tdoc.es\/wp-content\/uploads\/2021\/05\/Imagen12-400x150.png 400w, https:\/\/help.tdoc.es\/wp-content\/uploads\/2021\/05\/Imagen12.png 567w\" sizes=\"(max-width: 567px) 100vw, 567px\" \/><\/p>\n<p>Pulsar &#8216;Siguiente&#8217; para continuar.<\/p>\n<\/div><style type=\"text\/css\"><\/style><div class=\"fusion-title title fusion-title-7 fusion-sep-none fusion-title-text fusion-title-size-two\" style=\"margin-top:0px;margin-right:0px;margin-bottom:31px;margin-left:0px;\"><h2 class=\"title-heading-left\" style=\"margin:0;\"><span style=\"color: #0375c9;\">2.4. Resumen\u00a0<\/span><\/h2><\/div><div class=\"fusion-text fusion-text-6\"><p>Muestra un resumen de lo seleccionado anteriormente.<\/p>\n<p><img class=\"alignnone wp-image-14665 size-full\" src=\"https:\/\/help.tdoc.es\/wp-content\/uploads\/2021\/05\/Imagen13.png\" alt=\"\" width=\"567\" height=\"133\" srcset=\"https:\/\/help.tdoc.es\/wp-content\/uploads\/2021\/05\/Imagen13-200x47.png 200w, https:\/\/help.tdoc.es\/wp-content\/uploads\/2021\/05\/Imagen13-300x70.png 300w, https:\/\/help.tdoc.es\/wp-content\/uploads\/2021\/05\/Imagen13-400x94.png 400w, https:\/\/help.tdoc.es\/wp-content\/uploads\/2021\/05\/Imagen13.png 567w\" sizes=\"(max-width: 567px) 100vw, 567px\" \/><\/p>\n<p>Pulsar &#8216;Guardar&#8217; para continuar.<\/p>\n<\/div><style type=\"text\/css\"><\/style><div class=\"fusion-title title fusion-title-8 fusion-sep-none fusion-title-text fusion-title-size-two\" style=\"margin-top:0px;margin-right:0px;margin-bottom:31px;margin-left:0px;\"><h2 class=\"title-heading-left\" style=\"margin:0;\"><span style=\"color: #0375c9;\">3. Modificar documento<\/span><\/h2><\/div><div class=\"fusion-text fusion-text-7\"><p>Permite modificar la configuraci\u00f3n de los documentos para descargar por parte de los usuarios de tdoc.<\/p>\n<p><img class=\"alignnone wp-image-14666 size-full\" src=\"https:\/\/help.tdoc.es\/wp-content\/uploads\/2021\/05\/Imagen14.png\" alt=\"\" width=\"567\" height=\"152\" srcset=\"https:\/\/help.tdoc.es\/wp-content\/uploads\/2021\/05\/Imagen14-200x54.png 200w, https:\/\/help.tdoc.es\/wp-content\/uploads\/2021\/05\/Imagen14-300x80.png 300w, https:\/\/help.tdoc.es\/wp-content\/uploads\/2021\/05\/Imagen14-400x107.png 400w, https:\/\/help.tdoc.es\/wp-content\/uploads\/2021\/05\/Imagen14.png 567w\" sizes=\"(max-width: 567px) 100vw, 567px\" \/><\/p>\n<\/div>\n<div class=\"table-1\">\n<table width=\"100%\">\n<tbody>\n<tr>\n<td align=\"left\"><img class=\"size-full wp-image-17786 aligncenter\" src=\"https:\/\/help.tdoc.es\/wp-content\/uploads\/2022\/03\/editar-carpeta2-1.png\" alt=\"\" width=\"42\" height=\"46\" \/><\/td>\n<td align=\"left\">Permite editar la configuraci\u00f3n del documento.<\/td>\n<\/tr>\n<tr>\n<td align=\"left\"><img class=\"size-medium wp-image-17787 aligncenter\" src=\"https:\/\/help.tdoc.es\/wp-content\/uploads\/2022\/03\/traducir-carpeta-1.png\" alt=\"\" width=\"38\" height=\"36\" \/><\/td>\n<td align=\"left\">Permite traducir el nombre y descripci\u00f3n del documento, seg\u00fan lo que hayas seleccionado previamente. Aparecen los idiomas que est\u00e9n configurados en cada caso.<\/p>\n<p><img class=\"alignnone wp-image-17778\" src=\"https:\/\/help.tdoc.es\/wp-content\/uploads\/2022\/03\/diccionario-300x76.png\" alt=\"\" width=\"351\" height=\"89\" srcset=\"https:\/\/help.tdoc.es\/wp-content\/uploads\/2022\/03\/diccionario-200x51.png 200w, https:\/\/help.tdoc.es\/wp-content\/uploads\/2022\/03\/diccionario-300x76.png 300w, https:\/\/help.tdoc.es\/wp-content\/uploads\/2022\/03\/diccionario-400x101.png 400w, https:\/\/help.tdoc.es\/wp-content\/uploads\/2022\/03\/diccionario-600x152.png 600w, https:\/\/help.tdoc.es\/wp-content\/uploads\/2022\/03\/diccionario.png 761w\" sizes=\"(max-width: 351px) 100vw, 351px\" \/><\/td>\n<\/tr>\n<\/tbody>\n<\/table>\n<\/div>\n<div class=\"fusion-text fusion-text-8\"><p>Pueden aparecer varias pesta\u00f1as:<\/p>\n<p>-Versiones:<\/p>\n<\/div>\n<div class=\"table-1\">\n<table width=\"100%\">\n<tbody>\n<tr>\n<td align=\"left\"><img class=\"size-full wp-image-17783 aligncenter\" src=\"https:\/\/help.tdoc.es\/wp-content\/uploads\/2022\/03\/crear-carpetas.png\" alt=\"\" width=\"38\" height=\"38\" \/><\/td>\n<td align=\"left\">Permite crear una nueva versi\u00f3n del documento, en varios idiomas si es necesario:<\/p>\n<p><img class=\"alignnone wp-image-17788\" src=\"https:\/\/help.tdoc.es\/wp-content\/uploads\/2022\/03\/modificar-version-300x170.png\" alt=\"\" width=\"354\" height=\"200\" srcset=\"https:\/\/help.tdoc.es\/wp-content\/uploads\/2022\/03\/modificar-version-200x113.png 200w, https:\/\/help.tdoc.es\/wp-content\/uploads\/2022\/03\/modificar-version-300x170.png 300w, https:\/\/help.tdoc.es\/wp-content\/uploads\/2022\/03\/modificar-version-400x226.png 400w, https:\/\/help.tdoc.es\/wp-content\/uploads\/2022\/03\/modificar-version-600x340.png 600w, https:\/\/help.tdoc.es\/wp-content\/uploads\/2022\/03\/modificar-version-768x435.png 768w, https:\/\/help.tdoc.es\/wp-content\/uploads\/2022\/03\/modificar-version.png 781w\" sizes=\"(max-width: 354px) 100vw, 354px\" \/><\/td>\n<\/tr>\n<\/tbody>\n<\/table>\n<\/div>\n<div class=\"fusion-text fusion-text-9\"><p>-Configuraciones incluidas en el documento, diferenciada por distintas pesta\u00f1as, permitiendo ver la configuraci\u00f3n.<\/p>\n<ul>\n<li>Documento global<\/li>\n<li>Documento por \u00e1rea funcional<\/li>\n<li>Documento por centro<\/li>\n<li>Documento por tipo de empresa<\/li>\n<li>Documento por propietario-\u00e1rea funcional<\/li>\n<li>Documento como plantilla para tipo de empresa<\/li>\n<\/ul>\n<\/div><div class=\"fusion-clearfix\"><\/div><\/div><\/div><\/div><\/div>\n","protected":false},"excerpt":{"rendered":"","protected":false},"author":1,"featured_media":0,"parent":12495,"menu_order":0,"comment_status":"closed","ping_status":"closed","template":"","meta":[],"_links":{"self":[{"href":"https:\/\/help.tdoc.es\/index.php\/wp-json\/wp\/v2\/pages\/14647"}],"collection":[{"href":"https:\/\/help.tdoc.es\/index.php\/wp-json\/wp\/v2\/pages"}],"about":[{"href":"https:\/\/help.tdoc.es\/index.php\/wp-json\/wp\/v2\/types\/page"}],"author":[{"embeddable":true,"href":"https:\/\/help.tdoc.es\/index.php\/wp-json\/wp\/v2\/users\/1"}],"replies":[{"embeddable":true,"href":"https:\/\/help.tdoc.es\/index.php\/wp-json\/wp\/v2\/comments?post=14647"}],"version-history":[{"count":9,"href":"https:\/\/help.tdoc.es\/index.php\/wp-json\/wp\/v2\/pages\/14647\/revisions"}],"predecessor-version":[{"id":17789,"href":"https:\/\/help.tdoc.es\/index.php\/wp-json\/wp\/v2\/pages\/14647\/revisions\/17789"}],"up":[{"embeddable":true,"href":"https:\/\/help.tdoc.es\/index.php\/wp-json\/wp\/v2\/pages\/12495"}],"wp:attachment":[{"href":"https:\/\/help.tdoc.es\/index.php\/wp-json\/wp\/v2\/media?parent=14647"}],"curies":[{"name":"wp","href":"https:\/\/api.w.org\/{rel}","templated":true}]}}