{"id":14339,"date":"2021-04-26T15:19:50","date_gmt":"2021-04-26T15:19:50","guid":{"rendered":"https:\/\/help.tdoc.es\/?page_id=14339"},"modified":"2023-08-16T12:14:29","modified_gmt":"2023-08-16T12:14:29","slug":"peticion-de-alta-de-subcontrata-2","status":"publish","type":"page","link":"https:\/\/help.tdoc.es\/index.php\/manual-tdoc-key-user\/peticion-de-alta-de-subcontrata-2\/","title":{"rendered":"PETICI\u00d3N DE ALTA DE SUBCONTRATA"},"content":{"rendered":"<div class=\"fusion-fullwidth fullwidth-box fusion-builder-row-1 nonhundred-percent-fullwidth non-hundred-percent-height-scrolling\" style=\"background-color: rgba(255,255,255,0);background-position: center center;background-repeat: no-repeat;padding-top:20px;padding-right:0px;padding-bottom:20px;padding-left:0px;margin-bottom: 0px;margin-top: 0px;border-width: 0px 0px 0px 0px;border-color:#eae9e9;border-style:solid;\" ><div class=\"fusion-builder-row fusion-row\"><div class=\"fusion-layout-column fusion_builder_column fusion-builder-column-0 fusion_builder_column_1_1 1_1 fusion-one-full fusion-column-first fusion-column-last\" style=\"margin-top:0px;margin-bottom:20px;\"><div class=\"fusion-column-wrapper fusion-flex-column-wrapper-legacy\" style=\"background-position:left top;background-repeat:no-repeat;-webkit-background-size:cover;-moz-background-size:cover;-o-background-size:cover;background-size:cover;padding: 0px 0px 0px 0px;\"><style type=\"text\/css\"><\/style><div class=\"fusion-title title fusion-title-1 fusion-sep-none fusion-title-text fusion-title-size-one\" style=\"margin-top:0px;margin-right:0px;margin-bottom:31px;margin-left:0px;\"><h1 class=\"title-heading-left\" style=\"margin:0;\"><p><span style=\"color: #0375c9;\">Petici\u00f3n de alta de subcontrata<br \/>\n<\/span><\/p><\/h1><\/div><div class=\"fusion-text fusion-text-1\"><p>Desde el men\u00fa de Peticiones de alta de subcontrata accede al listado de peticiones de alta.<\/p>\n<p><img class=\"alignnone size-medium wp-image-18864\" src=\"https:\/\/help.tdoc.es\/wp-content\/uploads\/2022\/12\/numeropeticionesalta-1-300x244.png\" alt=\"\" width=\"300\" height=\"244\" srcset=\"https:\/\/help.tdoc.es\/wp-content\/uploads\/2022\/12\/numeropeticionesalta-1-200x163.png 200w, https:\/\/help.tdoc.es\/wp-content\/uploads\/2022\/12\/numeropeticionesalta-1-300x244.png 300w, https:\/\/help.tdoc.es\/wp-content\/uploads\/2022\/12\/numeropeticionesalta-1-400x325.png 400w, https:\/\/help.tdoc.es\/wp-content\/uploads\/2022\/12\/numeropeticionesalta-1.png 449w\" sizes=\"(max-width: 300px) 100vw, 300px\" \/><\/p>\n<p>En la pantalla principal aparece el listado de peticiones, por defecto solo aparecen las que est\u00e1n <span style=\"color: #ffcc00;\"><strong>Sin Procesar<\/strong><\/span>.<\/p>\n<\/div><style type=\"text\/css\"><\/style><div class=\"fusion-title title fusion-title-2 fusion-sep-none fusion-title-text fusion-title-size-two\" style=\"margin-top:0px;margin-right:0px;margin-bottom:31px;margin-left:0px;\"><h2 class=\"title-heading-left\" style=\"margin:0;\"><span style=\"color: #0375c9;\">1. Lista de peticiones<\/span><\/h2><\/div><div class=\"fusion-text fusion-text-2\"><p>La columna Estado indica el estado de la petici\u00f3n:<\/p>\n<ul>\n<li><span style=\"color: #ffcc00;\"><strong>Sin procesar<\/strong><\/span>: todav\u00eda no se ha dado de alta la empresa que va a subcontratar para esta tarea.<\/li>\n<li><span style=\"color: #339966;\"><strong>Procesado<\/strong><\/span>: la petici\u00f3n ya ha sido procesada y la empresa que va a subcontratar ya ha sido dada de alta en la tarea.<\/li>\n<li><strong><strong><span style=\"color: #ff0000;\">*<\/span><\/strong> <span style=\"color: #ff0000;\"><span style=\"color: #339966;\">Procesada autom\u00e1ticamente: <\/span><\/span><\/strong>permite que las peticiones se procesen de forma autom\u00e1tica, siempre y cuando se cumplan las siguientes \u00a0circunstancias:\n<ul>\n<li>La empresa ya estuviera creada en tdoc previamente a la solicitud de petici\u00f3n de subcontrataci\u00f3n<\/li>\n<li>La empresa tenga al menos un gestor, o se haya incluido desde la propia solicitud de petici\u00f3n de subcontrataci\u00f3n<\/li>\n<li>El \u00e1rea funcional donde se vaya a dar de alta la nueva tareas, disponga \u00fanicamente de un tipo de empresa-.<\/li>\n<\/ul>\n<\/li>\n<li><span style=\"color: #ff0000;\"><strong>Denegada o Anulada<\/strong><\/span>: la petici\u00f3n se ha denegado o anulado.<\/li>\n<\/ul>\n<p>Inicialmente s\u00f3lo se muestran las peticiones en estado <span style=\"color: #ffcc00;\"><strong>Sin procesar<\/strong><\/span>. Desde el icono <img class=\"alignnone wp-image-14342\" src=\"https:\/\/help.tdoc.es\/wp-content\/uploads\/2021\/04\/Imagen2.jpg\" alt=\"\" width=\"26\" height=\"24\" \/>\u00a0 (Mostrar todas las peticiones para el centro de trabajo) se mostrar\u00e1 el hist\u00f3rico de todas las peticiones que haya realizado.<\/p>\n<\/div>\n<div class=\"table-1\">\n<table width=\"100%\">\n<tbody>\n<tr>\n<td align=\"left\"><img class=\"size-full wp-image-17605 aligncenter\" src=\"https:\/\/help.tdoc.es\/wp-content\/uploads\/2022\/03\/cancelar.png\" alt=\"\" width=\"34\" height=\"43\" \/><\/td>\n<td align=\"left\">Permite cancelar una solicitud de petici\u00f3n de alta que a\u00fan est\u00e9 <span style=\"color: #ffcc00;\"><strong>Sin procesar<\/strong><\/span>, debe seleccionar previamente la petici\u00f3n a cancelar.<\/td>\n<\/tr>\n<tr>\n<td align=\"left\"><img class=\"size-medium wp-image-17607 aligncenter\" src=\"https:\/\/help.tdoc.es\/wp-content\/uploads\/2022\/03\/peticiones-1.png\" alt=\"\" width=\"46\" height=\"45\" \/><\/td>\n<td align=\"left\">Permite ver todas las peticiones realizadas por el usuario.<\/td>\n<\/tr>\n<tr>\n<td align=\"left\"><img class=\"size-medium wp-image-17606 aligncenter\" src=\"https:\/\/help.tdoc.es\/wp-content\/uploads\/2022\/03\/excel-4.png\" alt=\"\" width=\"44\" height=\"42\" \/><\/td>\n<td align=\"left\">Genera un informe en formato Excel con el listado de peticiones.<\/td>\n<\/tr>\n<\/tbody>\n<\/table>\n<\/div>\n<div class=\"fusion-text fusion-text-3\"><p>Cada vez que se realiza una petici\u00f3n el usuario recibe un mail con el n\u00famero y los datos de la petici\u00f3n realizada. Posteriormente cuando se procesa, se recibe otro mail con la confirmaci\u00f3n de la creaci\u00f3n de dicha petici\u00f3n. Estos correos tambi\u00e9n lo reciben el usuario que la realiza, el gestor de contrata, as\u00ed como las responsables que se hayan indicado.<\/p>\n<\/div><style type=\"text\/css\"><\/style><div class=\"fusion-title title fusion-title-3 fusion-sep-none fusion-title-text fusion-title-size-two\" style=\"margin-top:0px;margin-right:0px;margin-bottom:31px;margin-left:0px;\"><h2 class=\"title-heading-left\" style=\"margin:0;\"><span style=\"color: #0375c9;\">2. Procesar peticiones de alta de subcontrata<\/span><\/h2><\/div><div class=\"fusion-text fusion-text-4\"><p>Este tutorial est\u00e1 preparado para procesar las peticiones de alta de contratas principales o subcontratas.<\/p>\n<p><strong>1.Seleccionar la petici\u00f3n a procesar<\/strong>:<\/p>\n<p><img class=\"alignnone wp-image-14344 size-full\" src=\"https:\/\/help.tdoc.es\/wp-content\/uploads\/2021\/04\/Imagen4.png\" alt=\"\" width=\"567\" height=\"149\" srcset=\"https:\/\/help.tdoc.es\/wp-content\/uploads\/2021\/04\/Imagen4-200x53.png 200w, https:\/\/help.tdoc.es\/wp-content\/uploads\/2021\/04\/Imagen4-300x79.png 300w, https:\/\/help.tdoc.es\/wp-content\/uploads\/2021\/04\/Imagen4-400x105.png 400w, https:\/\/help.tdoc.es\/wp-content\/uploads\/2021\/04\/Imagen4.png 567w\" sizes=\"(max-width: 567px) 100vw, 567px\" \/><\/p>\n<\/div>\n<div class=\"table-1\">\n<table width=\"100%\">\n<tbody>\n<tr>\n<td align=\"left\"><img class=\"alignnone size-full wp-image-17461 aligncenter\" src=\"https:\/\/help.tdoc.es\/wp-content\/uploads\/2022\/03\/flecha-5.png\" alt=\"\" width=\"42\" height=\"28\" \/><\/td>\n<td align=\"left\">Permite seleccionar la petici\u00f3n con la que trabajar.<\/td>\n<\/tr>\n<\/tbody>\n<\/table>\n<\/div>\n<div class=\"fusion-text fusion-text-5\"><p><strong>2.Seleccionar empresa.<\/strong><\/p>\n<p>Te permite dos opciones: resultados de la b\u00fasqueda y A\u00f1adir nueva empresa. Es importante este paso, ya que si la empresa estaba ya creada y se crea como nueva, la empresa estar\u00e1 duplicada.<\/p>\n<p><img class=\"alignnone wp-image-14350 \" src=\"https:\/\/help.tdoc.es\/wp-content\/uploads\/2021\/04\/Captura6-1.png\" alt=\"\" width=\"561\" height=\"152\" srcset=\"https:\/\/help.tdoc.es\/wp-content\/uploads\/2021\/04\/Captura6-1-200x54.png 200w, https:\/\/help.tdoc.es\/wp-content\/uploads\/2021\/04\/Captura6-1-300x81.png 300w, https:\/\/help.tdoc.es\/wp-content\/uploads\/2021\/04\/Captura6-1-400x108.png 400w, https:\/\/help.tdoc.es\/wp-content\/uploads\/2021\/04\/Captura6-1-600x163.png 600w, https:\/\/help.tdoc.es\/wp-content\/uploads\/2021\/04\/Captura6-1.png 712w\" sizes=\"(max-width: 561px) 100vw, 561px\" \/><\/p>\n<p>2.1. Resultados de la b\u00fasqueda. La aplicaci\u00f3n a encontrado semejanzas con las empresas activas o inactivas que dispone.<\/p>\n<p>2.2. A\u00f1adir nueva empresa. Permite crear como nueva empresa.<\/p>\n<p>Solicita la informaci\u00f3n necesaria de la empresa para darla de alta.<\/p>\n<p><img class=\"alignnone wp-image-14351 size-full\" src=\"https:\/\/help.tdoc.es\/wp-content\/uploads\/2021\/04\/Imagen7.png\" alt=\"\" width=\"567\" height=\"214\" srcset=\"https:\/\/help.tdoc.es\/wp-content\/uploads\/2021\/04\/Imagen7-200x75.png 200w, https:\/\/help.tdoc.es\/wp-content\/uploads\/2021\/04\/Imagen7-300x113.png 300w, https:\/\/help.tdoc.es\/wp-content\/uploads\/2021\/04\/Imagen7-400x151.png 400w, https:\/\/help.tdoc.es\/wp-content\/uploads\/2021\/04\/Imagen7.png 567w\" sizes=\"(max-width: 567px) 100vw, 567px\" \/><\/p>\n<p><strong>3. A\u00f1adir gestor.\u00a0<\/strong><\/p>\n<p>Solicita los datos necesarios para dar de alta un gestor de contrata, el encargado de gestionar la empresa en esta aplicaci\u00f3n.\u00a0Este apartado solo es obligatorio cuando la empresa no dispone de ning\u00fan gestor. Si la empresa ya dispone de gestor, se habilitar\u00e1 la opci\u00f3n de &#8216;Omitir&#8217;, para no incluir ning\u00fan gestor m\u00e1s si no quiere. Si se quiere introducir m\u00e1s de un gestor pulse sobre &#8216;Guardar y A\u00f1adir otro&#8217;.<\/p>\n<p><img class=\"alignnone wp-image-14353 \" src=\"https:\/\/help.tdoc.es\/wp-content\/uploads\/2021\/04\/8.png\" alt=\"\" width=\"572\" height=\"231\" srcset=\"https:\/\/help.tdoc.es\/wp-content\/uploads\/2021\/04\/8-200x81.png 200w, https:\/\/help.tdoc.es\/wp-content\/uploads\/2021\/04\/8-300x121.png 300w, https:\/\/help.tdoc.es\/wp-content\/uploads\/2021\/04\/8-400x162.png 400w, https:\/\/help.tdoc.es\/wp-content\/uploads\/2021\/04\/8-600x242.png 600w, https:\/\/help.tdoc.es\/wp-content\/uploads\/2021\/04\/8.png 708w\" sizes=\"(max-width: 572px) 100vw, 572px\" \/><\/p>\n<p>Pulse &#8216;Siguiente&#8217; para continuar.<\/p>\n<p><strong>4. Selecci\u00f3n de centros de trabajo\/tareas.<\/strong><\/p>\n<p>En la columna de la derecha &#8216;a\u00f1adidos&#8217;, aparece los centros\/tareas que se ha solicitado dar de alta a trav\u00e9s de esta petici\u00f3n. En la columna de la izquierda &#8216;Disponibles&#8217;, aparece los centros\/tareas que se puede incluir, por si hay que hacer alguna rectificaci\u00f3n. Utilizando la opci\u00f3n &#8216;Copiar&#8217; o &#8216;Copiar todos&#8217;, &#8216;Quitar&#8217; y &#8216;Quitar todos&#8217;, se puede mover los distintos centros\/tareas entre las columnas, en funci\u00f3n de necesidad.<\/p>\n<p><img class=\"alignnone wp-image-14354 \" src=\"https:\/\/help.tdoc.es\/wp-content\/uploads\/2021\/04\/9.png\" alt=\"\" width=\"600\" height=\"255\" srcset=\"https:\/\/help.tdoc.es\/wp-content\/uploads\/2021\/04\/9-200x85.png 200w, https:\/\/help.tdoc.es\/wp-content\/uploads\/2021\/04\/9-300x128.png 300w, https:\/\/help.tdoc.es\/wp-content\/uploads\/2021\/04\/9-400x170.png 400w, https:\/\/help.tdoc.es\/wp-content\/uploads\/2021\/04\/9-600x255.png 600w, https:\/\/help.tdoc.es\/wp-content\/uploads\/2021\/04\/9.png 717w\" sizes=\"(max-width: 600px) 100vw, 600px\" \/><\/p>\n<p>Es posible encontrar en la columna de a\u00f1adidos, algunos centros en azul. Esto puede aparecer cuando se trabaja por tareas generales y la contrata que se quiere dar de alta, ya est\u00e1 dada de alta en ese centro. Pulse &#8216;Siguiente&#8217; para continuar.<\/p>\n<p><strong>5. Tipo de Empresa<\/strong><\/p>\n<p>En este apartado indicamos el tipo de empresa (tipo de coordinaci\u00f3n asignado9. Se completa con el dato aportado a trav\u00e9s de la propia petici\u00f3n, pero permite modificar por si es necesario alguna rectificaci\u00f3n. Los tipos de empresa corresponde a tipos de coordinaci\u00f3n y se puede pedir documentaci\u00f3n distinta.<\/p>\n<p><img class=\"alignnone wp-image-14355 \" src=\"https:\/\/help.tdoc.es\/wp-content\/uploads\/2021\/04\/10.png\" alt=\"\" width=\"615\" height=\"96\" srcset=\"https:\/\/help.tdoc.es\/wp-content\/uploads\/2021\/04\/10-200x31.png 200w, https:\/\/help.tdoc.es\/wp-content\/uploads\/2021\/04\/10-300x47.png 300w, https:\/\/help.tdoc.es\/wp-content\/uploads\/2021\/04\/10-400x62.png 400w, https:\/\/help.tdoc.es\/wp-content\/uploads\/2021\/04\/10-600x94.png 600w, https:\/\/help.tdoc.es\/wp-content\/uploads\/2021\/04\/10.png 711w\" sizes=\"(max-width: 615px) 100vw, 615px\" \/><\/p>\n<p><span style=\"color: #ff0000;\">*<\/span>En el caso de que la tecnolog\u00eda en la que se quiere dar de alta disponga de un \u00fanico tipo de empresa, esta petici\u00f3n se procesar\u00e1 directamente. Pulse &#8216;Siguiente&#8217; para continuar.<\/p>\n<p><strong>6. <span style=\"color: #ff0000;\">*<\/span>Datos de la tarea<\/strong><\/p>\n<p>Solicita los datos necesarios para crear la tarea. Se completa con el dato aportado a trav\u00e9s de la propia petici\u00f3n, pero permite modificar por si es necesario alguna rectificaci\u00f3n.<\/p>\n<ul>\n<li>Nombre de empresa<\/li>\n<li>Fecha inicio<\/li>\n<li>Fecha fin<\/li>\n<li>Tipo de empresa<\/li>\n<\/ul>\n<p>Registrarse como gestor documental de la tarea. Permite registrarse como responsable de la tarea, debiendo definir con qu\u00e9 periodicidad desea recibir la ficha de control de esta tarea.<\/p>\n<p>Puede seleccionar una de las tareas disponibles. Permite definir las capacitaciones\/designaciones seg\u00fan las plantillas. Debe estar previamente definidas para poder seleccionarlas.<\/p>\n<p><img class=\"alignnone wp-image-14356 \" src=\"https:\/\/help.tdoc.es\/wp-content\/uploads\/2021\/04\/11.png\" alt=\"\" width=\"619\" height=\"287\" srcset=\"https:\/\/help.tdoc.es\/wp-content\/uploads\/2021\/04\/11-200x93.png 200w, https:\/\/help.tdoc.es\/wp-content\/uploads\/2021\/04\/11-300x139.png 300w, https:\/\/help.tdoc.es\/wp-content\/uploads\/2021\/04\/11-400x186.png 400w, https:\/\/help.tdoc.es\/wp-content\/uploads\/2021\/04\/11-600x278.png 600w, https:\/\/help.tdoc.es\/wp-content\/uploads\/2021\/04\/11.png 718w\" sizes=\"(max-width: 619px) 100vw, 619px\" \/><\/p>\n<p>Pulse &#8216;Siguiente&#8217; para continuar.<\/p>\n<p><strong>7. Riesgos\/Capacitaciones<\/strong><\/p>\n<p>Se completa con el dato aportado a trav\u00e9s de la propia petici\u00f3n, pero puede permite modificar por si es necesario alguna rectificaci\u00f3n.<\/p>\n<p>En la columna de la derecha &#8216;A\u00f1adidos&#8217;,\u00a0 aparece los riesgos\/capacitaciones que se ha solicitado dar de alta a trav\u00e9s de esta petici\u00f3n. En la columna de la izquierda &#8216;Disponibles&#8217;, aparece los riesgos\/capacitaciones que se puede incluir, por si hay que hacer alguna rectificaci\u00f3n.<\/p>\n<p>Utilizando la opci\u00f3n &#8216;Copiar&#8217; o &#8216;Copiar todos&#8217;, &#8216;Quitar&#8217; y &#8216;Quitar todos&#8217;, se puede mover los distintos riesgos\/capacitaciones entre las columnas, en funci\u00f3n de necesidad.<\/p>\n<p><img class=\"alignnone wp-image-14357 \" src=\"https:\/\/help.tdoc.es\/wp-content\/uploads\/2021\/04\/Imagen12.png\" alt=\"\" width=\"572\" height=\"227\" srcset=\"https:\/\/help.tdoc.es\/wp-content\/uploads\/2021\/04\/Imagen12-200x79.png 200w, https:\/\/help.tdoc.es\/wp-content\/uploads\/2021\/04\/Imagen12-300x119.png 300w, https:\/\/help.tdoc.es\/wp-content\/uploads\/2021\/04\/Imagen12-400x159.png 400w, https:\/\/help.tdoc.es\/wp-content\/uploads\/2021\/04\/Imagen12.png 567w\" sizes=\"(max-width: 572px) 100vw, 572px\" \/><\/p>\n<p>Pulse &#8216;Siguiente&#8217; para continuar.<\/p>\n<p><b>8. <span style=\"color: #ff0000;\">*<\/span>Designaciones<\/b><\/p>\n<p>Este apartado aparecer\u00e1 o no en funci\u00f3n de la configuraci\u00f3n que disponga el cliente, si ha definido o no designaciones. Se completa con el dato aportado a trav\u00e9s de la propia petici\u00f3n, pero permite modificar por si es necesario alguna rectificaci\u00f3n.<\/p>\n<p>En la columna de la derecha &#8216;A\u00f1adidos&#8217;, aparecen las designaciones que se han solicitado dar de alta a trav\u00e9s de esta petici\u00f3n. En la columna de la izquierda &#8216;Disponibles&#8217;, aparecen las designaciones que se pueden incluir, por si hay que hacer alguna rectificaci\u00f3n.<\/p>\n<p>Utilizando la opci\u00f3n &#8216;Copiar&#8217; o &#8216;Copiar todos&#8217;, &#8216;Quitar&#8217; o &#8216;Quitar todos&#8217;, se puede mover las distintas designaciones entre las columnas, en funci\u00f3n de necesidad.<\/p>\n<p><img class=\"alignnone wp-image-14359 size-full\" src=\"https:\/\/help.tdoc.es\/wp-content\/uploads\/2021\/04\/Imagen13.png\" alt=\"\" width=\"567\" height=\"230\" srcset=\"https:\/\/help.tdoc.es\/wp-content\/uploads\/2021\/04\/Imagen13-200x81.png 200w, https:\/\/help.tdoc.es\/wp-content\/uploads\/2021\/04\/Imagen13-300x122.png 300w, https:\/\/help.tdoc.es\/wp-content\/uploads\/2021\/04\/Imagen13-400x162.png 400w, https:\/\/help.tdoc.es\/wp-content\/uploads\/2021\/04\/Imagen13.png 567w\" sizes=\"(max-width: 567px) 100vw, 567px\" \/><\/p>\n<p>Pulse &#8216;guardar&#8217; para continuar.<\/p>\n<p><strong>9. Confirmar los datos.\u00a0<\/strong><\/p>\n<p>A continuaci\u00f3n, aparece un resumen con toda a informaci\u00f3n facilitada para la creaci\u00f3n de la petici\u00f3n. Si esta es correcta, seleccione &#8216;Guardar&#8217; para terminar.<\/p>\n<p><img class=\"alignnone wp-image-14360 size-full\" src=\"https:\/\/help.tdoc.es\/wp-content\/uploads\/2021\/04\/Imagen14-1.png\" alt=\"\" width=\"567\" height=\"243\" srcset=\"https:\/\/help.tdoc.es\/wp-content\/uploads\/2021\/04\/Imagen14-1-200x86.png 200w, https:\/\/help.tdoc.es\/wp-content\/uploads\/2021\/04\/Imagen14-1-300x129.png 300w, https:\/\/help.tdoc.es\/wp-content\/uploads\/2021\/04\/Imagen14-1-400x171.png 400w, https:\/\/help.tdoc.es\/wp-content\/uploads\/2021\/04\/Imagen14-1.png 567w\" sizes=\"(max-width: 567px) 100vw, 567px\" \/><\/p>\n<p>Una vez que la petici\u00f3n haya sido procesada recibir\u00e1 un e-mail. Este e-mail se enviar\u00e1 tambi\u00e9n a la persona que ha indicado que gestionar\u00e1 la documentaci\u00f3n de esta empresa junto con la informaci\u00f3n de acceso a la aplicaci\u00f3n.<\/p>\n<\/div><div class=\"fusion-clearfix\"><\/div><\/div><\/div><\/div><\/div>\n","protected":false},"excerpt":{"rendered":"","protected":false},"author":1,"featured_media":0,"parent":12495,"menu_order":0,"comment_status":"closed","ping_status":"closed","template":"","meta":[],"_links":{"self":[{"href":"https:\/\/help.tdoc.es\/index.php\/wp-json\/wp\/v2\/pages\/14339"}],"collection":[{"href":"https:\/\/help.tdoc.es\/index.php\/wp-json\/wp\/v2\/pages"}],"about":[{"href":"https:\/\/help.tdoc.es\/index.php\/wp-json\/wp\/v2\/types\/page"}],"author":[{"embeddable":true,"href":"https:\/\/help.tdoc.es\/index.php\/wp-json\/wp\/v2\/users\/1"}],"replies":[{"embeddable":true,"href":"https:\/\/help.tdoc.es\/index.php\/wp-json\/wp\/v2\/comments?post=14339"}],"version-history":[{"count":19,"href":"https:\/\/help.tdoc.es\/index.php\/wp-json\/wp\/v2\/pages\/14339\/revisions"}],"predecessor-version":[{"id":18981,"href":"https:\/\/help.tdoc.es\/index.php\/wp-json\/wp\/v2\/pages\/14339\/revisions\/18981"}],"up":[{"embeddable":true,"href":"https:\/\/help.tdoc.es\/index.php\/wp-json\/wp\/v2\/pages\/12495"}],"wp:attachment":[{"href":"https:\/\/help.tdoc.es\/index.php\/wp-json\/wp\/v2\/media?parent=14339"}],"curies":[{"name":"wp","href":"https:\/\/api.w.org\/{rel}","templated":true}]}}