{"id":14308,"date":"2021-04-19T12:58:47","date_gmt":"2021-04-19T12:58:47","guid":{"rendered":"https:\/\/help.tdoc.es\/?page_id=14308"},"modified":"2022-11-22T16:29:02","modified_gmt":"2022-11-22T16:29:02","slug":"gestion-de-usuarios","status":"publish","type":"page","link":"https:\/\/help.tdoc.es\/index.php\/manual-tdoc-key-user\/gestion-de-usuarios\/","title":{"rendered":"Gesti\u00f3n de usuarios"},"content":{"rendered":"<div class=\"fusion-fullwidth fullwidth-box fusion-builder-row-1 nonhundred-percent-fullwidth non-hundred-percent-height-scrolling\" style=\"background-color: rgba(255,255,255,0);background-position: center center;background-repeat: no-repeat;padding-top:20px;padding-right:0px;padding-bottom:20px;padding-left:0px;margin-bottom: 0px;margin-top: 0px;border-width: 0px 0px 0px 0px;border-color:#eae9e9;border-style:solid;\" ><div class=\"fusion-builder-row fusion-row\"><div class=\"fusion-layout-column fusion_builder_column fusion-builder-column-0 fusion_builder_column_1_1 1_1 fusion-one-full fusion-column-first fusion-column-last\" style=\"margin-top:0px;margin-bottom:20px;\"><div class=\"fusion-column-wrapper fusion-flex-column-wrapper-legacy\" style=\"background-position:left top;background-repeat:no-repeat;-webkit-background-size:cover;-moz-background-size:cover;-o-background-size:cover;background-size:cover;padding: 0px 0px 0px 0px;\"><style type=\"text\/css\"><\/style><div class=\"fusion-title title fusion-title-1 fusion-sep-none fusion-title-text fusion-title-size-one\" style=\"margin-top:0px;margin-right:0px;margin-bottom:31px;margin-left:0px;\"><h1 class=\"title-heading-left\" style=\"margin:0;\"><p><span style=\"color: #0375c9;\">Gesti\u00f3n de usuarios<br \/>\n<\/span><\/p><\/h1><\/div><div class=\"fusion-text fusion-text-1\"><p>Accede a la gesti\u00f3n de todos los usuarios de la aplicaci\u00f3n. Desde esta operaci\u00f3n se puede eliminar por completo cualquier usuario o incluir como usuario para otros m\u00f3dulos de tdoc.<\/p>\n<p><img class=\"alignnone wp-image-14309 size-full\" src=\"https:\/\/help.tdoc.es\/wp-content\/uploads\/2021\/04\/Imagen1-1.png\" alt=\"\" width=\"567\" height=\"136\" srcset=\"https:\/\/help.tdoc.es\/wp-content\/uploads\/2021\/04\/Imagen1-1-200x48.png 200w, https:\/\/help.tdoc.es\/wp-content\/uploads\/2021\/04\/Imagen1-1-300x72.png 300w, https:\/\/help.tdoc.es\/wp-content\/uploads\/2021\/04\/Imagen1-1-400x96.png 400w, https:\/\/help.tdoc.es\/wp-content\/uploads\/2021\/04\/Imagen1-1.png 567w\" sizes=\"(max-width: 567px) 100vw, 567px\" \/><\/p>\n<\/div>\n<div class=\"table-1\">\n<table width=\"100%\">\n<tbody>\n<tr>\n<td align=\"left\"><img class=\"alignnone size-full wp-image-17247 aligncenter\" src=\"https:\/\/help.tdoc.es\/wp-content\/uploads\/2022\/03\/anadir.png\" alt=\"\" width=\"25\" height=\"25\" \/><\/td>\n<td align=\"left\"><strong>A\u00f1adir<\/strong>. Permite a\u00f1adir nuevo usuario.<\/td>\n<\/tr>\n<tr>\n<td align=\"left\"><img class=\"alignnone size-full wp-image-17248 aligncenter\" src=\"https:\/\/help.tdoc.es\/wp-content\/uploads\/2022\/03\/flecha.png\" alt=\"\" width=\"42\" height=\"28\" \/><\/td>\n<td align=\"left\"><strong>Editar<\/strong>. Permite seleccionar el usuario para editarlo.<\/td>\n<\/tr>\n<\/tbody>\n<\/table>\n<\/div>\n<style type=\"text\/css\"><\/style><div class=\"fusion-title title fusion-title-2 fusion-sep-none fusion-title-text fusion-title-size-two\" style=\"margin-top:0px;margin-right:0px;margin-bottom:31px;margin-left:0px;\"><h2 class=\"title-heading-left\" style=\"margin:0;\"><span style=\"color: #0375c9;\">1. Crear nuevo usuario<\/span><\/h2><\/div><div class=\"fusion-text fusion-text-2\"><p>La creaci\u00f3n de usuarios mostrar\u00e1 una ventana para introducir los datos del usuario.<\/p>\n<p>En primer lugar, debe introducir el e-mail de acceso. Si el mail ya existe en la aplicaci\u00f3n, al pasar al siguiente campo, se completar\u00e1n el resto de los campos con los datos almacenados en la aplicaci\u00f3n. Los campos en amarillo son obligatorios.<\/p>\n<p><img class=\"alignnone wp-image-14311 size-full\" src=\"https:\/\/help.tdoc.es\/wp-content\/uploads\/2021\/04\/Imagen3.png\" alt=\"\" width=\"567\" height=\"326\" srcset=\"https:\/\/help.tdoc.es\/wp-content\/uploads\/2021\/04\/Imagen3-200x115.png 200w, https:\/\/help.tdoc.es\/wp-content\/uploads\/2021\/04\/Imagen3-300x172.png 300w, https:\/\/help.tdoc.es\/wp-content\/uploads\/2021\/04\/Imagen3-400x230.png 400w, https:\/\/help.tdoc.es\/wp-content\/uploads\/2021\/04\/Imagen3.png 567w\" sizes=\"(max-width: 567px) 100vw, 567px\" \/><\/p>\n<\/div>\n<div class=\"table-1\">\n<table width=\"100%\">\n<tbody>\n<tr>\n<td align=\"left\"><img class=\"alignnone size-full wp-image-17251 aligncenter\" src=\"https:\/\/help.tdoc.es\/wp-content\/uploads\/2022\/03\/guardar.png\" alt=\"\" width=\"46\" height=\"38\" \/><\/td>\n<td align=\"left\"><strong>Guardar<\/strong>. Permite guardar los datos introducidos<\/td>\n<\/tr>\n<tr>\n<td align=\"left\"><img class=\"alignnone size-full wp-image-17252 aligncenter\" src=\"https:\/\/help.tdoc.es\/wp-content\/uploads\/2022\/03\/volver.png\" alt=\"\" width=\"37\" height=\"35\" \/><\/td>\n<td align=\"left\"><strong>Volver<\/strong>. Permite volver a la p\u00e1gina anterior.<\/td>\n<\/tr>\n<\/tbody>\n<\/table>\n<\/div>\n<div class=\"fusion-text fusion-text-3\"><p>En segundo lugar, debe incluir el tipo de acceso que dispondr\u00e1:<\/p>\n<p>&#8211;<strong>Administrador<\/strong>. Permite disponer del rol de Superusuario.<\/p>\n<p>&#8211;<span style=\"color: #ff0000;\">*<\/span><strong>ROLE_INDUCCI\u00d3N<\/strong>. Permite tener acceso al m\u00f3dulo de Inducci\u00f3n.<\/p>\n<p>&#8211;<span style=\"color: #ff0000;\">*<\/span><strong>ROLE_SINIESTRALIDAD<\/strong>. Permite tener acceso al m\u00f3dulo de Siniestralidad.<\/p>\n<p>&#8211;<span style=\"color: #ff0000;\">*<\/span><strong>ROLE_SINIESTRALIDAD_READONLY<\/strong>. Permite tener acceso al m\u00f3dulo de Siniestralidad pero sin poder editar los datos.<\/p>\n<p>&#8211;<span style=\"color: #ff0000;\">*<\/span><strong>Gesti\u00f3n Documental-ActivityIssue<\/strong>. Permite disponer de la aplicaci\u00f3n de Gesti\u00f3n de Incidencias en acceso a parques e\u00f3licos.<\/p>\n<p>&#8211;<span style=\"color: #ff0000;\">*<\/span><strong>Gesti\u00f3n Documental-EmergenccyManager<\/strong>. Permite disponer de la aplicaci\u00f3n de Gesti\u00f3n de jefes de emergencias.<\/p>\n<p>Alguno de estos permisos permite el acceso a los m\u00f3dulos de tdoc. Cada m\u00f3dulo dispone de manual propio donde se especifica el permiso que proporciona cada uno de ellos.<\/p>\n<\/div><style type=\"text\/css\"><\/style><div class=\"fusion-title title fusion-title-3 fusion-sep-none fusion-title-text fusion-title-size-two\" style=\"margin-top:0px;margin-right:0px;margin-bottom:31px;margin-left:0px;\"><h2 class=\"title-heading-left\" style=\"margin:0;\"><span style=\"color: #0375c9;\">2. Editar usuario<\/span><\/h2><\/div><div class=\"fusion-text fusion-text-4\"><p>Para la modificaci\u00f3n de un usuario, en primer lugar seleccionar el usuario que quieres editar:<\/p>\n<\/div>\n<div class=\"table-1\">\n<table width=\"100%\">\n<tbody>\n<tr>\n<td align=\"left\"><img class=\"size-full wp-image-17248 aligncenter\" src=\"https:\/\/help.tdoc.es\/wp-content\/uploads\/2022\/03\/flecha.png\" alt=\"\" width=\"42\" height=\"28\" \/><\/td>\n<td align=\"left\"><strong>Editar<\/strong>. Permite seleccionar el usuario para editarlo.<\/td>\n<\/tr>\n<tr>\n<td align=\"left\"><img class=\"alignnone wp-image-17251 aligncenter\" src=\"https:\/\/help.tdoc.es\/wp-content\/uploads\/2022\/03\/guardar.png\" alt=\"\" width=\"35\" height=\"29\" \/><\/td>\n<td align=\"left\"><strong>Guardar<\/strong>. Permite guardar los datos introducidos.<\/td>\n<\/tr>\n<tr>\n<td align=\"left\"><img class=\"alignnone size-full wp-image-17252 aligncenter\" src=\"https:\/\/help.tdoc.es\/wp-content\/uploads\/2022\/03\/volver.png\" alt=\"\" width=\"37\" height=\"35\" \/><\/td>\n<td align=\"left\"><strong>Volver<\/strong>. Permite volver a la p\u00e1gina anterior.<\/td>\n<\/tr>\n<\/tbody>\n<\/table>\n<\/div>\n<div class=\"fusion-text fusion-text-5\"><p><img class=\"alignnone wp-image-14314 size-full\" src=\"https:\/\/help.tdoc.es\/wp-content\/uploads\/2021\/04\/Imagen6.png\" alt=\"\" width=\"567\" height=\"214\" srcset=\"https:\/\/help.tdoc.es\/wp-content\/uploads\/2021\/04\/Imagen6-200x75.png 200w, https:\/\/help.tdoc.es\/wp-content\/uploads\/2021\/04\/Imagen6-300x113.png 300w, https:\/\/help.tdoc.es\/wp-content\/uploads\/2021\/04\/Imagen6-400x151.png 400w, https:\/\/help.tdoc.es\/wp-content\/uploads\/2021\/04\/Imagen6.png 567w\" sizes=\"(max-width: 567px) 100vw, 567px\" \/><\/p>\n<p>La Tdoc permite editar los roles y datos personales del usuario. El usuario (e-mail de acceso) <strong>no<\/strong> se puede modificar.<\/p>\n<\/div><style type=\"text\/css\"><\/style><div class=\"fusion-title title fusion-title-4 fusion-sep-none fusion-title-text fusion-title-size-two\" style=\"margin-top:0px;margin-right:0px;margin-bottom:31px;margin-left:0px;\"><h2 class=\"title-heading-left\" style=\"margin:0;\"><span style=\"color: #0375c9;\">3. Eliminar usuario<\/span><\/h2><\/div><div class=\"fusion-text fusion-text-6\"><p>Para poder liminar un usuario, primero debe seleccionar el usuario que quieres eliminar.<\/p>\n<\/div>\n<div class=\"table-1\">\n<table width=\"100%\">\n<tbody>\n<tr>\n<td style=\"text-align: center;\" align=\"left\"><img class=\"alignnone size-full wp-image-17257\" src=\"https:\/\/help.tdoc.es\/wp-content\/uploads\/2022\/03\/flecha-1.png\" alt=\"\" width=\"42\" height=\"28\" \/><\/td>\n<td align=\"left\"><strong>Editar<\/strong>. Permite seleccionar el usuario para editarlo.<\/td>\n<\/tr>\n<tr>\n<td style=\"text-align: center;\" align=\"left\">\u00a0<img class=\"alignnone size-medium wp-image-17258\" src=\"https:\/\/help.tdoc.es\/wp-content\/uploads\/2022\/03\/guardar-1.png\" alt=\"\" width=\"46\" height=\"38\" \/><\/td>\n<td align=\"left\"><strong>Guardar<\/strong>. Permite guardar los datos introducidos.<\/td>\n<\/tr>\n<tr>\n<td style=\"text-align: center;\" align=\"left\"><img class=\"alignnone size-full wp-image-17259\" src=\"https:\/\/help.tdoc.es\/wp-content\/uploads\/2022\/03\/volver-1.png\" alt=\"\" width=\"37\" height=\"35\" \/><\/td>\n<td align=\"left\"><strong>Volver<\/strong>. Permite volver a la p\u00e1gina anterior.<\/td>\n<\/tr>\n<tr>\n<td style=\"text-align: center;\" align=\"left\"><img class=\"alignnone size-full wp-image-17254\" src=\"https:\/\/help.tdoc.es\/wp-content\/uploads\/2022\/03\/cambiar-contrasena.png\" alt=\"\" width=\"177\" height=\"30\" \/><\/td>\n<td align=\"left\"><strong>Cambiar contrase\u00f1a.<\/strong> Permite cambiar la contrase\u00f1a de usuario.<\/p>\n<p><img class=\"alignnone wp-image-17255\" src=\"https:\/\/help.tdoc.es\/wp-content\/uploads\/2022\/03\/gestion-ususrios-300x33.png\" alt=\"\" width=\"482\" height=\"53\" srcset=\"https:\/\/help.tdoc.es\/wp-content\/uploads\/2022\/03\/gestion-ususrios-200x22.png 200w, https:\/\/help.tdoc.es\/wp-content\/uploads\/2022\/03\/gestion-ususrios-300x33.png 300w, https:\/\/help.tdoc.es\/wp-content\/uploads\/2022\/03\/gestion-ususrios-400x44.png 400w, https:\/\/help.tdoc.es\/wp-content\/uploads\/2022\/03\/gestion-ususrios-600x66.png 600w, https:\/\/help.tdoc.es\/wp-content\/uploads\/2022\/03\/gestion-ususrios-768x85.png 768w, https:\/\/help.tdoc.es\/wp-content\/uploads\/2022\/03\/gestion-ususrios-800x88.png 800w, https:\/\/help.tdoc.es\/wp-content\/uploads\/2022\/03\/gestion-ususrios-1024x113.png 1024w, https:\/\/help.tdoc.es\/wp-content\/uploads\/2022\/03\/gestion-ususrios-1200x133.png 1200w, https:\/\/help.tdoc.es\/wp-content\/uploads\/2022\/03\/gestion-ususrios-1536x170.png 1536w, https:\/\/help.tdoc.es\/wp-content\/uploads\/2022\/03\/gestion-ususrios.png 1864w\" sizes=\"(max-width: 482px) 100vw, 482px\" \/><\/td>\n<\/tr>\n<tr>\n<td align=\"left\"><img class=\"alignnone size-full wp-image-17260 aligncenter\" src=\"https:\/\/help.tdoc.es\/wp-content\/uploads\/2022\/03\/eliminar.png\" alt=\"\" width=\"38\" height=\"35\" \/><\/td>\n<td align=\"left\"><strong>Eliminar<\/strong>. Permite eliminar el usuario.<\/td>\n<\/tr>\n<\/tbody>\n<\/table>\n<\/div>\n<div class=\"fusion-text fusion-text-7\"><p><img class=\"alignnone wp-image-14320 size-full\" src=\"https:\/\/help.tdoc.es\/wp-content\/uploads\/2021\/04\/Imagen8-1.png\" alt=\"\" width=\"567\" height=\"214\" srcset=\"https:\/\/help.tdoc.es\/wp-content\/uploads\/2021\/04\/Imagen8-1-200x75.png 200w, https:\/\/help.tdoc.es\/wp-content\/uploads\/2021\/04\/Imagen8-1-300x113.png 300w, https:\/\/help.tdoc.es\/wp-content\/uploads\/2021\/04\/Imagen8-1-400x151.png 400w, https:\/\/help.tdoc.es\/wp-content\/uploads\/2021\/04\/Imagen8-1.png 567w\" sizes=\"(max-width: 567px) 100vw, 567px\" \/><\/p>\n<p>Aparece una nueva pesta\u00f1a a modo de confirmaci\u00f3n de que se quiere eliminar:<\/p>\n<p><img class=\"alignnone wp-image-14329 \" src=\"https:\/\/help.tdoc.es\/wp-content\/uploads\/2021\/04\/Imagen9-1.png\" alt=\"\" width=\"383\" height=\"163\" srcset=\"https:\/\/help.tdoc.es\/wp-content\/uploads\/2021\/04\/Imagen9-1-200x85.png 200w, https:\/\/help.tdoc.es\/wp-content\/uploads\/2021\/04\/Imagen9-1-300x128.png 300w, https:\/\/help.tdoc.es\/wp-content\/uploads\/2021\/04\/Imagen9-1.png 395w\" sizes=\"(max-width: 383px) 100vw, 383px\" \/><\/p>\n<p>En el caso de que el usuario a eliminar, disponga adem\u00e1s de alg\u00fan otro rol, no permite eliminarlo hasta que no se haya eliminado el resto de roles:<\/p>\n<p><img class=\"alignnone wp-image-14323 \" src=\"https:\/\/help.tdoc.es\/wp-content\/uploads\/2021\/04\/Imagen10.png\" alt=\"\" width=\"381\" height=\"43\" srcset=\"https:\/\/help.tdoc.es\/wp-content\/uploads\/2021\/04\/Imagen10-200x23.png 200w, https:\/\/help.tdoc.es\/wp-content\/uploads\/2021\/04\/Imagen10-300x34.png 300w, https:\/\/help.tdoc.es\/wp-content\/uploads\/2021\/04\/Imagen10-400x45.png 400w, https:\/\/help.tdoc.es\/wp-content\/uploads\/2021\/04\/Imagen10.png 567w\" sizes=\"(max-width: 381px) 100vw, 381px\" \/><\/p>\n<\/div><div class=\"fusion-clearfix\"><\/div><\/div><\/div><\/div><\/div>\n","protected":false},"excerpt":{"rendered":"","protected":false},"author":1,"featured_media":0,"parent":12495,"menu_order":0,"comment_status":"closed","ping_status":"closed","template":"","meta":[],"_links":{"self":[{"href":"https:\/\/help.tdoc.es\/index.php\/wp-json\/wp\/v2\/pages\/14308"}],"collection":[{"href":"https:\/\/help.tdoc.es\/index.php\/wp-json\/wp\/v2\/pages"}],"about":[{"href":"https:\/\/help.tdoc.es\/index.php\/wp-json\/wp\/v2\/types\/page"}],"author":[{"embeddable":true,"href":"https:\/\/help.tdoc.es\/index.php\/wp-json\/wp\/v2\/users\/1"}],"replies":[{"embeddable":true,"href":"https:\/\/help.tdoc.es\/index.php\/wp-json\/wp\/v2\/comments?post=14308"}],"version-history":[{"count":17,"href":"https:\/\/help.tdoc.es\/index.php\/wp-json\/wp\/v2\/pages\/14308\/revisions"}],"predecessor-version":[{"id":18735,"href":"https:\/\/help.tdoc.es\/index.php\/wp-json\/wp\/v2\/pages\/14308\/revisions\/18735"}],"up":[{"embeddable":true,"href":"https:\/\/help.tdoc.es\/index.php\/wp-json\/wp\/v2\/pages\/12495"}],"wp:attachment":[{"href":"https:\/\/help.tdoc.es\/index.php\/wp-json\/wp\/v2\/media?parent=14308"}],"curies":[{"name":"wp","href":"https:\/\/api.w.org\/{rel}","templated":true}]}}