{"id":14018,"date":"2021-03-02T15:55:16","date_gmt":"2021-03-02T15:55:16","guid":{"rendered":"https:\/\/help.tdoc.es\/?page_id=14018"},"modified":"2021-05-17T14:20:42","modified_gmt":"2021-05-17T14:20:42","slug":"informe-de-desviaciones","status":"publish","type":"page","link":"https:\/\/help.tdoc.es\/index.php\/manual-tdoc-centro\/informe-de-desviaciones\/","title":{"rendered":"Informe de desviaciones"},"content":{"rendered":"<div class=\"fusion-fullwidth fullwidth-box fusion-builder-row-1 nonhundred-percent-fullwidth non-hundred-percent-height-scrolling\" style=\"background-color: rgba(255,255,255,0);background-position: center center;background-repeat: no-repeat;padding-top:20px;padding-right:0px;padding-bottom:20px;padding-left:0px;margin-bottom: 0px;margin-top: 0px;border-width: 0px 0px 0px 0px;border-color:#eae9e9;border-style:solid;\" ><div class=\"fusion-builder-row fusion-row\"><div class=\"fusion-layout-column fusion_builder_column fusion-builder-column-0 fusion_builder_column_1_1 1_1 fusion-one-full fusion-column-first fusion-column-last\" style=\"margin-top:0px;margin-bottom:20px;\"><div class=\"fusion-column-wrapper fusion-flex-column-wrapper-legacy\" style=\"background-position:left top;background-repeat:no-repeat;-webkit-background-size:cover;-moz-background-size:cover;-o-background-size:cover;background-size:cover;padding: 0px 0px 0px 0px;\"><style type=\"text\/css\"><\/style><div class=\"fusion-title title fusion-title-1 fusion-sep-none fusion-title-text fusion-title-size-one\" style=\"margin-top:0px;margin-right:0px;margin-bottom:31px;margin-left:0px;\"><h1 class=\"title-heading-left\" style=\"margin:0;\"><p><span style=\"color: #0375c9;\"><span style=\"color: #ff0000;\"><span style=\"color: #3366ff;\">(<\/span><strong>*<\/strong><span style=\"color: #3366ff;\">) <\/span><\/span>Informe de desviaciones<br \/>\n<\/span><\/p><\/h1><\/div><div class=\"fusion-text fusion-text-1\"><p>Este informe permite hacer un seguimiento de los documentos incumplidos de un conjunto de tareas resultado de aplicar filtros en el total de tareas accesibles por el usuario.<\/p>\n<p><img class=\"alignnone wp-image-14019 size-full\" src=\"https:\/\/help.tdoc.es\/wp-content\/uploads\/2021\/03\/Imagen1-1.png\" alt=\"\" width=\"567\" height=\"257\" srcset=\"https:\/\/help.tdoc.es\/wp-content\/uploads\/2021\/03\/Imagen1-1-200x91.png 200w, https:\/\/help.tdoc.es\/wp-content\/uploads\/2021\/03\/Imagen1-1-300x136.png 300w, https:\/\/help.tdoc.es\/wp-content\/uploads\/2021\/03\/Imagen1-1-400x181.png 400w, https:\/\/help.tdoc.es\/wp-content\/uploads\/2021\/03\/Imagen1-1.png 567w\" sizes=\"(max-width: 567px) 100vw, 567px\" \/><\/p>\n<p>Para genera el informe hay que seguir estos pasos:<\/p>\n<ol>\n<li><strong>Selecci\u00f3n de filtros<\/strong>: lo primero es indicar que aspectos se van a emplear para filtrar las tareas empleadas para generar el reporte, pudiendo ser datos de los centros (\u00e1rea funcional, regi\u00f3n, subregi\u00f3n&#8230;) empresa y\/o datos de tarea.<\/li>\n<li>\u00a0<strong>Filtros<\/strong>: tras la selecci\u00f3n de los filtros hay que indicar los valores de \u00e9stos.<\/li>\n<\/ol>\n<p>Una vez definidos los filtros, para preparar el informe hay que pulsar el icono <img class=\"alignnone wp-image-14020\" src=\"https:\/\/help.tdoc.es\/wp-content\/uploads\/2021\/03\/Imagen2-2.png\" alt=\"\" width=\"96\" height=\"21\" \/>.<\/p>\n<p>El informe genera los resultados en tiempo real, por lo que no se genera instant\u00e1neamente, sino que se prepara y cuando est\u00e1 listo se env\u00eda por email.<\/p>\n<p>Un requisito se considera incumplido cuando falta, est\u00e1 caducado o es incorrecto.<\/p>\n<p><img class=\"alignnone wp-image-14021 size-full\" src=\"https:\/\/help.tdoc.es\/wp-content\/uploads\/2021\/03\/Imagen3-1.png\" alt=\"\" width=\"572\" height=\"77\" srcset=\"https:\/\/help.tdoc.es\/wp-content\/uploads\/2021\/03\/Imagen3-1-200x27.png 200w, https:\/\/help.tdoc.es\/wp-content\/uploads\/2021\/03\/Imagen3-1-300x40.png 300w, https:\/\/help.tdoc.es\/wp-content\/uploads\/2021\/03\/Imagen3-1-400x54.png 400w, https:\/\/help.tdoc.es\/wp-content\/uploads\/2021\/03\/Imagen3-1.png 572w\" sizes=\"(max-width: 572px) 100vw, 572px\" \/><\/p>\n<p>Algunas claves de la informaci\u00f3n del reporte son:<\/p>\n<ul>\n<li><strong>Correcto<\/strong>: documento cargado, validado y correcto.<\/li>\n<li><strong>Pendiente<\/strong>: documento cargado, validado pero incorrecto al haber caducado.<\/li>\n<li><strong>Incorrecto<\/strong>: documento cargado, pero no validado al no cumplir los criterios de validaci\u00f3n.<\/li>\n<li><strong>Falta<\/strong>: documento pendiente de cargar.<\/li>\n<li><strong>No aplica<\/strong>: documento no activos; no se consideran en los c\u00e1lculos.<\/li>\n<\/ul>\n<p>Para no penalizar el rendimiento de la aplicaci\u00f3n, los resultados se calculan seg\u00fan las puntuaciones de las tareas por lo que no reflejan la situaci\u00f3n exacta en el momento de generarlo sino una aproximaci\u00f3n. Para genera un informe lo m\u00e1s exacto posible se recomienda generarlo los lunes a primera hora.<\/p>\n<\/div><div class=\"fusion-clearfix\"><\/div><\/div><\/div><\/div><\/div>\n","protected":false},"excerpt":{"rendered":"","protected":false},"author":1,"featured_media":0,"parent":12485,"menu_order":0,"comment_status":"closed","ping_status":"closed","template":"","meta":[],"_links":{"self":[{"href":"https:\/\/help.tdoc.es\/index.php\/wp-json\/wp\/v2\/pages\/14018"}],"collection":[{"href":"https:\/\/help.tdoc.es\/index.php\/wp-json\/wp\/v2\/pages"}],"about":[{"href":"https:\/\/help.tdoc.es\/index.php\/wp-json\/wp\/v2\/types\/page"}],"author":[{"embeddable":true,"href":"https:\/\/help.tdoc.es\/index.php\/wp-json\/wp\/v2\/users\/1"}],"replies":[{"embeddable":true,"href":"https:\/\/help.tdoc.es\/index.php\/wp-json\/wp\/v2\/comments?post=14018"}],"version-history":[{"count":6,"href":"https:\/\/help.tdoc.es\/index.php\/wp-json\/wp\/v2\/pages\/14018\/revisions"}],"predecessor-version":[{"id":15235,"href":"https:\/\/help.tdoc.es\/index.php\/wp-json\/wp\/v2\/pages\/14018\/revisions\/15235"}],"up":[{"embeddable":true,"href":"https:\/\/help.tdoc.es\/index.php\/wp-json\/wp\/v2\/pages\/12485"}],"wp:attachment":[{"href":"https:\/\/help.tdoc.es\/index.php\/wp-json\/wp\/v2\/media?parent=14018"}],"curies":[{"name":"wp","href":"https:\/\/api.w.org\/{rel}","templated":true}]}}