{"id":14000,"date":"2021-03-01T16:24:47","date_gmt":"2021-03-01T16:24:47","guid":{"rendered":"https:\/\/help.tdoc.es\/?page_id=14000"},"modified":"2022-03-11T10:17:19","modified_gmt":"2022-03-11T10:17:19","slug":"descargas-masivas-2","status":"publish","type":"page","link":"https:\/\/help.tdoc.es\/index.php\/manual-tdoc-key-user\/descargas-masivas-2\/","title":{"rendered":"DESCARGAS MASIVAS"},"content":{"rendered":"<div class=\"fusion-fullwidth fullwidth-box fusion-builder-row-1 nonhundred-percent-fullwidth non-hundred-percent-height-scrolling\" style=\"background-color: rgba(255,255,255,0);background-position: center center;background-repeat: no-repeat;padding-top:20px;padding-right:0px;padding-bottom:20px;padding-left:0px;margin-bottom: 0px;margin-top: 0px;border-width: 0px 0px 0px 0px;border-color:#eae9e9;border-style:solid;\" ><div class=\"fusion-builder-row fusion-row\"><div class=\"fusion-layout-column fusion_builder_column fusion-builder-column-0 fusion_builder_column_1_1 1_1 fusion-one-full fusion-column-first fusion-column-last\" style=\"margin-top:0px;margin-bottom:20px;\"><div class=\"fusion-column-wrapper fusion-flex-column-wrapper-legacy\" style=\"background-position:left top;background-repeat:no-repeat;-webkit-background-size:cover;-moz-background-size:cover;-o-background-size:cover;background-size:cover;padding: 0px 0px 0px 0px;\"><style type=\"text\/css\"><\/style><div class=\"fusion-title title fusion-title-1 fusion-sep-none fusion-title-text fusion-title-size-one\" style=\"margin-top:0px;margin-right:0px;margin-bottom:31px;margin-left:0px;\"><h1 class=\"title-heading-left\" style=\"margin:0;\"><p><span style=\"color: #0375c9;\">Descargas masivas<br \/>\n<\/span><\/p><\/h1><\/div><div class=\"fusion-text fusion-text-1\"><p>Permite acceder tanto a las descargas ya preparadas como al listado de peticiones de descarga pendientes de responder.<\/p>\n<p><img class=\"alignnone wp-image-14003\" src=\"https:\/\/help.tdoc.es\/wp-content\/uploads\/2021\/03\/Imagen1png-1-300x209.png\" alt=\"\" width=\"229\" height=\"159\" srcset=\"https:\/\/help.tdoc.es\/wp-content\/uploads\/2021\/03\/Imagen1png-1-200x139.png 200w, https:\/\/help.tdoc.es\/wp-content\/uploads\/2021\/03\/Imagen1png-1-300x209.png 300w, https:\/\/help.tdoc.es\/wp-content\/uploads\/2021\/03\/Imagen1png-1-400x278.png 400w, https:\/\/help.tdoc.es\/wp-content\/uploads\/2021\/03\/Imagen1png-1-600x418.png 600w, https:\/\/help.tdoc.es\/wp-content\/uploads\/2021\/03\/Imagen1png-1-768x535.png 768w, https:\/\/help.tdoc.es\/wp-content\/uploads\/2021\/03\/Imagen1png-1-800x557.png 800w, https:\/\/help.tdoc.es\/wp-content\/uploads\/2021\/03\/Imagen1png-1.png 849w\" sizes=\"(max-width: 229px) 100vw, 229px\" \/><\/p>\n<p>Pesta\u00f1a de <strong>Descargas<\/strong>:<\/p>\n<p><img class=\"alignnone wp-image-14004 \" src=\"https:\/\/help.tdoc.es\/wp-content\/uploads\/2021\/03\/2-1.png\" alt=\"\" width=\"726\" height=\"106\" srcset=\"https:\/\/help.tdoc.es\/wp-content\/uploads\/2021\/03\/2-1-200x29.png 200w, https:\/\/help.tdoc.es\/wp-content\/uploads\/2021\/03\/2-1-300x44.png 300w, https:\/\/help.tdoc.es\/wp-content\/uploads\/2021\/03\/2-1-400x58.png 400w, https:\/\/help.tdoc.es\/wp-content\/uploads\/2021\/03\/2-1-600x88.png 600w, https:\/\/help.tdoc.es\/wp-content\/uploads\/2021\/03\/2-1-768x112.png 768w, https:\/\/help.tdoc.es\/wp-content\/uploads\/2021\/03\/2-1-800x117.png 800w, https:\/\/help.tdoc.es\/wp-content\/uploads\/2021\/03\/2-1.png 855w\" sizes=\"(max-width: 726px) 100vw, 726px\" \/><\/p>\n<p>Pesta\u00f1a de <strong>Peticiones Gesti\u00f3n documental<\/strong>:<\/p>\n<p><img class=\"alignnone wp-image-14005 \" src=\"https:\/\/help.tdoc.es\/wp-content\/uploads\/2021\/03\/3-1.png\" alt=\"\" width=\"727\" height=\"99\" srcset=\"https:\/\/help.tdoc.es\/wp-content\/uploads\/2021\/03\/3-1-200x27.png 200w, https:\/\/help.tdoc.es\/wp-content\/uploads\/2021\/03\/3-1-300x41.png 300w, https:\/\/help.tdoc.es\/wp-content\/uploads\/2021\/03\/3-1-400x54.png 400w, https:\/\/help.tdoc.es\/wp-content\/uploads\/2021\/03\/3-1-600x82.png 600w, https:\/\/help.tdoc.es\/wp-content\/uploads\/2021\/03\/3-1-768x105.png 768w, https:\/\/help.tdoc.es\/wp-content\/uploads\/2021\/03\/3-1-800x109.png 800w, https:\/\/help.tdoc.es\/wp-content\/uploads\/2021\/03\/3-1.png 859w\" sizes=\"(max-width: 727px) 100vw, 727px\" \/><\/p>\n<\/div>\n<div class=\"table-1\">\n<table width=\"100%\">\n<tbody>\n<tr>\n<td align=\"left\"><img class=\"size-medium wp-image-17793 aligncenter\" src=\"https:\/\/help.tdoc.es\/wp-content\/uploads\/2022\/03\/papelera-2.png\" alt=\"\" width=\"41\" height=\"42\" \/><\/td>\n<td align=\"left\">Permiten eliminar una solicitud o una descarga.<\/td>\n<\/tr>\n<tr>\n<td align=\"left\"><img class=\"size-medium wp-image-17791 aligncenter\" src=\"https:\/\/help.tdoc.es\/wp-content\/uploads\/2022\/03\/descarga4-2.png\" alt=\"\" width=\"28\" height=\"38\" \/><\/td>\n<td align=\"left\">Permite descargar la documentaci\u00f3n.<\/td>\n<\/tr>\n<tr>\n<td align=\"left\"><img class=\"size-full wp-image-17790 aligncenter\" src=\"https:\/\/help.tdoc.es\/wp-content\/uploads\/2022\/03\/compartir-1.png\" alt=\"\" width=\"31\" height=\"28\" \/><\/td>\n<td align=\"left\">*Permite compartir la descarga masiva. Solicita incluir el email y un mensaje opcional a los que enviar un enlace de un solo uso para realizar la descarga de la documentaci\u00f3n.<\/td>\n<\/tr>\n<tr>\n<td align=\"left\"><img class=\"size-medium wp-image-17794 aligncenter\" src=\"https:\/\/help.tdoc.es\/wp-content\/uploads\/2022\/03\/tareas-activas.png\" alt=\"\" width=\"38\" height=\"37\" \/><img class=\"size-medium wp-image-17792 aligncenter\" src=\"https:\/\/help.tdoc.es\/wp-content\/uploads\/2022\/03\/folios-1.png\" alt=\"\" width=\"38\" height=\"39\" \/><\/td>\n<td align=\"left\">Permite ver la informaci\u00f3n de las descargas realizadas o ver todas.<\/td>\n<\/tr>\n<\/tbody>\n<\/table>\n<\/div>\n<div class=\"fusion-text fusion-text-2\"><p>Para evitar saturar la aplicaci\u00f3n, cada usuario tiene las siguientes limitaciones en las <strong>Descargas masivas<\/strong>:<\/p>\n<ul>\n<li>Las descargas generadas tendr\u00e1n una validez de 3 d\u00edas: pasado este tiempo se eliminan.<\/li>\n<li>El n\u00famero m\u00e1ximo de peticiones y descargas ser\u00e1 de 10 por usuario.<\/li>\n<li>El tama\u00f1o m\u00e1ximo de la suma de las descargas es de 2GB.<\/li>\n<\/ul>\n<\/div><div class=\"fusion-clearfix\"><\/div><\/div><\/div><\/div><\/div>\n","protected":false},"excerpt":{"rendered":"","protected":false},"author":1,"featured_media":0,"parent":12495,"menu_order":0,"comment_status":"closed","ping_status":"closed","template":"","meta":[],"_links":{"self":[{"href":"https:\/\/help.tdoc.es\/index.php\/wp-json\/wp\/v2\/pages\/14000"}],"collection":[{"href":"https:\/\/help.tdoc.es\/index.php\/wp-json\/wp\/v2\/pages"}],"about":[{"href":"https:\/\/help.tdoc.es\/index.php\/wp-json\/wp\/v2\/types\/page"}],"author":[{"embeddable":true,"href":"https:\/\/help.tdoc.es\/index.php\/wp-json\/wp\/v2\/users\/1"}],"replies":[{"embeddable":true,"href":"https:\/\/help.tdoc.es\/index.php\/wp-json\/wp\/v2\/comments?post=14000"}],"version-history":[{"count":10,"href":"https:\/\/help.tdoc.es\/index.php\/wp-json\/wp\/v2\/pages\/14000\/revisions"}],"predecessor-version":[{"id":17796,"href":"https:\/\/help.tdoc.es\/index.php\/wp-json\/wp\/v2\/pages\/14000\/revisions\/17796"}],"up":[{"embeddable":true,"href":"https:\/\/help.tdoc.es\/index.php\/wp-json\/wp\/v2\/pages\/12495"}],"wp:attachment":[{"href":"https:\/\/help.tdoc.es\/index.php\/wp-json\/wp\/v2\/media?parent=14000"}],"curies":[{"name":"wp","href":"https:\/\/api.w.org\/{rel}","templated":true}]}}