{"id":13984,"date":"2021-03-01T15:26:51","date_gmt":"2021-03-01T15:26:51","guid":{"rendered":"https:\/\/help.tdoc.es\/?page_id=13984"},"modified":"2024-01-08T13:00:59","modified_gmt":"2024-01-08T13:00:59","slug":"repositorio-de-documentos-2","status":"publish","type":"page","link":"https:\/\/help.tdoc.es\/index.php\/manual-tdoc-key-user\/repositorio-de-documentos-2\/","title":{"rendered":"Biblioteca de documentaci\u00f3n"},"content":{"rendered":"<div class=\"fusion-fullwidth fullwidth-box fusion-builder-row-1 nonhundred-percent-fullwidth non-hundred-percent-height-scrolling\" style=\"background-color: rgba(255,255,255,0);background-position: center center;background-repeat: no-repeat;padding-top:20px;padding-right:0px;padding-bottom:20px;padding-left:0px;margin-bottom: 0px;margin-top: 0px;border-width: 0px 0px 0px 0px;border-color:#eae9e9;border-style:solid;\" ><div class=\"fusion-builder-row fusion-row\"><div class=\"fusion-layout-column fusion_builder_column fusion-builder-column-0 fusion_builder_column_1_1 1_1 fusion-one-full fusion-column-first fusion-column-last\" style=\"margin-top:0px;margin-bottom:20px;\"><div class=\"fusion-column-wrapper fusion-flex-column-wrapper-legacy\" style=\"background-position:left top;background-repeat:no-repeat;-webkit-background-size:cover;-moz-background-size:cover;-o-background-size:cover;background-size:cover;padding: 0px 0px 0px 0px;\"><style type=\"text\/css\"><\/style><div class=\"fusion-title title fusion-title-1 fusion-sep-none fusion-title-text fusion-title-size-one\" style=\"margin-top:0px;margin-right:0px;margin-bottom:31px;margin-left:0px;\"><h1 class=\"title-heading-left\" style=\"margin:0;\"><p><span style=\"color: #0375c9;\">Biblioteca de documentaci\u00f3n<br \/>\n<\/span><\/p><\/h1><\/div><div class=\"fusion-text fusion-text-1\"><p>Permite ver y descargar documentaci\u00f3n relativa a tu usuario. No tiene que ver con los centros a los que tengas acceso, sino con la informaci\u00f3n relativa a tu usuario en tdoc.<\/p>\n<p><img class=\"alignnone wp-image-19230\" src=\"https:\/\/help.tdoc.es\/wp-content\/uploads\/2024\/01\/Biblioteca-3-300x170.png\" alt=\"\" width=\"224\" height=\"127\" srcset=\"https:\/\/help.tdoc.es\/wp-content\/uploads\/2024\/01\/Biblioteca-3-200x114.png 200w, https:\/\/help.tdoc.es\/wp-content\/uploads\/2024\/01\/Biblioteca-3-300x170.png 300w, https:\/\/help.tdoc.es\/wp-content\/uploads\/2024\/01\/Biblioteca-3.png 331w\" sizes=\"(max-width: 224px) 100vw, 224px\" \/><\/p>\n<p><img class=\"alignnone wp-image-13986 size-full\" src=\"https:\/\/help.tdoc.es\/wp-content\/uploads\/2021\/03\/Imagen2.png\" alt=\"\" width=\"567\" height=\"70\" srcset=\"https:\/\/help.tdoc.es\/wp-content\/uploads\/2021\/03\/Imagen2-200x25.png 200w, https:\/\/help.tdoc.es\/wp-content\/uploads\/2021\/03\/Imagen2-300x37.png 300w, https:\/\/help.tdoc.es\/wp-content\/uploads\/2021\/03\/Imagen2-400x49.png 400w, https:\/\/help.tdoc.es\/wp-content\/uploads\/2021\/03\/Imagen2.png 567w\" sizes=\"(max-width: 567px) 100vw, 567px\" \/><\/p>\n<p>En el caso de que el documento est\u00e9 disponible en varios idiomas, podr\u00e1 descargarlo en la columna correspondiente.<\/p>\n<p>En funci\u00f3n de la configuraci\u00f3n, el documento puede aparecer en distintas pesta\u00f1as:<\/p>\n<p>*Documento global<\/p>\n<p>*Documento por \u00e1rea funcional<\/p>\n<p>*Documento por centro<\/p>\n<p>*Documento por tipo de empresa<\/p>\n<p>*Documento por propietario-\u00e1rea funcional<\/p>\n<\/div><div class=\"fusion-clearfix\"><\/div><\/div><\/div><\/div><\/div>\n","protected":false},"excerpt":{"rendered":"","protected":false},"author":1,"featured_media":0,"parent":12495,"menu_order":0,"comment_status":"closed","ping_status":"closed","template":"","meta":[],"_links":{"self":[{"href":"https:\/\/help.tdoc.es\/index.php\/wp-json\/wp\/v2\/pages\/13984"}],"collection":[{"href":"https:\/\/help.tdoc.es\/index.php\/wp-json\/wp\/v2\/pages"}],"about":[{"href":"https:\/\/help.tdoc.es\/index.php\/wp-json\/wp\/v2\/types\/page"}],"author":[{"embeddable":true,"href":"https:\/\/help.tdoc.es\/index.php\/wp-json\/wp\/v2\/users\/1"}],"replies":[{"embeddable":true,"href":"https:\/\/help.tdoc.es\/index.php\/wp-json\/wp\/v2\/comments?post=13984"}],"version-history":[{"count":8,"href":"https:\/\/help.tdoc.es\/index.php\/wp-json\/wp\/v2\/pages\/13984\/revisions"}],"predecessor-version":[{"id":19236,"href":"https:\/\/help.tdoc.es\/index.php\/wp-json\/wp\/v2\/pages\/13984\/revisions\/19236"}],"up":[{"embeddable":true,"href":"https:\/\/help.tdoc.es\/index.php\/wp-json\/wp\/v2\/pages\/12495"}],"wp:attachment":[{"href":"https:\/\/help.tdoc.es\/index.php\/wp-json\/wp\/v2\/media?parent=13984"}],"curies":[{"name":"wp","href":"https:\/\/api.w.org\/{rel}","templated":true}]}}