{"id":13918,"date":"2021-02-25T16:25:39","date_gmt":"2021-02-25T16:25:39","guid":{"rendered":"https:\/\/help.tdoc.es\/?page_id=13918"},"modified":"2022-03-07T13:58:39","modified_gmt":"2022-03-07T13:58:39","slug":"validacion-expres","status":"publish","type":"page","link":"https:\/\/help.tdoc.es\/index.php\/manual-tdoc-key-user\/validacion-expres\/","title":{"rendered":"VALIDACI\u00d3N EXPR\u00c9S"},"content":{"rendered":"<div class=\"fusion-fullwidth fullwidth-box fusion-builder-row-1 nonhundred-percent-fullwidth non-hundred-percent-height-scrolling\" style=\"background-color: rgba(255,255,255,0);background-position: center center;background-repeat: no-repeat;padding-top:20px;padding-right:0px;padding-bottom:20px;padding-left:0px;margin-bottom: 0px;margin-top: 0px;border-width: 0px 0px 0px 0px;border-color:#eae9e9;border-style:solid;\" ><div class=\"fusion-builder-row fusion-row\"><div class=\"fusion-layout-column fusion_builder_column fusion-builder-column-0 fusion_builder_column_1_1 1_1 fusion-one-full fusion-column-first fusion-column-last\" style=\"margin-top:0px;margin-bottom:20px;\"><div class=\"fusion-column-wrapper fusion-flex-column-wrapper-legacy\" style=\"background-position:left top;background-repeat:no-repeat;-webkit-background-size:cover;-moz-background-size:cover;-o-background-size:cover;background-size:cover;padding: 0px 0px 0px 0px;\"><style type=\"text\/css\"><\/style><div class=\"fusion-title title fusion-title-1 fusion-sep-none fusion-title-text fusion-title-size-one\" style=\"margin-top:0px;margin-right:0px;margin-bottom:31px;margin-left:0px;\"><h1 class=\"title-heading-left\" style=\"margin:0;\"><p><span style=\"color: #0375c9;\">Validaci\u00f3n express <span style=\"color: #ff0000;\">*<\/span><br \/>\n<\/span><\/p><\/h1><\/div><div class=\"fusion-text fusion-text-1\"><p>Permite registrar las validaciones con car\u00e1cter urgente recibidas en la cuenta del cliente. Dependiendo del cliente, el proceso puede sufrir peque\u00f1as variaciones, incluso clientes que no tengan contratada esta opci\u00f3n.<\/p>\n<p><img class=\"alignnone wp-image-13928 size-full\" src=\"https:\/\/help.tdoc.es\/wp-content\/uploads\/2021\/02\/Imagen1-7.png\" alt=\"\" width=\"188\" height=\"170\" \/><\/p>\n<p><strong>Activar validaci\u00f3n expr\u00e9s<\/strong>:<\/p>\n<p>1)Acudir a &#8216;Validaci\u00f3n expr\u00e9s&#8217;.<\/p>\n<p>2)Anotar el C\u00f3digo: establecido por cada cliente.<\/p>\n<p><img class=\"alignnone wp-image-13920 size-full\" src=\"https:\/\/help.tdoc.es\/wp-content\/uploads\/2021\/02\/Imagen2-5.png\" alt=\"\" width=\"567\" height=\"85\" srcset=\"https:\/\/help.tdoc.es\/wp-content\/uploads\/2021\/02\/Imagen2-5-200x30.png 200w, https:\/\/help.tdoc.es\/wp-content\/uploads\/2021\/02\/Imagen2-5-300x45.png 300w, https:\/\/help.tdoc.es\/wp-content\/uploads\/2021\/02\/Imagen2-5-400x60.png 400w, https:\/\/help.tdoc.es\/wp-content\/uploads\/2021\/02\/Imagen2-5.png 567w\" sizes=\"(max-width: 567px) 100vw, 567px\" \/><\/p>\n<p>3)Pulsar &#8216;Empezar&#8217;.<\/p>\n<p>4)Pulsar &#8216;Home&#8217;. A modo de aviso, aparece parte de la aplicaci\u00f3n en rojo, con lo datos anotados en el c\u00f3digo.<\/p>\n<p><img class=\"alignnone wp-image-13921 size-full\" src=\"https:\/\/help.tdoc.es\/wp-content\/uploads\/2021\/02\/Imagen3-2.png\" alt=\"\" width=\"567\" height=\"53\" srcset=\"https:\/\/help.tdoc.es\/wp-content\/uploads\/2021\/02\/Imagen3-2-200x19.png 200w, https:\/\/help.tdoc.es\/wp-content\/uploads\/2021\/02\/Imagen3-2-300x28.png 300w, https:\/\/help.tdoc.es\/wp-content\/uploads\/2021\/02\/Imagen3-2-400x37.png 400w, https:\/\/help.tdoc.es\/wp-content\/uploads\/2021\/02\/Imagen3-2.png 567w\" sizes=\"(max-width: 567px) 100vw, 567px\" \/><\/p>\n<p>5)Validar la documentaci\u00f3n que corresponda, desde documentaci\u00f3n a Validar.<\/p>\n<p><strong>Desactivar validaci\u00f3n expr\u00e9s<\/strong>:<\/p>\n<p>1)Acudir a &#8216;Validaci\u00f3n expr\u00e9s&#8217;.<\/p>\n<p>2)Pulsar &#8216;Terminar&#8217;.<\/p>\n<p><img class=\"alignnone wp-image-13922 size-full\" src=\"https:\/\/help.tdoc.es\/wp-content\/uploads\/2021\/02\/Imagen4-4.png\" alt=\"\" width=\"567\" height=\"120\" srcset=\"https:\/\/help.tdoc.es\/wp-content\/uploads\/2021\/02\/Imagen4-4-200x42.png 200w, https:\/\/help.tdoc.es\/wp-content\/uploads\/2021\/02\/Imagen4-4-300x63.png 300w, https:\/\/help.tdoc.es\/wp-content\/uploads\/2021\/02\/Imagen4-4-400x85.png 400w, https:\/\/help.tdoc.es\/wp-content\/uploads\/2021\/02\/Imagen4-4.png 567w\" sizes=\"(max-width: 567px) 100vw, 567px\" \/><\/p>\n<p>3)Pulsar &#8216;Home&#8217;. La parte roja desaparece.<\/p>\n<\/div><div class=\"fusion-clearfix\"><\/div><\/div><\/div><\/div><\/div>\n","protected":false},"excerpt":{"rendered":"","protected":false},"author":1,"featured_media":0,"parent":12495,"menu_order":0,"comment_status":"closed","ping_status":"closed","template":"","meta":[],"_links":{"self":[{"href":"https:\/\/help.tdoc.es\/index.php\/wp-json\/wp\/v2\/pages\/13918"}],"collection":[{"href":"https:\/\/help.tdoc.es\/index.php\/wp-json\/wp\/v2\/pages"}],"about":[{"href":"https:\/\/help.tdoc.es\/index.php\/wp-json\/wp\/v2\/types\/page"}],"author":[{"embeddable":true,"href":"https:\/\/help.tdoc.es\/index.php\/wp-json\/wp\/v2\/users\/1"}],"replies":[{"embeddable":true,"href":"https:\/\/help.tdoc.es\/index.php\/wp-json\/wp\/v2\/comments?post=13918"}],"version-history":[{"count":8,"href":"https:\/\/help.tdoc.es\/index.php\/wp-json\/wp\/v2\/pages\/13918\/revisions"}],"predecessor-version":[{"id":17515,"href":"https:\/\/help.tdoc.es\/index.php\/wp-json\/wp\/v2\/pages\/13918\/revisions\/17515"}],"up":[{"embeddable":true,"href":"https:\/\/help.tdoc.es\/index.php\/wp-json\/wp\/v2\/pages\/12495"}],"wp:attachment":[{"href":"https:\/\/help.tdoc.es\/index.php\/wp-json\/wp\/v2\/media?parent=13918"}],"curies":[{"name":"wp","href":"https:\/\/api.w.org\/{rel}","templated":true}]}}