{"id":13757,"date":"2021-02-11T16:27:34","date_gmt":"2021-02-11T16:27:34","guid":{"rendered":"https:\/\/help.tdoc.es\/?page_id=13757"},"modified":"2022-03-21T11:55:27","modified_gmt":"2022-03-21T11:55:27","slug":"busqueda-de-snapshots","status":"publish","type":"page","link":"https:\/\/help.tdoc.es\/index.php\/manual-tdoc-centro\/busqueda-de-snapshots\/","title":{"rendered":"B\u00fasqueda de snapshots"},"content":{"rendered":"<div class=\"fusion-fullwidth fullwidth-box fusion-builder-row-1 nonhundred-percent-fullwidth non-hundred-percent-height-scrolling\" style=\"background-color: rgba(255,255,255,0);background-position: center center;background-repeat: no-repeat;padding-top:20px;padding-right:0px;padding-bottom:20px;padding-left:0px;margin-bottom: 0px;margin-top: 0px;border-width: 0px 0px 0px 0px;border-color:#eae9e9;border-style:solid;\" ><div class=\"fusion-builder-row fusion-row\"><div class=\"fusion-layout-column fusion_builder_column fusion-builder-column-0 fusion_builder_column_1_1 1_1 fusion-one-full fusion-column-first fusion-column-last\" style=\"margin-top:0px;margin-bottom:20px;\"><div class=\"fusion-column-wrapper fusion-flex-column-wrapper-legacy\" style=\"background-position:left top;background-repeat:no-repeat;-webkit-background-size:cover;-moz-background-size:cover;-o-background-size:cover;background-size:cover;padding: 0px 0px 0px 0px;\"><style type=\"text\/css\"><\/style><div class=\"fusion-title title fusion-title-1 fusion-sep-none fusion-title-text fusion-title-size-one\" style=\"margin-top:0px;margin-right:0px;margin-bottom:31px;margin-left:0px;\"><h1 class=\"title-heading-left\" style=\"margin:0;\"><p><span style=\"color: #0375c9;\"><span style=\"color: #ff0000;\"><span style=\"color: #3366ff;\">(<\/span><strong>*<\/strong><span style=\"color: #3366ff;\">) <\/span><\/span>B\u00fasqueda de Snapshots<br \/>\n<\/span><\/p><\/h1><\/div><div class=\"fusion-text fusion-text-1\"><p>Un snapshot es una foto fija del estado de los documentos de la tarea en el momento de realizaci\u00f3n del snapshot. Los snapshots permiten comprobar el estado de la documentaci\u00f3n y descargar la documentaci\u00f3n en el momento de realizaci\u00f3n del snapshot, lo que habilita las auditor\u00edas de gesti\u00f3n de requisitos en tiempo pasado.<\/p>\n<p>Esta opci\u00f3n permite hacer una b\u00fasqueda de snapshots en un intervalo de tiempo.<\/p>\n<p><img class=\"alignnone wp-image-13760 size-full\" src=\"https:\/\/help.tdoc.es\/wp-content\/uploads\/2021\/02\/Imagen1-1.png\" alt=\"\" width=\"567\" height=\"199\" srcset=\"https:\/\/help.tdoc.es\/wp-content\/uploads\/2021\/02\/Imagen1-1-200x70.png 200w, https:\/\/help.tdoc.es\/wp-content\/uploads\/2021\/02\/Imagen1-1-300x105.png 300w, https:\/\/help.tdoc.es\/wp-content\/uploads\/2021\/02\/Imagen1-1-400x140.png 400w, https:\/\/help.tdoc.es\/wp-content\/uploads\/2021\/02\/Imagen1-1.png 567w\" sizes=\"(max-width: 567px) 100vw, 567px\" \/><\/p>\n<\/div>\n<div class=\"table-1\">\n<table width=\"100%\">\n<tbody>\n<tr>\n<td style=\"text-align: center;\" align=\"left\"><img class=\"alignnone wp-image-18006\" src=\"https:\/\/help.tdoc.es\/wp-content\/uploads\/2022\/03\/Tabla-1_1-5.png\" alt=\"\" width=\"39\" height=\"47\" \/><\/td>\n<td align=\"left\">Permite descargar la ficha de control de la tarea seleccionada.<\/td>\n<\/tr>\n<tr>\n<td align=\"left\"><img class=\" wp-image-18007 aligncenter\" style=\"text-align: center;\" src=\"https:\/\/help.tdoc.es\/wp-content\/uploads\/2022\/03\/Tabla-1_2-5.png\" alt=\"\" width=\"51\" height=\"45\" \/><\/td>\n<td align=\"left\">Permite descargar la ficha de control y la documentaci\u00f3n de la tarea seleccionada.<\/td>\n<\/tr>\n<\/tbody>\n<\/table>\n<\/div>\n<div class=\"fusion-clearfix\"><\/div><\/div><\/div><\/div><\/div>\n","protected":false},"excerpt":{"rendered":"","protected":false},"author":1,"featured_media":0,"parent":12485,"menu_order":0,"comment_status":"closed","ping_status":"closed","template":"","meta":[],"_links":{"self":[{"href":"https:\/\/help.tdoc.es\/index.php\/wp-json\/wp\/v2\/pages\/13757"}],"collection":[{"href":"https:\/\/help.tdoc.es\/index.php\/wp-json\/wp\/v2\/pages"}],"about":[{"href":"https:\/\/help.tdoc.es\/index.php\/wp-json\/wp\/v2\/types\/page"}],"author":[{"embeddable":true,"href":"https:\/\/help.tdoc.es\/index.php\/wp-json\/wp\/v2\/users\/1"}],"replies":[{"embeddable":true,"href":"https:\/\/help.tdoc.es\/index.php\/wp-json\/wp\/v2\/comments?post=13757"}],"version-history":[{"count":8,"href":"https:\/\/help.tdoc.es\/index.php\/wp-json\/wp\/v2\/pages\/13757\/revisions"}],"predecessor-version":[{"id":18008,"href":"https:\/\/help.tdoc.es\/index.php\/wp-json\/wp\/v2\/pages\/13757\/revisions\/18008"}],"up":[{"embeddable":true,"href":"https:\/\/help.tdoc.es\/index.php\/wp-json\/wp\/v2\/pages\/12485"}],"wp:attachment":[{"href":"https:\/\/help.tdoc.es\/index.php\/wp-json\/wp\/v2\/media?parent=13757"}],"curies":[{"name":"wp","href":"https:\/\/api.w.org\/{rel}","templated":true}]}}